{"id":3668,"date":"2026-02-21T19:44:50","date_gmt":"2026-02-21T19:44:50","guid":{"rendered":"https:\/\/www.systemseals.com\/products\/845-fuehrungsband\/"},"modified":"2026-04-16T14:11:11","modified_gmt":"2026-04-16T14:11:11","slug":"845-fuehrungsband","status":"publish","type":"product","link":"https:\/\/www.systemseals.com\/de\/products\/845-fuehrungsband\/","title":{"rendered":"845 F\u00fchrungsband"},"content":{"rendered":"<section id=\"block_4446df2edd36bd827947b08fb6ef7859\" class=\"section-intro py-12 md:py-24 on-white\">\r\n  <div class=\"anchor\" id=\"\"><\/div>\r\n  <div class=\"column-main\">\r\n    <div class=\"w-full flex flex-col justify-between  gap-4 md:flex-row md:gap-8\">\r\n              <div class=\" flex flex-col gap-6\">\r\n                      <p class=\"body-lg font-bold pre-dot\">Serie 845<\/p>\r\n                            <\/div>\r\n            <div class=\"w-full max-w-[900px]\">\r\n        <div class=\"flex flex-col gap-6 \">\r\n                                <div class=\"prose flex flex-col gap-6\">\r\n              <h3>Die Serie 845 ist ein reibungsarmes F\u00fchrungsband aus MTC1, einem hochkomprimierbaren Verbundwerkstoff. Die Serie 845\/890 ist ein reibungsarmes F\u00fchrungsband aus MTC1, einem Verbundwerkstoff mit hoher Druckfestigkeit. Dieses F\u00fchrungsband ist wesentlich st\u00e4rker als Polyamid-basierte Materialien und bietet eine deutlich geringere Wasseraufnahme. Dieser neue Verbundwerkstoff sorgt f\u00fcr eine pr\u00e4zisere F\u00fchrung von Kolben und Kolbenstangen im Inneren des Zylinders unter sehr unterschiedlichen Lastbedingungen. Durch die geringere Verformung der Buchsen k\u00f6nnen die Dichtungen und Abstreifer mit maximaler Effizienz arbeiten, w\u00e4hrend das Risiko von Riefenbildung und Abrieb minimiert wird. Der 845 ist in einem 45\u00b0-Winkel geteilt und der 890 in einem 90\u00b0-Winkel geschnitten.     <\/h3>\n            <\/div>\r\n                            <\/div>\r\n      <\/div>\r\n          <\/div>\r\n  <\/div>\r\n<\/section>\r\n<section id=\"block_0b34dffc33577e8ac0ff60163044ec6a\" class=\"product-subsections py-12 md:py-24 on-white\">\r\n  <div class=\"anchor\" id=\"\"><\/div>\r\n      <div class=\"column-main\">\r\n      <div class=\"flex flex-col justify-between md:flex-row gap-4 md:gap-8\">\r\n        <div class=\"hidden md:flex flex-col gap-6\">\r\n          &nbsp; <!-- spacer -->\r\n        <\/div>\r\n\r\n        <div class=\"w-full max-w-[900px] flex flex-col gap-12 md:gap-24\">\r\n          \r\n            \r\n          \r\n                          <div class=\"text-table-group\" id=\"text-table-2-block_0b34dffc33577e8ac0ff60163044ec6a\">\r\n                <div class=\"flex flex-col justify-between md:flex-row gap-8\">\r\n                  <div class=\"w-full md:max-w-[300px] flex flex-col gap-6\">\r\n                                          <h2 class=\"body-lg font-bold leading-[1.33em]\"> Material Reihen <\/h2>\r\n                                      <\/div>\r\n                  <div class=\"w-full md:max-w-[558px] flex flex-col\">\r\n                                          <div class=\"prose flex flex-col gap-6\"> <p>Das F\u00fchrungsband der Serie 845 wird aus MTC1 hergestellt, einem duroplastischen Polyesterharz, das mit einem synthetischen Gewebe verst\u00e4rkt ist. Gefertigt aus MTC1-Verbundmaterial, Druckfestigkeit von 50.000 psi. Formstabil in Fl\u00fcssigkeiten auf Wasserbasis, geringe Reibung und einfach zu installieren. Erh\u00e4ltlich in gro\u00dfen Durchmessern bis zu 2 100 mmillimeter.   <\/p>\n <\/div>\r\n                                                              <table class=\"table-auto\">\r\n                                                  <tr>\r\n                                                                                          <td class=\"body-lg font-medium leading-[1.33em]\">Polyester-Harz-Gewebe<\/td>\r\n                                                              <td class=\"body-lg font-medium leading-[1.33em]\">MTC1<\/td>\r\n                                                                                    <\/tr>\r\n                                                  <tr>\r\n                                                                                          <td class=\"body-lg font-medium leading-[1.33em]\">Polyester-Harz-Gewebe (Werksabgabe)<\/td>\r\n                                                              <td class=\"body-lg font-medium leading-[1.33em]\">MT20<\/td>\r\n                                                                                    <\/tr>\r\n                                              <\/table>\r\n                                      <\/div>\r\n                <\/div>\r\n              <\/div>\r\n\r\n            \r\n          \r\n            \r\n                  <\/div>\r\n\r\n      <\/div>\r\n    <\/div>\r\n  <\/section><section id=\"block_838654fcc1bf87c4aa95c2e2b9a501c7\" class=\"full-width-media \">\r\n  <div class=\"anchor\" id=\"\"><\/div>\r\n      <div class=\"media-wrapper\">\r\n      <img src=\"https:\/\/www.systemseals.com\/wp-content\/uploads\/2026\/02\/product-full-width-1-scaled.png\" alt=\"\" class=\"w-full h-auto block\">\r\n    <\/div>\r\n  <\/section><section id=\"block_4465c789c556b85b68b5c92a2a6c08c9\" class=\"title-on-blue py-24 md:py-[198px] bg-prussian-blue\">\r\n  <div class=\"anchor\" id=\"\"><\/div>\r\n  <div class=\"column-main\">\r\n    <h3 class=\"max-w-[900px] mx-auto text-flash-white text-center\">\r\n        Entwickelt f\u00fcr Flexibilit\u00e4t bei Materialien, Gr\u00f6\u00dfen und Leistungsanforderungen. Standard- und kundenspezifische Durchmesser gew\u00e4hrleisten eine optimale Integration in Ihr System.     <\/h3>\r\n  <\/div>\r\n<\/section><section id=\"block_3041cf030bf75d8ff58f42d84a042dbe\" class=\"section-intro py-12 md:py-24 on-white\">\r\n  <div class=\"anchor\" id=\"\"><\/div>\r\n  <div class=\"column-main\">\r\n    <div class=\"w-full flex flex-col justify-between  gap-4 md:flex-row md:gap-8\">\r\n              <div class=\" flex flex-col gap-6\">\r\n                      <p class=\"body-lg font-bold pre-dot\">Entwickelte Leistung<\/p>\r\n                            <\/div>\r\n            <div class=\"w-full max-w-[900px]\">\r\n        <div class=\"flex flex-col gap-6 \">\r\n                                <div class=\"prose flex flex-col gap-6\">\r\n              <h2>Gebaut f\u00fcr Leistung<\/h2>\n<p>Das F\u00fchrungsband der Serie 845 ist die ideale L\u00f6sung, wenn hohe Seitenlasten und Durchbiegungen auftreten.<\/p>\n<div class=\"flex flex-col md:flex-row\" style=\"gap: 64px;\">\n<div class=\"w-full\">\n<div class=\"body-md leading-[1.25em] font-semibold\">Leistungen<\/div>\n<ul>\n<li>Sehr genaue und pr\u00e4zise F\u00fchrung der Zylinderkomponenten<\/li>\n<li>H\u00e4lt sehr hohen seitlichen Belastungen w\u00e4hrend des Betriebs stand<\/li>\n<li>Maximiert die Effizienz der dynamischen Siegel<\/li>\n<li>Breiter Temperaturbereich<\/li>\n<\/ul>\n<\/div>\n<div class=\"w-full\">\n<div class=\"body-md leading-[1.25em] font-semibold\">Anwendungen<\/div>\n<ul>\n<li>Stahl- und Aluminiumverarbeitung<\/li>\n<li>Spritzgie\u00dfmaschinen<\/li>\n<li>Bergbau<\/li>\n<li>Landwirtschaft<\/li>\n<li>Bauwesen<\/li>\n<li>\u00d6l und Gas<\/li>\n<li>Mobilhydraulik<\/li>\n<\/ul>\n<\/div>\n<\/div>\n            <\/div>\r\n                            <\/div>\r\n      <\/div>\r\n          <\/div>\r\n  <\/div>\r\n<\/section><div class=\"default-content container column-main\">\n<p><\/p>\n<\/div>","protected":false},"excerpt":{"rendered":"<p>Serie 845 Die Serie 845 ist ein reibungsarmes F\u00fchrungsband aus MTC1, einem hochkomprimierbaren Verbundwerkstoff. Die Serie 845\/890 ist ein reibungsarmes F\u00fchrungsband aus MTC1, einem Verbundwerkstoff mit hoher Druckfestigkeit. Dieses F\u00fchrungsband ist wesentlich st\u00e4rker als Polyamid-basierte Materialien und bietet eine deutlich geringere Wasseraufnahme. Dieser neue Verbundwerkstoff sorgt f\u00fcr eine pr\u00e4zisere F\u00fchrung von Kolben und Kolbenstangen im [&hellip;]<\/p>\n","protected":false},"author":4,"featured_media":3649,"template":"","meta":{"_acf_changed":false,"footnotes":""},"product_category":[8],"product_industry":[12,11],"product_material":[],"class_list":["post-3668","product","type-product","status-publish","has-post-thumbnail","hentry","product_category-guide-wear-bands","product_industry-industrial","product_industry-oil-gas"],"acf":[],"yoast_head":"<!-- This site is optimized with the Yoast SEO plugin v27.4 - https:\/\/yoast.com\/product\/yoast-seo-wordpress\/ -->\n<title>845 F\u00fchrungsband - System Seals - Top Manufacturer for Reliable Seals<\/title>\n<meta name=\"robots\" content=\"index, follow, max-snippet:-1, max-image-preview:large, max-video-preview:-1\" \/>\n<link rel=\"canonical\" href=\"https:\/\/www.systemseals.com\/de\/products\/845-fuehrungsband\/\" \/>\n<meta property=\"og:locale\" content=\"de_DE\" \/>\n<meta property=\"og:type\" content=\"article\" \/>\n<meta property=\"og:title\" content=\"845 F\u00fchrungsband - System Seals - Top Manufacturer for Reliable Seals\" \/>\n<meta property=\"og:description\" content=\"Serie 845 Die Serie 845 ist ein reibungsarmes F\u00fchrungsband aus MTC1, einem hochkomprimierbaren Verbundwerkstoff. Die Serie 845\/890 ist ein reibungsarmes F\u00fchrungsband aus MTC1, einem Verbundwerkstoff mit hoher Druckfestigkeit. Dieses F\u00fchrungsband ist wesentlich st\u00e4rker als Polyamid-basierte Materialien und bietet eine deutlich geringere Wasseraufnahme. Dieser neue Verbundwerkstoff sorgt f\u00fcr eine pr\u00e4zisere F\u00fchrung von Kolben und Kolbenstangen im [&hellip;]\" \/>\n<meta property=\"og:url\" content=\"https:\/\/www.systemseals.com\/de\/products\/845-fuehrungsband\/\" \/>\n<meta property=\"og:site_name\" content=\"System Seals - Top Manufacturer for Reliable Seals\" \/>\n<meta property=\"article:modified_time\" content=\"2026-04-16T14:11:11+00:00\" \/>\n<meta property=\"og:image\" content=\"https:\/\/www.systemseals.com\/wp-content\/uploads\/2026\/02\/F-G45.jpg\" \/>\n\t<meta property=\"og:image:width\" content=\"781\" \/>\n\t<meta property=\"og:image:height\" content=\"851\" \/>\n\t<meta property=\"og:image:type\" content=\"image\/jpeg\" \/>\n<meta name=\"twitter:card\" content=\"summary_large_image\" \/>\n<script type=\"application\/ld+json\" class=\"yoast-schema-graph\">{\"@context\":\"https:\\\/\\\/schema.org\",\"@graph\":[{\"@type\":\"WebPage\",\"@id\":\"https:\\\/\\\/www.systemseals.com\\\/de\\\/products\\\/845-fuehrungsband\\\/\",\"url\":\"https:\\\/\\\/www.systemseals.com\\\/de\\\/products\\\/845-fuehrungsband\\\/\",\"name\":\"845 F\u00fchrungsband - System Seals - Top Manufacturer for Reliable Seals\",\"isPartOf\":{\"@id\":\"https:\\\/\\\/www.systemseals.com\\\/de\\\/#website\"},\"primaryImageOfPage\":{\"@id\":\"https:\\\/\\\/www.systemseals.com\\\/de\\\/products\\\/845-fuehrungsband\\\/#primaryimage\"},\"image\":{\"@id\":\"https:\\\/\\\/www.systemseals.com\\\/de\\\/products\\\/845-fuehrungsband\\\/#primaryimage\"},\"thumbnailUrl\":\"https:\\\/\\\/www.systemseals.com\\\/wp-content\\\/uploads\\\/2026\\\/02\\\/F-G45.jpg\",\"datePublished\":\"2026-02-21T19:44:50+00:00\",\"dateModified\":\"2026-04-16T14:11:11+00:00\",\"breadcrumb\":{\"@id\":\"https:\\\/\\\/www.systemseals.com\\\/de\\\/products\\\/845-fuehrungsband\\\/#breadcrumb\"},\"inLanguage\":\"de\",\"potentialAction\":[{\"@type\":\"ReadAction\",\"target\":[\"https:\\\/\\\/www.systemseals.com\\\/de\\\/products\\\/845-fuehrungsband\\\/\"]}]},{\"@type\":\"ImageObject\",\"inLanguage\":\"de\",\"@id\":\"https:\\\/\\\/www.systemseals.com\\\/de\\\/products\\\/845-fuehrungsband\\\/#primaryimage\",\"url\":\"https:\\\/\\\/www.systemseals.com\\\/wp-content\\\/uploads\\\/2026\\\/02\\\/F-G45.jpg\",\"contentUrl\":\"https:\\\/\\\/www.systemseals.com\\\/wp-content\\\/uploads\\\/2026\\\/02\\\/F-G45.jpg\",\"width\":781,\"height\":851},{\"@type\":\"BreadcrumbList\",\"@id\":\"https:\\\/\\\/www.systemseals.com\\\/de\\\/products\\\/845-fuehrungsband\\\/#breadcrumb\",\"itemListElement\":[{\"@type\":\"ListItem\",\"position\":1,\"name\":\"Home\",\"item\":\"https:\\\/\\\/www.systemseals.com\\\/de\\\/home\\\/\"},{\"@type\":\"ListItem\",\"position\":2,\"name\":\"Products\",\"item\":\"https:\\\/\\\/www.systemseals.com\\\/de\\\/products\\\/\"},{\"@type\":\"ListItem\",\"position\":3,\"name\":\"845 F\u00fchrungsband\"}]},{\"@type\":\"WebSite\",\"@id\":\"https:\\\/\\\/www.systemseals.com\\\/de\\\/#website\",\"url\":\"https:\\\/\\\/www.systemseals.com\\\/de\\\/\",\"name\":\"System Seals - Top Manufacturer for Reliable Seals\",\"description\":\"\",\"potentialAction\":[{\"@type\":\"SearchAction\",\"target\":{\"@type\":\"EntryPoint\",\"urlTemplate\":\"https:\\\/\\\/www.systemseals.com\\\/de\\\/?s={search_term_string}\"},\"query-input\":{\"@type\":\"PropertyValueSpecification\",\"valueRequired\":true,\"valueName\":\"search_term_string\"}}],\"inLanguage\":\"de\"}]}<\/script>\n<!-- \/ Yoast SEO plugin. -->","yoast_head_json":{"title":"845 F\u00fchrungsband - System Seals - Top Manufacturer for Reliable Seals","robots":{"index":"index","follow":"follow","max-snippet":"max-snippet:-1","max-image-preview":"max-image-preview:large","max-video-preview":"max-video-preview:-1"},"canonical":"https:\/\/www.systemseals.com\/de\/products\/845-fuehrungsband\/","og_locale":"de_DE","og_type":"article","og_title":"845 F\u00fchrungsband - System Seals - Top Manufacturer for Reliable Seals","og_description":"Serie 845 Die Serie 845 ist ein reibungsarmes F\u00fchrungsband aus MTC1, einem hochkomprimierbaren Verbundwerkstoff. Die Serie 845\/890 ist ein reibungsarmes F\u00fchrungsband aus MTC1, einem Verbundwerkstoff mit hoher Druckfestigkeit. Dieses F\u00fchrungsband ist wesentlich st\u00e4rker als Polyamid-basierte Materialien und bietet eine deutlich geringere Wasseraufnahme. Dieser neue Verbundwerkstoff sorgt f\u00fcr eine pr\u00e4zisere F\u00fchrung von Kolben und Kolbenstangen im [&hellip;]","og_url":"https:\/\/www.systemseals.com\/de\/products\/845-fuehrungsband\/","og_site_name":"System Seals - Top Manufacturer for Reliable Seals","article_modified_time":"2026-04-16T14:11:11+00:00","og_image":[{"width":781,"height":851,"url":"https:\/\/www.systemseals.com\/wp-content\/uploads\/2026\/02\/F-G45.jpg","type":"image\/jpeg"}],"twitter_card":"summary_large_image","schema":{"@context":"https:\/\/schema.org","@graph":[{"@type":"WebPage","@id":"https:\/\/www.systemseals.com\/de\/products\/845-fuehrungsband\/","url":"https:\/\/www.systemseals.com\/de\/products\/845-fuehrungsband\/","name":"845 F\u00fchrungsband - System Seals - Top Manufacturer for Reliable Seals","isPartOf":{"@id":"https:\/\/www.systemseals.com\/de\/#website"},"primaryImageOfPage":{"@id":"https:\/\/www.systemseals.com\/de\/products\/845-fuehrungsband\/#primaryimage"},"image":{"@id":"https:\/\/www.systemseals.com\/de\/products\/845-fuehrungsband\/#primaryimage"},"thumbnailUrl":"https:\/\/www.systemseals.com\/wp-content\/uploads\/2026\/02\/F-G45.jpg","datePublished":"2026-02-21T19:44:50+00:00","dateModified":"2026-04-16T14:11:11+00:00","breadcrumb":{"@id":"https:\/\/www.systemseals.com\/de\/products\/845-fuehrungsband\/#breadcrumb"},"inLanguage":"de","potentialAction":[{"@type":"ReadAction","target":["https:\/\/www.systemseals.com\/de\/products\/845-fuehrungsband\/"]}]},{"@type":"ImageObject","inLanguage":"de","@id":"https:\/\/www.systemseals.com\/de\/products\/845-fuehrungsband\/#primaryimage","url":"https:\/\/www.systemseals.com\/wp-content\/uploads\/2026\/02\/F-G45.jpg","contentUrl":"https:\/\/www.systemseals.com\/wp-content\/uploads\/2026\/02\/F-G45.jpg","width":781,"height":851},{"@type":"BreadcrumbList","@id":"https:\/\/www.systemseals.com\/de\/products\/845-fuehrungsband\/#breadcrumb","itemListElement":[{"@type":"ListItem","position":1,"name":"Home","item":"https:\/\/www.systemseals.com\/de\/home\/"},{"@type":"ListItem","position":2,"name":"Products","item":"https:\/\/www.systemseals.com\/de\/products\/"},{"@type":"ListItem","position":3,"name":"845 F\u00fchrungsband"}]},{"@type":"WebSite","@id":"https:\/\/www.systemseals.com\/de\/#website","url":"https:\/\/www.systemseals.com\/de\/","name":"System Seals - Top Manufacturer for Reliable Seals","description":"","potentialAction":[{"@type":"SearchAction","target":{"@type":"EntryPoint","urlTemplate":"https:\/\/www.systemseals.com\/de\/?s={search_term_string}"},"query-input":{"@type":"PropertyValueSpecification","valueRequired":true,"valueName":"search_term_string"}}],"inLanguage":"de"}]}},"_links":{"self":[{"href":"https:\/\/www.systemseals.com\/de\/wp-json\/wp\/v2\/product\/3668","targetHints":{"allow":["GET"]}}],"collection":[{"href":"https:\/\/www.systemseals.com\/de\/wp-json\/wp\/v2\/product"}],"about":[{"href":"https:\/\/www.systemseals.com\/de\/wp-json\/wp\/v2\/types\/product"}],"author":[{"embeddable":true,"href":"https:\/\/www.systemseals.com\/de\/wp-json\/wp\/v2\/users\/4"}],"version-history":[{"count":3,"href":"https:\/\/www.systemseals.com\/de\/wp-json\/wp\/v2\/product\/3668\/revisions"}],"predecessor-version":[{"id":3871,"href":"https:\/\/www.systemseals.com\/de\/wp-json\/wp\/v2\/product\/3668\/revisions\/3871"}],"wp:featuredmedia":[{"embeddable":true,"href":"https:\/\/www.systemseals.com\/de\/wp-json\/wp\/v2\/media\/3649"}],"wp:attachment":[{"href":"https:\/\/www.systemseals.com\/de\/wp-json\/wp\/v2\/media?parent=3668"}],"wp:term":[{"taxonomy":"product_category","embeddable":true,"href":"https:\/\/www.systemseals.com\/de\/wp-json\/wp\/v2\/product_category?post=3668"},{"taxonomy":"product_industry","embeddable":true,"href":"https:\/\/www.systemseals.com\/de\/wp-json\/wp\/v2\/product_industry?post=3668"},{"taxonomy":"product_material","embeddable":true,"href":"https:\/\/www.systemseals.com\/de\/wp-json\/wp\/v2\/product_material?post=3668"}],"curies":[{"name":"wp","href":"https:\/\/api.w.org\/{rel}","templated":true}]}}