{"id":3650,"date":"2026-02-21T19:58:42","date_gmt":"2026-02-21T19:58:42","guid":{"rendered":"https:\/\/www.systemseals.com\/products\/845-kolbenfuehrungsband\/"},"modified":"2026-04-16T14:09:20","modified_gmt":"2026-04-16T14:09:20","slug":"845-kolbenfuehrungsband","status":"publish","type":"product","link":"https:\/\/www.systemseals.com\/de\/products\/845-kolbenfuehrungsband\/","title":{"rendered":"845 Kolbenf\u00fchrungsband"},"content":{"rendered":"<section id=\"block_e9bd448135ec6dc73b5b22d1cca3d9cd\" class=\"section-intro py-12 md:py-24 on-white\">\r\n  <div class=\"anchor\" id=\"\"><\/div>\r\n  <div class=\"column-main\">\r\n    <div class=\"w-full flex flex-col justify-between  gap-4 md:flex-row md:gap-8\">\r\n              <div class=\" flex flex-col gap-6\">\r\n                      <p class=\"body-lg font-bold pre-dot\">Serie 845<\/p>\r\n                            <\/div>\r\n            <div class=\"w-full max-w-[900px]\">\r\n        <div class=\"flex flex-col gap-6 \">\r\n                                <div class=\"prose flex flex-col gap-6\">\r\n              <h3>Die Serie 845 ist ein reibungsarmes F\u00fchrungsband aus MTC1, einem hochkompressiven Verbundwerkstoff. Dieses F\u00fchrungsband ist wesentlich st\u00e4rker als Materialien auf Olyamidbasis und bietet eine deutlich geringere Wasseraufnahme. Dieser neue Verbundwerkstoff sorgt f\u00fcr eine pr\u00e4zisere F\u00fchrung von Kolben und Kolbenstangen im Inneren des Zylinders unter sehr unterschiedlichen Lastbedingungen. Durch die geringere Verformung der Buchsen k\u00f6nnen die Dichtungen und Abstreifer mit maximaler Effizienz arbeiten, w\u00e4hrend das Risiko von Riefenbildung und Abrieb minimiert wird. 845 ist in einem 45\u00b0-Winkel geteilt, 890 in einem 90\u00b0-Winkel geschnitten.   <\/h3>\n            <\/div>\r\n                            <\/div>\r\n      <\/div>\r\n          <\/div>\r\n  <\/div>\r\n<\/section>\r\n<section id=\"block_2b318e39bda82869faa867be6319c555\" class=\"product-subsections py-12 md:py-24 on-white\">\r\n  <div class=\"anchor\" id=\"\"><\/div>\r\n      <div class=\"column-main\">\r\n      <div class=\"flex flex-col justify-between md:flex-row gap-4 md:gap-8\">\r\n        <div class=\"hidden md:flex flex-col gap-6\">\r\n          &nbsp; <!-- spacer -->\r\n        <\/div>\r\n\r\n        <div class=\"w-full max-w-[900px] flex flex-col gap-12 md:gap-24\">\r\n          \r\n            \r\n          \r\n                          <div class=\"text-table-group\" id=\"text-table-2-block_2b318e39bda82869faa867be6319c555\">\r\n                <div class=\"flex flex-col justify-between md:flex-row gap-8\">\r\n                  <div class=\"w-full md:max-w-[300px] flex flex-col gap-6\">\r\n                                          <h2 class=\"body-lg font-bold leading-[1.33em]\"> Material Reihen <\/h2>\r\n                                      <\/div>\r\n                  <div class=\"w-full md:max-w-[558px] flex flex-col\">\r\n                                          <div class=\"prose flex flex-col gap-6\"> <p>Das F\u00fchrungsband der Serie 845 Piston besteht aus MTC1, einem duroplastischen Polyesterharz, das mit einem synthetischen Gewebe verst\u00e4rkt ist. Gefertigt aus MTC1-Verbundmaterial, Druckfestigkeit von 50.000 psi. Formstabil in Fl\u00fcssigkeiten auf Wasserbasis, geringe Reibung und einfach zu installieren. Erh\u00e4ltlich in gro\u00dfen Durchmessern bis zu 2100 mmillimeter.   <\/p>\n<p>&nbsp;<\/p>\n <\/div>\r\n                                                              <table class=\"table-auto\">\r\n                                                  <tr>\r\n                                                                                          <td class=\"body-lg font-medium leading-[1.33em]\">Polyester-Harz-Gewebe<\/td>\r\n                                                              <td class=\"body-lg font-medium leading-[1.33em]\">MTC1<\/td>\r\n                                                                                    <\/tr>\r\n                                                  <tr>\r\n                                                                                          <td class=\"body-lg font-medium leading-[1.33em]\">Polyester-Harz-Gewebe (Werksabgabe)<\/td>\r\n                                                              <td class=\"body-lg font-medium leading-[1.33em]\">MT20<\/td>\r\n                                                                                    <\/tr>\r\n                                              <\/table>\r\n                                      <\/div>\r\n                <\/div>\r\n              <\/div>\r\n\r\n            \r\n          \r\n            \r\n                  <\/div>\r\n\r\n      <\/div>\r\n    <\/div>\r\n  <\/section><section id=\"block_88cb17df9f7b4734042994cd26e31abf\" class=\"section-intro py-12 md:py-24 on-white\">\r\n  <div class=\"anchor\" id=\"\"><\/div>\r\n  <div class=\"column-main\">\r\n    <div class=\"w-full flex flex-col justify-between  gap-4 md:flex-row md:gap-8\">\r\n              <div class=\" flex flex-col gap-6\">\r\n                      <p class=\"body-lg font-bold pre-dot\">CAD-Datei<\/p>\r\n                            <\/div>\r\n            <div class=\"w-full max-w-[900px]\">\r\n        <div class=\"flex flex-col gap-6 \">\r\n                                <div class=\"prose flex flex-col gap-6\">\r\n              <h2>Engineering File Downloads<\/h2>\n<article class=\"text-token-text-primary w-full focus:outline-none [--shadow-height:45px] has-data-writing-block:pointer-events-none has-data-writing-block:-mt-(--shadow-height) has-data-writing-block:pt-(--shadow-height) [&amp;:has([data-writing-block])&gt;*]:pointer-events-auto scroll-mt-[calc(var(--header-height)+min(200px,max(70px,20svh)))]\" dir=\"auto\" tabindex=\"-1\" data-turn-id=\"request-WEB:50330a9f-d040-4b92-b3dd-1e0f93314bb6-2\" data-testid=\"conversation-turn-6\" data-scroll-anchor=\"true\" data-turn=\"assistant\">\n<div class=\"text-base my-auto mx-auto pb-10 [--thread-content-margin:var(--thread-content-margin-xs,calc(var(--spacing)*4))] @w-sm\/main:[--thread-content-margin:var(--thread-content-margin-sm,calc(var(--spacing)*6))] @w-lg\/main:[--thread-content-margin:var(--thread-content-margin-lg,calc(var(--spacing)*16))] px-(--thread-content-margin)\">\n<div class=\"[--thread-content-max-width:40rem] @w-lg\/main:[--thread-content-max-width:48rem] mx-auto max-w-(--thread-content-max-width) flex-1 group\/turn-messages focus-visible:outline-hidden relative flex w-full min-w-0 flex-col agent-turn\" tabindex=\"-1\">\n<div class=\"flex max-w-full flex-col gap-4 grow\">\n<div class=\"min-h-8 text-message relative flex w-full flex-col items-end gap-2 text-start break-words whitespace-normal [.text-message+&amp;]:mt-1\" dir=\"auto\" data-message-author-role=\"assistant\" data-message-id=\"8583149a-868c-4ebb-b202-0ca6884a6d7f\" data-message-model-slug=\"gpt-5-3\">\n<div class=\"flex w-full flex-col gap-1 empty:hidden\">\n<div class=\"markdown prose dark:prose-invert w-full wrap-break-word dark markdown-new-styling\">\n<p data-start=\"0\" data-end=\"304\" data-is-last-node=\"\" data-is-only-node=\"\">Laden Sie CAD-Dateien f\u00fcr unsere Dichtungsl\u00f6sungen herunter, um die Konstruktion und das Produktdesign zu optimieren. Unsere technischen Zeichnungen erm\u00f6glichen es Ingenieuren, Dichtungsgeometrien schnell in ihre Baugruppen zu integrieren. <\/p>\n<\/div>\n<\/div>\n<\/div>\n<\/div>\n<\/div>\n<\/div>\n<div class=\"body-md leading-[1.25em] font-semibold\">CAD-Datei anzeigen<\/div>\n<\/article>\n<div class=\"flex flex-col md:flex-row\" style=\"gap: 64px;\">\n<div class=\"w-full\">\n<ul>\n<li><a href=\"https:\/\/systemseals-embedded.partcommunity.com\/3d-cad-models\/g45p-imperial-high-strength-composite-guide-band-series-845-piston-imperial-system-seals?info=systemseals%2Fhydraulic_seals%2Fwipers_guide_elements_static_seals%2Fg45_p_i_asmtab.prj&amp;cwid=1532\" target=\"_blank\" rel=\"noopener\">CAD in Imperial<\/a><\/li>\n<li><a href=\"https:\/\/systemseals-embedded.partcommunity.com\/3d-cad-models\/g45p-metric-high-strength-composite-guide-band-series-845-piston-metric-system-seals?info=systemseals%2Fhydraulic_seals%2Fwipers_guide_elements_static_seals%2Fg45_p_m_asmtab.prj&amp;cwid=6376\" target=\"_blank\" rel=\"noopener\">CAD in Metrisch<\/a><\/li>\n<\/ul>\n<\/div>\n<\/div>\n            <\/div>\r\n                            <\/div>\r\n      <\/div>\r\n          <\/div>\r\n  <\/div>\r\n<\/section><section id=\"block_9bba9f01fbff30079290d2d905b5b962\" class=\"section-intro py-12 md:py-24 on-white\">\r\n  <div class=\"anchor\" id=\"\"><\/div>\r\n  <div class=\"column-main\">\r\n    <div class=\"w-full flex flex-col justify-between  gap-4 md:flex-row md:gap-8\">\r\n              <div class=\" flex flex-col gap-6\">\r\n                      <p class=\"body-lg font-bold pre-dot\">Entwickelte Leistung<\/p>\r\n                            <\/div>\r\n            <div class=\"w-full max-w-[900px]\">\r\n        <div class=\"flex flex-col gap-6 \">\r\n                                <div class=\"prose flex flex-col gap-6\">\r\n              <h2>Gebaut f\u00fcr Leistung<\/h2>\n<p>Das 845 Piston Series F\u00fchrungsband ist die ideale L\u00f6sung, wenn hohe Seitenlasten und Durchbiegungen vorhanden sind.<\/p>\n<div class=\"flex flex-col md:flex-row\" style=\"gap: 64px;\">\n<div class=\"w-full\">\n<div class=\"body-md leading-[1.25em] font-semibold\">Leistungen<\/div>\n<ul>\n<li>Sehr genaue und pr\u00e4zise F\u00fchrung der Zylinderkomponenten<\/li>\n<li>H\u00e4lt sehr hohen seitlichen Belastungen w\u00e4hrend des Betriebs stand<\/li>\n<li>Maximiert die Effizienz der dynamischen Siegel<\/li>\n<li>Breiter Temperaturbereich<\/li>\n<\/ul>\n<\/div>\n<div class=\"w-full\">\n<div class=\"body-md leading-[1.25em] font-semibold\">Anwendungen<\/div>\n<ul>\n<li>Stahl- und Aluminiumverarbeitung<\/li>\n<li>Spritzgie\u00dfmaschinen<\/li>\n<li>Bergbau<\/li>\n<li>Landwirtschaft<\/li>\n<li>Bauwesen<\/li>\n<li>\u00d6l und Gas<\/li>\n<li>Mobilhydraulik<\/li>\n<\/ul>\n<\/div>\n<\/div>\n            <\/div>\r\n                            <\/div>\r\n      <\/div>\r\n          <\/div>\r\n  <\/div>\r\n<\/section><section id=\"block_87ea08c070d23d4b5400295183daef0c\" class=\"full-width-media \">\r\n  <div class=\"anchor\" id=\"\"><\/div>\r\n      <div class=\"media-wrapper\">\r\n      <img src=\"https:\/\/www.systemseals.com\/wp-content\/uploads\/2026\/02\/product-full-width-1-scaled.png\" alt=\"\" class=\"w-full h-auto block\">\r\n    <\/div>\r\n  <\/section><section id=\"block_3ffcb60d0f24164f127324d7da47712d\" class=\"title-on-blue py-24 md:py-[198px] bg-prussian-blue\">\r\n  <div class=\"anchor\" id=\"\"><\/div>\r\n  <div class=\"column-main\">\r\n    <h3 class=\"max-w-[900px] mx-auto text-flash-white text-center\">\r\n        Entwickelt f\u00fcr Flexibilit\u00e4t bei Materialien, Gr\u00f6\u00dfen und Leistungsanforderungen. Standard- und kundenspezifische Durchmesser gew\u00e4hrleisten eine optimale Integration in Ihr System.     <\/h3>\r\n  <\/div>\r\n<\/section><div class=\"default-content container column-main\">\n<p><\/p>\n<\/div>","protected":false},"excerpt":{"rendered":"<p>Serie 845 Die Serie 845 ist ein reibungsarmes F\u00fchrungsband aus MTC1, einem hochkompressiven Verbundwerkstoff. Dieses F\u00fchrungsband ist wesentlich st\u00e4rker als Materialien auf Olyamidbasis und bietet eine deutlich geringere Wasseraufnahme. Dieser neue Verbundwerkstoff sorgt f\u00fcr eine pr\u00e4zisere F\u00fchrung von Kolben und Kolbenstangen im Inneren des Zylinders unter sehr unterschiedlichen Lastbedingungen. Durch die geringere Verformung der Buchsen [&hellip;]<\/p>\n","protected":false},"author":4,"featured_media":3649,"template":"","meta":{"_acf_changed":false,"footnotes":""},"product_category":[8],"product_industry":[12,11],"product_material":[],"class_list":["post-3650","product","type-product","status-publish","has-post-thumbnail","hentry","product_category-guide-wear-bands","product_industry-industrial","product_industry-oil-gas"],"acf":[],"yoast_head":"<!-- This site is optimized with the Yoast SEO plugin v27.4 - https:\/\/yoast.com\/product\/yoast-seo-wordpress\/ -->\n<title>845 Kolbenf\u00fchrungsband - System Seals - Top Manufacturer for Reliable Seals<\/title>\n<meta name=\"robots\" content=\"index, follow, max-snippet:-1, max-image-preview:large, max-video-preview:-1\" \/>\n<link rel=\"canonical\" href=\"https:\/\/www.systemseals.com\/de\/products\/845-kolbenfuehrungsband\/\" \/>\n<meta property=\"og:locale\" content=\"de_DE\" \/>\n<meta property=\"og:type\" content=\"article\" \/>\n<meta property=\"og:title\" content=\"845 Kolbenf\u00fchrungsband - System Seals - Top Manufacturer for Reliable Seals\" \/>\n<meta property=\"og:description\" content=\"Serie 845 Die Serie 845 ist ein reibungsarmes F\u00fchrungsband aus MTC1, einem hochkompressiven Verbundwerkstoff. Dieses F\u00fchrungsband ist wesentlich st\u00e4rker als Materialien auf Olyamidbasis und bietet eine deutlich geringere Wasseraufnahme. Dieser neue Verbundwerkstoff sorgt f\u00fcr eine pr\u00e4zisere F\u00fchrung von Kolben und Kolbenstangen im Inneren des Zylinders unter sehr unterschiedlichen Lastbedingungen. Durch die geringere Verformung der Buchsen [&hellip;]\" \/>\n<meta property=\"og:url\" content=\"https:\/\/www.systemseals.com\/de\/products\/845-kolbenfuehrungsband\/\" \/>\n<meta property=\"og:site_name\" content=\"System Seals - Top Manufacturer for Reliable Seals\" \/>\n<meta property=\"article:modified_time\" content=\"2026-04-16T14:09:20+00:00\" \/>\n<meta property=\"og:image\" content=\"https:\/\/www.systemseals.com\/wp-content\/uploads\/2026\/02\/F-G45.jpg\" \/>\n\t<meta property=\"og:image:width\" content=\"781\" \/>\n\t<meta property=\"og:image:height\" content=\"851\" \/>\n\t<meta property=\"og:image:type\" content=\"image\/jpeg\" \/>\n<meta name=\"twitter:card\" content=\"summary_large_image\" \/>\n<script type=\"application\/ld+json\" class=\"yoast-schema-graph\">{\"@context\":\"https:\\\/\\\/schema.org\",\"@graph\":[{\"@type\":\"WebPage\",\"@id\":\"https:\\\/\\\/www.systemseals.com\\\/de\\\/products\\\/845-kolbenfuehrungsband\\\/\",\"url\":\"https:\\\/\\\/www.systemseals.com\\\/de\\\/products\\\/845-kolbenfuehrungsband\\\/\",\"name\":\"845 Kolbenf\u00fchrungsband - System Seals - Top Manufacturer for Reliable Seals\",\"isPartOf\":{\"@id\":\"https:\\\/\\\/www.systemseals.com\\\/de\\\/#website\"},\"primaryImageOfPage\":{\"@id\":\"https:\\\/\\\/www.systemseals.com\\\/de\\\/products\\\/845-kolbenfuehrungsband\\\/#primaryimage\"},\"image\":{\"@id\":\"https:\\\/\\\/www.systemseals.com\\\/de\\\/products\\\/845-kolbenfuehrungsband\\\/#primaryimage\"},\"thumbnailUrl\":\"https:\\\/\\\/www.systemseals.com\\\/wp-content\\\/uploads\\\/2026\\\/02\\\/F-G45.jpg\",\"datePublished\":\"2026-02-21T19:58:42+00:00\",\"dateModified\":\"2026-04-16T14:09:20+00:00\",\"breadcrumb\":{\"@id\":\"https:\\\/\\\/www.systemseals.com\\\/de\\\/products\\\/845-kolbenfuehrungsband\\\/#breadcrumb\"},\"inLanguage\":\"de\",\"potentialAction\":[{\"@type\":\"ReadAction\",\"target\":[\"https:\\\/\\\/www.systemseals.com\\\/de\\\/products\\\/845-kolbenfuehrungsband\\\/\"]}]},{\"@type\":\"ImageObject\",\"inLanguage\":\"de\",\"@id\":\"https:\\\/\\\/www.systemseals.com\\\/de\\\/products\\\/845-kolbenfuehrungsband\\\/#primaryimage\",\"url\":\"https:\\\/\\\/www.systemseals.com\\\/wp-content\\\/uploads\\\/2026\\\/02\\\/F-G45.jpg\",\"contentUrl\":\"https:\\\/\\\/www.systemseals.com\\\/wp-content\\\/uploads\\\/2026\\\/02\\\/F-G45.jpg\",\"width\":781,\"height\":851},{\"@type\":\"BreadcrumbList\",\"@id\":\"https:\\\/\\\/www.systemseals.com\\\/de\\\/products\\\/845-kolbenfuehrungsband\\\/#breadcrumb\",\"itemListElement\":[{\"@type\":\"ListItem\",\"position\":1,\"name\":\"Home\",\"item\":\"https:\\\/\\\/www.systemseals.com\\\/de\\\/home\\\/\"},{\"@type\":\"ListItem\",\"position\":2,\"name\":\"Products\",\"item\":\"https:\\\/\\\/www.systemseals.com\\\/de\\\/products\\\/\"},{\"@type\":\"ListItem\",\"position\":3,\"name\":\"845 Kolbenf\u00fchrungsband\"}]},{\"@type\":\"WebSite\",\"@id\":\"https:\\\/\\\/www.systemseals.com\\\/de\\\/#website\",\"url\":\"https:\\\/\\\/www.systemseals.com\\\/de\\\/\",\"name\":\"System Seals - Top Manufacturer for Reliable Seals\",\"description\":\"\",\"potentialAction\":[{\"@type\":\"SearchAction\",\"target\":{\"@type\":\"EntryPoint\",\"urlTemplate\":\"https:\\\/\\\/www.systemseals.com\\\/de\\\/?s={search_term_string}\"},\"query-input\":{\"@type\":\"PropertyValueSpecification\",\"valueRequired\":true,\"valueName\":\"search_term_string\"}}],\"inLanguage\":\"de\"}]}<\/script>\n<!-- \/ Yoast SEO plugin. -->","yoast_head_json":{"title":"845 Kolbenf\u00fchrungsband - System Seals - Top Manufacturer for Reliable Seals","robots":{"index":"index","follow":"follow","max-snippet":"max-snippet:-1","max-image-preview":"max-image-preview:large","max-video-preview":"max-video-preview:-1"},"canonical":"https:\/\/www.systemseals.com\/de\/products\/845-kolbenfuehrungsband\/","og_locale":"de_DE","og_type":"article","og_title":"845 Kolbenf\u00fchrungsband - System Seals - Top Manufacturer for Reliable Seals","og_description":"Serie 845 Die Serie 845 ist ein reibungsarmes F\u00fchrungsband aus MTC1, einem hochkompressiven Verbundwerkstoff. Dieses F\u00fchrungsband ist wesentlich st\u00e4rker als Materialien auf Olyamidbasis und bietet eine deutlich geringere Wasseraufnahme. Dieser neue Verbundwerkstoff sorgt f\u00fcr eine pr\u00e4zisere F\u00fchrung von Kolben und Kolbenstangen im Inneren des Zylinders unter sehr unterschiedlichen Lastbedingungen. Durch die geringere Verformung der Buchsen [&hellip;]","og_url":"https:\/\/www.systemseals.com\/de\/products\/845-kolbenfuehrungsband\/","og_site_name":"System Seals - Top Manufacturer for Reliable Seals","article_modified_time":"2026-04-16T14:09:20+00:00","og_image":[{"width":781,"height":851,"url":"https:\/\/www.systemseals.com\/wp-content\/uploads\/2026\/02\/F-G45.jpg","type":"image\/jpeg"}],"twitter_card":"summary_large_image","schema":{"@context":"https:\/\/schema.org","@graph":[{"@type":"WebPage","@id":"https:\/\/www.systemseals.com\/de\/products\/845-kolbenfuehrungsband\/","url":"https:\/\/www.systemseals.com\/de\/products\/845-kolbenfuehrungsband\/","name":"845 Kolbenf\u00fchrungsband - System Seals - Top Manufacturer for Reliable Seals","isPartOf":{"@id":"https:\/\/www.systemseals.com\/de\/#website"},"primaryImageOfPage":{"@id":"https:\/\/www.systemseals.com\/de\/products\/845-kolbenfuehrungsband\/#primaryimage"},"image":{"@id":"https:\/\/www.systemseals.com\/de\/products\/845-kolbenfuehrungsband\/#primaryimage"},"thumbnailUrl":"https:\/\/www.systemseals.com\/wp-content\/uploads\/2026\/02\/F-G45.jpg","datePublished":"2026-02-21T19:58:42+00:00","dateModified":"2026-04-16T14:09:20+00:00","breadcrumb":{"@id":"https:\/\/www.systemseals.com\/de\/products\/845-kolbenfuehrungsband\/#breadcrumb"},"inLanguage":"de","potentialAction":[{"@type":"ReadAction","target":["https:\/\/www.systemseals.com\/de\/products\/845-kolbenfuehrungsband\/"]}]},{"@type":"ImageObject","inLanguage":"de","@id":"https:\/\/www.systemseals.com\/de\/products\/845-kolbenfuehrungsband\/#primaryimage","url":"https:\/\/www.systemseals.com\/wp-content\/uploads\/2026\/02\/F-G45.jpg","contentUrl":"https:\/\/www.systemseals.com\/wp-content\/uploads\/2026\/02\/F-G45.jpg","width":781,"height":851},{"@type":"BreadcrumbList","@id":"https:\/\/www.systemseals.com\/de\/products\/845-kolbenfuehrungsband\/#breadcrumb","itemListElement":[{"@type":"ListItem","position":1,"name":"Home","item":"https:\/\/www.systemseals.com\/de\/home\/"},{"@type":"ListItem","position":2,"name":"Products","item":"https:\/\/www.systemseals.com\/de\/products\/"},{"@type":"ListItem","position":3,"name":"845 Kolbenf\u00fchrungsband"}]},{"@type":"WebSite","@id":"https:\/\/www.systemseals.com\/de\/#website","url":"https:\/\/www.systemseals.com\/de\/","name":"System Seals - Top Manufacturer for Reliable Seals","description":"","potentialAction":[{"@type":"SearchAction","target":{"@type":"EntryPoint","urlTemplate":"https:\/\/www.systemseals.com\/de\/?s={search_term_string}"},"query-input":{"@type":"PropertyValueSpecification","valueRequired":true,"valueName":"search_term_string"}}],"inLanguage":"de"}]}},"_links":{"self":[{"href":"https:\/\/www.systemseals.com\/de\/wp-json\/wp\/v2\/product\/3650","targetHints":{"allow":["GET"]}}],"collection":[{"href":"https:\/\/www.systemseals.com\/de\/wp-json\/wp\/v2\/product"}],"about":[{"href":"https:\/\/www.systemseals.com\/de\/wp-json\/wp\/v2\/types\/product"}],"author":[{"embeddable":true,"href":"https:\/\/www.systemseals.com\/de\/wp-json\/wp\/v2\/users\/4"}],"version-history":[{"count":3,"href":"https:\/\/www.systemseals.com\/de\/wp-json\/wp\/v2\/product\/3650\/revisions"}],"predecessor-version":[{"id":3869,"href":"https:\/\/www.systemseals.com\/de\/wp-json\/wp\/v2\/product\/3650\/revisions\/3869"}],"wp:featuredmedia":[{"embeddable":true,"href":"https:\/\/www.systemseals.com\/de\/wp-json\/wp\/v2\/media\/3649"}],"wp:attachment":[{"href":"https:\/\/www.systemseals.com\/de\/wp-json\/wp\/v2\/media?parent=3650"}],"wp:term":[{"taxonomy":"product_category","embeddable":true,"href":"https:\/\/www.systemseals.com\/de\/wp-json\/wp\/v2\/product_category?post=3650"},{"taxonomy":"product_industry","embeddable":true,"href":"https:\/\/www.systemseals.com\/de\/wp-json\/wp\/v2\/product_industry?post=3650"},{"taxonomy":"product_material","embeddable":true,"href":"https:\/\/www.systemseals.com\/de\/wp-json\/wp\/v2\/product_material?post=3650"}],"curies":[{"name":"wp","href":"https:\/\/api.w.org\/{rel}","templated":true}]}}