{"id":3620,"date":"2026-02-21T20:32:47","date_gmt":"2026-02-21T20:32:47","guid":{"rendered":"https:\/\/www.systemseals.com\/products\/503-stirnflaechendichtung\/"},"modified":"2026-04-16T14:00:18","modified_gmt":"2026-04-16T14:00:18","slug":"503-stirnflaechendichtung","status":"publish","type":"product","link":"https:\/\/www.systemseals.com\/de\/products\/503-stirnflaechendichtung\/","title":{"rendered":"503 Stirnfl\u00e4chendichtung"},"content":{"rendered":"<section id=\"block_805a0f984a82f9bed280e148e9625d41\" class=\"section-intro py-12 md:py-24 on-white\">\r\n  <div class=\"anchor\" id=\"\"><\/div>\r\n  <div class=\"column-main\">\r\n    <div class=\"w-full flex flex-col justify-between  gap-4 md:flex-row md:gap-8\">\r\n              <div class=\" flex flex-col gap-6\">\r\n                      <p class=\"body-lg font-bold pre-dot\">Serie 503<\/p>\r\n                            <\/div>\r\n            <div class=\"w-full max-w-[900px]\">\r\n        <div class=\"flex flex-col gap-6 \">\r\n                                <div class=\"prose flex flex-col gap-6\">\r\n              <p>Die Serie 503 wird als prim\u00e4re statische Dichtung in hochbelasteten Stahl- und Aluminiumanwendungen unter schwierigen Bedingungen eingesetzt.<\/p>\n            <\/div>\r\n                            <\/div>\r\n      <\/div>\r\n          <\/div>\r\n  <\/div>\r\n<\/section>\r\n<section id=\"block_9255a22a17e69236a67a71ed3498cf16\" class=\"product-subsections py-12 md:py-24 on-white\">\r\n  <div class=\"anchor\" id=\"\"><\/div>\r\n      <div class=\"column-main\">\r\n      <div class=\"flex flex-col justify-between md:flex-row gap-4 md:gap-8\">\r\n        <div class=\"hidden md:flex flex-col gap-6\">\r\n          &nbsp; <!-- spacer -->\r\n        <\/div>\r\n\r\n        <div class=\"w-full max-w-[900px] flex flex-col gap-12 md:gap-24\">\r\n          \r\n            \r\n          \r\n                          <div class=\"text-table-group\" id=\"text-table-2-block_9255a22a17e69236a67a71ed3498cf16\">\r\n                <div class=\"flex flex-col justify-between md:flex-row gap-8\">\r\n                  <div class=\"w-full md:max-w-[300px] flex flex-col gap-6\">\r\n                                          <h2 class=\"body-lg font-bold leading-[1.33em]\"> Material Reihen <\/h2>\r\n                                      <\/div>\r\n                  <div class=\"w-full md:max-w-[558px] flex flex-col\">\r\n                                          <div class=\"prose flex flex-col gap-6\"> <p>Die Heavy-Duty Face Seal der Serie 503 besteht aus hochwertigem Polyurethan. Das Standardmaterial ist MP03 bearbeitetes H-PU, erh\u00e4ltlich bis zu einem Durchmesser von 2100 mm. <\/p>\n <\/div>\r\n                                                              <table class=\"table-auto\">\r\n                                                  <tr>\r\n                                                                                          <td class=\"body-lg font-medium leading-[1.33em]\">Polyurethan H-PU<\/td>\r\n                                                              <td class=\"body-lg font-medium leading-[1.33em]\">MP03<\/td>\r\n                                                                                    <\/tr>\r\n                                                  <tr>\r\n                                                                                          <td class=\"body-lg font-medium leading-[1.33em]\">Nitril NBR<\/td>\r\n                                                              <td class=\"body-lg font-medium leading-[1.33em]\">MN01<\/td>\r\n                                                                                    <\/tr>\r\n                                                  <tr>\r\n                                                                                          <td class=\"body-lg font-medium leading-[1.33em]\">Fluorelastomer FPM<\/td>\r\n                                                              <td class=\"body-lg font-medium leading-[1.33em]\">MF01<\/td>\r\n                                                                                    <\/tr>\r\n                                                  <tr>\r\n                                                                                          <td class=\"body-lg font-medium leading-[1.33em]\">Hydriertes NBR<\/td>\r\n                                                              <td class=\"body-lg font-medium leading-[1.33em]\">MN03<\/td>\r\n                                                                                    <\/tr>\r\n                                                  <tr>\r\n                                                                                          <td class=\"body-lg font-medium leading-[1.33em]\">EPDM\/PTFE-Bz<\/td>\r\n                                                              <td class=\"body-lg font-medium leading-[1.33em]\">ME19<\/td>\r\n                                                                                    <\/tr>\r\n                                              <\/table>\r\n                                      <\/div>\r\n                <\/div>\r\n              <\/div>\r\n\r\n            \r\n          \r\n            \r\n                  <\/div>\r\n\r\n      <\/div>\r\n    <\/div>\r\n  <\/section><section id=\"block_a71ae83ecb8c40a220715f379358a22e\" class=\"full-width-media \">\r\n  <div class=\"anchor\" id=\"\"><\/div>\r\n      <div class=\"media-wrapper\">\r\n      <img src=\"https:\/\/www.systemseals.com\/wp-content\/uploads\/2026\/02\/product-full-width-1-scaled.png\" alt=\"\" class=\"w-full h-auto block\">\r\n    <\/div>\r\n  <\/section><section id=\"block_41dd6df64e2fc1cab3548c8a0a060df8\" class=\"title-on-blue py-24 md:py-[198px] bg-prussian-blue\">\r\n  <div class=\"anchor\" id=\"\"><\/div>\r\n  <div class=\"column-main\">\r\n    <h3 class=\"max-w-[900px] mx-auto text-flash-white text-center\">\r\n        Entwickelt f\u00fcr Flexibilit\u00e4t bei Materialien, Gr\u00f6\u00dfen und Leistungsanforderungen. Standard- und kundenspezifische Durchmesser gew\u00e4hrleisten eine optimale Integration in Ihr System.     <\/h3>\r\n  <\/div>\r\n<\/section><section id=\"block_059d7a62f065ac084cd11084112ddd4c\" class=\"section-intro py-12 md:py-24 on-white\">\r\n  <div class=\"anchor\" id=\"\"><\/div>\r\n  <div class=\"column-main\">\r\n    <div class=\"w-full flex flex-col justify-between  gap-4 md:flex-row md:gap-8\">\r\n              <div class=\" flex flex-col gap-6\">\r\n                      <p class=\"body-lg font-bold pre-dot\">Entwickelte Leistung<\/p>\r\n                            <\/div>\r\n            <div class=\"w-full max-w-[900px]\">\r\n        <div class=\"flex flex-col gap-6 \">\r\n                                <div class=\"prose flex flex-col gap-6\">\r\n              <h2>Gebaut f\u00fcr Leistung<\/h2>\n<p>Die Serie 503 wird als prim\u00e4re statische Dichtung in hochbelasteten Stahl- und Aluminiumanwendungen unter schwierigen Bedingungen eingesetzt.<\/p>\n<div class=\"flex flex-col md:flex-row\" style=\"gap: 64px;\">\n<div class=\"w-full\">\n<div class=\"body-md leading-[1.25em] font-semibold\">Leistungen<\/div>\n<ul>\n<li>Kein Verdrehen oder Rollen w\u00e4hrend der Installation<\/li>\n<li>Direkte Nachr\u00fcstung von O-Ringen und St\u00fctzringen<\/li>\n<li>Extrusionsfest<\/li>\n<li>Abriebfestes Polyurethan<\/li>\n<li>Lange Lebensdauer durch robustes Design<\/li>\n<\/ul>\n<\/div>\n<div class=\"w-full\">\n<div class=\"body-md leading-[1.25em] font-semibold\">Anwendungen<\/div>\n<ul>\n<li>Mobilhydraulik<\/li>\n<li>Umbau von Hydraulikzylindern<\/li>\n<li>Landwirtschaftshydraulik<\/li>\n<li>Baumaschinen<\/li>\n<li>Stahl- und Aluminiumverarbeitung<\/li>\n<\/ul>\n<\/div>\n<\/div>\n            <\/div>\r\n                            <\/div>\r\n      <\/div>\r\n          <\/div>\r\n  <\/div>\r\n<\/section><div class=\"default-content container column-main\">\n<p><\/p>\n<\/div>","protected":false},"excerpt":{"rendered":"<p>Serie 503 Die Serie 503 wird als prim\u00e4re statische Dichtung in hochbelasteten Stahl- und Aluminiumanwendungen unter schwierigen Bedingungen eingesetzt. &nbsp; Material Reihen Die Heavy-Duty Face Seal der Serie 503 besteht aus hochwertigem Polyurethan. Das Standardmaterial ist MP03 bearbeitetes H-PU, erh\u00e4ltlich bis zu einem Durchmesser von 2100 mm. Polyurethan H-PU MP03 Nitril NBR MN01 Fluorelastomer FPM [&hellip;]<\/p>\n","protected":false},"author":4,"featured_media":3619,"template":"","meta":{"_acf_changed":false,"footnotes":""},"product_category":[6],"product_industry":[12,11],"product_material":[],"class_list":["post-3620","product","type-product","status-publish","has-post-thumbnail","hentry","product_category-face-seals","product_industry-industrial","product_industry-oil-gas"],"acf":[],"yoast_head":"<!-- This site is optimized with the Yoast SEO plugin v27.4 - https:\/\/yoast.com\/product\/yoast-seo-wordpress\/ -->\n<title>503 Stirnfl\u00e4chendichtung - System Seals - Top Manufacturer for Reliable Seals<\/title>\n<meta name=\"robots\" content=\"index, follow, max-snippet:-1, max-image-preview:large, max-video-preview:-1\" \/>\n<link rel=\"canonical\" href=\"https:\/\/www.systemseals.com\/de\/products\/503-stirnflaechendichtung\/\" \/>\n<meta property=\"og:locale\" content=\"de_DE\" \/>\n<meta property=\"og:type\" content=\"article\" \/>\n<meta property=\"og:title\" content=\"503 Stirnfl\u00e4chendichtung - System Seals - Top Manufacturer for Reliable Seals\" \/>\n<meta property=\"og:description\" content=\"Serie 503 Die Serie 503 wird als prim\u00e4re statische Dichtung in hochbelasteten Stahl- und Aluminiumanwendungen unter schwierigen Bedingungen eingesetzt. &nbsp; Material Reihen Die Heavy-Duty Face Seal der Serie 503 besteht aus hochwertigem Polyurethan. Das Standardmaterial ist MP03 bearbeitetes H-PU, erh\u00e4ltlich bis zu einem Durchmesser von 2100 mm. Polyurethan H-PU MP03 Nitril NBR MN01 Fluorelastomer FPM [&hellip;]\" \/>\n<meta property=\"og:url\" content=\"https:\/\/www.systemseals.com\/de\/products\/503-stirnflaechendichtung\/\" \/>\n<meta property=\"og:site_name\" content=\"System Seals - Top Manufacturer for Reliable Seals\" \/>\n<meta property=\"article:modified_time\" content=\"2026-04-16T14:00:18+00:00\" \/>\n<meta property=\"og:image\" content=\"https:\/\/www.systemseals.com\/wp-content\/uploads\/2026\/02\/F-F-03.jpg\" \/>\n\t<meta property=\"og:image:width\" content=\"757\" \/>\n\t<meta property=\"og:image:height\" content=\"813\" \/>\n\t<meta property=\"og:image:type\" content=\"image\/jpeg\" \/>\n<meta name=\"twitter:card\" content=\"summary_large_image\" \/>\n<script type=\"application\/ld+json\" class=\"yoast-schema-graph\">{\"@context\":\"https:\\\/\\\/schema.org\",\"@graph\":[{\"@type\":\"WebPage\",\"@id\":\"https:\\\/\\\/www.systemseals.com\\\/de\\\/products\\\/503-stirnflaechendichtung\\\/\",\"url\":\"https:\\\/\\\/www.systemseals.com\\\/de\\\/products\\\/503-stirnflaechendichtung\\\/\",\"name\":\"503 Stirnfl\u00e4chendichtung - System Seals - Top Manufacturer for Reliable Seals\",\"isPartOf\":{\"@id\":\"https:\\\/\\\/www.systemseals.com\\\/de\\\/#website\"},\"primaryImageOfPage\":{\"@id\":\"https:\\\/\\\/www.systemseals.com\\\/de\\\/products\\\/503-stirnflaechendichtung\\\/#primaryimage\"},\"image\":{\"@id\":\"https:\\\/\\\/www.systemseals.com\\\/de\\\/products\\\/503-stirnflaechendichtung\\\/#primaryimage\"},\"thumbnailUrl\":\"https:\\\/\\\/www.systemseals.com\\\/wp-content\\\/uploads\\\/2026\\\/02\\\/F-F-03.jpg\",\"datePublished\":\"2026-02-21T20:32:47+00:00\",\"dateModified\":\"2026-04-16T14:00:18+00:00\",\"breadcrumb\":{\"@id\":\"https:\\\/\\\/www.systemseals.com\\\/de\\\/products\\\/503-stirnflaechendichtung\\\/#breadcrumb\"},\"inLanguage\":\"de\",\"potentialAction\":[{\"@type\":\"ReadAction\",\"target\":[\"https:\\\/\\\/www.systemseals.com\\\/de\\\/products\\\/503-stirnflaechendichtung\\\/\"]}]},{\"@type\":\"ImageObject\",\"inLanguage\":\"de\",\"@id\":\"https:\\\/\\\/www.systemseals.com\\\/de\\\/products\\\/503-stirnflaechendichtung\\\/#primaryimage\",\"url\":\"https:\\\/\\\/www.systemseals.com\\\/wp-content\\\/uploads\\\/2026\\\/02\\\/F-F-03.jpg\",\"contentUrl\":\"https:\\\/\\\/www.systemseals.com\\\/wp-content\\\/uploads\\\/2026\\\/02\\\/F-F-03.jpg\",\"width\":757,\"height\":813},{\"@type\":\"BreadcrumbList\",\"@id\":\"https:\\\/\\\/www.systemseals.com\\\/de\\\/products\\\/503-stirnflaechendichtung\\\/#breadcrumb\",\"itemListElement\":[{\"@type\":\"ListItem\",\"position\":1,\"name\":\"Home\",\"item\":\"https:\\\/\\\/www.systemseals.com\\\/de\\\/home\\\/\"},{\"@type\":\"ListItem\",\"position\":2,\"name\":\"Products\",\"item\":\"https:\\\/\\\/www.systemseals.com\\\/de\\\/products\\\/\"},{\"@type\":\"ListItem\",\"position\":3,\"name\":\"503 Stirnfl\u00e4chendichtung\"}]},{\"@type\":\"WebSite\",\"@id\":\"https:\\\/\\\/www.systemseals.com\\\/de\\\/#website\",\"url\":\"https:\\\/\\\/www.systemseals.com\\\/de\\\/\",\"name\":\"System Seals - Top Manufacturer for Reliable Seals\",\"description\":\"\",\"potentialAction\":[{\"@type\":\"SearchAction\",\"target\":{\"@type\":\"EntryPoint\",\"urlTemplate\":\"https:\\\/\\\/www.systemseals.com\\\/de\\\/?s={search_term_string}\"},\"query-input\":{\"@type\":\"PropertyValueSpecification\",\"valueRequired\":true,\"valueName\":\"search_term_string\"}}],\"inLanguage\":\"de\"}]}<\/script>\n<!-- \/ Yoast SEO plugin. -->","yoast_head_json":{"title":"503 Stirnfl\u00e4chendichtung - System Seals - Top Manufacturer for Reliable Seals","robots":{"index":"index","follow":"follow","max-snippet":"max-snippet:-1","max-image-preview":"max-image-preview:large","max-video-preview":"max-video-preview:-1"},"canonical":"https:\/\/www.systemseals.com\/de\/products\/503-stirnflaechendichtung\/","og_locale":"de_DE","og_type":"article","og_title":"503 Stirnfl\u00e4chendichtung - System Seals - Top Manufacturer for Reliable Seals","og_description":"Serie 503 Die Serie 503 wird als prim\u00e4re statische Dichtung in hochbelasteten Stahl- und Aluminiumanwendungen unter schwierigen Bedingungen eingesetzt. &nbsp; Material Reihen Die Heavy-Duty Face Seal der Serie 503 besteht aus hochwertigem Polyurethan. Das Standardmaterial ist MP03 bearbeitetes H-PU, erh\u00e4ltlich bis zu einem Durchmesser von 2100 mm. Polyurethan H-PU MP03 Nitril NBR MN01 Fluorelastomer FPM [&hellip;]","og_url":"https:\/\/www.systemseals.com\/de\/products\/503-stirnflaechendichtung\/","og_site_name":"System Seals - Top Manufacturer for Reliable Seals","article_modified_time":"2026-04-16T14:00:18+00:00","og_image":[{"width":757,"height":813,"url":"https:\/\/www.systemseals.com\/wp-content\/uploads\/2026\/02\/F-F-03.jpg","type":"image\/jpeg"}],"twitter_card":"summary_large_image","schema":{"@context":"https:\/\/schema.org","@graph":[{"@type":"WebPage","@id":"https:\/\/www.systemseals.com\/de\/products\/503-stirnflaechendichtung\/","url":"https:\/\/www.systemseals.com\/de\/products\/503-stirnflaechendichtung\/","name":"503 Stirnfl\u00e4chendichtung - System Seals - Top Manufacturer for Reliable Seals","isPartOf":{"@id":"https:\/\/www.systemseals.com\/de\/#website"},"primaryImageOfPage":{"@id":"https:\/\/www.systemseals.com\/de\/products\/503-stirnflaechendichtung\/#primaryimage"},"image":{"@id":"https:\/\/www.systemseals.com\/de\/products\/503-stirnflaechendichtung\/#primaryimage"},"thumbnailUrl":"https:\/\/www.systemseals.com\/wp-content\/uploads\/2026\/02\/F-F-03.jpg","datePublished":"2026-02-21T20:32:47+00:00","dateModified":"2026-04-16T14:00:18+00:00","breadcrumb":{"@id":"https:\/\/www.systemseals.com\/de\/products\/503-stirnflaechendichtung\/#breadcrumb"},"inLanguage":"de","potentialAction":[{"@type":"ReadAction","target":["https:\/\/www.systemseals.com\/de\/products\/503-stirnflaechendichtung\/"]}]},{"@type":"ImageObject","inLanguage":"de","@id":"https:\/\/www.systemseals.com\/de\/products\/503-stirnflaechendichtung\/#primaryimage","url":"https:\/\/www.systemseals.com\/wp-content\/uploads\/2026\/02\/F-F-03.jpg","contentUrl":"https:\/\/www.systemseals.com\/wp-content\/uploads\/2026\/02\/F-F-03.jpg","width":757,"height":813},{"@type":"BreadcrumbList","@id":"https:\/\/www.systemseals.com\/de\/products\/503-stirnflaechendichtung\/#breadcrumb","itemListElement":[{"@type":"ListItem","position":1,"name":"Home","item":"https:\/\/www.systemseals.com\/de\/home\/"},{"@type":"ListItem","position":2,"name":"Products","item":"https:\/\/www.systemseals.com\/de\/products\/"},{"@type":"ListItem","position":3,"name":"503 Stirnfl\u00e4chendichtung"}]},{"@type":"WebSite","@id":"https:\/\/www.systemseals.com\/de\/#website","url":"https:\/\/www.systemseals.com\/de\/","name":"System Seals - Top Manufacturer for Reliable Seals","description":"","potentialAction":[{"@type":"SearchAction","target":{"@type":"EntryPoint","urlTemplate":"https:\/\/www.systemseals.com\/de\/?s={search_term_string}"},"query-input":{"@type":"PropertyValueSpecification","valueRequired":true,"valueName":"search_term_string"}}],"inLanguage":"de"}]}},"_links":{"self":[{"href":"https:\/\/www.systemseals.com\/de\/wp-json\/wp\/v2\/product\/3620","targetHints":{"allow":["GET"]}}],"collection":[{"href":"https:\/\/www.systemseals.com\/de\/wp-json\/wp\/v2\/product"}],"about":[{"href":"https:\/\/www.systemseals.com\/de\/wp-json\/wp\/v2\/types\/product"}],"author":[{"embeddable":true,"href":"https:\/\/www.systemseals.com\/de\/wp-json\/wp\/v2\/users\/4"}],"version-history":[{"count":3,"href":"https:\/\/www.systemseals.com\/de\/wp-json\/wp\/v2\/product\/3620\/revisions"}],"predecessor-version":[{"id":3861,"href":"https:\/\/www.systemseals.com\/de\/wp-json\/wp\/v2\/product\/3620\/revisions\/3861"}],"wp:featuredmedia":[{"embeddable":true,"href":"https:\/\/www.systemseals.com\/de\/wp-json\/wp\/v2\/media\/3619"}],"wp:attachment":[{"href":"https:\/\/www.systemseals.com\/de\/wp-json\/wp\/v2\/media?parent=3620"}],"wp:term":[{"taxonomy":"product_category","embeddable":true,"href":"https:\/\/www.systemseals.com\/de\/wp-json\/wp\/v2\/product_category?post=3620"},{"taxonomy":"product_industry","embeddable":true,"href":"https:\/\/www.systemseals.com\/de\/wp-json\/wp\/v2\/product_industry?post=3620"},{"taxonomy":"product_material","embeddable":true,"href":"https:\/\/www.systemseals.com\/de\/wp-json\/wp\/v2\/product_material?post=3620"}],"curies":[{"name":"wp","href":"https:\/\/api.w.org\/{rel}","templated":true}]}}