{"id":3614,"date":"2026-02-21T20:37:12","date_gmt":"2026-02-21T20:37:12","guid":{"rendered":"https:\/\/www.systemseals.com\/products\/107-stangendichtung-u-cup-symmetrisch-oder-belastet\/"},"modified":"2026-04-16T13:58:58","modified_gmt":"2026-04-16T13:58:58","slug":"107-stangendichtung-u-cup-symmetrisch-oder-belastet","status":"publish","type":"product","link":"https:\/\/www.systemseals.com\/de\/products\/107-stangendichtung-u-cup-symmetrisch-oder-belastet\/","title":{"rendered":"107 Stangendichtung U-Cup &#8211; symmetrisch &#8211; oder belastet"},"content":{"rendered":"<section id=\"block_844ebbafe77ac2419deaee02967ff7d4\" class=\"section-intro py-12 md:py-24 on-white\">\r\n  <div class=\"anchor\" id=\"\"><\/div>\r\n  <div class=\"column-main\">\r\n    <div class=\"w-full flex flex-col justify-between  gap-4 md:flex-row md:gap-8\">\r\n              <div class=\" flex flex-col gap-6\">\r\n                      <p class=\"body-lg font-bold pre-dot\">Serie 107<\/p>\r\n                            <\/div>\r\n            <div class=\"w-full max-w-[900px]\">\r\n        <div class=\"flex flex-col gap-6 \">\r\n                                <div class=\"prose flex flex-col gap-6\">\r\n              <h3>Der Nutring der Serie 107 ist ideal f\u00fcr Anwendungen, die hohe Dichtkr\u00e4fte erfordern. Diese Dichtung ist in einer breiten Palette von Materialien erh\u00e4ltlich, um Anwendungen abzudecken, bei denen spezielle Fl\u00fcssigkeiten vorhanden sind. Sie wird oft in Verbindung mit einem Anti-Extrusionsring verwendet, insbesondere wenn das Dichtungsmaterial keinen ausreichenden Extrusionswiderstand aufweist. Die Dichtung ist symmetrisch aufgebaut und kann entweder f\u00fcr die dynamische Au\u00dfen- oder Innenabdichtung verwendet werden.   <\/h3>\n            <\/div>\r\n                            <\/div>\r\n      <\/div>\r\n          <\/div>\r\n  <\/div>\r\n<\/section>\r\n<section id=\"block_44a996cbf1ab57b9010cc6754d3d6eeb\" class=\"product-subsections py-12 md:py-24 on-white\">\r\n  <div class=\"anchor\" id=\"\"><\/div>\r\n      <div class=\"column-main\">\r\n      <div class=\"flex flex-col justify-between md:flex-row gap-4 md:gap-8\">\r\n        <div class=\"hidden md:flex flex-col gap-6\">\r\n          &nbsp; <!-- spacer -->\r\n        <\/div>\r\n\r\n        <div class=\"w-full max-w-[900px] flex flex-col gap-12 md:gap-24\">\r\n          \r\n            \r\n          \r\n                          <div class=\"text-table-group\" id=\"text-table-2-block_44a996cbf1ab57b9010cc6754d3d6eeb\">\r\n                <div class=\"flex flex-col justify-between md:flex-row gap-8\">\r\n                  <div class=\"w-full md:max-w-[300px] flex flex-col gap-6\">\r\n                                          <h2 class=\"body-lg font-bold leading-[1.33em]\"> Material Reihen <\/h2>\r\n                                      <\/div>\r\n                  <div class=\"w-full md:max-w-[558px] flex flex-col\">\r\n                                          <div class=\"prose flex flex-col gap-6\"> <p>Die Stangendichtung der Serie 107 besteht aus hochwertigem Polyurethan. Standardmaterialien sind MP03 bearbeitetes H-PU, erh\u00e4ltlich bis zu einem Durchmesser von 2100 mm, MP50 und MN01 spritzgegossenes TPU. Um einer Vielzahl von Anwendungen gerecht zu werden, ist die Serie auch in NBR, H-NBR, EPDM und hochtemperaturbest\u00e4ndigem FPM erh\u00e4ltlich.  <\/p>\n <\/div>\r\n                                                              <table class=\"table-auto\">\r\n                                                  <tr>\r\n                                                                                          <td class=\"body-lg font-medium leading-[1.33em]\">Polyurethan H-PU<\/td>\r\n                                                              <td class=\"body-lg font-medium leading-[1.33em]\">MP03<\/td>\r\n                                                                                    <\/tr>\r\n                                                  <tr>\r\n                                                                                          <td class=\"body-lg font-medium leading-[1.33em]\">Polyurethan TPU<\/td>\r\n                                                              <td class=\"body-lg font-medium leading-[1.33em]\">MP50<\/td>\r\n                                                                                    <\/tr>\r\n                                              <\/table>\r\n                                      <\/div>\r\n                <\/div>\r\n              <\/div>\r\n\r\n            \r\n          \r\n            \r\n                  <\/div>\r\n\r\n      <\/div>\r\n    <\/div>\r\n  <\/section><section id=\"block_c500e5b2e8f60f75b5583e4293c949a5\" class=\"section-intro py-12 md:py-24 on-white\">\r\n  <div class=\"anchor\" id=\"\"><\/div>\r\n  <div class=\"column-main\">\r\n    <div class=\"w-full flex flex-col justify-between  gap-4 md:flex-row md:gap-8\">\r\n              <div class=\" flex flex-col gap-6\">\r\n                      <p class=\"body-lg font-bold pre-dot\">CAD-Dateien<\/p>\r\n                            <\/div>\r\n            <div class=\"w-full max-w-[900px]\">\r\n        <div class=\"flex flex-col gap-6 \">\r\n                                <div class=\"prose flex flex-col gap-6\">\r\n              <h2>Engineering File Downloads<\/h2>\n<article class=\"text-token-text-primary w-full focus:outline-none [--shadow-height:45px] has-data-writing-block:pointer-events-none has-data-writing-block:-mt-(--shadow-height) has-data-writing-block:pt-(--shadow-height) [&amp;:has([data-writing-block])&gt;*]:pointer-events-auto scroll-mt-[calc(var(--header-height)+min(200px,max(70px,20svh)))]\" dir=\"auto\" tabindex=\"-1\" data-turn-id=\"request-WEB:50330a9f-d040-4b92-b3dd-1e0f93314bb6-2\" data-testid=\"conversation-turn-6\" data-scroll-anchor=\"true\" data-turn=\"assistant\">\n<div class=\"text-base my-auto mx-auto pb-10 [--thread-content-margin:var(--thread-content-margin-xs,calc(var(--spacing)*4))] @w-sm\/main:[--thread-content-margin:var(--thread-content-margin-sm,calc(var(--spacing)*6))] @w-lg\/main:[--thread-content-margin:var(--thread-content-margin-lg,calc(var(--spacing)*16))] px-(--thread-content-margin)\">\n<div class=\"[--thread-content-max-width:40rem] @w-lg\/main:[--thread-content-max-width:48rem] mx-auto max-w-(--thread-content-max-width) flex-1 group\/turn-messages focus-visible:outline-hidden relative flex w-full min-w-0 flex-col agent-turn\" tabindex=\"-1\">\n<div class=\"flex max-w-full flex-col gap-4 grow\">\n<div class=\"min-h-8 text-message relative flex w-full flex-col items-end gap-2 text-start break-words whitespace-normal [.text-message+&amp;]:mt-1\" dir=\"auto\" data-message-author-role=\"assistant\" data-message-id=\"8583149a-868c-4ebb-b202-0ca6884a6d7f\" data-message-model-slug=\"gpt-5-3\">\n<div class=\"flex w-full flex-col gap-1 empty:hidden\">\n<div class=\"markdown prose dark:prose-invert w-full wrap-break-word dark markdown-new-styling\">\n<p data-start=\"0\" data-end=\"304\" data-is-last-node=\"\" data-is-only-node=\"\">Laden Sie CAD-Dateien f\u00fcr unsere Dichtungsl\u00f6sungen herunter, um die Konstruktion und das Produktdesign zu optimieren. Unsere technischen Zeichnungen erm\u00f6glichen es Ingenieuren, Dichtungsgeometrien schnell in ihre Baugruppen zu integrieren. <\/p>\n<\/div>\n<\/div>\n<\/div>\n<\/div>\n<\/div>\n<\/div>\n<div class=\"body-md leading-[1.25em] font-semibold\">CAD-Datei anzeigen<\/div>\n<\/article>\n<div class=\"flex flex-col md:flex-row\" style=\"gap: 64px;\">\n<div class=\"w-full\">\n<ul>\n<li><a href=\"https:\/\/systemseals-embedded.partcommunity.com\/3d-cad-models\/r07-imperial-heavy-duty-rod-u-cup-series-107-imperial-system-seals?info=systemseals%2Fhydraulic_seals%2Frod_seals%2Fr07_i_asmtab.prj&amp;cwid=7537\" target=\"_blank\" rel=\"noopener\">CAD in Imperial<\/a><\/li>\n<li><a href=\"https:\/\/systemseals-embedded.partcommunity.com\/3d-cad-models\/r07-metric-heavy-duty-rod-u-cup-series-107-metric-system-seals?info=systemseals%2Fhydraulic_seals%2Frod_seals%2Fr07_m_asmtab.prj&amp;cwid=5399\" target=\"_blank\" rel=\"noopener\">CAD in Metrisch<\/a><\/li>\n<\/ul>\n<\/div>\n<\/div>\n            <\/div>\r\n                            <\/div>\r\n      <\/div>\r\n          <\/div>\r\n  <\/div>\r\n<\/section><section id=\"block_b3c5b227047de38daabce72b2da845c5\" class=\"section-intro py-12 md:py-24 on-white\">\r\n  <div class=\"anchor\" id=\"\"><\/div>\r\n  <div class=\"column-main\">\r\n    <div class=\"w-full flex flex-col justify-between  gap-4 md:flex-row md:gap-8\">\r\n              <div class=\" flex flex-col gap-6\">\r\n                      <p class=\"body-lg font-bold pre-dot\">Entwickelte Leistung<\/p>\r\n                            <\/div>\r\n            <div class=\"w-full max-w-[900px]\">\r\n        <div class=\"flex flex-col gap-6 \">\r\n                                <div class=\"prose flex flex-col gap-6\">\r\n              <h2>Gebaut f\u00fcr Leistung<\/h2>\n<p>Diese Dichtungsl\u00f6sung wurde f\u00fcr anspruchsvolle Hydraulikumgebungen entwickelt und bietet zuverl\u00e4ssige Leistung unter hohem Druck, in weiten Temperaturbereichen und bei aggressiven Medien &#8211; und hilft so, die Lebensdauer zu verl\u00e4ngern und Ausfallzeiten zu reduzieren.<\/p>\n<div class=\"flex flex-col md:flex-row\" style=\"gap: 64px;\">\n<div class=\"w-full\">\n<div class=\"body-md leading-[1.25em] font-semibold\">Leistungen<\/div>\n<ul>\n<li>Hohe Druckf\u00e4higkeit und gro\u00dfer Temperaturbereich<\/li>\n<li>Ausgezeichnete Fl\u00fcssigkeitsvertr\u00e4glichkeit, einschlie\u00dflich Fl\u00fcssigkeiten auf Wasserbasis (H-PU)<\/li>\n<li>Au\u00dfergew\u00f6hnliche Abriebfestigkeit<\/li>\n<li>Hochgradig extrusionsbest\u00e4ndig<\/li>\n<li>Verf\u00fcgbar in Durchmessern bis zu 2100 mm<\/li>\n<\/ul>\n<\/div>\n<div class=\"w-full\">\n<div class=\"body-md leading-[1.25em] font-semibold\">Anwendungen<\/div>\n<ul>\n<li>Mobilhydraulik<\/li>\n<li>Umbau von Hydraulikzylindern<\/li>\n<li>Landwirtschaftshydraulik<\/li>\n<li>Baumaschinen<\/li>\n<li>Hydraulische Pressen<\/li>\n<li>Spritzgie\u00dfmaschinen<\/li>\n<\/ul>\n<\/div>\n<\/div>\n            <\/div>\r\n                            <\/div>\r\n      <\/div>\r\n          <\/div>\r\n  <\/div>\r\n<\/section><section id=\"block_2a263a37bdf589eadecd059441141766\" class=\"full-width-media \">\r\n  <div class=\"anchor\" id=\"\"><\/div>\r\n      <div class=\"media-wrapper\">\r\n      <img src=\"https:\/\/www.systemseals.com\/wp-content\/uploads\/2026\/02\/product-full-width-1-scaled.png\" alt=\"\" class=\"w-full h-auto block\">\r\n    <\/div>\r\n  <\/section><section id=\"block_c08a702a0d1c882b57ff8e055c71ba93\" class=\"title-on-blue py-24 md:py-[198px] bg-prussian-blue\">\r\n  <div class=\"anchor\" id=\"\"><\/div>\r\n  <div class=\"column-main\">\r\n    <h3 class=\"max-w-[900px] mx-auto text-flash-white text-center\">\r\n        Entwickelt f\u00fcr Flexibilit\u00e4t bei Materialien, Gr\u00f6\u00dfen und Leistungsanforderungen. Standard- und kundenspezifische Durchmesser gew\u00e4hrleisten eine optimale Integration in Ihr System.     <\/h3>\r\n  <\/div>\r\n<\/section>","protected":false},"excerpt":{"rendered":"<p>Serie 107 Der Nutring der Serie 107 ist ideal f\u00fcr Anwendungen, die hohe Dichtkr\u00e4fte erfordern. Diese Dichtung ist in einer breiten Palette von Materialien erh\u00e4ltlich, um Anwendungen abzudecken, bei denen spezielle Fl\u00fcssigkeiten vorhanden sind. Sie wird oft in Verbindung mit einem Anti-Extrusionsring verwendet, insbesondere wenn das Dichtungsmaterial keinen ausreichenden Extrusionswiderstand aufweist. Die Dichtung ist symmetrisch [&hellip;]<\/p>\n","protected":false},"author":3,"featured_media":3613,"template":"","meta":{"_acf_changed":false,"footnotes":""},"product_category":[2],"product_industry":[12,11],"product_material":[],"class_list":["post-3614","product","type-product","status-publish","has-post-thumbnail","hentry","product_category-rod-seals","product_industry-industrial","product_industry-oil-gas"],"acf":[],"yoast_head":"<!-- This site is optimized with the Yoast SEO plugin v27.4 - https:\/\/yoast.com\/product\/yoast-seo-wordpress\/ -->\n<title>107 Stangendichtung U-Cup - symmetrisch - oder belastet - System Seals - Top Manufacturer for Reliable Seals<\/title>\n<meta name=\"robots\" content=\"index, follow, max-snippet:-1, max-image-preview:large, max-video-preview:-1\" \/>\n<link rel=\"canonical\" href=\"https:\/\/www.systemseals.com\/de\/products\/107-stangendichtung-u-cup-symmetrisch-oder-belastet\/\" \/>\n<meta property=\"og:locale\" content=\"de_DE\" \/>\n<meta property=\"og:type\" content=\"article\" \/>\n<meta property=\"og:title\" content=\"107 Stangendichtung U-Cup - symmetrisch - oder belastet - System Seals - Top Manufacturer for Reliable Seals\" \/>\n<meta property=\"og:description\" content=\"Serie 107 Der Nutring der Serie 107 ist ideal f\u00fcr Anwendungen, die hohe Dichtkr\u00e4fte erfordern. Diese Dichtung ist in einer breiten Palette von Materialien erh\u00e4ltlich, um Anwendungen abzudecken, bei denen spezielle Fl\u00fcssigkeiten vorhanden sind. Sie wird oft in Verbindung mit einem Anti-Extrusionsring verwendet, insbesondere wenn das Dichtungsmaterial keinen ausreichenden Extrusionswiderstand aufweist. Die Dichtung ist symmetrisch [&hellip;]\" \/>\n<meta property=\"og:url\" content=\"https:\/\/www.systemseals.com\/de\/products\/107-stangendichtung-u-cup-symmetrisch-oder-belastet\/\" \/>\n<meta property=\"og:site_name\" content=\"System Seals - Top Manufacturer for Reliable Seals\" \/>\n<meta property=\"article:modified_time\" content=\"2026-04-16T13:58:58+00:00\" \/>\n<meta property=\"og:image\" content=\"https:\/\/www.systemseals.com\/wp-content\/uploads\/2026\/02\/F-R07.jpg\" \/>\n\t<meta property=\"og:image:width\" content=\"738\" \/>\n\t<meta property=\"og:image:height\" content=\"840\" \/>\n\t<meta property=\"og:image:type\" content=\"image\/jpeg\" \/>\n<meta name=\"twitter:card\" content=\"summary_large_image\" \/>\n<script type=\"application\/ld+json\" class=\"yoast-schema-graph\">{\"@context\":\"https:\\\/\\\/schema.org\",\"@graph\":[{\"@type\":\"WebPage\",\"@id\":\"https:\\\/\\\/www.systemseals.com\\\/de\\\/products\\\/107-stangendichtung-u-cup-symmetrisch-oder-belastet\\\/\",\"url\":\"https:\\\/\\\/www.systemseals.com\\\/de\\\/products\\\/107-stangendichtung-u-cup-symmetrisch-oder-belastet\\\/\",\"name\":\"107 Stangendichtung U-Cup - symmetrisch - oder belastet - System Seals - Top Manufacturer for Reliable Seals\",\"isPartOf\":{\"@id\":\"https:\\\/\\\/www.systemseals.com\\\/de\\\/#website\"},\"primaryImageOfPage\":{\"@id\":\"https:\\\/\\\/www.systemseals.com\\\/de\\\/products\\\/107-stangendichtung-u-cup-symmetrisch-oder-belastet\\\/#primaryimage\"},\"image\":{\"@id\":\"https:\\\/\\\/www.systemseals.com\\\/de\\\/products\\\/107-stangendichtung-u-cup-symmetrisch-oder-belastet\\\/#primaryimage\"},\"thumbnailUrl\":\"https:\\\/\\\/www.systemseals.com\\\/wp-content\\\/uploads\\\/2026\\\/02\\\/F-R07.jpg\",\"datePublished\":\"2026-02-21T20:37:12+00:00\",\"dateModified\":\"2026-04-16T13:58:58+00:00\",\"breadcrumb\":{\"@id\":\"https:\\\/\\\/www.systemseals.com\\\/de\\\/products\\\/107-stangendichtung-u-cup-symmetrisch-oder-belastet\\\/#breadcrumb\"},\"inLanguage\":\"de\",\"potentialAction\":[{\"@type\":\"ReadAction\",\"target\":[\"https:\\\/\\\/www.systemseals.com\\\/de\\\/products\\\/107-stangendichtung-u-cup-symmetrisch-oder-belastet\\\/\"]}]},{\"@type\":\"ImageObject\",\"inLanguage\":\"de\",\"@id\":\"https:\\\/\\\/www.systemseals.com\\\/de\\\/products\\\/107-stangendichtung-u-cup-symmetrisch-oder-belastet\\\/#primaryimage\",\"url\":\"https:\\\/\\\/www.systemseals.com\\\/wp-content\\\/uploads\\\/2026\\\/02\\\/F-R07.jpg\",\"contentUrl\":\"https:\\\/\\\/www.systemseals.com\\\/wp-content\\\/uploads\\\/2026\\\/02\\\/F-R07.jpg\",\"width\":738,\"height\":840},{\"@type\":\"BreadcrumbList\",\"@id\":\"https:\\\/\\\/www.systemseals.com\\\/de\\\/products\\\/107-stangendichtung-u-cup-symmetrisch-oder-belastet\\\/#breadcrumb\",\"itemListElement\":[{\"@type\":\"ListItem\",\"position\":1,\"name\":\"Home\",\"item\":\"https:\\\/\\\/www.systemseals.com\\\/de\\\/home\\\/\"},{\"@type\":\"ListItem\",\"position\":2,\"name\":\"Products\",\"item\":\"https:\\\/\\\/www.systemseals.com\\\/de\\\/products\\\/\"},{\"@type\":\"ListItem\",\"position\":3,\"name\":\"107 Stangendichtung U-Cup &#8211; symmetrisch &#8211; oder belastet\"}]},{\"@type\":\"WebSite\",\"@id\":\"https:\\\/\\\/www.systemseals.com\\\/de\\\/#website\",\"url\":\"https:\\\/\\\/www.systemseals.com\\\/de\\\/\",\"name\":\"System Seals - Top Manufacturer for Reliable Seals\",\"description\":\"\",\"potentialAction\":[{\"@type\":\"SearchAction\",\"target\":{\"@type\":\"EntryPoint\",\"urlTemplate\":\"https:\\\/\\\/www.systemseals.com\\\/de\\\/?s={search_term_string}\"},\"query-input\":{\"@type\":\"PropertyValueSpecification\",\"valueRequired\":true,\"valueName\":\"search_term_string\"}}],\"inLanguage\":\"de\"}]}<\/script>\n<!-- \/ Yoast SEO plugin. -->","yoast_head_json":{"title":"107 Stangendichtung U-Cup - symmetrisch - oder belastet - System Seals - Top Manufacturer for Reliable Seals","robots":{"index":"index","follow":"follow","max-snippet":"max-snippet:-1","max-image-preview":"max-image-preview:large","max-video-preview":"max-video-preview:-1"},"canonical":"https:\/\/www.systemseals.com\/de\/products\/107-stangendichtung-u-cup-symmetrisch-oder-belastet\/","og_locale":"de_DE","og_type":"article","og_title":"107 Stangendichtung U-Cup - symmetrisch - oder belastet - System Seals - Top Manufacturer for Reliable Seals","og_description":"Serie 107 Der Nutring der Serie 107 ist ideal f\u00fcr Anwendungen, die hohe Dichtkr\u00e4fte erfordern. Diese Dichtung ist in einer breiten Palette von Materialien erh\u00e4ltlich, um Anwendungen abzudecken, bei denen spezielle Fl\u00fcssigkeiten vorhanden sind. Sie wird oft in Verbindung mit einem Anti-Extrusionsring verwendet, insbesondere wenn das Dichtungsmaterial keinen ausreichenden Extrusionswiderstand aufweist. Die Dichtung ist symmetrisch [&hellip;]","og_url":"https:\/\/www.systemseals.com\/de\/products\/107-stangendichtung-u-cup-symmetrisch-oder-belastet\/","og_site_name":"System Seals - Top Manufacturer for Reliable Seals","article_modified_time":"2026-04-16T13:58:58+00:00","og_image":[{"width":738,"height":840,"url":"https:\/\/www.systemseals.com\/wp-content\/uploads\/2026\/02\/F-R07.jpg","type":"image\/jpeg"}],"twitter_card":"summary_large_image","schema":{"@context":"https:\/\/schema.org","@graph":[{"@type":"WebPage","@id":"https:\/\/www.systemseals.com\/de\/products\/107-stangendichtung-u-cup-symmetrisch-oder-belastet\/","url":"https:\/\/www.systemseals.com\/de\/products\/107-stangendichtung-u-cup-symmetrisch-oder-belastet\/","name":"107 Stangendichtung U-Cup - symmetrisch - oder belastet - System Seals - Top Manufacturer for Reliable Seals","isPartOf":{"@id":"https:\/\/www.systemseals.com\/de\/#website"},"primaryImageOfPage":{"@id":"https:\/\/www.systemseals.com\/de\/products\/107-stangendichtung-u-cup-symmetrisch-oder-belastet\/#primaryimage"},"image":{"@id":"https:\/\/www.systemseals.com\/de\/products\/107-stangendichtung-u-cup-symmetrisch-oder-belastet\/#primaryimage"},"thumbnailUrl":"https:\/\/www.systemseals.com\/wp-content\/uploads\/2026\/02\/F-R07.jpg","datePublished":"2026-02-21T20:37:12+00:00","dateModified":"2026-04-16T13:58:58+00:00","breadcrumb":{"@id":"https:\/\/www.systemseals.com\/de\/products\/107-stangendichtung-u-cup-symmetrisch-oder-belastet\/#breadcrumb"},"inLanguage":"de","potentialAction":[{"@type":"ReadAction","target":["https:\/\/www.systemseals.com\/de\/products\/107-stangendichtung-u-cup-symmetrisch-oder-belastet\/"]}]},{"@type":"ImageObject","inLanguage":"de","@id":"https:\/\/www.systemseals.com\/de\/products\/107-stangendichtung-u-cup-symmetrisch-oder-belastet\/#primaryimage","url":"https:\/\/www.systemseals.com\/wp-content\/uploads\/2026\/02\/F-R07.jpg","contentUrl":"https:\/\/www.systemseals.com\/wp-content\/uploads\/2026\/02\/F-R07.jpg","width":738,"height":840},{"@type":"BreadcrumbList","@id":"https:\/\/www.systemseals.com\/de\/products\/107-stangendichtung-u-cup-symmetrisch-oder-belastet\/#breadcrumb","itemListElement":[{"@type":"ListItem","position":1,"name":"Home","item":"https:\/\/www.systemseals.com\/de\/home\/"},{"@type":"ListItem","position":2,"name":"Products","item":"https:\/\/www.systemseals.com\/de\/products\/"},{"@type":"ListItem","position":3,"name":"107 Stangendichtung U-Cup &#8211; symmetrisch &#8211; oder belastet"}]},{"@type":"WebSite","@id":"https:\/\/www.systemseals.com\/de\/#website","url":"https:\/\/www.systemseals.com\/de\/","name":"System Seals - Top Manufacturer for Reliable Seals","description":"","potentialAction":[{"@type":"SearchAction","target":{"@type":"EntryPoint","urlTemplate":"https:\/\/www.systemseals.com\/de\/?s={search_term_string}"},"query-input":{"@type":"PropertyValueSpecification","valueRequired":true,"valueName":"search_term_string"}}],"inLanguage":"de"}]}},"_links":{"self":[{"href":"https:\/\/www.systemseals.com\/de\/wp-json\/wp\/v2\/product\/3614","targetHints":{"allow":["GET"]}}],"collection":[{"href":"https:\/\/www.systemseals.com\/de\/wp-json\/wp\/v2\/product"}],"about":[{"href":"https:\/\/www.systemseals.com\/de\/wp-json\/wp\/v2\/types\/product"}],"author":[{"embeddable":true,"href":"https:\/\/www.systemseals.com\/de\/wp-json\/wp\/v2\/users\/3"}],"version-history":[{"count":3,"href":"https:\/\/www.systemseals.com\/de\/wp-json\/wp\/v2\/product\/3614\/revisions"}],"predecessor-version":[{"id":3859,"href":"https:\/\/www.systemseals.com\/de\/wp-json\/wp\/v2\/product\/3614\/revisions\/3859"}],"wp:featuredmedia":[{"embeddable":true,"href":"https:\/\/www.systemseals.com\/de\/wp-json\/wp\/v2\/media\/3613"}],"wp:attachment":[{"href":"https:\/\/www.systemseals.com\/de\/wp-json\/wp\/v2\/media?parent=3614"}],"wp:term":[{"taxonomy":"product_category","embeddable":true,"href":"https:\/\/www.systemseals.com\/de\/wp-json\/wp\/v2\/product_category?post=3614"},{"taxonomy":"product_industry","embeddable":true,"href":"https:\/\/www.systemseals.com\/de\/wp-json\/wp\/v2\/product_industry?post=3614"},{"taxonomy":"product_material","embeddable":true,"href":"https:\/\/www.systemseals.com\/de\/wp-json\/wp\/v2\/product_material?post=3614"}],"curies":[{"name":"wp","href":"https:\/\/api.w.org\/{rel}","templated":true}]}}