{"id":3608,"date":"2026-02-21T20:51:31","date_gmt":"2026-02-21T20:51:31","guid":{"rendered":"https:\/\/www.systemseals.com\/products\/441-drehbare-dichtung\/"},"modified":"2026-04-16T09:51:53","modified_gmt":"2026-04-16T09:51:53","slug":"441-drehbare-dichtung","status":"publish","type":"product","link":"https:\/\/www.systemseals.com\/de\/products\/441-drehbare-dichtung\/","title":{"rendered":"441 Drehbare Dichtung"},"content":{"rendered":"<section id=\"block_f06f88cc772fd57dbb85c396b63658fd\" class=\"section-intro py-12 md:py-24 on-white\">\r\n  <div class=\"anchor\" id=\"\"><\/div>\r\n  <div class=\"column-main\">\r\n    <div class=\"w-full flex flex-col justify-between  gap-4 md:flex-row md:gap-8\">\r\n              <div class=\" flex flex-col gap-6\">\r\n                      <p class=\"body-lg font-bold pre-dot\">Serie 441<\/p>\r\n                            <\/div>\r\n            <div class=\"w-full max-w-[900px]\">\r\n        <div class=\"flex flex-col gap-6 \">\r\n                                <div class=\"prose flex flex-col gap-6\">\r\n              <h3>Die Rotationsdichtung der Serie 441 ist eine beliebte Dichtung f\u00fcr Anwendungen mit niedrigen bis mittleren Geschwindigkeiten, die maximale Zuverl\u00e4ssigkeit und lange Lebensdauer erfordern. Die einzigartige gekapselte Feder sorgt daf\u00fcr, dass die Feder bei einer Blindinstallation an ihrem Platz bleibt. Der Hauptk\u00f6rper ist stark und dennoch flexibel, um eine einfache Installation und Stabilit\u00e4t in der Nut zu gew\u00e4hrleisten. Die Lippenkraft ist f\u00fcr die gesamte Bandbreite an Gr\u00f6\u00dfen optimiert, indem das Design der internen Feder variiert wird, was eine geringe Reibung und minimalen Verschlei\u00df erm\u00f6glicht.   <\/h3>\n            <\/div>\r\n                            <\/div>\r\n      <\/div>\r\n          <\/div>\r\n  <\/div>\r\n<\/section>\r\n<section id=\"block_2ffe3ccfd706133e2f654f63ab858c8e\" class=\"product-subsections py-12 md:py-24 on-white\">\r\n  <div class=\"anchor\" id=\"\"><\/div>\r\n      <div class=\"column-main\">\r\n      <div class=\"flex flex-col justify-between md:flex-row gap-4 md:gap-8\">\r\n        <div class=\"hidden md:flex flex-col gap-6\">\r\n          &nbsp; <!-- spacer -->\r\n        <\/div>\r\n\r\n        <div class=\"w-full max-w-[900px] flex flex-col gap-12 md:gap-24\">\r\n          \r\n            \r\n          \r\n                          <div class=\"text-table-group\" id=\"text-table-2-block_2ffe3ccfd706133e2f654f63ab858c8e\">\r\n                <div class=\"flex flex-col justify-between md:flex-row gap-8\">\r\n                  <div class=\"w-full md:max-w-[300px] flex flex-col gap-6\">\r\n                                          <h2 class=\"body-lg font-bold leading-[1.33em]\"> Material Reihen <\/h2>\r\n                                      <\/div>\r\n                  <div class=\"w-full md:max-w-[558px] flex flex-col\">\r\n                                          <div class=\"prose flex flex-col gap-6\"> <p>Die Rotationsdichtung der Serie 441 besteht aus hochwertigem Polyurethan.<\/p>\n <\/div>\r\n                                                              <table class=\"table-auto\">\r\n                                                  <tr>\r\n                                                                                          <td class=\"body-lg font-medium leading-[1.33em]\">Polyurethan \/ Sicherungsfeder<\/td>\r\n                                                              <td class=\"body-lg font-medium leading-[1.33em]\">MP94<\/td>\r\n                                                                                    <\/tr>\r\n                                              <\/table>\r\n                                      <\/div>\r\n                <\/div>\r\n              <\/div>\r\n\r\n            \r\n          \r\n            \r\n                  <\/div>\r\n\r\n      <\/div>\r\n    <\/div>\r\n  <\/section><section id=\"block_ca54dae62d85537d2022a57cec7c8114\" class=\"full-width-media \">\r\n  <div class=\"anchor\" id=\"\"><\/div>\r\n      <div class=\"media-wrapper\">\r\n      <img src=\"https:\/\/www.systemseals.com\/wp-content\/uploads\/2026\/02\/product-full-width-1-scaled.png\" alt=\"\" class=\"w-full h-auto block\">\r\n    <\/div>\r\n  <\/section><section id=\"block_fb40d4befbd5d8191463839b79deb4cd\" class=\"title-on-blue py-24 md:py-[198px] bg-prussian-blue\">\r\n  <div class=\"anchor\" id=\"\"><\/div>\r\n  <div class=\"column-main\">\r\n    <h3 class=\"max-w-[900px] mx-auto text-flash-white text-center\">\r\n        Entwickelt f\u00fcr Flexibilit\u00e4t bei Materialien, Gr\u00f6\u00dfen und Leistungsanforderungen. Standard- und kundenspezifische Durchmesser gew\u00e4hrleisten eine optimale Integration in Ihr System.     <\/h3>\r\n  <\/div>\r\n<\/section><section id=\"block_670845bf86c7d0c6f76ba6890a5edc90\" class=\"section-intro py-12 md:py-24 on-white\">\r\n  <div class=\"anchor\" id=\"\"><\/div>\r\n  <div class=\"column-main\">\r\n    <div class=\"w-full flex flex-col justify-between  gap-4 md:flex-row md:gap-8\">\r\n              <div class=\" flex flex-col gap-6\">\r\n                      <p class=\"body-lg font-bold pre-dot\">Engineered Performance<\/p>\r\n                            <\/div>\r\n            <div class=\"w-full max-w-[900px]\">\r\n        <div class=\"flex flex-col gap-6 \">\r\n                                <div class=\"prose flex flex-col gap-6\">\r\n              <h2>Gebaut f\u00fcr Leistung<\/h2>\n<p>Die Rotationsdichtung der Serie 441 wird in industriellen Rotationsanwendungen eingesetzt, die minimalen Verschlei\u00df und lange Lebensdauer erfordern.<\/p>\n<div class=\"flex flex-col md:flex-row\" style=\"gap: 64px;\">\n<div class=\"w-full\">\n<div class=\"body-md leading-[1.25em] font-semibold\">Leistungen<\/div>\n<ul>\n<li>Erh\u00e4ltlich in geteilter Ausf\u00fchrung<\/li>\n<li>Vollst\u00e4ndig gekapselte Federoption<\/li>\n<li>Erstklassige Verschlei\u00dffestigkeit<\/li>\n<li>Geringe Reibung<\/li>\n<li>Empfohlen f\u00fcr Anwendungen mit niedriger bis mittlerer Geschwindigkeit<\/li>\n<li>Einfach zu installieren<\/li>\n<li>Anwendungen mit gro\u00dfem Durchmesser<\/li>\n<\/ul>\n<\/div>\n<div class=\"w-full\">\n<div class=\"body-md leading-[1.25em] font-semibold\">Anwendungen<\/div>\n<ul>\n<li>Windenergie<\/li>\n<li>Hersteller von Gro\u00dfw\u00e4lzlagern<\/li>\n<\/ul>\n<\/div>\n<\/div>\n            <\/div>\r\n                            <\/div>\r\n      <\/div>\r\n          <\/div>\r\n  <\/div>\r\n<\/section><div class=\"default-content container column-main\">\n<p><\/p>\n<\/div>","protected":false},"excerpt":{"rendered":"<p>Serie 441 Die Rotationsdichtung der Serie 441 ist eine beliebte Dichtung f\u00fcr Anwendungen mit niedrigen bis mittleren Geschwindigkeiten, die maximale Zuverl\u00e4ssigkeit und lange Lebensdauer erfordern. Die einzigartige gekapselte Feder sorgt daf\u00fcr, dass die Feder bei einer Blindinstallation an ihrem Platz bleibt. Der Hauptk\u00f6rper ist stark und dennoch flexibel, um eine einfache Installation und Stabilit\u00e4t in [&hellip;]<\/p>\n","protected":false},"author":4,"featured_media":3607,"template":"","meta":{"_acf_changed":false,"footnotes":""},"product_category":[5],"product_industry":[12,11],"product_material":[],"class_list":["post-3608","product","type-product","status-publish","has-post-thumbnail","hentry","product_category-rotary-seals","product_industry-industrial","product_industry-oil-gas"],"acf":[],"yoast_head":"<!-- This site is optimized with the Yoast SEO plugin v27.4 - https:\/\/yoast.com\/product\/yoast-seo-wordpress\/ -->\n<title>441 Drehbare Dichtung - System Seals - Top Manufacturer for Reliable Seals<\/title>\n<meta name=\"robots\" content=\"index, follow, max-snippet:-1, max-image-preview:large, max-video-preview:-1\" \/>\n<link rel=\"canonical\" href=\"https:\/\/www.systemseals.com\/de\/products\/441-drehbare-dichtung\/\" \/>\n<meta property=\"og:locale\" content=\"de_DE\" \/>\n<meta property=\"og:type\" content=\"article\" \/>\n<meta property=\"og:title\" content=\"441 Drehbare Dichtung - System Seals - Top Manufacturer for Reliable Seals\" \/>\n<meta property=\"og:description\" content=\"Serie 441 Die Rotationsdichtung der Serie 441 ist eine beliebte Dichtung f\u00fcr Anwendungen mit niedrigen bis mittleren Geschwindigkeiten, die maximale Zuverl\u00e4ssigkeit und lange Lebensdauer erfordern. Die einzigartige gekapselte Feder sorgt daf\u00fcr, dass die Feder bei einer Blindinstallation an ihrem Platz bleibt. Der Hauptk\u00f6rper ist stark und dennoch flexibel, um eine einfache Installation und Stabilit\u00e4t in [&hellip;]\" \/>\n<meta property=\"og:url\" content=\"https:\/\/www.systemseals.com\/de\/products\/441-drehbare-dichtung\/\" \/>\n<meta property=\"og:site_name\" content=\"System Seals - Top Manufacturer for Reliable Seals\" \/>\n<meta property=\"article:modified_time\" content=\"2026-04-16T09:51:53+00:00\" \/>\n<meta property=\"og:image\" content=\"https:\/\/www.systemseals.com\/wp-content\/uploads\/2026\/02\/F-S41.jpg\" \/>\n\t<meta property=\"og:image:width\" content=\"815\" \/>\n\t<meta property=\"og:image:height\" content=\"849\" \/>\n\t<meta property=\"og:image:type\" content=\"image\/jpeg\" \/>\n<meta name=\"twitter:card\" content=\"summary_large_image\" \/>\n<script type=\"application\/ld+json\" class=\"yoast-schema-graph\">{\"@context\":\"https:\\\/\\\/schema.org\",\"@graph\":[{\"@type\":\"WebPage\",\"@id\":\"https:\\\/\\\/www.systemseals.com\\\/de\\\/products\\\/441-drehbare-dichtung\\\/\",\"url\":\"https:\\\/\\\/www.systemseals.com\\\/de\\\/products\\\/441-drehbare-dichtung\\\/\",\"name\":\"441 Drehbare Dichtung - System Seals - Top Manufacturer for Reliable Seals\",\"isPartOf\":{\"@id\":\"https:\\\/\\\/www.systemseals.com\\\/de\\\/#website\"},\"primaryImageOfPage\":{\"@id\":\"https:\\\/\\\/www.systemseals.com\\\/de\\\/products\\\/441-drehbare-dichtung\\\/#primaryimage\"},\"image\":{\"@id\":\"https:\\\/\\\/www.systemseals.com\\\/de\\\/products\\\/441-drehbare-dichtung\\\/#primaryimage\"},\"thumbnailUrl\":\"https:\\\/\\\/www.systemseals.com\\\/wp-content\\\/uploads\\\/2026\\\/02\\\/F-S41.jpg\",\"datePublished\":\"2026-02-21T20:51:31+00:00\",\"dateModified\":\"2026-04-16T09:51:53+00:00\",\"breadcrumb\":{\"@id\":\"https:\\\/\\\/www.systemseals.com\\\/de\\\/products\\\/441-drehbare-dichtung\\\/#breadcrumb\"},\"inLanguage\":\"de\",\"potentialAction\":[{\"@type\":\"ReadAction\",\"target\":[\"https:\\\/\\\/www.systemseals.com\\\/de\\\/products\\\/441-drehbare-dichtung\\\/\"]}]},{\"@type\":\"ImageObject\",\"inLanguage\":\"de\",\"@id\":\"https:\\\/\\\/www.systemseals.com\\\/de\\\/products\\\/441-drehbare-dichtung\\\/#primaryimage\",\"url\":\"https:\\\/\\\/www.systemseals.com\\\/wp-content\\\/uploads\\\/2026\\\/02\\\/F-S41.jpg\",\"contentUrl\":\"https:\\\/\\\/www.systemseals.com\\\/wp-content\\\/uploads\\\/2026\\\/02\\\/F-S41.jpg\",\"width\":815,\"height\":849},{\"@type\":\"BreadcrumbList\",\"@id\":\"https:\\\/\\\/www.systemseals.com\\\/de\\\/products\\\/441-drehbare-dichtung\\\/#breadcrumb\",\"itemListElement\":[{\"@type\":\"ListItem\",\"position\":1,\"name\":\"Home\",\"item\":\"https:\\\/\\\/www.systemseals.com\\\/de\\\/home\\\/\"},{\"@type\":\"ListItem\",\"position\":2,\"name\":\"Products\",\"item\":\"https:\\\/\\\/www.systemseals.com\\\/de\\\/products\\\/\"},{\"@type\":\"ListItem\",\"position\":3,\"name\":\"441 Drehbare Dichtung\"}]},{\"@type\":\"WebSite\",\"@id\":\"https:\\\/\\\/www.systemseals.com\\\/de\\\/#website\",\"url\":\"https:\\\/\\\/www.systemseals.com\\\/de\\\/\",\"name\":\"System Seals - Top Manufacturer for Reliable Seals\",\"description\":\"\",\"potentialAction\":[{\"@type\":\"SearchAction\",\"target\":{\"@type\":\"EntryPoint\",\"urlTemplate\":\"https:\\\/\\\/www.systemseals.com\\\/de\\\/?s={search_term_string}\"},\"query-input\":{\"@type\":\"PropertyValueSpecification\",\"valueRequired\":true,\"valueName\":\"search_term_string\"}}],\"inLanguage\":\"de\"}]}<\/script>\n<!-- \/ Yoast SEO plugin. -->","yoast_head_json":{"title":"441 Drehbare Dichtung - System Seals - Top Manufacturer for Reliable Seals","robots":{"index":"index","follow":"follow","max-snippet":"max-snippet:-1","max-image-preview":"max-image-preview:large","max-video-preview":"max-video-preview:-1"},"canonical":"https:\/\/www.systemseals.com\/de\/products\/441-drehbare-dichtung\/","og_locale":"de_DE","og_type":"article","og_title":"441 Drehbare Dichtung - System Seals - Top Manufacturer for Reliable Seals","og_description":"Serie 441 Die Rotationsdichtung der Serie 441 ist eine beliebte Dichtung f\u00fcr Anwendungen mit niedrigen bis mittleren Geschwindigkeiten, die maximale Zuverl\u00e4ssigkeit und lange Lebensdauer erfordern. Die einzigartige gekapselte Feder sorgt daf\u00fcr, dass die Feder bei einer Blindinstallation an ihrem Platz bleibt. Der Hauptk\u00f6rper ist stark und dennoch flexibel, um eine einfache Installation und Stabilit\u00e4t in [&hellip;]","og_url":"https:\/\/www.systemseals.com\/de\/products\/441-drehbare-dichtung\/","og_site_name":"System Seals - Top Manufacturer for Reliable Seals","article_modified_time":"2026-04-16T09:51:53+00:00","og_image":[{"width":815,"height":849,"url":"https:\/\/www.systemseals.com\/wp-content\/uploads\/2026\/02\/F-S41.jpg","type":"image\/jpeg"}],"twitter_card":"summary_large_image","schema":{"@context":"https:\/\/schema.org","@graph":[{"@type":"WebPage","@id":"https:\/\/www.systemseals.com\/de\/products\/441-drehbare-dichtung\/","url":"https:\/\/www.systemseals.com\/de\/products\/441-drehbare-dichtung\/","name":"441 Drehbare Dichtung - System Seals - Top Manufacturer for Reliable Seals","isPartOf":{"@id":"https:\/\/www.systemseals.com\/de\/#website"},"primaryImageOfPage":{"@id":"https:\/\/www.systemseals.com\/de\/products\/441-drehbare-dichtung\/#primaryimage"},"image":{"@id":"https:\/\/www.systemseals.com\/de\/products\/441-drehbare-dichtung\/#primaryimage"},"thumbnailUrl":"https:\/\/www.systemseals.com\/wp-content\/uploads\/2026\/02\/F-S41.jpg","datePublished":"2026-02-21T20:51:31+00:00","dateModified":"2026-04-16T09:51:53+00:00","breadcrumb":{"@id":"https:\/\/www.systemseals.com\/de\/products\/441-drehbare-dichtung\/#breadcrumb"},"inLanguage":"de","potentialAction":[{"@type":"ReadAction","target":["https:\/\/www.systemseals.com\/de\/products\/441-drehbare-dichtung\/"]}]},{"@type":"ImageObject","inLanguage":"de","@id":"https:\/\/www.systemseals.com\/de\/products\/441-drehbare-dichtung\/#primaryimage","url":"https:\/\/www.systemseals.com\/wp-content\/uploads\/2026\/02\/F-S41.jpg","contentUrl":"https:\/\/www.systemseals.com\/wp-content\/uploads\/2026\/02\/F-S41.jpg","width":815,"height":849},{"@type":"BreadcrumbList","@id":"https:\/\/www.systemseals.com\/de\/products\/441-drehbare-dichtung\/#breadcrumb","itemListElement":[{"@type":"ListItem","position":1,"name":"Home","item":"https:\/\/www.systemseals.com\/de\/home\/"},{"@type":"ListItem","position":2,"name":"Products","item":"https:\/\/www.systemseals.com\/de\/products\/"},{"@type":"ListItem","position":3,"name":"441 Drehbare Dichtung"}]},{"@type":"WebSite","@id":"https:\/\/www.systemseals.com\/de\/#website","url":"https:\/\/www.systemseals.com\/de\/","name":"System Seals - Top Manufacturer for Reliable Seals","description":"","potentialAction":[{"@type":"SearchAction","target":{"@type":"EntryPoint","urlTemplate":"https:\/\/www.systemseals.com\/de\/?s={search_term_string}"},"query-input":{"@type":"PropertyValueSpecification","valueRequired":true,"valueName":"search_term_string"}}],"inLanguage":"de"}]}},"_links":{"self":[{"href":"https:\/\/www.systemseals.com\/de\/wp-json\/wp\/v2\/product\/3608","targetHints":{"allow":["GET"]}}],"collection":[{"href":"https:\/\/www.systemseals.com\/de\/wp-json\/wp\/v2\/product"}],"about":[{"href":"https:\/\/www.systemseals.com\/de\/wp-json\/wp\/v2\/types\/product"}],"author":[{"embeddable":true,"href":"https:\/\/www.systemseals.com\/de\/wp-json\/wp\/v2\/users\/4"}],"version-history":[{"count":3,"href":"https:\/\/www.systemseals.com\/de\/wp-json\/wp\/v2\/product\/3608\/revisions"}],"predecessor-version":[{"id":3855,"href":"https:\/\/www.systemseals.com\/de\/wp-json\/wp\/v2\/product\/3608\/revisions\/3855"}],"wp:featuredmedia":[{"embeddable":true,"href":"https:\/\/www.systemseals.com\/de\/wp-json\/wp\/v2\/media\/3607"}],"wp:attachment":[{"href":"https:\/\/www.systemseals.com\/de\/wp-json\/wp\/v2\/media?parent=3608"}],"wp:term":[{"taxonomy":"product_category","embeddable":true,"href":"https:\/\/www.systemseals.com\/de\/wp-json\/wp\/v2\/product_category?post=3608"},{"taxonomy":"product_industry","embeddable":true,"href":"https:\/\/www.systemseals.com\/de\/wp-json\/wp\/v2\/product_industry?post=3608"},{"taxonomy":"product_material","embeddable":true,"href":"https:\/\/www.systemseals.com\/de\/wp-json\/wp\/v2\/product_material?post=3608"}],"curies":[{"name":"wp","href":"https:\/\/api.w.org\/{rel}","templated":true}]}}