{"id":3581,"date":"2026-02-21T21:06:54","date_gmt":"2026-02-21T21:06:54","guid":{"rendered":"https:\/\/www.systemseals.com\/products\/421-drehbare-dichtung\/"},"modified":"2026-04-16T09:39:42","modified_gmt":"2026-04-16T09:39:42","slug":"421-drehbare-dichtung","status":"publish","type":"product","link":"https:\/\/www.systemseals.com\/de\/products\/421-drehbare-dichtung\/","title":{"rendered":"421 Drehbare Dichtung"},"content":{"rendered":"<section id=\"block_d89656b40cadafdc0ada969b8f4a59b4\" class=\"section-intro py-12 md:py-24 on-white\">\r\n  <div class=\"anchor\" id=\"\"><\/div>\r\n  <div class=\"column-main\">\r\n    <div class=\"w-full flex flex-col justify-between  gap-4 md:flex-row md:gap-8\">\r\n              <div class=\" flex flex-col gap-6\">\r\n                      <p class=\"body-lg font-bold pre-dot\">Serie 421<\/p>\r\n                            <\/div>\r\n            <div class=\"w-full max-w-[900px]\">\r\n        <div class=\"flex flex-col gap-6 \">\r\n                                <div class=\"prose flex flex-col gap-6\">\r\n              <h3>Die Rotationsdichtung der Serie 421 verf\u00fcgt \u00fcber ein robustes rotierendes Innenlager und dichtet prim\u00e4r gegen Spritzwasser und starke Schmutzkonzentrationen ab. Sie wird h\u00e4ufig an Arbeitswalzen und Walzenzapfenlagern in Stahl- und Aluminiumwerken eingesetzt. Das Design der Dichtlippe ist viel robuster als bei herk\u00f6mmlichen Gleitringdichtungen und bietet maximale Leistung unter rauen Bedingungen.  <\/h3>\n            <\/div>\r\n                            <\/div>\r\n      <\/div>\r\n          <\/div>\r\n  <\/div>\r\n<\/section>\r\n<section id=\"block_98788c93539491a76f2a001b4e5bb5cd\" class=\"product-subsections py-12 md:py-24 on-white\">\r\n  <div class=\"anchor\" id=\"\"><\/div>\r\n      <div class=\"column-main\">\r\n      <div class=\"flex flex-col justify-between md:flex-row gap-4 md:gap-8\">\r\n        <div class=\"hidden md:flex flex-col gap-6\">\r\n          &nbsp; <!-- spacer -->\r\n        <\/div>\r\n\r\n        <div class=\"w-full max-w-[900px] flex flex-col gap-12 md:gap-24\">\r\n          \r\n            \r\n          \r\n                          <div class=\"text-table-group\" id=\"text-table-2-block_98788c93539491a76f2a001b4e5bb5cd\">\r\n                <div class=\"flex flex-col justify-between md:flex-row gap-8\">\r\n                  <div class=\"w-full md:max-w-[300px] flex flex-col gap-6\">\r\n                                          <h2 class=\"body-lg font-bold leading-[1.33em]\"> Material Reihen <\/h2>\r\n                                      <\/div>\r\n                  <div class=\"w-full md:max-w-[558px] flex flex-col\">\r\n                                          <div class=\"prose flex flex-col gap-6\"> <p>Der rotierende Spritzschutz der Serie 421 Mill-Duty besteht aus hochwertigem NBR. Auch erh\u00e4ltlich in HNBR f\u00fcr verbesserte Abriebfestigkeit und FPM-Mischungen f\u00fcr h\u00f6here Temperaturen. <\/p>\n <\/div>\r\n                                                              <table class=\"table-auto\">\r\n                                                  <tr>\r\n                                                                                          <td class=\"body-lg font-medium leading-[1.33em]\">Nitril NBR<\/td>\r\n                                                              <td class=\"body-lg font-medium leading-[1.33em]\">MN01<\/td>\r\n                                                                                    <\/tr>\r\n                                                  <tr>\r\n                                                                                          <td class=\"body-lg font-medium leading-[1.33em]\">Hydrierter HNBR<\/td>\r\n                                                              <td class=\"body-lg font-medium leading-[1.33em]\">MN03<\/td>\r\n                                                                                    <\/tr>\r\n                                                  <tr>\r\n                                                                                          <td class=\"body-lg font-medium leading-[1.33em]\">Fluroelastomer FPM<\/td>\r\n                                                              <td class=\"body-lg font-medium leading-[1.33em]\">MF01<\/td>\r\n                                                                                    <\/tr>\r\n                                              <\/table>\r\n                                      <\/div>\r\n                <\/div>\r\n              <\/div>\r\n\r\n            \r\n          \r\n            \r\n                  <\/div>\r\n\r\n      <\/div>\r\n    <\/div>\r\n  <\/section><section id=\"block_7a105d94114e7c158775710983594dba\" class=\"full-width-media \">\r\n  <div class=\"anchor\" id=\"\"><\/div>\r\n      <div class=\"media-wrapper\">\r\n      <img src=\"https:\/\/www.systemseals.com\/wp-content\/uploads\/2026\/02\/product-full-width-1-scaled.png\" alt=\"\" class=\"w-full h-auto block\">\r\n    <\/div>\r\n  <\/section><section id=\"block_85ed3b7be2baeefdbba8c2e099eb47ad\" class=\"title-on-blue py-24 md:py-[198px] bg-prussian-blue\">\r\n  <div class=\"anchor\" id=\"\"><\/div>\r\n  <div class=\"column-main\">\r\n    <h3 class=\"max-w-[900px] mx-auto text-flash-white text-center\">\r\n        Entwickelt f\u00fcr Flexibilit\u00e4t bei Materialien, Gr\u00f6\u00dfen und Leistungsanforderungen. Standard- und kundenspezifische Durchmesser gew\u00e4hrleisten eine optimale Integration in Ihr System.     <\/h3>\r\n  <\/div>\r\n<\/section><section id=\"block_7f573c5ada20e095bc4fb8a397d8e0d5\" class=\"section-intro py-12 md:py-24 on-white\">\r\n  <div class=\"anchor\" id=\"\"><\/div>\r\n  <div class=\"column-main\">\r\n    <div class=\"w-full flex flex-col justify-between  gap-4 md:flex-row md:gap-8\">\r\n              <div class=\" flex flex-col gap-6\">\r\n                      <p class=\"body-lg font-bold pre-dot\">Engineered Performance<\/p>\r\n                            <\/div>\r\n            <div class=\"w-full max-w-[900px]\">\r\n        <div class=\"flex flex-col gap-6 \">\r\n                                <div class=\"prose flex flex-col gap-6\">\r\n              <h2>Gebaut f\u00fcr Leistung<\/h2>\n<p>Der 421 Mill-Duty Rotary Splash Guard wird in der Regel in Walzwerkbetrieben eingesetzt, um maximalen Schutz vor Spritzwasser und starken Verschmutzungen zu gew\u00e4hrleisten.<\/p>\n<div class=\"flex flex-col md:flex-row\" style=\"gap: 64px;\">\n<div class=\"w-full\">\n<div class=\"body-md leading-[1.25em] font-semibold\">Leistungen<\/div>\n<ul>\n<li>Die Lippenkraft ist f\u00fcr maximalen Ausschluss optimiert<\/li>\n<li>Funktioniert in einem breiten Temperaturbereich<\/li>\n<li>Ausgezeichnete Fl\u00fcssigkeitsvertr\u00e4glichkeit<\/li>\n<li>Au\u00dfergew\u00f6hnliche Abriebfestigkeit<\/li>\n<li>Verf\u00fcgbar in Durchmessern bis zu 2100mm<\/li>\n<\/ul>\n<\/div>\n<div class=\"w-full\">\n<div class=\"body-md leading-[1.25em] font-semibold\">Anwendungen<\/div>\n<ul>\n<li>Stahl- und Aluminiumverarbeitung<\/li>\n<li>Zellstoff und Papier<\/li>\n<li>Pumpen und Getriebek\u00e4sten<\/li>\n<li>Marine<\/li>\n<li>Windenergie<\/li>\n<li>Hersteller von Lagern<\/li>\n<li>\u00d6l und Gas<\/li>\n<\/ul>\n<\/div>\n<\/div>\n            <\/div>\r\n                            <\/div>\r\n      <\/div>\r\n          <\/div>\r\n  <\/div>\r\n<\/section><div class=\"default-content container column-main\">\n<p><\/p>\n<\/div>","protected":false},"excerpt":{"rendered":"<p>Serie 421 Die Rotationsdichtung der Serie 421 verf\u00fcgt \u00fcber ein robustes rotierendes Innenlager und dichtet prim\u00e4r gegen Spritzwasser und starke Schmutzkonzentrationen ab. Sie wird h\u00e4ufig an Arbeitswalzen und Walzenzapfenlagern in Stahl- und Aluminiumwerken eingesetzt. Das Design der Dichtlippe ist viel robuster als bei herk\u00f6mmlichen Gleitringdichtungen und bietet maximale Leistung unter rauen Bedingungen. &nbsp; Material Reihen [&hellip;]<\/p>\n","protected":false},"author":4,"featured_media":3580,"template":"","meta":{"_acf_changed":false,"footnotes":""},"product_category":[5],"product_industry":[12,11],"product_material":[],"class_list":["post-3581","product","type-product","status-publish","has-post-thumbnail","hentry","product_category-rotary-seals","product_industry-industrial","product_industry-oil-gas"],"acf":[],"yoast_head":"<!-- This site is optimized with the Yoast SEO plugin v27.4 - https:\/\/yoast.com\/product\/yoast-seo-wordpress\/ -->\n<title>421 Drehbare Dichtung - System Seals - Top Manufacturer for Reliable Seals<\/title>\n<meta name=\"robots\" content=\"index, follow, max-snippet:-1, max-image-preview:large, max-video-preview:-1\" \/>\n<link rel=\"canonical\" href=\"https:\/\/www.systemseals.com\/de\/products\/421-drehbare-dichtung\/\" \/>\n<meta property=\"og:locale\" content=\"de_DE\" \/>\n<meta property=\"og:type\" content=\"article\" \/>\n<meta property=\"og:title\" content=\"421 Drehbare Dichtung - System Seals - Top Manufacturer for Reliable Seals\" \/>\n<meta property=\"og:description\" content=\"Serie 421 Die Rotationsdichtung der Serie 421 verf\u00fcgt \u00fcber ein robustes rotierendes Innenlager und dichtet prim\u00e4r gegen Spritzwasser und starke Schmutzkonzentrationen ab. Sie wird h\u00e4ufig an Arbeitswalzen und Walzenzapfenlagern in Stahl- und Aluminiumwerken eingesetzt. Das Design der Dichtlippe ist viel robuster als bei herk\u00f6mmlichen Gleitringdichtungen und bietet maximale Leistung unter rauen Bedingungen. &nbsp; Material Reihen [&hellip;]\" \/>\n<meta property=\"og:url\" content=\"https:\/\/www.systemseals.com\/de\/products\/421-drehbare-dichtung\/\" \/>\n<meta property=\"og:site_name\" content=\"System Seals - Top Manufacturer for Reliable Seals\" \/>\n<meta property=\"article:modified_time\" content=\"2026-04-16T09:39:42+00:00\" \/>\n<meta property=\"og:image\" content=\"https:\/\/www.systemseals.com\/wp-content\/uploads\/2026\/02\/FF-S21.jpg\" \/>\n\t<meta property=\"og:image:width\" content=\"707\" \/>\n\t<meta property=\"og:image:height\" content=\"726\" \/>\n\t<meta property=\"og:image:type\" content=\"image\/jpeg\" \/>\n<meta name=\"twitter:card\" content=\"summary_large_image\" \/>\n<script type=\"application\/ld+json\" class=\"yoast-schema-graph\">{\"@context\":\"https:\\\/\\\/schema.org\",\"@graph\":[{\"@type\":\"WebPage\",\"@id\":\"https:\\\/\\\/www.systemseals.com\\\/de\\\/products\\\/421-drehbare-dichtung\\\/\",\"url\":\"https:\\\/\\\/www.systemseals.com\\\/de\\\/products\\\/421-drehbare-dichtung\\\/\",\"name\":\"421 Drehbare Dichtung - System Seals - Top Manufacturer for Reliable Seals\",\"isPartOf\":{\"@id\":\"https:\\\/\\\/www.systemseals.com\\\/de\\\/#website\"},\"primaryImageOfPage\":{\"@id\":\"https:\\\/\\\/www.systemseals.com\\\/de\\\/products\\\/421-drehbare-dichtung\\\/#primaryimage\"},\"image\":{\"@id\":\"https:\\\/\\\/www.systemseals.com\\\/de\\\/products\\\/421-drehbare-dichtung\\\/#primaryimage\"},\"thumbnailUrl\":\"https:\\\/\\\/www.systemseals.com\\\/wp-content\\\/uploads\\\/2026\\\/02\\\/FF-S21.jpg\",\"datePublished\":\"2026-02-21T21:06:54+00:00\",\"dateModified\":\"2026-04-16T09:39:42+00:00\",\"breadcrumb\":{\"@id\":\"https:\\\/\\\/www.systemseals.com\\\/de\\\/products\\\/421-drehbare-dichtung\\\/#breadcrumb\"},\"inLanguage\":\"de\",\"potentialAction\":[{\"@type\":\"ReadAction\",\"target\":[\"https:\\\/\\\/www.systemseals.com\\\/de\\\/products\\\/421-drehbare-dichtung\\\/\"]}]},{\"@type\":\"ImageObject\",\"inLanguage\":\"de\",\"@id\":\"https:\\\/\\\/www.systemseals.com\\\/de\\\/products\\\/421-drehbare-dichtung\\\/#primaryimage\",\"url\":\"https:\\\/\\\/www.systemseals.com\\\/wp-content\\\/uploads\\\/2026\\\/02\\\/FF-S21.jpg\",\"contentUrl\":\"https:\\\/\\\/www.systemseals.com\\\/wp-content\\\/uploads\\\/2026\\\/02\\\/FF-S21.jpg\",\"width\":707,\"height\":726},{\"@type\":\"BreadcrumbList\",\"@id\":\"https:\\\/\\\/www.systemseals.com\\\/de\\\/products\\\/421-drehbare-dichtung\\\/#breadcrumb\",\"itemListElement\":[{\"@type\":\"ListItem\",\"position\":1,\"name\":\"Home\",\"item\":\"https:\\\/\\\/www.systemseals.com\\\/de\\\/home\\\/\"},{\"@type\":\"ListItem\",\"position\":2,\"name\":\"Products\",\"item\":\"https:\\\/\\\/www.systemseals.com\\\/de\\\/products\\\/\"},{\"@type\":\"ListItem\",\"position\":3,\"name\":\"421 Drehbare Dichtung\"}]},{\"@type\":\"WebSite\",\"@id\":\"https:\\\/\\\/www.systemseals.com\\\/de\\\/#website\",\"url\":\"https:\\\/\\\/www.systemseals.com\\\/de\\\/\",\"name\":\"System Seals - Top Manufacturer for Reliable Seals\",\"description\":\"\",\"potentialAction\":[{\"@type\":\"SearchAction\",\"target\":{\"@type\":\"EntryPoint\",\"urlTemplate\":\"https:\\\/\\\/www.systemseals.com\\\/de\\\/?s={search_term_string}\"},\"query-input\":{\"@type\":\"PropertyValueSpecification\",\"valueRequired\":true,\"valueName\":\"search_term_string\"}}],\"inLanguage\":\"de\"}]}<\/script>\n<!-- \/ Yoast SEO plugin. -->","yoast_head_json":{"title":"421 Drehbare Dichtung - System Seals - Top Manufacturer for Reliable Seals","robots":{"index":"index","follow":"follow","max-snippet":"max-snippet:-1","max-image-preview":"max-image-preview:large","max-video-preview":"max-video-preview:-1"},"canonical":"https:\/\/www.systemseals.com\/de\/products\/421-drehbare-dichtung\/","og_locale":"de_DE","og_type":"article","og_title":"421 Drehbare Dichtung - System Seals - Top Manufacturer for Reliable Seals","og_description":"Serie 421 Die Rotationsdichtung der Serie 421 verf\u00fcgt \u00fcber ein robustes rotierendes Innenlager und dichtet prim\u00e4r gegen Spritzwasser und starke Schmutzkonzentrationen ab. Sie wird h\u00e4ufig an Arbeitswalzen und Walzenzapfenlagern in Stahl- und Aluminiumwerken eingesetzt. Das Design der Dichtlippe ist viel robuster als bei herk\u00f6mmlichen Gleitringdichtungen und bietet maximale Leistung unter rauen Bedingungen. &nbsp; Material Reihen [&hellip;]","og_url":"https:\/\/www.systemseals.com\/de\/products\/421-drehbare-dichtung\/","og_site_name":"System Seals - Top Manufacturer for Reliable Seals","article_modified_time":"2026-04-16T09:39:42+00:00","og_image":[{"width":707,"height":726,"url":"https:\/\/www.systemseals.com\/wp-content\/uploads\/2026\/02\/FF-S21.jpg","type":"image\/jpeg"}],"twitter_card":"summary_large_image","schema":{"@context":"https:\/\/schema.org","@graph":[{"@type":"WebPage","@id":"https:\/\/www.systemseals.com\/de\/products\/421-drehbare-dichtung\/","url":"https:\/\/www.systemseals.com\/de\/products\/421-drehbare-dichtung\/","name":"421 Drehbare Dichtung - System Seals - Top Manufacturer for Reliable Seals","isPartOf":{"@id":"https:\/\/www.systemseals.com\/de\/#website"},"primaryImageOfPage":{"@id":"https:\/\/www.systemseals.com\/de\/products\/421-drehbare-dichtung\/#primaryimage"},"image":{"@id":"https:\/\/www.systemseals.com\/de\/products\/421-drehbare-dichtung\/#primaryimage"},"thumbnailUrl":"https:\/\/www.systemseals.com\/wp-content\/uploads\/2026\/02\/FF-S21.jpg","datePublished":"2026-02-21T21:06:54+00:00","dateModified":"2026-04-16T09:39:42+00:00","breadcrumb":{"@id":"https:\/\/www.systemseals.com\/de\/products\/421-drehbare-dichtung\/#breadcrumb"},"inLanguage":"de","potentialAction":[{"@type":"ReadAction","target":["https:\/\/www.systemseals.com\/de\/products\/421-drehbare-dichtung\/"]}]},{"@type":"ImageObject","inLanguage":"de","@id":"https:\/\/www.systemseals.com\/de\/products\/421-drehbare-dichtung\/#primaryimage","url":"https:\/\/www.systemseals.com\/wp-content\/uploads\/2026\/02\/FF-S21.jpg","contentUrl":"https:\/\/www.systemseals.com\/wp-content\/uploads\/2026\/02\/FF-S21.jpg","width":707,"height":726},{"@type":"BreadcrumbList","@id":"https:\/\/www.systemseals.com\/de\/products\/421-drehbare-dichtung\/#breadcrumb","itemListElement":[{"@type":"ListItem","position":1,"name":"Home","item":"https:\/\/www.systemseals.com\/de\/home\/"},{"@type":"ListItem","position":2,"name":"Products","item":"https:\/\/www.systemseals.com\/de\/products\/"},{"@type":"ListItem","position":3,"name":"421 Drehbare Dichtung"}]},{"@type":"WebSite","@id":"https:\/\/www.systemseals.com\/de\/#website","url":"https:\/\/www.systemseals.com\/de\/","name":"System Seals - Top Manufacturer for Reliable Seals","description":"","potentialAction":[{"@type":"SearchAction","target":{"@type":"EntryPoint","urlTemplate":"https:\/\/www.systemseals.com\/de\/?s={search_term_string}"},"query-input":{"@type":"PropertyValueSpecification","valueRequired":true,"valueName":"search_term_string"}}],"inLanguage":"de"}]}},"_links":{"self":[{"href":"https:\/\/www.systemseals.com\/de\/wp-json\/wp\/v2\/product\/3581","targetHints":{"allow":["GET"]}}],"collection":[{"href":"https:\/\/www.systemseals.com\/de\/wp-json\/wp\/v2\/product"}],"about":[{"href":"https:\/\/www.systemseals.com\/de\/wp-json\/wp\/v2\/types\/product"}],"author":[{"embeddable":true,"href":"https:\/\/www.systemseals.com\/de\/wp-json\/wp\/v2\/users\/4"}],"version-history":[{"count":3,"href":"https:\/\/www.systemseals.com\/de\/wp-json\/wp\/v2\/product\/3581\/revisions"}],"predecessor-version":[{"id":3847,"href":"https:\/\/www.systemseals.com\/de\/wp-json\/wp\/v2\/product\/3581\/revisions\/3847"}],"wp:featuredmedia":[{"embeddable":true,"href":"https:\/\/www.systemseals.com\/de\/wp-json\/wp\/v2\/media\/3580"}],"wp:attachment":[{"href":"https:\/\/www.systemseals.com\/de\/wp-json\/wp\/v2\/media?parent=3581"}],"wp:term":[{"taxonomy":"product_category","embeddable":true,"href":"https:\/\/www.systemseals.com\/de\/wp-json\/wp\/v2\/product_category?post=3581"},{"taxonomy":"product_industry","embeddable":true,"href":"https:\/\/www.systemseals.com\/de\/wp-json\/wp\/v2\/product_industry?post=3581"},{"taxonomy":"product_material","embeddable":true,"href":"https:\/\/www.systemseals.com\/de\/wp-json\/wp\/v2\/product_material?post=3581"}],"curies":[{"name":"wp","href":"https:\/\/api.w.org\/{rel}","templated":true}]}}