{"id":3548,"date":"2026-02-21T21:35:09","date_gmt":"2026-02-21T21:35:09","guid":{"rendered":"https:\/\/www.systemseals.com\/products\/409-rotationsdichtung-id-kompression\/"},"modified":"2026-04-16T09:21:45","modified_gmt":"2026-04-16T09:21:45","slug":"409-rotationsdichtung-id-kompression","status":"publish","type":"product","link":"https:\/\/www.systemseals.com\/de\/products\/409-rotationsdichtung-id-kompression\/","title":{"rendered":"409 Rotationsdichtung &#8211; ID &#8211; Kompression"},"content":{"rendered":"<section id=\"block_7b539d38f6473d481d316423cd2889cf\" class=\"section-intro py-12 md:py-24 on-white\">\r\n  <div class=\"anchor\" id=\"\"><\/div>\r\n  <div class=\"column-main\">\r\n    <div class=\"w-full flex flex-col justify-between  gap-4 md:flex-row md:gap-8\">\r\n              <div class=\" flex flex-col gap-6\">\r\n                      <p class=\"body-lg font-bold pre-dot\">Serie 409<\/p>\r\n                            <\/div>\r\n            <div class=\"w-full max-w-[900px]\">\r\n        <div class=\"flex flex-col gap-6 \">\r\n                                <div class=\"prose flex flex-col gap-6\">\r\n              <h3>Die Dichtung der Serie 409 ist ein robustes Profil, das sowohl f\u00fcr rotierende als auch f\u00fcr reziproke Anwendungen geeignet ist. F\u00fcr den Einsatz unter hohem Druck kann die Serie 409 mit einem Back-up-Ring kombiniert werden <\/h3>\n            <\/div>\r\n                            <\/div>\r\n      <\/div>\r\n          <\/div>\r\n  <\/div>\r\n<\/section>\r\n<section id=\"block_04b9a8bac6a80895822a9934c2e2e0e1\" class=\"product-subsections py-12 md:py-24 on-white\">\r\n  <div class=\"anchor\" id=\"\"><\/div>\r\n      <div class=\"column-main\">\r\n      <div class=\"flex flex-col justify-between md:flex-row gap-4 md:gap-8\">\r\n        <div class=\"hidden md:flex flex-col gap-6\">\r\n          &nbsp; <!-- spacer -->\r\n        <\/div>\r\n\r\n        <div class=\"w-full max-w-[900px] flex flex-col gap-12 md:gap-24\">\r\n          \r\n            \r\n          \r\n                          <div class=\"text-table-group\" id=\"text-table-2-block_04b9a8bac6a80895822a9934c2e2e0e1\">\r\n                <div class=\"flex flex-col justify-between md:flex-row gap-8\">\r\n                  <div class=\"w-full md:max-w-[300px] flex flex-col gap-6\">\r\n                                          <h2 class=\"body-lg font-bold leading-[1.33em]\"> Material Reihen <\/h2>\r\n                                      <\/div>\r\n                  <div class=\"w-full md:max-w-[558px] flex flex-col\">\r\n                                          <div class=\"prose flex flex-col gap-6\"> <p>Die dynamische Dichtung der Serie 409 besteht aus hochwertigem Polyurethan. Das Standardmaterial ist MP03 bearbeitetes H-PU, das bis zu einem Durchmesser von 3000 mm erh\u00e4ltlich ist. Um einer Vielzahl von Anwendungen gerecht zu werden, ist die Serie auch in NBR, HNBR, EPDM und hochtemperaturbest\u00e4ndigem FPM erh\u00e4ltlich.  <\/p>\n <\/div>\r\n                                                              <table class=\"table-auto\">\r\n                                                  <tr>\r\n                                                                                          <td class=\"body-lg font-medium leading-[1.33em]\">Polyurethan H-PU<\/td>\r\n                                                              <td class=\"body-lg font-medium leading-[1.33em]\">MP03<\/td>\r\n                                                                                    <\/tr>\r\n                                                  <tr>\r\n                                                                                          <td class=\"body-lg font-medium leading-[1.33em]\">Hydriertes NBR<\/td>\r\n                                                              <td class=\"body-lg font-medium leading-[1.33em]\">MN03<\/td>\r\n                                                                                    <\/tr>\r\n                                                  <tr>\r\n                                                                                          <td class=\"body-lg font-medium leading-[1.33em]\">Fluroelastomer FPM<\/td>\r\n                                                              <td class=\"body-lg font-medium leading-[1.33em]\">MF01<\/td>\r\n                                                                                    <\/tr>\r\n                                                  <tr>\r\n                                                                                          <td class=\"body-lg font-medium leading-[1.33em]\">Nitril NBR<\/td>\r\n                                                              <td class=\"body-lg font-medium leading-[1.33em]\">MN01<\/td>\r\n                                                                                    <\/tr>\r\n                                              <\/table>\r\n                                      <\/div>\r\n                <\/div>\r\n              <\/div>\r\n\r\n            \r\n          \r\n            \r\n                  <\/div>\r\n\r\n      <\/div>\r\n    <\/div>\r\n  <\/section><section id=\"block_d6bea2e2797267d6f187b8c8b9f36e77\" class=\"full-width-media \">\r\n  <div class=\"anchor\" id=\"\"><\/div>\r\n      <div class=\"media-wrapper\">\r\n      <img src=\"https:\/\/www.systemseals.com\/wp-content\/uploads\/2026\/02\/product-full-width-1-scaled.png\" alt=\"\" class=\"w-full h-auto block\">\r\n    <\/div>\r\n  <\/section><section id=\"block_df8c5e2a79f1839c02120e1928a85a94\" class=\"title-on-blue py-24 md:py-[198px] bg-prussian-blue\">\r\n  <div class=\"anchor\" id=\"\"><\/div>\r\n  <div class=\"column-main\">\r\n    <h3 class=\"max-w-[900px] mx-auto text-flash-white text-center\">\r\n        Entwickelt f\u00fcr Flexibilit\u00e4t bei Materialien, Gr\u00f6\u00dfen und Leistungsanforderungen. Standard- und kundenspezifische Durchmesser gew\u00e4hrleisten eine optimale Integration in Ihr System.     <\/h3>\r\n  <\/div>\r\n<\/section><section id=\"block_88638f99843bc12996da73a2a50d1438\" class=\"section-intro py-12 md:py-24 on-white\">\r\n  <div class=\"anchor\" id=\"\"><\/div>\r\n  <div class=\"column-main\">\r\n    <div class=\"w-full flex flex-col justify-between  gap-4 md:flex-row md:gap-8\">\r\n              <div class=\" flex flex-col gap-6\">\r\n                      <p class=\"body-lg font-bold pre-dot\">Engineered Performance<\/p>\r\n                            <\/div>\r\n            <div class=\"w-full max-w-[900px]\">\r\n        <div class=\"flex flex-col gap-6 \">\r\n                                <div class=\"prose flex flex-col gap-6\">\r\n              <h2>Gebaut f\u00fcr Leistung<\/h2>\n<p>Die Serie 409 ist f\u00fcr rotierende und Hubbewegungen geeignet.<\/p>\n<div class=\"flex flex-col md:flex-row\" style=\"gap: 64px;\">\n<div class=\"w-full\">\n<div class=\"body-md leading-[1.25em] font-semibold\">Leistungen<\/div>\n<ul>\n<li>Ersetzt Standard-O-Ringe<\/li>\n<li>Lange Lebensdauer durch robustes Design<\/li>\n<li>Rollt nicht w\u00e4hrend der Installation<\/li>\n<li>Verf\u00fcgbar in z\u00f6lligen oder metrischen Gr\u00f6\u00dfen<\/li>\n<li>H\u00f6here Siegelkraft aufgrund des Siegeldesigns<\/li>\n<li>Einfache Installation<\/li>\n<li>Kann vorhandene O-Ring-Nuten nachr\u00fcsten<\/li>\n<\/ul>\n<\/div>\n<div class=\"w-full\">\n<div class=\"body-md leading-[1.25em] font-semibold\">Anwendungen<\/div>\n<ul>\n<li>Stahl- und Aluminiumverarbeitung<\/li>\n<li>Hydraulikzylinder<\/li>\n<li>Marine<\/li>\n<li>Spritzgie\u00dfmaschinen<\/li>\n<li>\u00d6l und Gas<\/li>\n<li>Werkzeugmaschine<\/li>\n<\/ul>\n<\/div>\n<\/div>\n            <\/div>\r\n                            <\/div>\r\n      <\/div>\r\n          <\/div>\r\n  <\/div>\r\n<\/section><div class=\"default-content container column-main\">\n<p><\/p>\n<\/div>","protected":false},"excerpt":{"rendered":"<p>Serie 409 Die Dichtung der Serie 409 ist ein robustes Profil, das sowohl f\u00fcr rotierende als auch f\u00fcr reziproke Anwendungen geeignet ist. F\u00fcr den Einsatz unter hohem Druck kann die Serie 409 mit einem Back-up-Ring kombiniert werden &nbsp; Material Reihen Die dynamische Dichtung der Serie 409 besteht aus hochwertigem Polyurethan. Das Standardmaterial ist MP03 bearbeitetes [&hellip;]<\/p>\n","protected":false},"author":4,"featured_media":3547,"template":"","meta":{"_acf_changed":false,"footnotes":""},"product_category":[5],"product_industry":[12,11],"product_material":[],"class_list":["post-3548","product","type-product","status-publish","has-post-thumbnail","hentry","product_category-rotary-seals","product_industry-industrial","product_industry-oil-gas"],"acf":[],"yoast_head":"<!-- This site is optimized with the Yoast SEO plugin v27.4 - https:\/\/yoast.com\/product\/yoast-seo-wordpress\/ -->\n<title>409 Rotationsdichtung - ID - Kompression - System Seals - Top Manufacturer for Reliable Seals<\/title>\n<meta name=\"robots\" content=\"index, follow, max-snippet:-1, max-image-preview:large, max-video-preview:-1\" \/>\n<link rel=\"canonical\" href=\"https:\/\/www.systemseals.com\/de\/products\/409-rotationsdichtung-id-kompression\/\" \/>\n<meta property=\"og:locale\" content=\"de_DE\" \/>\n<meta property=\"og:type\" content=\"article\" \/>\n<meta property=\"og:title\" content=\"409 Rotationsdichtung - ID - Kompression - System Seals - Top Manufacturer for Reliable Seals\" \/>\n<meta property=\"og:description\" content=\"Serie 409 Die Dichtung der Serie 409 ist ein robustes Profil, das sowohl f\u00fcr rotierende als auch f\u00fcr reziproke Anwendungen geeignet ist. F\u00fcr den Einsatz unter hohem Druck kann die Serie 409 mit einem Back-up-Ring kombiniert werden &nbsp; Material Reihen Die dynamische Dichtung der Serie 409 besteht aus hochwertigem Polyurethan. Das Standardmaterial ist MP03 bearbeitetes [&hellip;]\" \/>\n<meta property=\"og:url\" content=\"https:\/\/www.systemseals.com\/de\/products\/409-rotationsdichtung-id-kompression\/\" \/>\n<meta property=\"og:site_name\" content=\"System Seals - Top Manufacturer for Reliable Seals\" \/>\n<meta property=\"article:modified_time\" content=\"2026-04-16T09:21:45+00:00\" \/>\n<meta property=\"og:image\" content=\"https:\/\/www.systemseals.com\/wp-content\/uploads\/2026\/02\/F-S09.jpg\" \/>\n\t<meta property=\"og:image:width\" content=\"818\" \/>\n\t<meta property=\"og:image:height\" content=\"864\" \/>\n\t<meta property=\"og:image:type\" content=\"image\/jpeg\" \/>\n<meta name=\"twitter:card\" content=\"summary_large_image\" \/>\n<script type=\"application\/ld+json\" class=\"yoast-schema-graph\">{\"@context\":\"https:\\\/\\\/schema.org\",\"@graph\":[{\"@type\":\"WebPage\",\"@id\":\"https:\\\/\\\/www.systemseals.com\\\/de\\\/products\\\/409-rotationsdichtung-id-kompression\\\/\",\"url\":\"https:\\\/\\\/www.systemseals.com\\\/de\\\/products\\\/409-rotationsdichtung-id-kompression\\\/\",\"name\":\"409 Rotationsdichtung - ID - Kompression - System Seals - Top Manufacturer for Reliable Seals\",\"isPartOf\":{\"@id\":\"https:\\\/\\\/www.systemseals.com\\\/de\\\/#website\"},\"primaryImageOfPage\":{\"@id\":\"https:\\\/\\\/www.systemseals.com\\\/de\\\/products\\\/409-rotationsdichtung-id-kompression\\\/#primaryimage\"},\"image\":{\"@id\":\"https:\\\/\\\/www.systemseals.com\\\/de\\\/products\\\/409-rotationsdichtung-id-kompression\\\/#primaryimage\"},\"thumbnailUrl\":\"https:\\\/\\\/www.systemseals.com\\\/wp-content\\\/uploads\\\/2026\\\/02\\\/F-S09.jpg\",\"datePublished\":\"2026-02-21T21:35:09+00:00\",\"dateModified\":\"2026-04-16T09:21:45+00:00\",\"breadcrumb\":{\"@id\":\"https:\\\/\\\/www.systemseals.com\\\/de\\\/products\\\/409-rotationsdichtung-id-kompression\\\/#breadcrumb\"},\"inLanguage\":\"de\",\"potentialAction\":[{\"@type\":\"ReadAction\",\"target\":[\"https:\\\/\\\/www.systemseals.com\\\/de\\\/products\\\/409-rotationsdichtung-id-kompression\\\/\"]}]},{\"@type\":\"ImageObject\",\"inLanguage\":\"de\",\"@id\":\"https:\\\/\\\/www.systemseals.com\\\/de\\\/products\\\/409-rotationsdichtung-id-kompression\\\/#primaryimage\",\"url\":\"https:\\\/\\\/www.systemseals.com\\\/wp-content\\\/uploads\\\/2026\\\/02\\\/F-S09.jpg\",\"contentUrl\":\"https:\\\/\\\/www.systemseals.com\\\/wp-content\\\/uploads\\\/2026\\\/02\\\/F-S09.jpg\",\"width\":818,\"height\":864},{\"@type\":\"BreadcrumbList\",\"@id\":\"https:\\\/\\\/www.systemseals.com\\\/de\\\/products\\\/409-rotationsdichtung-id-kompression\\\/#breadcrumb\",\"itemListElement\":[{\"@type\":\"ListItem\",\"position\":1,\"name\":\"Home\",\"item\":\"https:\\\/\\\/www.systemseals.com\\\/de\\\/home\\\/\"},{\"@type\":\"ListItem\",\"position\":2,\"name\":\"Products\",\"item\":\"https:\\\/\\\/www.systemseals.com\\\/de\\\/products\\\/\"},{\"@type\":\"ListItem\",\"position\":3,\"name\":\"409 Rotationsdichtung &#8211; ID &#8211; Kompression\"}]},{\"@type\":\"WebSite\",\"@id\":\"https:\\\/\\\/www.systemseals.com\\\/de\\\/#website\",\"url\":\"https:\\\/\\\/www.systemseals.com\\\/de\\\/\",\"name\":\"System Seals - Top Manufacturer for Reliable Seals\",\"description\":\"\",\"potentialAction\":[{\"@type\":\"SearchAction\",\"target\":{\"@type\":\"EntryPoint\",\"urlTemplate\":\"https:\\\/\\\/www.systemseals.com\\\/de\\\/?s={search_term_string}\"},\"query-input\":{\"@type\":\"PropertyValueSpecification\",\"valueRequired\":true,\"valueName\":\"search_term_string\"}}],\"inLanguage\":\"de\"}]}<\/script>\n<!-- \/ Yoast SEO plugin. -->","yoast_head_json":{"title":"409 Rotationsdichtung - ID - Kompression - System Seals - Top Manufacturer for Reliable Seals","robots":{"index":"index","follow":"follow","max-snippet":"max-snippet:-1","max-image-preview":"max-image-preview:large","max-video-preview":"max-video-preview:-1"},"canonical":"https:\/\/www.systemseals.com\/de\/products\/409-rotationsdichtung-id-kompression\/","og_locale":"de_DE","og_type":"article","og_title":"409 Rotationsdichtung - ID - Kompression - System Seals - Top Manufacturer for Reliable Seals","og_description":"Serie 409 Die Dichtung der Serie 409 ist ein robustes Profil, das sowohl f\u00fcr rotierende als auch f\u00fcr reziproke Anwendungen geeignet ist. F\u00fcr den Einsatz unter hohem Druck kann die Serie 409 mit einem Back-up-Ring kombiniert werden &nbsp; Material Reihen Die dynamische Dichtung der Serie 409 besteht aus hochwertigem Polyurethan. Das Standardmaterial ist MP03 bearbeitetes [&hellip;]","og_url":"https:\/\/www.systemseals.com\/de\/products\/409-rotationsdichtung-id-kompression\/","og_site_name":"System Seals - Top Manufacturer for Reliable Seals","article_modified_time":"2026-04-16T09:21:45+00:00","og_image":[{"width":818,"height":864,"url":"https:\/\/www.systemseals.com\/wp-content\/uploads\/2026\/02\/F-S09.jpg","type":"image\/jpeg"}],"twitter_card":"summary_large_image","schema":{"@context":"https:\/\/schema.org","@graph":[{"@type":"WebPage","@id":"https:\/\/www.systemseals.com\/de\/products\/409-rotationsdichtung-id-kompression\/","url":"https:\/\/www.systemseals.com\/de\/products\/409-rotationsdichtung-id-kompression\/","name":"409 Rotationsdichtung - ID - Kompression - System Seals - Top Manufacturer for Reliable Seals","isPartOf":{"@id":"https:\/\/www.systemseals.com\/de\/#website"},"primaryImageOfPage":{"@id":"https:\/\/www.systemseals.com\/de\/products\/409-rotationsdichtung-id-kompression\/#primaryimage"},"image":{"@id":"https:\/\/www.systemseals.com\/de\/products\/409-rotationsdichtung-id-kompression\/#primaryimage"},"thumbnailUrl":"https:\/\/www.systemseals.com\/wp-content\/uploads\/2026\/02\/F-S09.jpg","datePublished":"2026-02-21T21:35:09+00:00","dateModified":"2026-04-16T09:21:45+00:00","breadcrumb":{"@id":"https:\/\/www.systemseals.com\/de\/products\/409-rotationsdichtung-id-kompression\/#breadcrumb"},"inLanguage":"de","potentialAction":[{"@type":"ReadAction","target":["https:\/\/www.systemseals.com\/de\/products\/409-rotationsdichtung-id-kompression\/"]}]},{"@type":"ImageObject","inLanguage":"de","@id":"https:\/\/www.systemseals.com\/de\/products\/409-rotationsdichtung-id-kompression\/#primaryimage","url":"https:\/\/www.systemseals.com\/wp-content\/uploads\/2026\/02\/F-S09.jpg","contentUrl":"https:\/\/www.systemseals.com\/wp-content\/uploads\/2026\/02\/F-S09.jpg","width":818,"height":864},{"@type":"BreadcrumbList","@id":"https:\/\/www.systemseals.com\/de\/products\/409-rotationsdichtung-id-kompression\/#breadcrumb","itemListElement":[{"@type":"ListItem","position":1,"name":"Home","item":"https:\/\/www.systemseals.com\/de\/home\/"},{"@type":"ListItem","position":2,"name":"Products","item":"https:\/\/www.systemseals.com\/de\/products\/"},{"@type":"ListItem","position":3,"name":"409 Rotationsdichtung &#8211; ID &#8211; Kompression"}]},{"@type":"WebSite","@id":"https:\/\/www.systemseals.com\/de\/#website","url":"https:\/\/www.systemseals.com\/de\/","name":"System Seals - Top Manufacturer for Reliable Seals","description":"","potentialAction":[{"@type":"SearchAction","target":{"@type":"EntryPoint","urlTemplate":"https:\/\/www.systemseals.com\/de\/?s={search_term_string}"},"query-input":{"@type":"PropertyValueSpecification","valueRequired":true,"valueName":"search_term_string"}}],"inLanguage":"de"}]}},"_links":{"self":[{"href":"https:\/\/www.systemseals.com\/de\/wp-json\/wp\/v2\/product\/3548","targetHints":{"allow":["GET"]}}],"collection":[{"href":"https:\/\/www.systemseals.com\/de\/wp-json\/wp\/v2\/product"}],"about":[{"href":"https:\/\/www.systemseals.com\/de\/wp-json\/wp\/v2\/types\/product"}],"author":[{"embeddable":true,"href":"https:\/\/www.systemseals.com\/de\/wp-json\/wp\/v2\/users\/4"}],"version-history":[{"count":3,"href":"https:\/\/www.systemseals.com\/de\/wp-json\/wp\/v2\/product\/3548\/revisions"}],"predecessor-version":[{"id":3839,"href":"https:\/\/www.systemseals.com\/de\/wp-json\/wp\/v2\/product\/3548\/revisions\/3839"}],"wp:featuredmedia":[{"embeddable":true,"href":"https:\/\/www.systemseals.com\/de\/wp-json\/wp\/v2\/media\/3547"}],"wp:attachment":[{"href":"https:\/\/www.systemseals.com\/de\/wp-json\/wp\/v2\/media?parent=3548"}],"wp:term":[{"taxonomy":"product_category","embeddable":true,"href":"https:\/\/www.systemseals.com\/de\/wp-json\/wp\/v2\/product_category?post=3548"},{"taxonomy":"product_industry","embeddable":true,"href":"https:\/\/www.systemseals.com\/de\/wp-json\/wp\/v2\/product_industry?post=3548"},{"taxonomy":"product_material","embeddable":true,"href":"https:\/\/www.systemseals.com\/de\/wp-json\/wp\/v2\/product_material?post=3548"}],"curies":[{"name":"wp","href":"https:\/\/api.w.org\/{rel}","templated":true}]}}