{"id":3533,"date":"2026-02-21T21:46:57","date_gmt":"2026-02-21T21:46:57","guid":{"rendered":"https:\/\/www.systemseals.com\/products\/324-schmutzabstreifer-abgeschraegte-lippe-geschlitzte-ferse\/"},"modified":"2026-04-16T09:13:59","modified_gmt":"2026-04-16T09:13:59","slug":"324-schmutzabstreifer-abgeschraegte-lippe-geschlitzte-ferse","status":"publish","type":"product","link":"https:\/\/www.systemseals.com\/de\/products\/324-schmutzabstreifer-abgeschraegte-lippe-geschlitzte-ferse\/","title":{"rendered":"324 Schmutzabstreifer &#8211; abgeschr\u00e4gte Lippe &#8211; geschlitzte Ferse"},"content":{"rendered":"<section id=\"block_7c2e45d1c4326f59c274715e23747844\" class=\"section-intro py-12 md:py-24 on-white\">\r\n  <div class=\"anchor\" id=\"\"><\/div>\r\n  <div class=\"column-main\">\r\n    <div class=\"w-full flex flex-col justify-between  gap-4 md:flex-row md:gap-8\">\r\n              <div class=\"w-full flex flex-col gap-6\">\r\n                      <p class=\"body-lg font-bold pre-dot\">Serie 324<\/p>\r\n                            <\/div>\r\n            <div class=\"w-full max-w-[560px] flex-shrink-0\">\r\n        <div class=\"flex flex-col gap-6 \">\r\n                                <div class=\"prose flex flex-col gap-6\">\r\n              <h3>Der Heavy-Duty Snap-In Wiper der Serie 324 ist der aggressivste Abstreifer auf dem Markt, der von Kunden, die auf seine hervorragende Leistung schw\u00f6ren, den Spitznamen &#8222;Rambo&#8220; erhalten hat. Das aggressive Design umfasst einen einzigartigen Schirm, der sich um die Vorderseite des Zylinders wickelt und eine undurchdringliche Barriere bildet. Er funktioniert besonders gut bei vertikal montierten Zylindern, wo sich Verunreinigungen ansammeln oder Fl\u00fcssigkeit auf die Oberseite des Zylinders spritzt. Der Abstreifer ist so konzipiert, dass er den Hydraulikzylinder auch unter den h\u00e4rtesten Bedingungen ausschlie\u00dft und sch\u00fctzt.   <\/h3>\n            <\/div>\r\n                            <\/div>\r\n      <\/div>\r\n          <\/div>\r\n  <\/div>\r\n<\/section>\r\n<section id=\"block_e1801f953bff8b74608ac7bb3082adb3\" class=\"product-subsections py-12 md:py-24 on-white\">\r\n  <div class=\"anchor\" id=\"\"><\/div>\r\n      <div class=\"column-main\">\r\n      <div class=\"flex flex-col justify-between md:flex-row gap-4 md:gap-8\">\r\n        <div class=\"hidden md:flex flex-col gap-6\">\r\n          &nbsp; <!-- spacer -->\r\n        <\/div>\r\n\r\n        <div class=\"w-full max-w-[900px] flex flex-col gap-12 md:gap-24\">\r\n          \r\n            \r\n          \r\n                          <div class=\"text-table-group\" id=\"text-table-2-block_e1801f953bff8b74608ac7bb3082adb3\">\r\n                <div class=\"flex flex-col justify-between md:flex-row gap-8\">\r\n                  <div class=\"w-full md:max-w-[300px] flex flex-col gap-6\">\r\n                                          <h2 class=\"body-lg font-bold leading-[1.33em]\"> Material Reihen <\/h2>\r\n                                      <\/div>\r\n                  <div class=\"w-full md:max-w-[558px] flex flex-col\">\r\n                                          <div class=\"prose flex flex-col gap-6\"> <p>Der Heavy-Duty &#8222;Rambo&#8220; Snap-In Wiper der Serie 324 besteht aus hochwertigem Polyurethan. Die Standardmaterialien sind MP03 maschinell bearbeitetes H-PU, erh\u00e4ltlich bis zu einem Durchmesser von 2100 mm, und MP50 spritzgegossenes TPU. Um einer Vielzahl von Anwendungen gerecht zu werden, ist die Serie auch in NBR, H-NBR, EPDM und hochtemperaturbest\u00e4ndigem FPM erh\u00e4ltlich.  <\/p>\n <\/div>\r\n                                                              <table class=\"table-auto\">\r\n                                                  <tr>\r\n                                                                                          <td class=\"body-lg font-medium leading-[1.33em]\">Polyurethan H-PU<\/td>\r\n                                                              <td class=\"body-lg font-medium leading-[1.33em]\">MP03<\/td>\r\n                                                                                    <\/tr>\r\n                                                  <tr>\r\n                                                                                          <td class=\"body-lg font-medium leading-[1.33em]\">Nitril NBR<\/td>\r\n                                                              <td class=\"body-lg font-medium leading-[1.33em]\">MN01<\/td>\r\n                                                                                    <\/tr>\r\n                                                  <tr>\r\n                                                                                          <td class=\"body-lg font-medium leading-[1.33em]\">Fluroelastomer FPM<\/td>\r\n                                                              <td class=\"body-lg font-medium leading-[1.33em]\">MF01<\/td>\r\n                                                                                    <\/tr>\r\n                                              <\/table>\r\n                                      <\/div>\r\n                <\/div>\r\n              <\/div>\r\n\r\n            \r\n          \r\n            \r\n                  <\/div>\r\n\r\n      <\/div>\r\n    <\/div>\r\n  <\/section><section id=\"block_49b51b0afdd7c63ce91be494ac87147d\" class=\"section-intro py-12 md:py-24 on-white\">\r\n  <div class=\"anchor\" id=\"\"><\/div>\r\n  <div class=\"column-main\">\r\n    <div class=\"w-full flex flex-col justify-between  gap-4 md:flex-row md:gap-8\">\r\n              <div class=\" flex flex-col gap-6\">\r\n                      <p class=\"body-lg font-bold pre-dot\">CAD-Datei<\/p>\r\n                            <\/div>\r\n            <div class=\"w-full max-w-[900px]\">\r\n        <div class=\"flex flex-col gap-6 \">\r\n                                <div class=\"prose flex flex-col gap-6\">\r\n              <h2>Engineering File Downloads<\/h2>\n<article class=\"text-token-text-primary w-full focus:outline-none [--shadow-height:45px] has-data-writing-block:pointer-events-none has-data-writing-block:-mt-(--shadow-height) has-data-writing-block:pt-(--shadow-height) [&amp;:has([data-writing-block])&gt;*]:pointer-events-auto scroll-mt-[calc(var(--header-height)+min(200px,max(70px,20svh)))]\" dir=\"auto\" tabindex=\"-1\" data-turn-id=\"request-WEB:50330a9f-d040-4b92-b3dd-1e0f93314bb6-2\" data-testid=\"conversation-turn-6\" data-scroll-anchor=\"true\" data-turn=\"assistant\">\n<div class=\"text-base my-auto mx-auto pb-10 [--thread-content-margin:var(--thread-content-margin-xs,calc(var(--spacing)*4))] @w-sm\/main:[--thread-content-margin:var(--thread-content-margin-sm,calc(var(--spacing)*6))] @w-lg\/main:[--thread-content-margin:var(--thread-content-margin-lg,calc(var(--spacing)*16))] px-(--thread-content-margin)\">\n<div class=\"[--thread-content-max-width:40rem] @w-lg\/main:[--thread-content-max-width:48rem] mx-auto max-w-(--thread-content-max-width) flex-1 group\/turn-messages focus-visible:outline-hidden relative flex w-full min-w-0 flex-col agent-turn\" tabindex=\"-1\">\n<div class=\"flex max-w-full flex-col gap-4 grow\">\n<div class=\"min-h-8 text-message relative flex w-full flex-col items-end gap-2 text-start break-words whitespace-normal [.text-message+&amp;]:mt-1\" dir=\"auto\" data-message-author-role=\"assistant\" data-message-id=\"8583149a-868c-4ebb-b202-0ca6884a6d7f\" data-message-model-slug=\"gpt-5-3\">\n<div class=\"flex w-full flex-col gap-1 empty:hidden\">\n<div class=\"markdown prose dark:prose-invert w-full wrap-break-word dark markdown-new-styling\">\n<p data-start=\"0\" data-end=\"304\" data-is-last-node=\"\" data-is-only-node=\"\">Laden Sie CAD-Dateien f\u00fcr unsere Dichtungsl\u00f6sungen herunter, um die Konstruktion und das Produktdesign zu optimieren. Unsere technischen Zeichnungen erm\u00f6glichen es Ingenieuren, Dichtungsgeometrien schnell in ihre Baugruppen zu integrieren. <\/p>\n<\/div>\n<\/div>\n<\/div>\n<\/div>\n<\/div>\n<\/div>\n<div class=\"body-md leading-[1.25em] font-semibold\">CAD-Datei anzeigen<\/div>\n<\/article>\n<div class=\"flex flex-col md:flex-row\" style=\"gap: 64px;\">\n<div class=\"w-full\">\n<ul>\n<li><a href=\"https:\/\/systemseals-embedded.partcommunity.com\/3d-cad-models\/?info=systemseals\/hydraulic_seals\/wipers_guide_elements_static_seals\/w24_i_asmtab.prj\" target=\"_blank\" rel=\"noopener\">CAD in Imperial<\/a><\/li>\n<li><a href=\"https:\/\/systemseals-embedded.partcommunity.com\/3d-cad-models\/?info=systemseals\/hydraulic_seals\/wipers_guide_elements_static_seals\/w24_m_asmtab.prj\" target=\"_blank\" rel=\"noopener\">CAD in Metrisch<\/a><\/li>\n<\/ul>\n<\/div>\n<\/div>\n            <\/div>\r\n                            <\/div>\r\n      <\/div>\r\n          <\/div>\r\n  <\/div>\r\n<\/section><section id=\"block_b279a5af4f32389f0129fdd2e041b37c\" class=\"section-intro py-12 md:py-24 on-white\">\r\n  <div class=\"anchor\" id=\"\"><\/div>\r\n  <div class=\"column-main\">\r\n    <div class=\"w-full flex flex-col justify-between  gap-4 md:flex-row md:gap-8\">\r\n              <div class=\" flex flex-col gap-6\">\r\n                      <p class=\"body-lg font-bold pre-dot\">Engineered Performance<\/p>\r\n                            <\/div>\r\n            <div class=\"w-full max-w-[900px]\">\r\n        <div class=\"flex flex-col gap-6 \">\r\n                                <div class=\"prose flex flex-col gap-6\">\r\n              <h2>Gebaut f\u00fcr Leistung<\/h2>\n<p>Der Heavy-Duty &#8222;Rambo&#8220; Snap-In Wiper der Serie 324 wird in stark verschmutzten, nassen oder abrasiven Umgebungen eingesetzt.<\/p>\n<div class=\"flex flex-col md:flex-row\" style=\"gap: 64px;\">\n<div class=\"w-full\">\n<div class=\"body-md leading-[1.25em] font-semibold\">Leistungen<\/div>\n<ul>\n<li>Interne Kerben verhindern Druckeinschl\u00fcsse<\/li>\n<li>M\u00f6glichkeit zur Nachr\u00fcstung und Aufr\u00fcstung vorhandener Scheibenwischer<\/li>\n<li>Entwickelt, um sicher in der Rille zu sitzen<\/li>\n<li>Lange Nutzungsdauer<\/li>\n<\/ul>\n<\/div>\n<div class=\"w-full\">\n<div class=\"body-md leading-[1.25em] font-semibold\">Anwendungen<\/div>\n<ul>\n<li>Bergbau<\/li>\n<li>Mobilhydraulik<\/li>\n<li>Stahl- und Aluminiumverarbeitung<\/li>\n<li>Landwirtschaft<\/li>\n<li>\u00d6l und Gas<\/li>\n<li>Mineralienverarbeitung<\/li>\n<\/ul>\n<\/div>\n<\/div>\n            <\/div>\r\n                            <\/div>\r\n      <\/div>\r\n          <\/div>\r\n  <\/div>\r\n<\/section><section id=\"block_7f08c4fed5b95ce1cba355241c15485e\" class=\"full-width-media \">\r\n  <div class=\"anchor\" id=\"\"><\/div>\r\n      <div class=\"media-wrapper\">\r\n      <img src=\"https:\/\/www.systemseals.com\/wp-content\/uploads\/2026\/02\/product-full-width-1-scaled.png\" alt=\"\" class=\"w-full h-auto block\">\r\n    <\/div>\r\n  <\/section><section id=\"block_758711c0a605755ebe7bf93b5fdcb734\" class=\"title-on-blue py-24 md:py-[198px] bg-prussian-blue\">\r\n  <div class=\"anchor\" id=\"\"><\/div>\r\n  <div class=\"column-main\">\r\n    <h3 class=\"max-w-[900px] mx-auto text-flash-white text-center\">\r\n        Entwickelt f\u00fcr Flexibilit\u00e4t bei Materialien, Gr\u00f6\u00dfen und Leistungsanforderungen. Standard- und kundenspezifische Durchmesser gew\u00e4hrleisten eine optimale Integration in Ihr System.     <\/h3>\r\n  <\/div>\r\n<\/section><div class=\"default-content container column-main\">\n<p><\/p>\n<\/div>","protected":false},"excerpt":{"rendered":"<p>Serie 324 Der Heavy-Duty Snap-In Wiper der Serie 324 ist der aggressivste Abstreifer auf dem Markt, der von Kunden, die auf seine hervorragende Leistung schw\u00f6ren, den Spitznamen &#8222;Rambo&#8220; erhalten hat. Das aggressive Design umfasst einen einzigartigen Schirm, der sich um die Vorderseite des Zylinders wickelt und eine undurchdringliche Barriere bildet. Er funktioniert besonders gut bei [&hellip;]<\/p>\n","protected":false},"author":4,"featured_media":3427,"template":"","meta":{"_acf_changed":false,"footnotes":""},"product_category":[4],"product_industry":[12,11],"product_material":[],"class_list":["post-3533","product","type-product","status-publish","has-post-thumbnail","hentry","product_category-wipers","product_industry-industrial","product_industry-oil-gas"],"acf":[],"yoast_head":"<!-- This site is optimized with the Yoast SEO plugin v27.4 - https:\/\/yoast.com\/product\/yoast-seo-wordpress\/ -->\n<title>324 Schmutzabstreifer - abgeschr\u00e4gte Lippe - geschlitzte Ferse - System Seals - Top Manufacturer for Reliable Seals<\/title>\n<meta name=\"robots\" content=\"index, follow, max-snippet:-1, max-image-preview:large, max-video-preview:-1\" \/>\n<link rel=\"canonical\" href=\"https:\/\/www.systemseals.com\/de\/products\/324-schmutzabstreifer-abgeschraegte-lippe-geschlitzte-ferse\/\" \/>\n<meta property=\"og:locale\" content=\"de_DE\" \/>\n<meta property=\"og:type\" content=\"article\" \/>\n<meta property=\"og:title\" content=\"324 Schmutzabstreifer - abgeschr\u00e4gte Lippe - geschlitzte Ferse - System Seals - Top Manufacturer for Reliable Seals\" \/>\n<meta property=\"og:description\" content=\"Serie 324 Der Heavy-Duty Snap-In Wiper der Serie 324 ist der aggressivste Abstreifer auf dem Markt, der von Kunden, die auf seine hervorragende Leistung schw\u00f6ren, den Spitznamen &#8222;Rambo&#8220; erhalten hat. Das aggressive Design umfasst einen einzigartigen Schirm, der sich um die Vorderseite des Zylinders wickelt und eine undurchdringliche Barriere bildet. Er funktioniert besonders gut bei [&hellip;]\" \/>\n<meta property=\"og:url\" content=\"https:\/\/www.systemseals.com\/de\/products\/324-schmutzabstreifer-abgeschraegte-lippe-geschlitzte-ferse\/\" \/>\n<meta property=\"og:site_name\" content=\"System Seals - Top Manufacturer for Reliable Seals\" \/>\n<meta property=\"article:modified_time\" content=\"2026-04-16T09:13:59+00:00\" \/>\n<meta property=\"og:image\" content=\"https:\/\/www.systemseals.com\/wp-content\/uploads\/2026\/02\/F-W24.jpg\" \/>\n\t<meta property=\"og:image:width\" content=\"832\" \/>\n\t<meta property=\"og:image:height\" content=\"856\" \/>\n\t<meta property=\"og:image:type\" content=\"image\/jpeg\" \/>\n<meta name=\"twitter:card\" content=\"summary_large_image\" \/>\n<script type=\"application\/ld+json\" class=\"yoast-schema-graph\">{\"@context\":\"https:\\\/\\\/schema.org\",\"@graph\":[{\"@type\":\"WebPage\",\"@id\":\"https:\\\/\\\/www.systemseals.com\\\/de\\\/products\\\/324-schmutzabstreifer-abgeschraegte-lippe-geschlitzte-ferse\\\/\",\"url\":\"https:\\\/\\\/www.systemseals.com\\\/de\\\/products\\\/324-schmutzabstreifer-abgeschraegte-lippe-geschlitzte-ferse\\\/\",\"name\":\"324 Schmutzabstreifer - abgeschr\u00e4gte Lippe - geschlitzte Ferse - System Seals - Top Manufacturer for Reliable Seals\",\"isPartOf\":{\"@id\":\"https:\\\/\\\/www.systemseals.com\\\/de\\\/#website\"},\"primaryImageOfPage\":{\"@id\":\"https:\\\/\\\/www.systemseals.com\\\/de\\\/products\\\/324-schmutzabstreifer-abgeschraegte-lippe-geschlitzte-ferse\\\/#primaryimage\"},\"image\":{\"@id\":\"https:\\\/\\\/www.systemseals.com\\\/de\\\/products\\\/324-schmutzabstreifer-abgeschraegte-lippe-geschlitzte-ferse\\\/#primaryimage\"},\"thumbnailUrl\":\"https:\\\/\\\/www.systemseals.com\\\/wp-content\\\/uploads\\\/2026\\\/02\\\/F-W24.jpg\",\"datePublished\":\"2026-02-21T21:46:57+00:00\",\"dateModified\":\"2026-04-16T09:13:59+00:00\",\"breadcrumb\":{\"@id\":\"https:\\\/\\\/www.systemseals.com\\\/de\\\/products\\\/324-schmutzabstreifer-abgeschraegte-lippe-geschlitzte-ferse\\\/#breadcrumb\"},\"inLanguage\":\"de\",\"potentialAction\":[{\"@type\":\"ReadAction\",\"target\":[\"https:\\\/\\\/www.systemseals.com\\\/de\\\/products\\\/324-schmutzabstreifer-abgeschraegte-lippe-geschlitzte-ferse\\\/\"]}]},{\"@type\":\"ImageObject\",\"inLanguage\":\"de\",\"@id\":\"https:\\\/\\\/www.systemseals.com\\\/de\\\/products\\\/324-schmutzabstreifer-abgeschraegte-lippe-geschlitzte-ferse\\\/#primaryimage\",\"url\":\"https:\\\/\\\/www.systemseals.com\\\/wp-content\\\/uploads\\\/2026\\\/02\\\/F-W24.jpg\",\"contentUrl\":\"https:\\\/\\\/www.systemseals.com\\\/wp-content\\\/uploads\\\/2026\\\/02\\\/F-W24.jpg\",\"width\":832,\"height\":856},{\"@type\":\"BreadcrumbList\",\"@id\":\"https:\\\/\\\/www.systemseals.com\\\/de\\\/products\\\/324-schmutzabstreifer-abgeschraegte-lippe-geschlitzte-ferse\\\/#breadcrumb\",\"itemListElement\":[{\"@type\":\"ListItem\",\"position\":1,\"name\":\"Home\",\"item\":\"https:\\\/\\\/www.systemseals.com\\\/de\\\/home\\\/\"},{\"@type\":\"ListItem\",\"position\":2,\"name\":\"Products\",\"item\":\"https:\\\/\\\/www.systemseals.com\\\/de\\\/products\\\/\"},{\"@type\":\"ListItem\",\"position\":3,\"name\":\"324 Schmutzabstreifer &#8211; abgeschr\u00e4gte Lippe &#8211; geschlitzte Ferse\"}]},{\"@type\":\"WebSite\",\"@id\":\"https:\\\/\\\/www.systemseals.com\\\/de\\\/#website\",\"url\":\"https:\\\/\\\/www.systemseals.com\\\/de\\\/\",\"name\":\"System Seals - Top Manufacturer for Reliable Seals\",\"description\":\"\",\"potentialAction\":[{\"@type\":\"SearchAction\",\"target\":{\"@type\":\"EntryPoint\",\"urlTemplate\":\"https:\\\/\\\/www.systemseals.com\\\/de\\\/?s={search_term_string}\"},\"query-input\":{\"@type\":\"PropertyValueSpecification\",\"valueRequired\":true,\"valueName\":\"search_term_string\"}}],\"inLanguage\":\"de\"}]}<\/script>\n<!-- \/ Yoast SEO plugin. -->","yoast_head_json":{"title":"324 Schmutzabstreifer - abgeschr\u00e4gte Lippe - geschlitzte Ferse - System Seals - Top Manufacturer for Reliable Seals","robots":{"index":"index","follow":"follow","max-snippet":"max-snippet:-1","max-image-preview":"max-image-preview:large","max-video-preview":"max-video-preview:-1"},"canonical":"https:\/\/www.systemseals.com\/de\/products\/324-schmutzabstreifer-abgeschraegte-lippe-geschlitzte-ferse\/","og_locale":"de_DE","og_type":"article","og_title":"324 Schmutzabstreifer - abgeschr\u00e4gte Lippe - geschlitzte Ferse - System Seals - Top Manufacturer for Reliable Seals","og_description":"Serie 324 Der Heavy-Duty Snap-In Wiper der Serie 324 ist der aggressivste Abstreifer auf dem Markt, der von Kunden, die auf seine hervorragende Leistung schw\u00f6ren, den Spitznamen &#8222;Rambo&#8220; erhalten hat. Das aggressive Design umfasst einen einzigartigen Schirm, der sich um die Vorderseite des Zylinders wickelt und eine undurchdringliche Barriere bildet. Er funktioniert besonders gut bei [&hellip;]","og_url":"https:\/\/www.systemseals.com\/de\/products\/324-schmutzabstreifer-abgeschraegte-lippe-geschlitzte-ferse\/","og_site_name":"System Seals - Top Manufacturer for Reliable Seals","article_modified_time":"2026-04-16T09:13:59+00:00","og_image":[{"width":832,"height":856,"url":"https:\/\/www.systemseals.com\/wp-content\/uploads\/2026\/02\/F-W24.jpg","type":"image\/jpeg"}],"twitter_card":"summary_large_image","schema":{"@context":"https:\/\/schema.org","@graph":[{"@type":"WebPage","@id":"https:\/\/www.systemseals.com\/de\/products\/324-schmutzabstreifer-abgeschraegte-lippe-geschlitzte-ferse\/","url":"https:\/\/www.systemseals.com\/de\/products\/324-schmutzabstreifer-abgeschraegte-lippe-geschlitzte-ferse\/","name":"324 Schmutzabstreifer - abgeschr\u00e4gte Lippe - geschlitzte Ferse - System Seals - Top Manufacturer for Reliable Seals","isPartOf":{"@id":"https:\/\/www.systemseals.com\/de\/#website"},"primaryImageOfPage":{"@id":"https:\/\/www.systemseals.com\/de\/products\/324-schmutzabstreifer-abgeschraegte-lippe-geschlitzte-ferse\/#primaryimage"},"image":{"@id":"https:\/\/www.systemseals.com\/de\/products\/324-schmutzabstreifer-abgeschraegte-lippe-geschlitzte-ferse\/#primaryimage"},"thumbnailUrl":"https:\/\/www.systemseals.com\/wp-content\/uploads\/2026\/02\/F-W24.jpg","datePublished":"2026-02-21T21:46:57+00:00","dateModified":"2026-04-16T09:13:59+00:00","breadcrumb":{"@id":"https:\/\/www.systemseals.com\/de\/products\/324-schmutzabstreifer-abgeschraegte-lippe-geschlitzte-ferse\/#breadcrumb"},"inLanguage":"de","potentialAction":[{"@type":"ReadAction","target":["https:\/\/www.systemseals.com\/de\/products\/324-schmutzabstreifer-abgeschraegte-lippe-geschlitzte-ferse\/"]}]},{"@type":"ImageObject","inLanguage":"de","@id":"https:\/\/www.systemseals.com\/de\/products\/324-schmutzabstreifer-abgeschraegte-lippe-geschlitzte-ferse\/#primaryimage","url":"https:\/\/www.systemseals.com\/wp-content\/uploads\/2026\/02\/F-W24.jpg","contentUrl":"https:\/\/www.systemseals.com\/wp-content\/uploads\/2026\/02\/F-W24.jpg","width":832,"height":856},{"@type":"BreadcrumbList","@id":"https:\/\/www.systemseals.com\/de\/products\/324-schmutzabstreifer-abgeschraegte-lippe-geschlitzte-ferse\/#breadcrumb","itemListElement":[{"@type":"ListItem","position":1,"name":"Home","item":"https:\/\/www.systemseals.com\/de\/home\/"},{"@type":"ListItem","position":2,"name":"Products","item":"https:\/\/www.systemseals.com\/de\/products\/"},{"@type":"ListItem","position":3,"name":"324 Schmutzabstreifer &#8211; abgeschr\u00e4gte Lippe &#8211; geschlitzte Ferse"}]},{"@type":"WebSite","@id":"https:\/\/www.systemseals.com\/de\/#website","url":"https:\/\/www.systemseals.com\/de\/","name":"System Seals - Top Manufacturer for Reliable Seals","description":"","potentialAction":[{"@type":"SearchAction","target":{"@type":"EntryPoint","urlTemplate":"https:\/\/www.systemseals.com\/de\/?s={search_term_string}"},"query-input":{"@type":"PropertyValueSpecification","valueRequired":true,"valueName":"search_term_string"}}],"inLanguage":"de"}]}},"_links":{"self":[{"href":"https:\/\/www.systemseals.com\/de\/wp-json\/wp\/v2\/product\/3533","targetHints":{"allow":["GET"]}}],"collection":[{"href":"https:\/\/www.systemseals.com\/de\/wp-json\/wp\/v2\/product"}],"about":[{"href":"https:\/\/www.systemseals.com\/de\/wp-json\/wp\/v2\/types\/product"}],"author":[{"embeddable":true,"href":"https:\/\/www.systemseals.com\/de\/wp-json\/wp\/v2\/users\/4"}],"version-history":[{"count":3,"href":"https:\/\/www.systemseals.com\/de\/wp-json\/wp\/v2\/product\/3533\/revisions"}],"predecessor-version":[{"id":3835,"href":"https:\/\/www.systemseals.com\/de\/wp-json\/wp\/v2\/product\/3533\/revisions\/3835"}],"wp:featuredmedia":[{"embeddable":true,"href":"https:\/\/www.systemseals.com\/de\/wp-json\/wp\/v2\/media\/3427"}],"wp:attachment":[{"href":"https:\/\/www.systemseals.com\/de\/wp-json\/wp\/v2\/media?parent=3533"}],"wp:term":[{"taxonomy":"product_category","embeddable":true,"href":"https:\/\/www.systemseals.com\/de\/wp-json\/wp\/v2\/product_category?post=3533"},{"taxonomy":"product_industry","embeddable":true,"href":"https:\/\/www.systemseals.com\/de\/wp-json\/wp\/v2\/product_industry?post=3533"},{"taxonomy":"product_material","embeddable":true,"href":"https:\/\/www.systemseals.com\/de\/wp-json\/wp\/v2\/product_material?post=3533"}],"curies":[{"name":"wp","href":"https:\/\/api.w.org\/{rel}","templated":true}]}}