{"id":3521,"date":"2026-02-21T21:54:15","date_gmt":"2026-02-21T21:54:15","guid":{"rendered":"https:\/\/www.systemseals.com\/products\/321-schmutzabstreifer-abstreifer\/"},"modified":"2026-04-16T09:05:08","modified_gmt":"2026-04-16T09:05:08","slug":"321-schmutzabstreifer-abstreifer","status":"publish","type":"product","link":"https:\/\/www.systemseals.com\/de\/products\/321-schmutzabstreifer-abstreifer\/","title":{"rendered":"321 Schmutzabstreifer &#8211; Abstreifer"},"content":{"rendered":"<section id=\"block_3f6dab4e288f59c2d548d56db64c4310\" class=\"section-intro py-12 md:py-24 on-white\">\r\n  <div class=\"anchor\" id=\"\"><\/div>\r\n  <div class=\"column-main\">\r\n    <div class=\"w-full flex flex-col justify-between  gap-4 md:flex-row md:gap-8\">\r\n              <div class=\" flex flex-col gap-6\">\r\n                      <p class=\"body-lg font-bold pre-dot\">Serie 321<\/p>\r\n                            <\/div>\r\n            <div class=\"w-full max-w-[900px]\">\r\n        <div class=\"flex flex-col gap-6 \">\r\n                                <div class=\"prose flex flex-col gap-6\">\r\n              <h3>Der Hochleistungswischer der Serie 321 wurde f\u00fcr Anwendungen entwickelt, bei denen starke Verschmutzungen wie Eis und stark haftende Ablagerungen an der Stange haften bleiben. Er ist eine \u00fcbliche Nachr\u00fcstung, wenn Standardabstreifer nicht mehr funktionieren. Er ist aus hochwertigem Thermoplast hergestellt, der eine aggressive Abstreifleistung und maximalen Schutz gew\u00e4hrleistet.  <\/h3>\n            <\/div>\r\n                            <\/div>\r\n      <\/div>\r\n          <\/div>\r\n  <\/div>\r\n<\/section>\r\n<section id=\"block_d3f538fab18b2c153af2208aa7181ccb\" class=\"product-subsections py-12 md:py-24 on-white\">\r\n  <div class=\"anchor\" id=\"\"><\/div>\r\n      <div class=\"column-main\">\r\n      <div class=\"flex flex-col justify-between md:flex-row gap-4 md:gap-8\">\r\n        <div class=\"hidden md:flex flex-col gap-6\">\r\n          &nbsp; <!-- spacer -->\r\n        <\/div>\r\n\r\n        <div class=\"w-full max-w-[900px] flex flex-col gap-12 md:gap-24\">\r\n          \r\n            \r\n          \r\n                          <div class=\"text-table-group\" id=\"text-table-2-block_d3f538fab18b2c153af2208aa7181ccb\">\r\n                <div class=\"flex flex-col justify-between md:flex-row gap-8\">\r\n                  <div class=\"w-full md:max-w-[300px] flex flex-col gap-6\">\r\n                                          <h2 class=\"body-lg font-bold leading-[1.33em]\"> Material Reihen <\/h2>\r\n                                      <\/div>\r\n                  <div class=\"w-full md:max-w-[558px] flex flex-col\">\r\n                                          <div class=\"prose flex flex-col gap-6\"> <p>Der Hochleistungsabstreifer der Serie 321 besteht aus hochwertigem Thermoplast. Das Standardmaterial ist ML01 bearbeitetes POM. Um einer Vielzahl von Anwendungen gerecht zu werden, ist die Serie auch in Polyamid, UHMW und PEEK erh\u00e4ltlich.  <\/p>\n <\/div>\r\n                                                              <table class=\"table-auto\">\r\n                                                  <tr>\r\n                                                                                          <td class=\"body-lg font-medium leading-[1.33em]\">POM<\/td>\r\n                                                              <td class=\"body-lg font-medium leading-[1.33em]\">ML01<\/td>\r\n                                                                                    <\/tr>\r\n                                                  <tr>\r\n                                                                                          <td class=\"body-lg font-medium leading-[1.33em]\">UHMW<\/td>\r\n                                                              <td class=\"body-lg font-medium leading-[1.33em]\">ML10<\/td>\r\n                                                                                    <\/tr>\r\n                                                  <tr>\r\n                                                                                          <td class=\"body-lg font-medium leading-[1.33em]\">PEEK<\/td>\r\n                                                              <td class=\"body-lg font-medium leading-[1.33em]\">MK11<\/td>\r\n                                                                                    <\/tr>\r\n                                              <\/table>\r\n                                      <\/div>\r\n                <\/div>\r\n              <\/div>\r\n\r\n            \r\n          \r\n            \r\n                  <\/div>\r\n\r\n      <\/div>\r\n    <\/div>\r\n  <\/section><section id=\"block_05d1ba7e0d629ce57012e6fc83b1feef\" class=\"full-width-media \">\r\n  <div class=\"anchor\" id=\"\"><\/div>\r\n      <div class=\"media-wrapper\">\r\n      <img src=\"https:\/\/www.systemseals.com\/wp-content\/uploads\/2026\/02\/product-full-width-1-scaled.png\" alt=\"\" class=\"w-full h-auto block\">\r\n    <\/div>\r\n  <\/section><section id=\"block_cfca7d1585c0a3b6115d920473953677\" class=\"title-on-blue py-24 md:py-[198px] bg-prussian-blue\">\r\n  <div class=\"anchor\" id=\"\"><\/div>\r\n  <div class=\"column-main\">\r\n    <h3 class=\"max-w-[900px] mx-auto text-flash-white text-center\">\r\n        Entwickelt f\u00fcr Flexibilit\u00e4t bei Materialien, Gr\u00f6\u00dfen und Leistungsanforderungen. Standard- und kundenspezifische Durchmesser gew\u00e4hrleisten eine optimale Integration in Ihr System.     <\/h3>\r\n  <\/div>\r\n<\/section><section id=\"block_b514fe4e4b9b03050e7da535c0ad0804\" class=\"section-intro py-12 md:py-24 on-white\">\r\n  <div class=\"anchor\" id=\"\"><\/div>\r\n  <div class=\"column-main\">\r\n    <div class=\"w-full flex flex-col justify-between  gap-4 md:flex-row md:gap-8\">\r\n              <div class=\" flex flex-col gap-6\">\r\n                      <p class=\"body-lg font-bold pre-dot\">Engineered Performance<\/p>\r\n                            <\/div>\r\n            <div class=\"w-full max-w-[900px]\">\r\n        <div class=\"flex flex-col gap-6 \">\r\n                                <div class=\"prose flex flex-col gap-6\">\r\n              <h2>Gebaut f\u00fcr Leistung<\/h2>\n<p>Die 321 Serie Severe-Duty Wiper wird in stark verschmutzten Umgebungen eingesetzt, in denen eine hohe Abstreifleistung erforderlich ist.<\/p>\n<div class=\"flex flex-col md:flex-row\" style=\"gap: 64px;\">\n<div class=\"w-full\">\n<div class=\"body-md leading-[1.25em] font-semibold\">Leistungen<\/div>\n<ul>\n<li>Ein Upgrade f\u00fcr herk\u00f6mmliche Scheibenwischer, die nicht mehr funktionieren<\/li>\n<li>Entwickelt, um sicher in der Rille zu sitzen<\/li>\n<li>Thermoplastisches Material sch\u00fctzt das Innere des Zylinders<\/li>\n<li>Lange Nutzungsdauer<\/li>\n<\/ul>\n<\/div>\n<div class=\"w-full\">\n<div class=\"body-md leading-[1.25em] font-semibold\">Anwendungen<\/div>\n<ul>\n<li>Stahl- und Aluminiumverarbeitung<\/li>\n<li>Bergbau<\/li>\n<li>Mobilhydraulik<\/li>\n<li>Bauwesen<\/li>\n<\/ul>\n<\/div>\n<\/div>\n            <\/div>\r\n                            <\/div>\r\n      <\/div>\r\n          <\/div>\r\n  <\/div>\r\n<\/section><div class=\"default-content container column-main\">\n<p><\/p>\n<\/div>","protected":false},"excerpt":{"rendered":"<p>Serie 321 Der Hochleistungswischer der Serie 321 wurde f\u00fcr Anwendungen entwickelt, bei denen starke Verschmutzungen wie Eis und stark haftende Ablagerungen an der Stange haften bleiben. Er ist eine \u00fcbliche Nachr\u00fcstung, wenn Standardabstreifer nicht mehr funktionieren. Er ist aus hochwertigem Thermoplast hergestellt, der eine aggressive Abstreifleistung und maximalen Schutz gew\u00e4hrleistet. &nbsp; Material Reihen Der Hochleistungsabstreifer [&hellip;]<\/p>\n","protected":false},"author":4,"featured_media":3510,"template":"","meta":{"_acf_changed":false,"footnotes":""},"product_category":[4],"product_industry":[12,11],"product_material":[],"class_list":["post-3521","product","type-product","status-publish","has-post-thumbnail","hentry","product_category-wipers","product_industry-industrial","product_industry-oil-gas"],"acf":[],"yoast_head":"<!-- This site is optimized with the Yoast SEO plugin v27.4 - https:\/\/yoast.com\/product\/yoast-seo-wordpress\/ -->\n<title>321 Schmutzabstreifer - Abstreifer - System Seals - Top Manufacturer for Reliable Seals<\/title>\n<meta name=\"robots\" content=\"index, follow, max-snippet:-1, max-image-preview:large, max-video-preview:-1\" \/>\n<link rel=\"canonical\" href=\"https:\/\/www.systemseals.com\/de\/products\/321-schmutzabstreifer-abstreifer\/\" \/>\n<meta property=\"og:locale\" content=\"de_DE\" \/>\n<meta property=\"og:type\" content=\"article\" \/>\n<meta property=\"og:title\" content=\"321 Schmutzabstreifer - Abstreifer - System Seals - Top Manufacturer for Reliable Seals\" \/>\n<meta property=\"og:description\" content=\"Serie 321 Der Hochleistungswischer der Serie 321 wurde f\u00fcr Anwendungen entwickelt, bei denen starke Verschmutzungen wie Eis und stark haftende Ablagerungen an der Stange haften bleiben. Er ist eine \u00fcbliche Nachr\u00fcstung, wenn Standardabstreifer nicht mehr funktionieren. Er ist aus hochwertigem Thermoplast hergestellt, der eine aggressive Abstreifleistung und maximalen Schutz gew\u00e4hrleistet. &nbsp; Material Reihen Der Hochleistungsabstreifer [&hellip;]\" \/>\n<meta property=\"og:url\" content=\"https:\/\/www.systemseals.com\/de\/products\/321-schmutzabstreifer-abstreifer\/\" \/>\n<meta property=\"og:site_name\" content=\"System Seals - Top Manufacturer for Reliable Seals\" \/>\n<meta property=\"article:modified_time\" content=\"2026-04-16T09:05:08+00:00\" \/>\n<meta property=\"og:image\" content=\"https:\/\/www.systemseals.com\/wp-content\/uploads\/2026\/02\/FF-W21.jpg\" \/>\n\t<meta property=\"og:image:width\" content=\"656\" \/>\n\t<meta property=\"og:image:height\" content=\"732\" \/>\n\t<meta property=\"og:image:type\" content=\"image\/jpeg\" \/>\n<meta name=\"twitter:card\" content=\"summary_large_image\" \/>\n<script type=\"application\/ld+json\" class=\"yoast-schema-graph\">{\"@context\":\"https:\\\/\\\/schema.org\",\"@graph\":[{\"@type\":\"WebPage\",\"@id\":\"https:\\\/\\\/www.systemseals.com\\\/de\\\/products\\\/321-schmutzabstreifer-abstreifer\\\/\",\"url\":\"https:\\\/\\\/www.systemseals.com\\\/de\\\/products\\\/321-schmutzabstreifer-abstreifer\\\/\",\"name\":\"321 Schmutzabstreifer - Abstreifer - System Seals - Top Manufacturer for Reliable Seals\",\"isPartOf\":{\"@id\":\"https:\\\/\\\/www.systemseals.com\\\/de\\\/#website\"},\"primaryImageOfPage\":{\"@id\":\"https:\\\/\\\/www.systemseals.com\\\/de\\\/products\\\/321-schmutzabstreifer-abstreifer\\\/#primaryimage\"},\"image\":{\"@id\":\"https:\\\/\\\/www.systemseals.com\\\/de\\\/products\\\/321-schmutzabstreifer-abstreifer\\\/#primaryimage\"},\"thumbnailUrl\":\"https:\\\/\\\/www.systemseals.com\\\/wp-content\\\/uploads\\\/2026\\\/02\\\/FF-W21.jpg\",\"datePublished\":\"2026-02-21T21:54:15+00:00\",\"dateModified\":\"2026-04-16T09:05:08+00:00\",\"breadcrumb\":{\"@id\":\"https:\\\/\\\/www.systemseals.com\\\/de\\\/products\\\/321-schmutzabstreifer-abstreifer\\\/#breadcrumb\"},\"inLanguage\":\"de\",\"potentialAction\":[{\"@type\":\"ReadAction\",\"target\":[\"https:\\\/\\\/www.systemseals.com\\\/de\\\/products\\\/321-schmutzabstreifer-abstreifer\\\/\"]}]},{\"@type\":\"ImageObject\",\"inLanguage\":\"de\",\"@id\":\"https:\\\/\\\/www.systemseals.com\\\/de\\\/products\\\/321-schmutzabstreifer-abstreifer\\\/#primaryimage\",\"url\":\"https:\\\/\\\/www.systemseals.com\\\/wp-content\\\/uploads\\\/2026\\\/02\\\/FF-W21.jpg\",\"contentUrl\":\"https:\\\/\\\/www.systemseals.com\\\/wp-content\\\/uploads\\\/2026\\\/02\\\/FF-W21.jpg\",\"width\":656,\"height\":732},{\"@type\":\"BreadcrumbList\",\"@id\":\"https:\\\/\\\/www.systemseals.com\\\/de\\\/products\\\/321-schmutzabstreifer-abstreifer\\\/#breadcrumb\",\"itemListElement\":[{\"@type\":\"ListItem\",\"position\":1,\"name\":\"Home\",\"item\":\"https:\\\/\\\/www.systemseals.com\\\/de\\\/home\\\/\"},{\"@type\":\"ListItem\",\"position\":2,\"name\":\"Products\",\"item\":\"https:\\\/\\\/www.systemseals.com\\\/de\\\/products\\\/\"},{\"@type\":\"ListItem\",\"position\":3,\"name\":\"321 Schmutzabstreifer &#8211; Abstreifer\"}]},{\"@type\":\"WebSite\",\"@id\":\"https:\\\/\\\/www.systemseals.com\\\/de\\\/#website\",\"url\":\"https:\\\/\\\/www.systemseals.com\\\/de\\\/\",\"name\":\"System Seals - Top Manufacturer for Reliable Seals\",\"description\":\"\",\"potentialAction\":[{\"@type\":\"SearchAction\",\"target\":{\"@type\":\"EntryPoint\",\"urlTemplate\":\"https:\\\/\\\/www.systemseals.com\\\/de\\\/?s={search_term_string}\"},\"query-input\":{\"@type\":\"PropertyValueSpecification\",\"valueRequired\":true,\"valueName\":\"search_term_string\"}}],\"inLanguage\":\"de\"}]}<\/script>\n<!-- \/ Yoast SEO plugin. -->","yoast_head_json":{"title":"321 Schmutzabstreifer - Abstreifer - System Seals - Top Manufacturer for Reliable Seals","robots":{"index":"index","follow":"follow","max-snippet":"max-snippet:-1","max-image-preview":"max-image-preview:large","max-video-preview":"max-video-preview:-1"},"canonical":"https:\/\/www.systemseals.com\/de\/products\/321-schmutzabstreifer-abstreifer\/","og_locale":"de_DE","og_type":"article","og_title":"321 Schmutzabstreifer - Abstreifer - System Seals - Top Manufacturer for Reliable Seals","og_description":"Serie 321 Der Hochleistungswischer der Serie 321 wurde f\u00fcr Anwendungen entwickelt, bei denen starke Verschmutzungen wie Eis und stark haftende Ablagerungen an der Stange haften bleiben. Er ist eine \u00fcbliche Nachr\u00fcstung, wenn Standardabstreifer nicht mehr funktionieren. Er ist aus hochwertigem Thermoplast hergestellt, der eine aggressive Abstreifleistung und maximalen Schutz gew\u00e4hrleistet. &nbsp; Material Reihen Der Hochleistungsabstreifer [&hellip;]","og_url":"https:\/\/www.systemseals.com\/de\/products\/321-schmutzabstreifer-abstreifer\/","og_site_name":"System Seals - Top Manufacturer for Reliable Seals","article_modified_time":"2026-04-16T09:05:08+00:00","og_image":[{"width":656,"height":732,"url":"https:\/\/www.systemseals.com\/wp-content\/uploads\/2026\/02\/FF-W21.jpg","type":"image\/jpeg"}],"twitter_card":"summary_large_image","schema":{"@context":"https:\/\/schema.org","@graph":[{"@type":"WebPage","@id":"https:\/\/www.systemseals.com\/de\/products\/321-schmutzabstreifer-abstreifer\/","url":"https:\/\/www.systemseals.com\/de\/products\/321-schmutzabstreifer-abstreifer\/","name":"321 Schmutzabstreifer - Abstreifer - System Seals - Top Manufacturer for Reliable Seals","isPartOf":{"@id":"https:\/\/www.systemseals.com\/de\/#website"},"primaryImageOfPage":{"@id":"https:\/\/www.systemseals.com\/de\/products\/321-schmutzabstreifer-abstreifer\/#primaryimage"},"image":{"@id":"https:\/\/www.systemseals.com\/de\/products\/321-schmutzabstreifer-abstreifer\/#primaryimage"},"thumbnailUrl":"https:\/\/www.systemseals.com\/wp-content\/uploads\/2026\/02\/FF-W21.jpg","datePublished":"2026-02-21T21:54:15+00:00","dateModified":"2026-04-16T09:05:08+00:00","breadcrumb":{"@id":"https:\/\/www.systemseals.com\/de\/products\/321-schmutzabstreifer-abstreifer\/#breadcrumb"},"inLanguage":"de","potentialAction":[{"@type":"ReadAction","target":["https:\/\/www.systemseals.com\/de\/products\/321-schmutzabstreifer-abstreifer\/"]}]},{"@type":"ImageObject","inLanguage":"de","@id":"https:\/\/www.systemseals.com\/de\/products\/321-schmutzabstreifer-abstreifer\/#primaryimage","url":"https:\/\/www.systemseals.com\/wp-content\/uploads\/2026\/02\/FF-W21.jpg","contentUrl":"https:\/\/www.systemseals.com\/wp-content\/uploads\/2026\/02\/FF-W21.jpg","width":656,"height":732},{"@type":"BreadcrumbList","@id":"https:\/\/www.systemseals.com\/de\/products\/321-schmutzabstreifer-abstreifer\/#breadcrumb","itemListElement":[{"@type":"ListItem","position":1,"name":"Home","item":"https:\/\/www.systemseals.com\/de\/home\/"},{"@type":"ListItem","position":2,"name":"Products","item":"https:\/\/www.systemseals.com\/de\/products\/"},{"@type":"ListItem","position":3,"name":"321 Schmutzabstreifer &#8211; Abstreifer"}]},{"@type":"WebSite","@id":"https:\/\/www.systemseals.com\/de\/#website","url":"https:\/\/www.systemseals.com\/de\/","name":"System Seals - Top Manufacturer for Reliable Seals","description":"","potentialAction":[{"@type":"SearchAction","target":{"@type":"EntryPoint","urlTemplate":"https:\/\/www.systemseals.com\/de\/?s={search_term_string}"},"query-input":{"@type":"PropertyValueSpecification","valueRequired":true,"valueName":"search_term_string"}}],"inLanguage":"de"}]}},"_links":{"self":[{"href":"https:\/\/www.systemseals.com\/de\/wp-json\/wp\/v2\/product\/3521","targetHints":{"allow":["GET"]}}],"collection":[{"href":"https:\/\/www.systemseals.com\/de\/wp-json\/wp\/v2\/product"}],"about":[{"href":"https:\/\/www.systemseals.com\/de\/wp-json\/wp\/v2\/types\/product"}],"author":[{"embeddable":true,"href":"https:\/\/www.systemseals.com\/de\/wp-json\/wp\/v2\/users\/4"}],"version-history":[{"count":3,"href":"https:\/\/www.systemseals.com\/de\/wp-json\/wp\/v2\/product\/3521\/revisions"}],"predecessor-version":[{"id":3825,"href":"https:\/\/www.systemseals.com\/de\/wp-json\/wp\/v2\/product\/3521\/revisions\/3825"}],"wp:featuredmedia":[{"embeddable":true,"href":"https:\/\/www.systemseals.com\/de\/wp-json\/wp\/v2\/media\/3510"}],"wp:attachment":[{"href":"https:\/\/www.systemseals.com\/de\/wp-json\/wp\/v2\/media?parent=3521"}],"wp:term":[{"taxonomy":"product_category","embeddable":true,"href":"https:\/\/www.systemseals.com\/de\/wp-json\/wp\/v2\/product_category?post=3521"},{"taxonomy":"product_industry","embeddable":true,"href":"https:\/\/www.systemseals.com\/de\/wp-json\/wp\/v2\/product_industry?post=3521"},{"taxonomy":"product_material","embeddable":true,"href":"https:\/\/www.systemseals.com\/de\/wp-json\/wp\/v2\/product_material?post=3521"}],"curies":[{"name":"wp","href":"https:\/\/api.w.org\/{rel}","templated":true}]}}