{"id":3500,"date":"2026-02-21T22:01:26","date_gmt":"2026-02-21T22:01:26","guid":{"rendered":"https:\/\/www.systemseals.com\/products\/318-schmutzabstreifer-doppeltwirkend-spezial-oder-erregt\/"},"modified":"2026-04-16T09:02:26","modified_gmt":"2026-04-16T09:02:26","slug":"318-schmutzabstreifer-doppeltwirkend-spezial-oder-erregt","status":"publish","type":"product","link":"https:\/\/www.systemseals.com\/de\/products\/318-schmutzabstreifer-doppeltwirkend-spezial-oder-erregt\/","title":{"rendered":"318 Schmutzabstreifer &#8211; Doppeltwirkend &#8211; Spezial &#8211; ODER Energetisiert"},"content":{"rendered":"<section id=\"block_965936fdd60d82d29758e58019621a00\" class=\"section-intro py-12 md:py-24 on-white\">\r\n  <div class=\"anchor\" id=\"\"><\/div>\r\n  <div class=\"column-main\">\r\n    <div class=\"w-full flex flex-col justify-between  gap-4 md:flex-row md:gap-8\">\r\n              <div class=\" flex flex-col gap-6\">\r\n                      <p class=\"body-lg font-bold pre-dot\">Serie 318<\/p>\r\n                            <\/div>\r\n            <div class=\"w-full max-w-[900px]\">\r\n        <div class=\"flex flex-col gap-6 \">\r\n                                <div class=\"prose flex flex-col gap-6\">\r\n              <h3>Der doppelwirkende Hochleistungsabstreifer der Serie 318 ist einer der beliebtesten Abstreifer f\u00fcr Walzwerke in der Stahlindustrie. Er verf\u00fcgt \u00fcber einen verst\u00e4rkten, mit PTFE gef\u00fcllten Abstreifring und zwei bestromende O-Ringe. Das Design beinhaltet einen einzigartigen Schirm, der sich um die Stirnseite des Zylinders wickelt, um eine undurchdringliche Barriere zu schaffen, sowie eine innere Dichtlippe, um jeglichen \u00d6lfilm von der Stange zu entfernen, w\u00e4hrend sie sich dreht. Die O-Ringe versorgen die beiden Abstreiflippen einzeln. Bei den meisten Anwendungen wird eine Druckentlastungs\u00f6ffnung zwischen dem Abstreifer und der Stangendichtung empfohlen.    <\/h3>\n            <\/div>\r\n                            <\/div>\r\n      <\/div>\r\n          <\/div>\r\n  <\/div>\r\n<\/section>\r\n<section id=\"block_72028f1ef8c26064e47a57d63e8c08e0\" class=\"product-subsections py-12 md:py-24 on-white\">\r\n  <div class=\"anchor\" id=\"\"><\/div>\r\n      <div class=\"column-main\">\r\n      <div class=\"flex flex-col justify-between md:flex-row gap-4 md:gap-8\">\r\n        <div class=\"hidden md:flex flex-col gap-6\">\r\n          &nbsp; <!-- spacer -->\r\n        <\/div>\r\n\r\n        <div class=\"w-full max-w-[900px] flex flex-col gap-12 md:gap-24\">\r\n          \r\n            \r\n          \r\n                          <div class=\"text-table-group\" id=\"text-table-2-block_72028f1ef8c26064e47a57d63e8c08e0\">\r\n                <div class=\"flex flex-col justify-between md:flex-row gap-8\">\r\n                  <div class=\"w-full md:max-w-[300px] flex flex-col gap-6\">\r\n                                          <h2 class=\"body-lg font-bold leading-[1.33em]\"> Material Reihen <\/h2>\r\n                                      <\/div>\r\n                  <div class=\"w-full md:max-w-[558px] flex flex-col\">\r\n                                          <div class=\"prose flex flex-col gap-6\"> <p>Der Abstreifer der Serie 318 besteht aus einem speziell gemischten PTFE\u00c2, das eine extrem niedrige Reibung und Hochgeschwindigkeitsleistung bei minimalem Verschlei\u00df bietet. Die Standardmischung ist PTFE\u00c2 mit Bronze-F\u00fcllstoff. Der Temperaturbereich des Abstreifers kann durch die Wahl eines FPM-Energizers anstelle des Standard-NBR-Energizers erweitert werden.  <\/p>\n <\/div>\r\n                                                              <table class=\"table-auto\">\r\n                                                  <tr>\r\n                                                                                          <td class=\"body-lg font-medium leading-[1.33em]\">PTFE-Bronze-Verbindung + NBR O-Ring<\/td>\r\n                                                              <td class=\"body-lg font-medium leading-[1.33em]\">MT23<\/td>\r\n                                                                                    <\/tr>\r\n                                                  <tr>\r\n                                                                                          <td class=\"body-lg font-medium leading-[1.33em]\">PTFE-Bronze-Verbindung + FPM O-Ring<\/td>\r\n                                                              <td class=\"body-lg font-medium leading-[1.33em]\">MT26<\/td>\r\n                                                                                    <\/tr>\r\n                                                  <tr>\r\n                                                                                          <td class=\"body-lg font-medium leading-[1.33em]\">Fluroelastomer FPM<\/td>\r\n                                                              <td class=\"body-lg font-medium leading-[1.33em]\">MF01<\/td>\r\n                                                                                    <\/tr>\r\n                                              <\/table>\r\n                                      <\/div>\r\n                <\/div>\r\n              <\/div>\r\n\r\n            \r\n          \r\n            \r\n                  <\/div>\r\n\r\n      <\/div>\r\n    <\/div>\r\n  <\/section><section id=\"block_ef883ec007c6e3e5df32ddb741deedd0\" class=\"section-intro py-12 md:py-24 on-white\">\r\n  <div class=\"anchor\" id=\"\"><\/div>\r\n  <div class=\"column-main\">\r\n    <div class=\"w-full flex flex-col justify-between  gap-4 md:flex-row md:gap-8\">\r\n              <div class=\" flex flex-col gap-6\">\r\n                      <p class=\"body-lg font-bold pre-dot\">CAD-Datei<\/p>\r\n                            <\/div>\r\n            <div class=\"w-full max-w-[900px]\">\r\n        <div class=\"flex flex-col gap-6 \">\r\n                                <div class=\"prose flex flex-col gap-6\">\r\n              <h2>Engineering File Downloads<\/h2>\n<article class=\"text-token-text-primary w-full focus:outline-none [--shadow-height:45px] has-data-writing-block:pointer-events-none has-data-writing-block:-mt-(--shadow-height) has-data-writing-block:pt-(--shadow-height) [&amp;:has([data-writing-block])&gt;*]:pointer-events-auto scroll-mt-[calc(var(--header-height)+min(200px,max(70px,20svh)))]\" dir=\"auto\" tabindex=\"-1\" data-turn-id=\"request-WEB:50330a9f-d040-4b92-b3dd-1e0f93314bb6-2\" data-testid=\"conversation-turn-6\" data-scroll-anchor=\"true\" data-turn=\"assistant\">\n<div class=\"text-base my-auto mx-auto pb-10 [--thread-content-margin:var(--thread-content-margin-xs,calc(var(--spacing)*4))] @w-sm\/main:[--thread-content-margin:var(--thread-content-margin-sm,calc(var(--spacing)*6))] @w-lg\/main:[--thread-content-margin:var(--thread-content-margin-lg,calc(var(--spacing)*16))] px-(--thread-content-margin)\">\n<div class=\"[--thread-content-max-width:40rem] @w-lg\/main:[--thread-content-max-width:48rem] mx-auto max-w-(--thread-content-max-width) flex-1 group\/turn-messages focus-visible:outline-hidden relative flex w-full min-w-0 flex-col agent-turn\" tabindex=\"-1\">\n<div class=\"flex max-w-full flex-col gap-4 grow\">\n<div class=\"min-h-8 text-message relative flex w-full flex-col items-end gap-2 text-start break-words whitespace-normal [.text-message+&amp;]:mt-1\" dir=\"auto\" data-message-author-role=\"assistant\" data-message-id=\"8583149a-868c-4ebb-b202-0ca6884a6d7f\" data-message-model-slug=\"gpt-5-3\">\n<div class=\"flex w-full flex-col gap-1 empty:hidden\">\n<div class=\"markdown prose dark:prose-invert w-full wrap-break-word dark markdown-new-styling\">\n<p data-start=\"0\" data-end=\"304\" data-is-last-node=\"\" data-is-only-node=\"\">Laden Sie CAD-Dateien f\u00fcr unsere Dichtungsl\u00f6sungen herunter, um die Konstruktion und das Produktdesign zu optimieren. Unsere technischen Zeichnungen erm\u00f6glichen es Ingenieuren, Dichtungsgeometrien schnell in ihre Baugruppen zu integrieren. <\/p>\n<\/div>\n<\/div>\n<\/div>\n<\/div>\n<\/div>\n<\/div>\n<div class=\"body-md leading-[1.25em] font-semibold\">CAD-Datei anzeigen<\/div>\n<\/article>\n<div class=\"flex flex-col md:flex-row\" style=\"gap: 64px;\">\n<div class=\"w-full\">\n<ul>\n<li><a href=\"https:\/\/systemseals-embedded.partcommunity.com\/3d-cad-models\/?info=systemseals\/hydraulic_seals\/wipers_guide_elements_static_seals\/w18_i_asmtab.prj\" target=\"_blank\" rel=\"noopener\">CAD in Imperial<\/a><\/li>\n<li><a href=\"https:\/\/systemseals-embedded.partcommunity.com\/3d-cad-models\/?info=systemseals\/hydraulic_seals\/wipers_guide_elements_static_seals\/w18_m_asmtab.prj\" target=\"_blank\" rel=\"noopener\">CAD in Metrisch<\/a><\/li>\n<\/ul>\n<\/div>\n<\/div>\n            <\/div>\r\n                            <\/div>\r\n      <\/div>\r\n          <\/div>\r\n  <\/div>\r\n<\/section><section id=\"block_d9a7ad69deb9b28b006ee2e8ed3a95ca\" class=\"section-intro py-12 md:py-24 on-white\">\r\n  <div class=\"anchor\" id=\"\"><\/div>\r\n  <div class=\"column-main\">\r\n    <div class=\"w-full flex flex-col justify-between  gap-4 md:flex-row md:gap-8\">\r\n              <div class=\" flex flex-col gap-6\">\r\n                      <p class=\"body-lg font-bold pre-dot\">Engineered Performance<\/p>\r\n                            <\/div>\r\n            <div class=\"w-full max-w-[900px]\">\r\n        <div class=\"flex flex-col gap-6 \">\r\n                                <div class=\"prose flex flex-col gap-6\">\r\n              <h2>Gebaut f\u00fcr Leistung<\/h2>\n<p>Der doppelwirkende Hochleistungsabstreifer der Serie 318 verhindert das Eindringen von Verunreinigungen in rauen Umgebungen und sorgt gleichzeitig f\u00fcr geringe Reibung.<\/p>\n<div class=\"flex flex-col md:flex-row\" style=\"gap: 64px;\">\n<div class=\"w-full\">\n<div class=\"body-md leading-[1.25em] font-semibold\">Leistungen<\/div>\n<ul>\n<li>Sch\u00fctzt das Innenleben des Hydraulikzylinders<\/li>\n<li>Selbstschmierend<\/li>\n<li>Funktioniert in Anwendungen mit kurzem Hub<\/li>\n<li>Funktioniert in Umgebungen mit hohen Temperaturen<\/li>\n<\/ul>\n<\/div>\n<div class=\"w-full\">\n<div class=\"body-md leading-[1.25em] font-semibold\">Anwendungen<\/div>\n<ul>\n<li>Stahl- und Aluminiumverarbeitung<\/li>\n<li>Kalt- und Warmbandwalzwerke<\/li>\n<li>Zylinder mit automatischer Manometersteuerung<\/li>\n<\/ul>\n<\/div>\n<\/div>\n            <\/div>\r\n                            <\/div>\r\n      <\/div>\r\n          <\/div>\r\n  <\/div>\r\n<\/section><section id=\"block_4802c69a4b1db36f8529154ac5af386d\" class=\"full-width-media \">\r\n  <div class=\"anchor\" id=\"\"><\/div>\r\n      <div class=\"media-wrapper\">\r\n      <img src=\"https:\/\/www.systemseals.com\/wp-content\/uploads\/2026\/02\/product-full-width-1-scaled.png\" alt=\"\" class=\"w-full h-auto block\">\r\n    <\/div>\r\n  <\/section><section id=\"block_1c78710bf8facf7ecb2172521f81f781\" class=\"title-on-blue py-24 md:py-[198px] bg-prussian-blue\">\r\n  <div class=\"anchor\" id=\"\"><\/div>\r\n  <div class=\"column-main\">\r\n    <h3 class=\"max-w-[900px] mx-auto text-flash-white text-center\">\r\n        Entwickelt f\u00fcr Flexibilit\u00e4t bei Materialien, Gr\u00f6\u00dfen und Leistungsanforderungen. Standard- und kundenspezifische Durchmesser gew\u00e4hrleisten eine optimale Integration in Ihr System.     <\/h3>\r\n  <\/div>\r\n<\/section><div class=\"default-content container column-main\">\n<p><\/p>\n<\/div>","protected":false},"excerpt":{"rendered":"<p>Serie 318 Der doppelwirkende Hochleistungsabstreifer der Serie 318 ist einer der beliebtesten Abstreifer f\u00fcr Walzwerke in der Stahlindustrie. Er verf\u00fcgt \u00fcber einen verst\u00e4rkten, mit PTFE gef\u00fcllten Abstreifring und zwei bestromende O-Ringe. Das Design beinhaltet einen einzigartigen Schirm, der sich um die Stirnseite des Zylinders wickelt, um eine undurchdringliche Barriere zu schaffen, sowie eine innere Dichtlippe, [&hellip;]<\/p>\n","protected":false},"author":4,"featured_media":3499,"template":"","meta":{"_acf_changed":false,"footnotes":""},"product_category":[4],"product_industry":[12,11],"product_material":[],"class_list":["post-3500","product","type-product","status-publish","has-post-thumbnail","hentry","product_category-wipers","product_industry-industrial","product_industry-oil-gas"],"acf":[],"yoast_head":"<!-- This site is optimized with the Yoast SEO plugin v27.4 - https:\/\/yoast.com\/product\/yoast-seo-wordpress\/ -->\n<title>318 Schmutzabstreifer - Doppeltwirkend - Spezial - ODER Energetisiert - System Seals - Top Manufacturer for Reliable Seals<\/title>\n<meta name=\"robots\" content=\"index, follow, max-snippet:-1, max-image-preview:large, max-video-preview:-1\" \/>\n<link rel=\"canonical\" href=\"https:\/\/www.systemseals.com\/de\/products\/318-schmutzabstreifer-doppeltwirkend-spezial-oder-erregt\/\" \/>\n<meta property=\"og:locale\" content=\"de_DE\" \/>\n<meta property=\"og:type\" content=\"article\" \/>\n<meta property=\"og:title\" content=\"318 Schmutzabstreifer - Doppeltwirkend - Spezial - ODER Energetisiert - System Seals - Top Manufacturer for Reliable Seals\" \/>\n<meta property=\"og:description\" content=\"Serie 318 Der doppelwirkende Hochleistungsabstreifer der Serie 318 ist einer der beliebtesten Abstreifer f\u00fcr Walzwerke in der Stahlindustrie. Er verf\u00fcgt \u00fcber einen verst\u00e4rkten, mit PTFE gef\u00fcllten Abstreifring und zwei bestromende O-Ringe. Das Design beinhaltet einen einzigartigen Schirm, der sich um die Stirnseite des Zylinders wickelt, um eine undurchdringliche Barriere zu schaffen, sowie eine innere Dichtlippe, [&hellip;]\" \/>\n<meta property=\"og:url\" content=\"https:\/\/www.systemseals.com\/de\/products\/318-schmutzabstreifer-doppeltwirkend-spezial-oder-erregt\/\" \/>\n<meta property=\"og:site_name\" content=\"System Seals - Top Manufacturer for Reliable Seals\" \/>\n<meta property=\"article:modified_time\" content=\"2026-04-16T09:02:26+00:00\" \/>\n<meta property=\"og:image\" content=\"https:\/\/www.systemseals.com\/wp-content\/uploads\/2026\/02\/FF-W18.jpg\" \/>\n\t<meta property=\"og:image:width\" content=\"719\" \/>\n\t<meta property=\"og:image:height\" content=\"783\" \/>\n\t<meta property=\"og:image:type\" content=\"image\/jpeg\" \/>\n<meta name=\"twitter:card\" content=\"summary_large_image\" \/>\n<script type=\"application\/ld+json\" class=\"yoast-schema-graph\">{\"@context\":\"https:\\\/\\\/schema.org\",\"@graph\":[{\"@type\":\"WebPage\",\"@id\":\"https:\\\/\\\/www.systemseals.com\\\/de\\\/products\\\/318-schmutzabstreifer-doppeltwirkend-spezial-oder-erregt\\\/\",\"url\":\"https:\\\/\\\/www.systemseals.com\\\/de\\\/products\\\/318-schmutzabstreifer-doppeltwirkend-spezial-oder-erregt\\\/\",\"name\":\"318 Schmutzabstreifer - Doppeltwirkend - Spezial - ODER Energetisiert - System Seals - Top Manufacturer for Reliable Seals\",\"isPartOf\":{\"@id\":\"https:\\\/\\\/www.systemseals.com\\\/de\\\/#website\"},\"primaryImageOfPage\":{\"@id\":\"https:\\\/\\\/www.systemseals.com\\\/de\\\/products\\\/318-schmutzabstreifer-doppeltwirkend-spezial-oder-erregt\\\/#primaryimage\"},\"image\":{\"@id\":\"https:\\\/\\\/www.systemseals.com\\\/de\\\/products\\\/318-schmutzabstreifer-doppeltwirkend-spezial-oder-erregt\\\/#primaryimage\"},\"thumbnailUrl\":\"https:\\\/\\\/www.systemseals.com\\\/wp-content\\\/uploads\\\/2026\\\/02\\\/FF-W18.jpg\",\"datePublished\":\"2026-02-21T22:01:26+00:00\",\"dateModified\":\"2026-04-16T09:02:26+00:00\",\"breadcrumb\":{\"@id\":\"https:\\\/\\\/www.systemseals.com\\\/de\\\/products\\\/318-schmutzabstreifer-doppeltwirkend-spezial-oder-erregt\\\/#breadcrumb\"},\"inLanguage\":\"de\",\"potentialAction\":[{\"@type\":\"ReadAction\",\"target\":[\"https:\\\/\\\/www.systemseals.com\\\/de\\\/products\\\/318-schmutzabstreifer-doppeltwirkend-spezial-oder-erregt\\\/\"]}]},{\"@type\":\"ImageObject\",\"inLanguage\":\"de\",\"@id\":\"https:\\\/\\\/www.systemseals.com\\\/de\\\/products\\\/318-schmutzabstreifer-doppeltwirkend-spezial-oder-erregt\\\/#primaryimage\",\"url\":\"https:\\\/\\\/www.systemseals.com\\\/wp-content\\\/uploads\\\/2026\\\/02\\\/FF-W18.jpg\",\"contentUrl\":\"https:\\\/\\\/www.systemseals.com\\\/wp-content\\\/uploads\\\/2026\\\/02\\\/FF-W18.jpg\",\"width\":719,\"height\":783},{\"@type\":\"BreadcrumbList\",\"@id\":\"https:\\\/\\\/www.systemseals.com\\\/de\\\/products\\\/318-schmutzabstreifer-doppeltwirkend-spezial-oder-erregt\\\/#breadcrumb\",\"itemListElement\":[{\"@type\":\"ListItem\",\"position\":1,\"name\":\"Home\",\"item\":\"https:\\\/\\\/www.systemseals.com\\\/de\\\/home\\\/\"},{\"@type\":\"ListItem\",\"position\":2,\"name\":\"Products\",\"item\":\"https:\\\/\\\/www.systemseals.com\\\/de\\\/products\\\/\"},{\"@type\":\"ListItem\",\"position\":3,\"name\":\"318 Schmutzabstreifer &#8211; Doppeltwirkend &#8211; Spezial &#8211; ODER Energetisiert\"}]},{\"@type\":\"WebSite\",\"@id\":\"https:\\\/\\\/www.systemseals.com\\\/de\\\/#website\",\"url\":\"https:\\\/\\\/www.systemseals.com\\\/de\\\/\",\"name\":\"System Seals - Top Manufacturer for Reliable Seals\",\"description\":\"\",\"potentialAction\":[{\"@type\":\"SearchAction\",\"target\":{\"@type\":\"EntryPoint\",\"urlTemplate\":\"https:\\\/\\\/www.systemseals.com\\\/de\\\/?s={search_term_string}\"},\"query-input\":{\"@type\":\"PropertyValueSpecification\",\"valueRequired\":true,\"valueName\":\"search_term_string\"}}],\"inLanguage\":\"de\"}]}<\/script>\n<!-- \/ Yoast SEO plugin. -->","yoast_head_json":{"title":"318 Schmutzabstreifer - Doppeltwirkend - Spezial - ODER Energetisiert - System Seals - Top Manufacturer for Reliable Seals","robots":{"index":"index","follow":"follow","max-snippet":"max-snippet:-1","max-image-preview":"max-image-preview:large","max-video-preview":"max-video-preview:-1"},"canonical":"https:\/\/www.systemseals.com\/de\/products\/318-schmutzabstreifer-doppeltwirkend-spezial-oder-erregt\/","og_locale":"de_DE","og_type":"article","og_title":"318 Schmutzabstreifer - Doppeltwirkend - Spezial - ODER Energetisiert - System Seals - Top Manufacturer for Reliable Seals","og_description":"Serie 318 Der doppelwirkende Hochleistungsabstreifer der Serie 318 ist einer der beliebtesten Abstreifer f\u00fcr Walzwerke in der Stahlindustrie. Er verf\u00fcgt \u00fcber einen verst\u00e4rkten, mit PTFE gef\u00fcllten Abstreifring und zwei bestromende O-Ringe. Das Design beinhaltet einen einzigartigen Schirm, der sich um die Stirnseite des Zylinders wickelt, um eine undurchdringliche Barriere zu schaffen, sowie eine innere Dichtlippe, [&hellip;]","og_url":"https:\/\/www.systemseals.com\/de\/products\/318-schmutzabstreifer-doppeltwirkend-spezial-oder-erregt\/","og_site_name":"System Seals - Top Manufacturer for Reliable Seals","article_modified_time":"2026-04-16T09:02:26+00:00","og_image":[{"width":719,"height":783,"url":"https:\/\/www.systemseals.com\/wp-content\/uploads\/2026\/02\/FF-W18.jpg","type":"image\/jpeg"}],"twitter_card":"summary_large_image","schema":{"@context":"https:\/\/schema.org","@graph":[{"@type":"WebPage","@id":"https:\/\/www.systemseals.com\/de\/products\/318-schmutzabstreifer-doppeltwirkend-spezial-oder-erregt\/","url":"https:\/\/www.systemseals.com\/de\/products\/318-schmutzabstreifer-doppeltwirkend-spezial-oder-erregt\/","name":"318 Schmutzabstreifer - Doppeltwirkend - Spezial - ODER Energetisiert - System Seals - Top Manufacturer for Reliable Seals","isPartOf":{"@id":"https:\/\/www.systemseals.com\/de\/#website"},"primaryImageOfPage":{"@id":"https:\/\/www.systemseals.com\/de\/products\/318-schmutzabstreifer-doppeltwirkend-spezial-oder-erregt\/#primaryimage"},"image":{"@id":"https:\/\/www.systemseals.com\/de\/products\/318-schmutzabstreifer-doppeltwirkend-spezial-oder-erregt\/#primaryimage"},"thumbnailUrl":"https:\/\/www.systemseals.com\/wp-content\/uploads\/2026\/02\/FF-W18.jpg","datePublished":"2026-02-21T22:01:26+00:00","dateModified":"2026-04-16T09:02:26+00:00","breadcrumb":{"@id":"https:\/\/www.systemseals.com\/de\/products\/318-schmutzabstreifer-doppeltwirkend-spezial-oder-erregt\/#breadcrumb"},"inLanguage":"de","potentialAction":[{"@type":"ReadAction","target":["https:\/\/www.systemseals.com\/de\/products\/318-schmutzabstreifer-doppeltwirkend-spezial-oder-erregt\/"]}]},{"@type":"ImageObject","inLanguage":"de","@id":"https:\/\/www.systemseals.com\/de\/products\/318-schmutzabstreifer-doppeltwirkend-spezial-oder-erregt\/#primaryimage","url":"https:\/\/www.systemseals.com\/wp-content\/uploads\/2026\/02\/FF-W18.jpg","contentUrl":"https:\/\/www.systemseals.com\/wp-content\/uploads\/2026\/02\/FF-W18.jpg","width":719,"height":783},{"@type":"BreadcrumbList","@id":"https:\/\/www.systemseals.com\/de\/products\/318-schmutzabstreifer-doppeltwirkend-spezial-oder-erregt\/#breadcrumb","itemListElement":[{"@type":"ListItem","position":1,"name":"Home","item":"https:\/\/www.systemseals.com\/de\/home\/"},{"@type":"ListItem","position":2,"name":"Products","item":"https:\/\/www.systemseals.com\/de\/products\/"},{"@type":"ListItem","position":3,"name":"318 Schmutzabstreifer &#8211; Doppeltwirkend &#8211; Spezial &#8211; ODER Energetisiert"}]},{"@type":"WebSite","@id":"https:\/\/www.systemseals.com\/de\/#website","url":"https:\/\/www.systemseals.com\/de\/","name":"System Seals - Top Manufacturer for Reliable Seals","description":"","potentialAction":[{"@type":"SearchAction","target":{"@type":"EntryPoint","urlTemplate":"https:\/\/www.systemseals.com\/de\/?s={search_term_string}"},"query-input":{"@type":"PropertyValueSpecification","valueRequired":true,"valueName":"search_term_string"}}],"inLanguage":"de"}]}},"_links":{"self":[{"href":"https:\/\/www.systemseals.com\/de\/wp-json\/wp\/v2\/product\/3500","targetHints":{"allow":["GET"]}}],"collection":[{"href":"https:\/\/www.systemseals.com\/de\/wp-json\/wp\/v2\/product"}],"about":[{"href":"https:\/\/www.systemseals.com\/de\/wp-json\/wp\/v2\/types\/product"}],"author":[{"embeddable":true,"href":"https:\/\/www.systemseals.com\/de\/wp-json\/wp\/v2\/users\/4"}],"version-history":[{"count":3,"href":"https:\/\/www.systemseals.com\/de\/wp-json\/wp\/v2\/product\/3500\/revisions"}],"predecessor-version":[{"id":3823,"href":"https:\/\/www.systemseals.com\/de\/wp-json\/wp\/v2\/product\/3500\/revisions\/3823"}],"wp:featuredmedia":[{"embeddable":true,"href":"https:\/\/www.systemseals.com\/de\/wp-json\/wp\/v2\/media\/3499"}],"wp:attachment":[{"href":"https:\/\/www.systemseals.com\/de\/wp-json\/wp\/v2\/media?parent=3500"}],"wp:term":[{"taxonomy":"product_category","embeddable":true,"href":"https:\/\/www.systemseals.com\/de\/wp-json\/wp\/v2\/product_category?post=3500"},{"taxonomy":"product_industry","embeddable":true,"href":"https:\/\/www.systemseals.com\/de\/wp-json\/wp\/v2\/product_industry?post=3500"},{"taxonomy":"product_material","embeddable":true,"href":"https:\/\/www.systemseals.com\/de\/wp-json\/wp\/v2\/product_material?post=3500"}],"curies":[{"name":"wp","href":"https:\/\/api.w.org\/{rel}","templated":true}]}}