{"id":3389,"date":"2026-02-21T22:47:45","date_gmt":"2026-02-21T22:47:45","guid":{"rendered":"https:\/\/www.systemseals.com\/products\/282-kolbendichtung-einfachwirkend-hd-energizer\/"},"modified":"2026-04-15T09:03:13","modified_gmt":"2026-04-15T09:03:13","slug":"282-kolbendichtung-einfachwirkend-hd-energizer","status":"publish","type":"product","link":"https:\/\/www.systemseals.com\/de\/products\/282-kolbendichtung-einfachwirkend-hd-energizer\/","title":{"rendered":"282 Kolbendichtung &#8211; Einfachwirkend &#8211; HD Energizer"},"content":{"rendered":"<section id=\"block_8b5c47f4a9d710ced3a0b2ff25271fef\" class=\"section-intro py-12 md:py-24 on-white\">\r\n  <div class=\"anchor\" id=\"\"><\/div>\r\n  <div class=\"column-main\">\r\n    <div class=\"w-full flex flex-col justify-between  gap-4 md:flex-row md:gap-8\">\r\n              <div class=\" flex flex-col gap-6\">\r\n                      <p class=\"body-lg font-bold pre-dot\">Serie 282<\/p>\r\n                            <\/div>\r\n            <div class=\"w-full max-w-[900px]\">\r\n        <div class=\"flex flex-col gap-6 \">\r\n                                <div class=\"prose flex flex-col gap-6\">\r\n              <h3>Die Hochleistungs-Kolbendichtung der Serie 282 ist ein reibungsarmes Design, das aus einer PTFE-gef\u00fcllten Dichtung und einem profilierten Energizer besteht. Sie wurde f\u00fcr einfachwirkende Zylinder mit gro\u00dfem Durchmesser in anspruchsvollen Anwendungen entwickelt, in denen hoher Druck und gro\u00dfe Extrusionsspalten herrschen. <\/h3>\n            <\/div>\r\n                            <\/div>\r\n      <\/div>\r\n          <\/div>\r\n  <\/div>\r\n<\/section>\r\n<section id=\"block_25aa9a6e88fd28c601b92a303e5cef85\" class=\"product-subsections py-12 md:py-24 on-white\">\r\n  <div class=\"anchor\" id=\"\"><\/div>\r\n      <div class=\"column-main\">\r\n      <div class=\"flex flex-col justify-between md:flex-row gap-4 md:gap-8\">\r\n        <div class=\"hidden md:flex flex-col gap-6\">\r\n          &nbsp; <!-- spacer -->\r\n        <\/div>\r\n\r\n        <div class=\"w-full max-w-[900px] flex flex-col gap-12 md:gap-24\">\r\n          \r\n            \r\n          \r\n                          <div class=\"text-table-group\" id=\"text-table-2-block_25aa9a6e88fd28c601b92a303e5cef85\">\r\n                <div class=\"flex flex-col justify-between md:flex-row gap-8\">\r\n                  <div class=\"w-full md:max-w-[300px] flex flex-col gap-6\">\r\n                                          <h2 class=\"body-lg font-bold leading-[1.33em]\"> Material Reihen <\/h2>\r\n                                      <\/div>\r\n                  <div class=\"w-full md:max-w-[558px] flex flex-col\">\r\n                                          <div class=\"prose flex flex-col gap-6\"> <p>System Seals\u2122 ma\u00dfgeschneiderte PTFE-gef\u00fcllte Compounds bieten extrem niedrige Reibung und Hochgeschwindigkeitsleistung bei minimalem Verschlei\u00df. Die Standardmischungen sind PTFE mit Bronzef\u00fcllung oder PTFE gef\u00fcllt mit Glas-Molybd\u00e4n. Der Temperaturbereich der Dichtung kann durch die Wahl eines FPM-Energizers anstelle des Standard-NBR-Energizers erweitert werden.  <\/p>\n <\/div>\r\n                                                              <table class=\"table-auto\">\r\n                                                  <tr>\r\n                                                                                          <td class=\"body-lg font-medium leading-[1.33em]\">PTFE-Bronze-Verbindung + NBR-Energiequelle<\/td>\r\n                                                              <td class=\"body-lg font-medium leading-[1.33em]\">MT23<\/td>\r\n                                                                                    <\/tr>\r\n                                                  <tr>\r\n                                                                                          <td class=\"body-lg font-medium leading-[1.33em]\">PTFE-Bronze-Verbindung + FPM-Energiequelle<\/td>\r\n                                                              <td class=\"body-lg font-medium leading-[1.33em]\">MT26<\/td>\r\n                                                                                    <\/tr>\r\n                                                  <tr>\r\n                                                                                          <td class=\"body-lg font-medium leading-[1.33em]\">PTFE-Glas\/MoS2-Verbindung + NBR-Energiespender<\/td>\r\n                                                              <td class=\"body-lg font-medium leading-[1.33em]\">MT83<\/td>\r\n                                                                                    <\/tr>\r\n                                                  <tr>\r\n                                                                                          <td class=\"body-lg font-medium leading-[1.33em]\">PTFE-Glas\/MoS2-Verbindung + FPM-Energisator<\/td>\r\n                                                              <td class=\"body-lg font-medium leading-[1.33em]\">MT86<\/td>\r\n                                                                                    <\/tr>\r\n                                              <\/table>\r\n                                      <\/div>\r\n                <\/div>\r\n              <\/div>\r\n\r\n            \r\n          \r\n            \r\n                  <\/div>\r\n\r\n      <\/div>\r\n    <\/div>\r\n  <\/section><section id=\"block_ab3f1f9dec9efb13712661789c46931b\" class=\"full-width-media \">\r\n  <div class=\"anchor\" id=\"\"><\/div>\r\n      <div class=\"media-wrapper\">\r\n      <img src=\"https:\/\/www.systemseals.com\/wp-content\/uploads\/2026\/02\/product-full-width-1-scaled.png\" alt=\"\" class=\"w-full h-auto block\">\r\n    <\/div>\r\n  <\/section><section id=\"block_856cc027212543edcf77df15a5a8c2b9\" class=\"title-on-blue py-24 md:py-[198px] bg-prussian-blue\">\r\n  <div class=\"anchor\" id=\"\"><\/div>\r\n  <div class=\"column-main\">\r\n    <h3 class=\"max-w-[900px] mx-auto text-flash-white text-center\">\r\n        Entwickelt f\u00fcr Flexibilit\u00e4t bei Materialien, Gr\u00f6\u00dfen und Leistungsanforderungen. Standard- und kundenspezifische Durchmesser gew\u00e4hrleisten eine optimale Integration in Ihr System.     <\/h3>\r\n  <\/div>\r\n<\/section><section id=\"block_72afa9c8255c3e864a9b8aac8dc45b44\" class=\"section-intro py-12 md:py-24 on-white\">\r\n  <div class=\"anchor\" id=\"\"><\/div>\r\n  <div class=\"column-main\">\r\n    <div class=\"w-full flex flex-col justify-between  gap-4 md:flex-row md:gap-8\">\r\n              <div class=\" flex flex-col gap-6\">\r\n                      <p class=\"body-lg font-bold pre-dot\">Engineered Performance<\/p>\r\n                            <\/div>\r\n            <div class=\"w-full max-w-[900px]\">\r\n        <div class=\"flex flex-col gap-6 \">\r\n                                <div class=\"prose flex flex-col gap-6\">\r\n              <h2>Gebaut f\u00fcr Leistung<\/h2>\n<p>Die Hochleistungs-Kolbendichtung der Serie 282 ist ideal f\u00fcr Hochdruck-Dichtungsanwendungen und bietet eine reibungsarme Leistung und einen doppelt wirkenden Betrieb.<\/p>\n<div class=\"flex flex-col md:flex-row\" style=\"gap: 64px;\">\n<div class=\"w-full\">\n<div class=\"body-md leading-[1.25em] font-semibold\">Leistungen<\/div>\n<ul>\n<li>Geringe Reibung<\/li>\n<li>Einfachwirkende Anwendungen<\/li>\n<li>Hochtemperaturbest\u00e4ndigkeit<\/li>\n<li>Geringer Verschlei\u00df<\/li>\n<li>Extrusionsfest<\/li>\n<li>Kompatibel mit einer breiten Palette von Medien<\/li>\n<li>Verf\u00fcgbar in Durchmessern bis zu 2100mm<\/li>\n<\/ul>\n<\/div>\n<div class=\"w-full\">\n<div class=\"body-md leading-[1.25em] font-semibold\">Anwendungen<\/div>\n<ul>\n<li>Walzwerke<\/li>\n<li>Spritzgie\u00dfmaschinen<\/li>\n<li>Hydraulische Pressen<\/li>\n<li>Schmiedepressen<\/li>\n<\/ul>\n<\/div>\n<\/div>\n            <\/div>\r\n                            <\/div>\r\n      <\/div>\r\n          <\/div>\r\n  <\/div>\r\n<\/section><div class=\"default-content container column-main\">\n<p><\/p>\n<\/div>","protected":false},"excerpt":{"rendered":"<p>Serie 282 Die Hochleistungs-Kolbendichtung der Serie 282 ist ein reibungsarmes Design, das aus einer PTFE-gef\u00fcllten Dichtung und einem profilierten Energizer besteht. Sie wurde f\u00fcr einfachwirkende Zylinder mit gro\u00dfem Durchmesser in anspruchsvollen Anwendungen entwickelt, in denen hoher Druck und gro\u00dfe Extrusionsspalten herrschen. &nbsp; Material Reihen System Seals\u2122 ma\u00dfgeschneiderte PTFE-gef\u00fcllte Compounds bieten extrem niedrige Reibung und Hochgeschwindigkeitsleistung [&hellip;]<\/p>\n","protected":false},"author":4,"featured_media":3388,"template":"","meta":{"_acf_changed":false,"footnotes":""},"product_category":[4],"product_industry":[12,11],"product_material":[],"class_list":["post-3389","product","type-product","status-publish","has-post-thumbnail","hentry","product_category-wipers","product_industry-industrial","product_industry-oil-gas"],"acf":[],"yoast_head":"<!-- This site is optimized with the Yoast SEO plugin v27.4 - https:\/\/yoast.com\/product\/yoast-seo-wordpress\/ -->\n<title>282 Kolbendichtung - Einfachwirkend - HD Energizer - System Seals - Top Manufacturer for Reliable Seals<\/title>\n<meta name=\"robots\" content=\"index, follow, max-snippet:-1, max-image-preview:large, max-video-preview:-1\" \/>\n<link rel=\"canonical\" href=\"https:\/\/www.systemseals.com\/de\/products\/282-kolbendichtung-einfachwirkend-hd-energizer\/\" \/>\n<meta property=\"og:locale\" content=\"de_DE\" \/>\n<meta property=\"og:type\" content=\"article\" \/>\n<meta property=\"og:title\" content=\"282 Kolbendichtung - Einfachwirkend - HD Energizer - System Seals - Top Manufacturer for Reliable Seals\" \/>\n<meta property=\"og:description\" content=\"Serie 282 Die Hochleistungs-Kolbendichtung der Serie 282 ist ein reibungsarmes Design, das aus einer PTFE-gef\u00fcllten Dichtung und einem profilierten Energizer besteht. Sie wurde f\u00fcr einfachwirkende Zylinder mit gro\u00dfem Durchmesser in anspruchsvollen Anwendungen entwickelt, in denen hoher Druck und gro\u00dfe Extrusionsspalten herrschen. &nbsp; Material Reihen System Seals\u2122 ma\u00dfgeschneiderte PTFE-gef\u00fcllte Compounds bieten extrem niedrige Reibung und Hochgeschwindigkeitsleistung [&hellip;]\" \/>\n<meta property=\"og:url\" content=\"https:\/\/www.systemseals.com\/de\/products\/282-kolbendichtung-einfachwirkend-hd-energizer\/\" \/>\n<meta property=\"og:site_name\" content=\"System Seals - Top Manufacturer for Reliable Seals\" \/>\n<meta property=\"article:modified_time\" content=\"2026-04-15T09:03:13+00:00\" \/>\n<meta property=\"og:image\" content=\"https:\/\/www.systemseals.com\/wp-content\/uploads\/2026\/02\/FF-P82.jpg\" \/>\n\t<meta property=\"og:image:width\" content=\"782\" \/>\n\t<meta property=\"og:image:height\" content=\"852\" \/>\n\t<meta property=\"og:image:type\" content=\"image\/jpeg\" \/>\n<meta name=\"twitter:card\" content=\"summary_large_image\" \/>\n<script type=\"application\/ld+json\" class=\"yoast-schema-graph\">{\"@context\":\"https:\\\/\\\/schema.org\",\"@graph\":[{\"@type\":\"WebPage\",\"@id\":\"https:\\\/\\\/www.systemseals.com\\\/de\\\/products\\\/282-kolbendichtung-einfachwirkend-hd-energizer\\\/\",\"url\":\"https:\\\/\\\/www.systemseals.com\\\/de\\\/products\\\/282-kolbendichtung-einfachwirkend-hd-energizer\\\/\",\"name\":\"282 Kolbendichtung - Einfachwirkend - HD Energizer - System Seals - Top Manufacturer for Reliable Seals\",\"isPartOf\":{\"@id\":\"https:\\\/\\\/www.systemseals.com\\\/de\\\/#website\"},\"primaryImageOfPage\":{\"@id\":\"https:\\\/\\\/www.systemseals.com\\\/de\\\/products\\\/282-kolbendichtung-einfachwirkend-hd-energizer\\\/#primaryimage\"},\"image\":{\"@id\":\"https:\\\/\\\/www.systemseals.com\\\/de\\\/products\\\/282-kolbendichtung-einfachwirkend-hd-energizer\\\/#primaryimage\"},\"thumbnailUrl\":\"https:\\\/\\\/www.systemseals.com\\\/wp-content\\\/uploads\\\/2026\\\/02\\\/FF-P82.jpg\",\"datePublished\":\"2026-02-21T22:47:45+00:00\",\"dateModified\":\"2026-04-15T09:03:13+00:00\",\"breadcrumb\":{\"@id\":\"https:\\\/\\\/www.systemseals.com\\\/de\\\/products\\\/282-kolbendichtung-einfachwirkend-hd-energizer\\\/#breadcrumb\"},\"inLanguage\":\"de\",\"potentialAction\":[{\"@type\":\"ReadAction\",\"target\":[\"https:\\\/\\\/www.systemseals.com\\\/de\\\/products\\\/282-kolbendichtung-einfachwirkend-hd-energizer\\\/\"]}]},{\"@type\":\"ImageObject\",\"inLanguage\":\"de\",\"@id\":\"https:\\\/\\\/www.systemseals.com\\\/de\\\/products\\\/282-kolbendichtung-einfachwirkend-hd-energizer\\\/#primaryimage\",\"url\":\"https:\\\/\\\/www.systemseals.com\\\/wp-content\\\/uploads\\\/2026\\\/02\\\/FF-P82.jpg\",\"contentUrl\":\"https:\\\/\\\/www.systemseals.com\\\/wp-content\\\/uploads\\\/2026\\\/02\\\/FF-P82.jpg\",\"width\":782,\"height\":852},{\"@type\":\"BreadcrumbList\",\"@id\":\"https:\\\/\\\/www.systemseals.com\\\/de\\\/products\\\/282-kolbendichtung-einfachwirkend-hd-energizer\\\/#breadcrumb\",\"itemListElement\":[{\"@type\":\"ListItem\",\"position\":1,\"name\":\"Home\",\"item\":\"https:\\\/\\\/www.systemseals.com\\\/de\\\/home\\\/\"},{\"@type\":\"ListItem\",\"position\":2,\"name\":\"Products\",\"item\":\"https:\\\/\\\/www.systemseals.com\\\/de\\\/products\\\/\"},{\"@type\":\"ListItem\",\"position\":3,\"name\":\"282 Kolbendichtung &#8211; Einfachwirkend &#8211; HD Energizer\"}]},{\"@type\":\"WebSite\",\"@id\":\"https:\\\/\\\/www.systemseals.com\\\/de\\\/#website\",\"url\":\"https:\\\/\\\/www.systemseals.com\\\/de\\\/\",\"name\":\"System Seals - Top Manufacturer for Reliable Seals\",\"description\":\"\",\"potentialAction\":[{\"@type\":\"SearchAction\",\"target\":{\"@type\":\"EntryPoint\",\"urlTemplate\":\"https:\\\/\\\/www.systemseals.com\\\/de\\\/?s={search_term_string}\"},\"query-input\":{\"@type\":\"PropertyValueSpecification\",\"valueRequired\":true,\"valueName\":\"search_term_string\"}}],\"inLanguage\":\"de\"}]}<\/script>\n<!-- \/ Yoast SEO plugin. -->","yoast_head_json":{"title":"282 Kolbendichtung - Einfachwirkend - HD Energizer - System Seals - Top Manufacturer for Reliable Seals","robots":{"index":"index","follow":"follow","max-snippet":"max-snippet:-1","max-image-preview":"max-image-preview:large","max-video-preview":"max-video-preview:-1"},"canonical":"https:\/\/www.systemseals.com\/de\/products\/282-kolbendichtung-einfachwirkend-hd-energizer\/","og_locale":"de_DE","og_type":"article","og_title":"282 Kolbendichtung - Einfachwirkend - HD Energizer - System Seals - Top Manufacturer for Reliable Seals","og_description":"Serie 282 Die Hochleistungs-Kolbendichtung der Serie 282 ist ein reibungsarmes Design, das aus einer PTFE-gef\u00fcllten Dichtung und einem profilierten Energizer besteht. Sie wurde f\u00fcr einfachwirkende Zylinder mit gro\u00dfem Durchmesser in anspruchsvollen Anwendungen entwickelt, in denen hoher Druck und gro\u00dfe Extrusionsspalten herrschen. &nbsp; Material Reihen System Seals\u2122 ma\u00dfgeschneiderte PTFE-gef\u00fcllte Compounds bieten extrem niedrige Reibung und Hochgeschwindigkeitsleistung [&hellip;]","og_url":"https:\/\/www.systemseals.com\/de\/products\/282-kolbendichtung-einfachwirkend-hd-energizer\/","og_site_name":"System Seals - Top Manufacturer for Reliable Seals","article_modified_time":"2026-04-15T09:03:13+00:00","og_image":[{"width":782,"height":852,"url":"https:\/\/www.systemseals.com\/wp-content\/uploads\/2026\/02\/FF-P82.jpg","type":"image\/jpeg"}],"twitter_card":"summary_large_image","schema":{"@context":"https:\/\/schema.org","@graph":[{"@type":"WebPage","@id":"https:\/\/www.systemseals.com\/de\/products\/282-kolbendichtung-einfachwirkend-hd-energizer\/","url":"https:\/\/www.systemseals.com\/de\/products\/282-kolbendichtung-einfachwirkend-hd-energizer\/","name":"282 Kolbendichtung - Einfachwirkend - HD Energizer - System Seals - Top Manufacturer for Reliable Seals","isPartOf":{"@id":"https:\/\/www.systemseals.com\/de\/#website"},"primaryImageOfPage":{"@id":"https:\/\/www.systemseals.com\/de\/products\/282-kolbendichtung-einfachwirkend-hd-energizer\/#primaryimage"},"image":{"@id":"https:\/\/www.systemseals.com\/de\/products\/282-kolbendichtung-einfachwirkend-hd-energizer\/#primaryimage"},"thumbnailUrl":"https:\/\/www.systemseals.com\/wp-content\/uploads\/2026\/02\/FF-P82.jpg","datePublished":"2026-02-21T22:47:45+00:00","dateModified":"2026-04-15T09:03:13+00:00","breadcrumb":{"@id":"https:\/\/www.systemseals.com\/de\/products\/282-kolbendichtung-einfachwirkend-hd-energizer\/#breadcrumb"},"inLanguage":"de","potentialAction":[{"@type":"ReadAction","target":["https:\/\/www.systemseals.com\/de\/products\/282-kolbendichtung-einfachwirkend-hd-energizer\/"]}]},{"@type":"ImageObject","inLanguage":"de","@id":"https:\/\/www.systemseals.com\/de\/products\/282-kolbendichtung-einfachwirkend-hd-energizer\/#primaryimage","url":"https:\/\/www.systemseals.com\/wp-content\/uploads\/2026\/02\/FF-P82.jpg","contentUrl":"https:\/\/www.systemseals.com\/wp-content\/uploads\/2026\/02\/FF-P82.jpg","width":782,"height":852},{"@type":"BreadcrumbList","@id":"https:\/\/www.systemseals.com\/de\/products\/282-kolbendichtung-einfachwirkend-hd-energizer\/#breadcrumb","itemListElement":[{"@type":"ListItem","position":1,"name":"Home","item":"https:\/\/www.systemseals.com\/de\/home\/"},{"@type":"ListItem","position":2,"name":"Products","item":"https:\/\/www.systemseals.com\/de\/products\/"},{"@type":"ListItem","position":3,"name":"282 Kolbendichtung &#8211; Einfachwirkend &#8211; HD Energizer"}]},{"@type":"WebSite","@id":"https:\/\/www.systemseals.com\/de\/#website","url":"https:\/\/www.systemseals.com\/de\/","name":"System Seals - Top Manufacturer for Reliable Seals","description":"","potentialAction":[{"@type":"SearchAction","target":{"@type":"EntryPoint","urlTemplate":"https:\/\/www.systemseals.com\/de\/?s={search_term_string}"},"query-input":{"@type":"PropertyValueSpecification","valueRequired":true,"valueName":"search_term_string"}}],"inLanguage":"de"}]}},"_links":{"self":[{"href":"https:\/\/www.systemseals.com\/de\/wp-json\/wp\/v2\/product\/3389","targetHints":{"allow":["GET"]}}],"collection":[{"href":"https:\/\/www.systemseals.com\/de\/wp-json\/wp\/v2\/product"}],"about":[{"href":"https:\/\/www.systemseals.com\/de\/wp-json\/wp\/v2\/types\/product"}],"author":[{"embeddable":true,"href":"https:\/\/www.systemseals.com\/de\/wp-json\/wp\/v2\/users\/4"}],"version-history":[{"count":3,"href":"https:\/\/www.systemseals.com\/de\/wp-json\/wp\/v2\/product\/3389\/revisions"}],"predecessor-version":[{"id":3797,"href":"https:\/\/www.systemseals.com\/de\/wp-json\/wp\/v2\/product\/3389\/revisions\/3797"}],"wp:featuredmedia":[{"embeddable":true,"href":"https:\/\/www.systemseals.com\/de\/wp-json\/wp\/v2\/media\/3388"}],"wp:attachment":[{"href":"https:\/\/www.systemseals.com\/de\/wp-json\/wp\/v2\/media?parent=3389"}],"wp:term":[{"taxonomy":"product_category","embeddable":true,"href":"https:\/\/www.systemseals.com\/de\/wp-json\/wp\/v2\/product_category?post=3389"},{"taxonomy":"product_industry","embeddable":true,"href":"https:\/\/www.systemseals.com\/de\/wp-json\/wp\/v2\/product_industry?post=3389"},{"taxonomy":"product_material","embeddable":true,"href":"https:\/\/www.systemseals.com\/de\/wp-json\/wp\/v2\/product_material?post=3389"}],"curies":[{"name":"wp","href":"https:\/\/api.w.org\/{rel}","templated":true}]}}