{"id":3376,"date":"2026-02-21T22:59:11","date_gmt":"2026-02-21T22:59:11","guid":{"rendered":"https:\/\/www.systemseals.com\/products\/281-kolbendichtung-einfachwirkend-or-energizer\/"},"modified":"2026-04-15T08:58:26","modified_gmt":"2026-04-15T08:58:26","slug":"281-kolbendichtung-einfachwirkend-or-energizer","status":"publish","type":"product","link":"https:\/\/www.systemseals.com\/de\/products\/281-kolbendichtung-einfachwirkend-or-energizer\/","title":{"rendered":"281 Kolbendichtung &#8211; Einfachwirkend &#8211; OR Energizer"},"content":{"rendered":"<section id=\"block_90b3c928f54cfdb35756f555245456bd\" class=\"section-intro py-12 md:py-24 on-white\">\r\n  <div class=\"anchor\" id=\"\"><\/div>\r\n  <div class=\"column-main\">\r\n    <div class=\"w-full flex flex-col justify-between  gap-4 md:flex-row md:gap-8\">\r\n              <div class=\" flex flex-col gap-6\">\r\n                      <p class=\"body-lg font-bold pre-dot\">281 Serie<\/p>\r\n                            <\/div>\r\n            <div class=\"w-full max-w-[900px]\">\r\n        <div class=\"flex flex-col gap-6 \">\r\n                                <div class=\"prose flex flex-col gap-6\">\r\n              <h3>Die einfachwirkende Kolbendichtung der Serie 281 ist ein reibungsarmes Design, das aus einer PTFE-gef\u00fcllten Dichtung und einem O-Ring-Energizer besteht. Sie wurde f\u00fcr einfachwirkende Zylinder in anspruchsvollen Anwendungen entwickelt, bei denen geringe Reibung und hohe Verschlei\u00dffestigkeit erforderlich sind. <\/h3>\n            <\/div>\r\n                            <\/div>\r\n      <\/div>\r\n          <\/div>\r\n  <\/div>\r\n<\/section>\r\n<section id=\"block_0aeb83d995561c13663a7b25c14f0fc6\" class=\"product-subsections py-12 md:py-24 on-white\">\r\n  <div class=\"anchor\" id=\"\"><\/div>\r\n      <div class=\"column-main\">\r\n      <div class=\"flex flex-col justify-between md:flex-row gap-4 md:gap-8\">\r\n        <div class=\"hidden md:flex flex-col gap-6\">\r\n          &nbsp; <!-- spacer -->\r\n        <\/div>\r\n\r\n        <div class=\"w-full max-w-[900px] flex flex-col gap-12 md:gap-24\">\r\n          \r\n            \r\n          \r\n                          <div class=\"text-table-group\" id=\"text-table-2-block_0aeb83d995561c13663a7b25c14f0fc6\">\r\n                <div class=\"flex flex-col justify-between md:flex-row gap-8\">\r\n                  <div class=\"w-full md:max-w-[300px] flex flex-col gap-6\">\r\n                                          <h2 class=\"body-lg font-bold leading-[1.33em]\"> Material Reihen <\/h2>\r\n                                      <\/div>\r\n                  <div class=\"w-full md:max-w-[558px] flex flex-col\">\r\n                                          <div class=\"prose flex flex-col gap-6\"> <p>Die ma\u00dfgeschneiderten PTFE-gef\u00fcllten Compounds von System Seal bieten extrem niedrige Reibung und Hochgeschwindigkeitsleistung bei minimalem Verschlei\u00df. Die Standardmischungen sind PTFE gef\u00fcllt mit Bronze oder PTFE gef\u00fcllt mit Glas-Molybd\u00e4n. Der Temperaturbereich der Dichtung kann durch die Wahl eines FPM-Energizers anstelle des Standard-NBR-Energizers erweitert werden.  <\/p>\n <\/div>\r\n                                                              <table class=\"table-auto\">\r\n                                                  <tr>\r\n                                                                                          <td class=\"body-lg font-medium leading-[1.33em]\">PTFE-Bronze-Verbindung + NBR-Energiequelle<\/td>\r\n                                                              <td class=\"body-lg font-medium leading-[1.33em]\">MT23<\/td>\r\n                                                                                    <\/tr>\r\n                                                  <tr>\r\n                                                                                          <td class=\"body-lg font-medium leading-[1.33em]\">PTFE-Bronze-Verbindung + FPM-Energiequelle<\/td>\r\n                                                              <td class=\"body-lg font-medium leading-[1.33em]\">MT26<\/td>\r\n                                                                                    <\/tr>\r\n                                                  <tr>\r\n                                                                                          <td class=\"body-lg font-medium leading-[1.33em]\">PTFE-Glas\/MoS2-Verbindung + NBR-Energiespender<\/td>\r\n                                                              <td class=\"body-lg font-medium leading-[1.33em]\">MT83<\/td>\r\n                                                                                    <\/tr>\r\n                                                  <tr>\r\n                                                                                          <td class=\"body-lg font-medium leading-[1.33em]\">PTFE-Glas\/MoS2-Verbindung + FPM-Energisator<\/td>\r\n                                                              <td class=\"body-lg font-medium leading-[1.33em]\">MT86<\/td>\r\n                                                                                    <\/tr>\r\n                                              <\/table>\r\n                                      <\/div>\r\n                <\/div>\r\n              <\/div>\r\n\r\n            \r\n          \r\n            \r\n                  <\/div>\r\n\r\n      <\/div>\r\n    <\/div>\r\n  <\/section><section id=\"block_074a5c376ef4f12d6cd49b7bfa80a072\" class=\"section-intro py-12 md:py-24 on-white\">\r\n  <div class=\"anchor\" id=\"\"><\/div>\r\n  <div class=\"column-main\">\r\n    <div class=\"w-full flex flex-col justify-between  gap-4 md:flex-row md:gap-8\">\r\n              <div class=\" flex flex-col gap-6\">\r\n                      <p class=\"body-lg font-bold pre-dot\">CAD-Dateien<\/p>\r\n                            <\/div>\r\n            <div class=\"w-full max-w-[900px]\">\r\n        <div class=\"flex flex-col gap-6 \">\r\n                                <div class=\"prose flex flex-col gap-6\">\r\n              <h2>Engineering File Downloads<\/h2>\n<article class=\"text-token-text-primary w-full focus:outline-none [--shadow-height:45px] has-data-writing-block:pointer-events-none has-data-writing-block:-mt-(--shadow-height) has-data-writing-block:pt-(--shadow-height) [&amp;:has([data-writing-block])&gt;*]:pointer-events-auto scroll-mt-[calc(var(--header-height)+min(200px,max(70px,20svh)))]\" dir=\"auto\" tabindex=\"-1\" data-turn-id=\"request-WEB:50330a9f-d040-4b92-b3dd-1e0f93314bb6-2\" data-testid=\"conversation-turn-6\" data-scroll-anchor=\"true\" data-turn=\"assistant\">\n<div class=\"text-base my-auto mx-auto pb-10 [--thread-content-margin:var(--thread-content-margin-xs,calc(var(--spacing)*4))] @w-sm\/main:[--thread-content-margin:var(--thread-content-margin-sm,calc(var(--spacing)*6))] @w-lg\/main:[--thread-content-margin:var(--thread-content-margin-lg,calc(var(--spacing)*16))] px-(--thread-content-margin)\">\n<div class=\"[--thread-content-max-width:40rem] @w-lg\/main:[--thread-content-max-width:48rem] mx-auto max-w-(--thread-content-max-width) flex-1 group\/turn-messages focus-visible:outline-hidden relative flex w-full min-w-0 flex-col agent-turn\" tabindex=\"-1\">\n<div class=\"flex max-w-full flex-col gap-4 grow\">\n<div class=\"min-h-8 text-message relative flex w-full flex-col items-end gap-2 text-start break-words whitespace-normal [.text-message+&amp;]:mt-1\" dir=\"auto\" data-message-author-role=\"assistant\" data-message-id=\"8583149a-868c-4ebb-b202-0ca6884a6d7f\" data-message-model-slug=\"gpt-5-3\">\n<div class=\"flex w-full flex-col gap-1 empty:hidden\">\n<div class=\"markdown prose dark:prose-invert w-full wrap-break-word dark markdown-new-styling\">\n<p data-start=\"0\" data-end=\"304\" data-is-last-node=\"\" data-is-only-node=\"\">Laden Sie CAD-Dateien f\u00fcr unsere Dichtungsl\u00f6sungen herunter, um die Konstruktion und das Produktdesign zu optimieren. Unsere technischen Zeichnungen erm\u00f6glichen es Ingenieuren, Dichtungsgeometrien schnell in ihre Baugruppen zu integrieren. <\/p>\n<\/div>\n<\/div>\n<\/div>\n<\/div>\n<\/div>\n<\/div>\n<div class=\"body-md leading-[1.25em] font-semibold\">CAD-Datei anzeigen<\/div>\n<\/article>\n<div class=\"flex flex-col md:flex-row\" style=\"gap: 64px;\">\n<div class=\"w-full\">\n<ul>\n<li><a href=\"https:\/\/systemseals-embedded.partcommunity.com\/3d-cad-models\/p81-imperial-standard-duty-piston-seal-series-281-imperial-system-seals?info=systemseals%2Fhydraulic_seals%2Fpiston_seals%2Fp81_i_asmtab.prj&amp;cwid=8089\" target=\"_blank\" rel=\"noopener\">CAD in Imperial<\/a><\/li>\n<li><a href=\"https:\/\/systemseals-embedded.partcommunity.com\/3d-cad-models\/?info=systemseals\/hydraulic_seals\/piston_seals\/p81_m_asmtab.prj\" target=\"_blank\" rel=\"noopener\">CAD in Metrisch<\/a><\/li>\n<\/ul>\n<\/div>\n<\/div>\n            <\/div>\r\n                            <\/div>\r\n      <\/div>\r\n          <\/div>\r\n  <\/div>\r\n<\/section><section id=\"block_bf7d8758cf6abc3f32508bdd870fd066\" class=\"section-intro py-12 md:py-24 on-white\">\r\n  <div class=\"anchor\" id=\"\"><\/div>\r\n  <div class=\"column-main\">\r\n    <div class=\"w-full flex flex-col justify-between  gap-4 md:flex-row md:gap-8\">\r\n              <div class=\" flex flex-col gap-6\">\r\n                      <p class=\"body-lg font-bold pre-dot\">Entwickelte Leistung<\/p>\r\n                            <\/div>\r\n            <div class=\"w-full max-w-[900px]\">\r\n        <div class=\"flex flex-col gap-6 \">\r\n                                <div class=\"prose flex flex-col gap-6\">\r\n              <h2>Gebaut f\u00fcr Leistung<\/h2>\n<p>Die einfachwirkende Kolbendichtung der Serie 281 ist ideal f\u00fcr Hochdruck-Dichtungsanwendungen und bietet eine reibungsarme Leistung und einen einfachwirkenden Betrieb.<\/p>\n<div class=\"flex flex-col md:flex-row\" style=\"gap: 64px;\">\n<div class=\"w-full\">\n<div class=\"body-md leading-[1.25em] font-semibold\">Leistungen<\/div>\n<ul>\n<li>Hochtemperaturbest\u00e4ndigkeit<\/li>\n<li>Geringer Verschlei\u00df<\/li>\n<li>Extrusionsfest<\/li>\n<li>Kompatibel mit einer breiten Palette von Medien<\/li>\n<li>Verf\u00fcgbar in Durchmessern bis zu 2100mm<\/li>\n<\/ul>\n<\/div>\n<div class=\"w-full\">\n<div class=\"body-md leading-[1.25em] font-semibold\">Anwendungen<\/div>\n<ul>\n<li>Walzwerke<\/li>\n<li>Spritzgie\u00dfmaschinen<\/li>\n<li>Landwirtschaftshydraulik<\/li>\n<li>Hydraulische Pressen<\/li>\n<li>Mobilhydraulik<\/li>\n<\/ul>\n<\/div>\n<\/div>\n            <\/div>\r\n                            <\/div>\r\n      <\/div>\r\n          <\/div>\r\n  <\/div>\r\n<\/section><section id=\"block_f0ee3e9544b431320398ea0178540aa5\" class=\"full-width-media \">\r\n  <div class=\"anchor\" id=\"\"><\/div>\r\n      <div class=\"media-wrapper\">\r\n      <img src=\"https:\/\/www.systemseals.com\/wp-content\/uploads\/2026\/02\/product-full-width-1-scaled.png\" alt=\"\" class=\"w-full h-auto block\">\r\n    <\/div>\r\n  <\/section><section id=\"block_ae06e9b8c5a860a4e892b889faf6371e\" class=\"title-on-blue py-24 md:py-[198px] bg-prussian-blue\">\r\n  <div class=\"anchor\" id=\"\"><\/div>\r\n  <div class=\"column-main\">\r\n    <h3 class=\"max-w-[900px] mx-auto text-flash-white text-center\">\r\n        Entwickelt f\u00fcr Flexibilit\u00e4t bei Materialien, Gr\u00f6\u00dfen und Leistungsanforderungen. Standard- und kundenspezifische Durchmesser gew\u00e4hrleisten eine optimale Integration in Ihr System.     <\/h3>\r\n  <\/div>\r\n<\/section><div class=\"default-content container column-main\">\n<p><\/p>\n<\/div>","protected":false},"excerpt":{"rendered":"<p>281 Serie Die einfachwirkende Kolbendichtung der Serie 281 ist ein reibungsarmes Design, das aus einer PTFE-gef\u00fcllten Dichtung und einem O-Ring-Energizer besteht. Sie wurde f\u00fcr einfachwirkende Zylinder in anspruchsvollen Anwendungen entwickelt, bei denen geringe Reibung und hohe Verschlei\u00dffestigkeit erforderlich sind. &nbsp; Material Reihen Die ma\u00dfgeschneiderten PTFE-gef\u00fcllten Compounds von System Seal bieten extrem niedrige Reibung und Hochgeschwindigkeitsleistung [&hellip;]<\/p>\n","protected":false},"author":4,"featured_media":3270,"template":"","meta":{"_acf_changed":false,"footnotes":""},"product_category":[3],"product_industry":[12,11],"product_material":[],"class_list":["post-3376","product","type-product","status-publish","has-post-thumbnail","hentry","product_category-piston-seals","product_industry-industrial","product_industry-oil-gas"],"acf":[],"yoast_head":"<!-- This site is optimized with the Yoast SEO plugin v27.4 - https:\/\/yoast.com\/product\/yoast-seo-wordpress\/ -->\n<title>281 Kolbendichtung - Einfachwirkend - OR Energizer - System Seals - Top Manufacturer for Reliable Seals<\/title>\n<meta name=\"robots\" content=\"index, follow, max-snippet:-1, max-image-preview:large, max-video-preview:-1\" \/>\n<link rel=\"canonical\" href=\"https:\/\/www.systemseals.com\/de\/products\/281-kolbendichtung-einfachwirkend-or-energizer\/\" \/>\n<meta property=\"og:locale\" content=\"de_DE\" \/>\n<meta property=\"og:type\" content=\"article\" \/>\n<meta property=\"og:title\" content=\"281 Kolbendichtung - Einfachwirkend - OR Energizer - System Seals - Top Manufacturer for Reliable Seals\" \/>\n<meta property=\"og:description\" content=\"281 Serie Die einfachwirkende Kolbendichtung der Serie 281 ist ein reibungsarmes Design, das aus einer PTFE-gef\u00fcllten Dichtung und einem O-Ring-Energizer besteht. Sie wurde f\u00fcr einfachwirkende Zylinder in anspruchsvollen Anwendungen entwickelt, bei denen geringe Reibung und hohe Verschlei\u00dffestigkeit erforderlich sind. &nbsp; Material Reihen Die ma\u00dfgeschneiderten PTFE-gef\u00fcllten Compounds von System Seal bieten extrem niedrige Reibung und Hochgeschwindigkeitsleistung [&hellip;]\" \/>\n<meta property=\"og:url\" content=\"https:\/\/www.systemseals.com\/de\/products\/281-kolbendichtung-einfachwirkend-or-energizer\/\" \/>\n<meta property=\"og:site_name\" content=\"System Seals - Top Manufacturer for Reliable Seals\" \/>\n<meta property=\"article:modified_time\" content=\"2026-04-15T08:58:26+00:00\" \/>\n<meta property=\"og:image\" content=\"https:\/\/www.systemseals.com\/wp-content\/uploads\/2026\/02\/F-P81.jpg\" \/>\n\t<meta property=\"og:image:width\" content=\"741\" \/>\n\t<meta property=\"og:image:height\" content=\"791\" \/>\n\t<meta property=\"og:image:type\" content=\"image\/jpeg\" \/>\n<meta name=\"twitter:card\" content=\"summary_large_image\" \/>\n<script type=\"application\/ld+json\" class=\"yoast-schema-graph\">{\"@context\":\"https:\\\/\\\/schema.org\",\"@graph\":[{\"@type\":\"WebPage\",\"@id\":\"https:\\\/\\\/www.systemseals.com\\\/de\\\/products\\\/281-kolbendichtung-einfachwirkend-or-energizer\\\/\",\"url\":\"https:\\\/\\\/www.systemseals.com\\\/de\\\/products\\\/281-kolbendichtung-einfachwirkend-or-energizer\\\/\",\"name\":\"281 Kolbendichtung - Einfachwirkend - OR Energizer - System Seals - Top Manufacturer for Reliable Seals\",\"isPartOf\":{\"@id\":\"https:\\\/\\\/www.systemseals.com\\\/de\\\/#website\"},\"primaryImageOfPage\":{\"@id\":\"https:\\\/\\\/www.systemseals.com\\\/de\\\/products\\\/281-kolbendichtung-einfachwirkend-or-energizer\\\/#primaryimage\"},\"image\":{\"@id\":\"https:\\\/\\\/www.systemseals.com\\\/de\\\/products\\\/281-kolbendichtung-einfachwirkend-or-energizer\\\/#primaryimage\"},\"thumbnailUrl\":\"https:\\\/\\\/www.systemseals.com\\\/wp-content\\\/uploads\\\/2026\\\/02\\\/F-P81.jpg\",\"datePublished\":\"2026-02-21T22:59:11+00:00\",\"dateModified\":\"2026-04-15T08:58:26+00:00\",\"breadcrumb\":{\"@id\":\"https:\\\/\\\/www.systemseals.com\\\/de\\\/products\\\/281-kolbendichtung-einfachwirkend-or-energizer\\\/#breadcrumb\"},\"inLanguage\":\"de\",\"potentialAction\":[{\"@type\":\"ReadAction\",\"target\":[\"https:\\\/\\\/www.systemseals.com\\\/de\\\/products\\\/281-kolbendichtung-einfachwirkend-or-energizer\\\/\"]}]},{\"@type\":\"ImageObject\",\"inLanguage\":\"de\",\"@id\":\"https:\\\/\\\/www.systemseals.com\\\/de\\\/products\\\/281-kolbendichtung-einfachwirkend-or-energizer\\\/#primaryimage\",\"url\":\"https:\\\/\\\/www.systemseals.com\\\/wp-content\\\/uploads\\\/2026\\\/02\\\/F-P81.jpg\",\"contentUrl\":\"https:\\\/\\\/www.systemseals.com\\\/wp-content\\\/uploads\\\/2026\\\/02\\\/F-P81.jpg\",\"width\":741,\"height\":791},{\"@type\":\"BreadcrumbList\",\"@id\":\"https:\\\/\\\/www.systemseals.com\\\/de\\\/products\\\/281-kolbendichtung-einfachwirkend-or-energizer\\\/#breadcrumb\",\"itemListElement\":[{\"@type\":\"ListItem\",\"position\":1,\"name\":\"Home\",\"item\":\"https:\\\/\\\/www.systemseals.com\\\/de\\\/home\\\/\"},{\"@type\":\"ListItem\",\"position\":2,\"name\":\"Products\",\"item\":\"https:\\\/\\\/www.systemseals.com\\\/de\\\/products\\\/\"},{\"@type\":\"ListItem\",\"position\":3,\"name\":\"281 Kolbendichtung &#8211; Einfachwirkend &#8211; OR Energizer\"}]},{\"@type\":\"WebSite\",\"@id\":\"https:\\\/\\\/www.systemseals.com\\\/de\\\/#website\",\"url\":\"https:\\\/\\\/www.systemseals.com\\\/de\\\/\",\"name\":\"System Seals - Top Manufacturer for Reliable Seals\",\"description\":\"\",\"potentialAction\":[{\"@type\":\"SearchAction\",\"target\":{\"@type\":\"EntryPoint\",\"urlTemplate\":\"https:\\\/\\\/www.systemseals.com\\\/de\\\/?s={search_term_string}\"},\"query-input\":{\"@type\":\"PropertyValueSpecification\",\"valueRequired\":true,\"valueName\":\"search_term_string\"}}],\"inLanguage\":\"de\"}]}<\/script>\n<!-- \/ Yoast SEO plugin. -->","yoast_head_json":{"title":"281 Kolbendichtung - Einfachwirkend - OR Energizer - System Seals - Top Manufacturer for Reliable Seals","robots":{"index":"index","follow":"follow","max-snippet":"max-snippet:-1","max-image-preview":"max-image-preview:large","max-video-preview":"max-video-preview:-1"},"canonical":"https:\/\/www.systemseals.com\/de\/products\/281-kolbendichtung-einfachwirkend-or-energizer\/","og_locale":"de_DE","og_type":"article","og_title":"281 Kolbendichtung - Einfachwirkend - OR Energizer - System Seals - Top Manufacturer for Reliable Seals","og_description":"281 Serie Die einfachwirkende Kolbendichtung der Serie 281 ist ein reibungsarmes Design, das aus einer PTFE-gef\u00fcllten Dichtung und einem O-Ring-Energizer besteht. Sie wurde f\u00fcr einfachwirkende Zylinder in anspruchsvollen Anwendungen entwickelt, bei denen geringe Reibung und hohe Verschlei\u00dffestigkeit erforderlich sind. &nbsp; Material Reihen Die ma\u00dfgeschneiderten PTFE-gef\u00fcllten Compounds von System Seal bieten extrem niedrige Reibung und Hochgeschwindigkeitsleistung [&hellip;]","og_url":"https:\/\/www.systemseals.com\/de\/products\/281-kolbendichtung-einfachwirkend-or-energizer\/","og_site_name":"System Seals - Top Manufacturer for Reliable Seals","article_modified_time":"2026-04-15T08:58:26+00:00","og_image":[{"width":741,"height":791,"url":"https:\/\/www.systemseals.com\/wp-content\/uploads\/2026\/02\/F-P81.jpg","type":"image\/jpeg"}],"twitter_card":"summary_large_image","schema":{"@context":"https:\/\/schema.org","@graph":[{"@type":"WebPage","@id":"https:\/\/www.systemseals.com\/de\/products\/281-kolbendichtung-einfachwirkend-or-energizer\/","url":"https:\/\/www.systemseals.com\/de\/products\/281-kolbendichtung-einfachwirkend-or-energizer\/","name":"281 Kolbendichtung - Einfachwirkend - OR Energizer - System Seals - Top Manufacturer for Reliable Seals","isPartOf":{"@id":"https:\/\/www.systemseals.com\/de\/#website"},"primaryImageOfPage":{"@id":"https:\/\/www.systemseals.com\/de\/products\/281-kolbendichtung-einfachwirkend-or-energizer\/#primaryimage"},"image":{"@id":"https:\/\/www.systemseals.com\/de\/products\/281-kolbendichtung-einfachwirkend-or-energizer\/#primaryimage"},"thumbnailUrl":"https:\/\/www.systemseals.com\/wp-content\/uploads\/2026\/02\/F-P81.jpg","datePublished":"2026-02-21T22:59:11+00:00","dateModified":"2026-04-15T08:58:26+00:00","breadcrumb":{"@id":"https:\/\/www.systemseals.com\/de\/products\/281-kolbendichtung-einfachwirkend-or-energizer\/#breadcrumb"},"inLanguage":"de","potentialAction":[{"@type":"ReadAction","target":["https:\/\/www.systemseals.com\/de\/products\/281-kolbendichtung-einfachwirkend-or-energizer\/"]}]},{"@type":"ImageObject","inLanguage":"de","@id":"https:\/\/www.systemseals.com\/de\/products\/281-kolbendichtung-einfachwirkend-or-energizer\/#primaryimage","url":"https:\/\/www.systemseals.com\/wp-content\/uploads\/2026\/02\/F-P81.jpg","contentUrl":"https:\/\/www.systemseals.com\/wp-content\/uploads\/2026\/02\/F-P81.jpg","width":741,"height":791},{"@type":"BreadcrumbList","@id":"https:\/\/www.systemseals.com\/de\/products\/281-kolbendichtung-einfachwirkend-or-energizer\/#breadcrumb","itemListElement":[{"@type":"ListItem","position":1,"name":"Home","item":"https:\/\/www.systemseals.com\/de\/home\/"},{"@type":"ListItem","position":2,"name":"Products","item":"https:\/\/www.systemseals.com\/de\/products\/"},{"@type":"ListItem","position":3,"name":"281 Kolbendichtung &#8211; Einfachwirkend &#8211; OR Energizer"}]},{"@type":"WebSite","@id":"https:\/\/www.systemseals.com\/de\/#website","url":"https:\/\/www.systemseals.com\/de\/","name":"System Seals - Top Manufacturer for Reliable Seals","description":"","potentialAction":[{"@type":"SearchAction","target":{"@type":"EntryPoint","urlTemplate":"https:\/\/www.systemseals.com\/de\/?s={search_term_string}"},"query-input":{"@type":"PropertyValueSpecification","valueRequired":true,"valueName":"search_term_string"}}],"inLanguage":"de"}]}},"_links":{"self":[{"href":"https:\/\/www.systemseals.com\/de\/wp-json\/wp\/v2\/product\/3376","targetHints":{"allow":["GET"]}}],"collection":[{"href":"https:\/\/www.systemseals.com\/de\/wp-json\/wp\/v2\/product"}],"about":[{"href":"https:\/\/www.systemseals.com\/de\/wp-json\/wp\/v2\/types\/product"}],"author":[{"embeddable":true,"href":"https:\/\/www.systemseals.com\/de\/wp-json\/wp\/v2\/users\/4"}],"version-history":[{"count":3,"href":"https:\/\/www.systemseals.com\/de\/wp-json\/wp\/v2\/product\/3376\/revisions"}],"predecessor-version":[{"id":3793,"href":"https:\/\/www.systemseals.com\/de\/wp-json\/wp\/v2\/product\/3376\/revisions\/3793"}],"wp:featuredmedia":[{"embeddable":true,"href":"https:\/\/www.systemseals.com\/de\/wp-json\/wp\/v2\/media\/3270"}],"wp:attachment":[{"href":"https:\/\/www.systemseals.com\/de\/wp-json\/wp\/v2\/media?parent=3376"}],"wp:term":[{"taxonomy":"product_category","embeddable":true,"href":"https:\/\/www.systemseals.com\/de\/wp-json\/wp\/v2\/product_category?post=3376"},{"taxonomy":"product_industry","embeddable":true,"href":"https:\/\/www.systemseals.com\/de\/wp-json\/wp\/v2\/product_industry?post=3376"},{"taxonomy":"product_material","embeddable":true,"href":"https:\/\/www.systemseals.com\/de\/wp-json\/wp\/v2\/product_material?post=3376"}],"curies":[{"name":"wp","href":"https:\/\/api.w.org\/{rel}","templated":true}]}}