{"id":3309,"date":"2026-02-21T23:43:26","date_gmt":"2026-02-21T23:43:26","guid":{"rendered":"https:\/\/www.systemseals.com\/products\/135-stangendichtung-u-cup-asymmetrischer-ae-ring\/"},"modified":"2026-04-15T08:30:11","modified_gmt":"2026-04-15T08:30:11","slug":"135-stangendichtung-u-cup-asymmetrischer-ae-ring","status":"publish","type":"product","link":"https:\/\/www.systemseals.com\/de\/products\/135-stangendichtung-u-cup-asymmetrischer-ae-ring\/","title":{"rendered":"135 Stangendichtung U-Cup &#8211; Asymmetrischer-AE Ring"},"content":{"rendered":"<section id=\"block_6b8965f9d5ccf51671104449a8fd3c12\" class=\"section-intro py-12 md:py-24 on-white\">\r\n  <div class=\"anchor\" id=\"\"><\/div>\r\n  <div class=\"column-main\">\r\n    <div class=\"w-full flex flex-col justify-between  gap-4 md:flex-row md:gap-8\">\r\n              <div class=\" flex flex-col gap-6\">\r\n                      <p class=\"body-lg font-bold pre-dot\">Serie 135<\/p>\r\n                            <\/div>\r\n            <div class=\"w-full max-w-[900px]\">\r\n        <div class=\"flex flex-col gap-6 \">\r\n                                <div class=\"prose flex flex-col gap-6\">\r\n              <h3>Die Nutringdichtung der Serie 135 wird in der Regel bei Anwendungen mit hohem Durchgang als Prim\u00e4rdichtung verwendet und funktioniert gut bei mittleren bis hohen Dr\u00fccken. Sie ist eine beliebte Wahl als Ersatz f\u00fcr V-Packungss\u00e4tze. <\/h3>\n            <\/div>\r\n                            <\/div>\r\n      <\/div>\r\n          <\/div>\r\n  <\/div>\r\n<\/section>\r\n<section id=\"block_ee122291983fae0b2a461f2d588bf553\" class=\"product-subsections py-12 md:py-24 on-white\">\r\n  <div class=\"anchor\" id=\"\"><\/div>\r\n      <div class=\"column-main\">\r\n      <div class=\"flex flex-col justify-between md:flex-row gap-4 md:gap-8\">\r\n        <div class=\"hidden md:flex flex-col gap-6\">\r\n          &nbsp; <!-- spacer -->\r\n        <\/div>\r\n\r\n        <div class=\"w-full max-w-[900px] flex flex-col gap-12 md:gap-24\">\r\n          \r\n            \r\n          \r\n                          <div class=\"text-table-group\" id=\"text-table-2-block_ee122291983fae0b2a461f2d588bf553\">\r\n                <div class=\"flex flex-col justify-between md:flex-row gap-8\">\r\n                  <div class=\"w-full md:max-w-[300px] flex flex-col gap-6\">\r\n                                          <h2 class=\"body-lg font-bold leading-[1.33em]\"> Material Reihen <\/h2>\r\n                                      <\/div>\r\n                  <div class=\"w-full md:max-w-[558px] flex flex-col\">\r\n                                          <div class=\"prose flex flex-col gap-6\"> <p>Die Stangendichtung der Serie 135 besteht aus hochwertigem Polyurethan. Das Standardmaterial ist MP03 bearbeitetes H-PU, erh\u00e4ltlich bis zu einem Durchmesser von 2100 mm. Um einer Vielzahl von Anwendungen gerecht zu werden, ist die Serie auch in NBR, H-NBR, EPDM und hochtemperaturbest\u00e4ndigem FPM erh\u00e4ltlich. Zu den St\u00fctzringmaterialien geh\u00f6ren POM, PTFE mit Bronzef\u00fcllung und PEEK.   <\/p>\n <\/div>\r\n                                                              <table class=\"table-auto\">\r\n                                                  <tr>\r\n                                                                                          <td class=\"body-lg font-medium leading-[1.33em]\">Polyurethan H-PU \/ POM<\/td>\r\n                                                              <td class=\"body-lg font-medium leading-[1.33em]\">MP30<\/td>\r\n                                                                                    <\/tr>\r\n                                                  <tr>\r\n                                                                                          <td class=\"body-lg font-medium leading-[1.33em]\">Hydriertes NBR-PTFE\/Bz<\/td>\r\n                                                              <td class=\"body-lg font-medium leading-[1.33em]\">MN32<\/td>\r\n                                                                                    <\/tr>\r\n                                              <\/table>\r\n                                      <\/div>\r\n                <\/div>\r\n              <\/div>\r\n\r\n            \r\n          \r\n            \r\n                  <\/div>\r\n\r\n      <\/div>\r\n    <\/div>\r\n  <\/section><section id=\"block_8665f89d7a24de9b2922004c96f1a461\" class=\"full-width-media \">\r\n  <div class=\"anchor\" id=\"\"><\/div>\r\n      <div class=\"media-wrapper\">\r\n      <img src=\"https:\/\/www.systemseals.com\/wp-content\/uploads\/2026\/02\/product-full-width-1-scaled.png\" alt=\"\" class=\"w-full h-auto block\">\r\n    <\/div>\r\n  <\/section><section id=\"block_1ecfbbf37f0ecce7c656e066e0783adc\" class=\"title-on-blue py-24 md:py-[198px] bg-prussian-blue\">\r\n  <div class=\"anchor\" id=\"\"><\/div>\r\n  <div class=\"column-main\">\r\n    <h3 class=\"max-w-[900px] mx-auto text-flash-white text-center\">\r\n        Entwickelt f\u00fcr Flexibilit\u00e4t bei Materialien, Gr\u00f6\u00dfen und Leistungsanforderungen. Standard- und kundenspezifische Durchmesser gew\u00e4hrleisten eine optimale Integration in Ihr System.     <\/h3>\r\n  <\/div>\r\n<\/section><section id=\"block_9561b0b35e788f7cc4a84af3f035c6c6\" class=\"section-intro py-12 md:py-24 on-white\">\r\n  <div class=\"anchor\" id=\"\"><\/div>\r\n  <div class=\"column-main\">\r\n    <div class=\"w-full flex flex-col justify-between  gap-4 md:flex-row md:gap-8\">\r\n              <div class=\" flex flex-col gap-6\">\r\n                      <p class=\"body-lg font-bold pre-dot\">Engineered Performance<\/p>\r\n                            <\/div>\r\n            <div class=\"w-full max-w-[900px]\">\r\n        <div class=\"flex flex-col gap-6 \">\r\n                                <div class=\"prose flex flex-col gap-6\">\r\n              <h2>Gebaut f\u00fcr Leistung<\/h2>\n<p>Diese Dichtungsl\u00f6sung wurde f\u00fcr anspruchsvolle Hydraulikumgebungen entwickelt und bietet zuverl\u00e4ssige Leistung unter hohem Druck, in weiten Temperaturbereichen und bei aggressiven Medien &#8211; und hilft so, die Lebensdauer zu verl\u00e4ngern und Ausfallzeiten zu reduzieren.<\/p>\n<div class=\"flex flex-col md:flex-row\" style=\"gap: 64px;\">\n<div class=\"w-full\">\n<div class=\"body-md leading-[1.25em] font-semibold\">Vorteile <\/div>\n<ul>\n<li>Speziell f\u00fcr Anwendungen mit gro\u00dfen Abst\u00e4nden entwickelt<\/li>\n<li>Hohe Druckf\u00e4higkeit und gro\u00dfer Temperaturbereich<\/li>\n<li>Ausgezeichnete Fl\u00fcssigkeitsvertr\u00e4glichkeit, einschlie\u00dflich Fl\u00fcssigkeiten auf Wasserbasis (H-PU)<\/li>\n<li>Au\u00dfergew\u00f6hnliche Abriebfestigkeit<\/li>\n<li>Hochgradig extrusionsbest\u00e4ndig<\/li>\n<li>Verf\u00fcgbar in Durchmessern bis zu 2100mm<\/li>\n<\/ul>\n<\/div>\n<div class=\"w-full\">\n<div class=\"body-md leading-[1.25em] font-semibold\">Anwendungen<\/div>\n<ul>\n<li>Stahl- und Aluminiumverarbeitung<\/li>\n<li>Bergbau<\/li>\n<li>Landwirtschaft<\/li>\n<li>Baumaschinen<\/li>\n<li>Pressen<\/li>\n<li>Spritzgie\u00dfmaschinen<\/li>\n<\/ul>\n<\/div>\n<\/div>\n            <\/div>\r\n                            <\/div>\r\n      <\/div>\r\n          <\/div>\r\n  <\/div>\r\n<\/section>","protected":false},"excerpt":{"rendered":"<p>Serie 135 Die Nutringdichtung der Serie 135 wird in der Regel bei Anwendungen mit hohem Durchgang als Prim\u00e4rdichtung verwendet und funktioniert gut bei mittleren bis hohen Dr\u00fccken. Sie ist eine beliebte Wahl als Ersatz f\u00fcr V-Packungss\u00e4tze. &nbsp; Material Reihen Die Stangendichtung der Serie 135 besteht aus hochwertigem Polyurethan. Das Standardmaterial ist MP03 bearbeitetes H-PU, erh\u00e4ltlich [&hellip;]<\/p>\n","protected":false},"author":3,"featured_media":3296,"template":"","meta":{"_acf_changed":false,"footnotes":""},"product_category":[2],"product_industry":[12,11],"product_material":[],"class_list":["post-3309","product","type-product","status-publish","has-post-thumbnail","hentry","product_category-rod-seals","product_industry-industrial","product_industry-oil-gas"],"acf":[],"yoast_head":"<!-- This site is optimized with the Yoast SEO plugin v27.4 - https:\/\/yoast.com\/product\/yoast-seo-wordpress\/ -->\n<title>135 Stangendichtung U-Cup - Asymmetrischer-AE Ring - System Seals - Top Manufacturer for Reliable Seals<\/title>\n<meta name=\"robots\" content=\"index, follow, max-snippet:-1, max-image-preview:large, max-video-preview:-1\" \/>\n<link rel=\"canonical\" href=\"https:\/\/www.systemseals.com\/de\/products\/135-stangendichtung-u-cup-asymmetrischer-ae-ring\/\" \/>\n<meta property=\"og:locale\" content=\"de_DE\" \/>\n<meta property=\"og:type\" content=\"article\" \/>\n<meta property=\"og:title\" content=\"135 Stangendichtung U-Cup - Asymmetrischer-AE Ring - System Seals - Top Manufacturer for Reliable Seals\" \/>\n<meta property=\"og:description\" content=\"Serie 135 Die Nutringdichtung der Serie 135 wird in der Regel bei Anwendungen mit hohem Durchgang als Prim\u00e4rdichtung verwendet und funktioniert gut bei mittleren bis hohen Dr\u00fccken. Sie ist eine beliebte Wahl als Ersatz f\u00fcr V-Packungss\u00e4tze. &nbsp; Material Reihen Die Stangendichtung der Serie 135 besteht aus hochwertigem Polyurethan. Das Standardmaterial ist MP03 bearbeitetes H-PU, erh\u00e4ltlich [&hellip;]\" \/>\n<meta property=\"og:url\" content=\"https:\/\/www.systemseals.com\/de\/products\/135-stangendichtung-u-cup-asymmetrischer-ae-ring\/\" \/>\n<meta property=\"og:site_name\" content=\"System Seals - Top Manufacturer for Reliable Seals\" \/>\n<meta property=\"article:modified_time\" content=\"2026-04-15T08:30:11+00:00\" \/>\n<meta property=\"og:image\" content=\"https:\/\/www.systemseals.com\/wp-content\/uploads\/2026\/02\/F-R-35.jpg\" \/>\n\t<meta property=\"og:image:width\" content=\"755\" \/>\n\t<meta property=\"og:image:height\" content=\"825\" \/>\n\t<meta property=\"og:image:type\" content=\"image\/jpeg\" \/>\n<meta name=\"twitter:card\" content=\"summary_large_image\" \/>\n<script type=\"application\/ld+json\" class=\"yoast-schema-graph\">{\"@context\":\"https:\\\/\\\/schema.org\",\"@graph\":[{\"@type\":\"WebPage\",\"@id\":\"https:\\\/\\\/www.systemseals.com\\\/de\\\/products\\\/135-stangendichtung-u-cup-asymmetrischer-ae-ring\\\/\",\"url\":\"https:\\\/\\\/www.systemseals.com\\\/de\\\/products\\\/135-stangendichtung-u-cup-asymmetrischer-ae-ring\\\/\",\"name\":\"135 Stangendichtung U-Cup - Asymmetrischer-AE Ring - System Seals - Top Manufacturer for Reliable Seals\",\"isPartOf\":{\"@id\":\"https:\\\/\\\/www.systemseals.com\\\/de\\\/#website\"},\"primaryImageOfPage\":{\"@id\":\"https:\\\/\\\/www.systemseals.com\\\/de\\\/products\\\/135-stangendichtung-u-cup-asymmetrischer-ae-ring\\\/#primaryimage\"},\"image\":{\"@id\":\"https:\\\/\\\/www.systemseals.com\\\/de\\\/products\\\/135-stangendichtung-u-cup-asymmetrischer-ae-ring\\\/#primaryimage\"},\"thumbnailUrl\":\"https:\\\/\\\/www.systemseals.com\\\/wp-content\\\/uploads\\\/2026\\\/02\\\/F-R-35.jpg\",\"datePublished\":\"2026-02-21T23:43:26+00:00\",\"dateModified\":\"2026-04-15T08:30:11+00:00\",\"breadcrumb\":{\"@id\":\"https:\\\/\\\/www.systemseals.com\\\/de\\\/products\\\/135-stangendichtung-u-cup-asymmetrischer-ae-ring\\\/#breadcrumb\"},\"inLanguage\":\"de\",\"potentialAction\":[{\"@type\":\"ReadAction\",\"target\":[\"https:\\\/\\\/www.systemseals.com\\\/de\\\/products\\\/135-stangendichtung-u-cup-asymmetrischer-ae-ring\\\/\"]}]},{\"@type\":\"ImageObject\",\"inLanguage\":\"de\",\"@id\":\"https:\\\/\\\/www.systemseals.com\\\/de\\\/products\\\/135-stangendichtung-u-cup-asymmetrischer-ae-ring\\\/#primaryimage\",\"url\":\"https:\\\/\\\/www.systemseals.com\\\/wp-content\\\/uploads\\\/2026\\\/02\\\/F-R-35.jpg\",\"contentUrl\":\"https:\\\/\\\/www.systemseals.com\\\/wp-content\\\/uploads\\\/2026\\\/02\\\/F-R-35.jpg\",\"width\":755,\"height\":825},{\"@type\":\"BreadcrumbList\",\"@id\":\"https:\\\/\\\/www.systemseals.com\\\/de\\\/products\\\/135-stangendichtung-u-cup-asymmetrischer-ae-ring\\\/#breadcrumb\",\"itemListElement\":[{\"@type\":\"ListItem\",\"position\":1,\"name\":\"Home\",\"item\":\"https:\\\/\\\/www.systemseals.com\\\/de\\\/home\\\/\"},{\"@type\":\"ListItem\",\"position\":2,\"name\":\"Products\",\"item\":\"https:\\\/\\\/www.systemseals.com\\\/de\\\/products\\\/\"},{\"@type\":\"ListItem\",\"position\":3,\"name\":\"135 Stangendichtung U-Cup &#8211; Asymmetrischer-AE Ring\"}]},{\"@type\":\"WebSite\",\"@id\":\"https:\\\/\\\/www.systemseals.com\\\/de\\\/#website\",\"url\":\"https:\\\/\\\/www.systemseals.com\\\/de\\\/\",\"name\":\"System Seals - Top Manufacturer for Reliable Seals\",\"description\":\"\",\"potentialAction\":[{\"@type\":\"SearchAction\",\"target\":{\"@type\":\"EntryPoint\",\"urlTemplate\":\"https:\\\/\\\/www.systemseals.com\\\/de\\\/?s={search_term_string}\"},\"query-input\":{\"@type\":\"PropertyValueSpecification\",\"valueRequired\":true,\"valueName\":\"search_term_string\"}}],\"inLanguage\":\"de\"}]}<\/script>\n<!-- \/ Yoast SEO plugin. -->","yoast_head_json":{"title":"135 Stangendichtung U-Cup - Asymmetrischer-AE Ring - System Seals - Top Manufacturer for Reliable Seals","robots":{"index":"index","follow":"follow","max-snippet":"max-snippet:-1","max-image-preview":"max-image-preview:large","max-video-preview":"max-video-preview:-1"},"canonical":"https:\/\/www.systemseals.com\/de\/products\/135-stangendichtung-u-cup-asymmetrischer-ae-ring\/","og_locale":"de_DE","og_type":"article","og_title":"135 Stangendichtung U-Cup - Asymmetrischer-AE Ring - System Seals - Top Manufacturer for Reliable Seals","og_description":"Serie 135 Die Nutringdichtung der Serie 135 wird in der Regel bei Anwendungen mit hohem Durchgang als Prim\u00e4rdichtung verwendet und funktioniert gut bei mittleren bis hohen Dr\u00fccken. Sie ist eine beliebte Wahl als Ersatz f\u00fcr V-Packungss\u00e4tze. &nbsp; Material Reihen Die Stangendichtung der Serie 135 besteht aus hochwertigem Polyurethan. Das Standardmaterial ist MP03 bearbeitetes H-PU, erh\u00e4ltlich [&hellip;]","og_url":"https:\/\/www.systemseals.com\/de\/products\/135-stangendichtung-u-cup-asymmetrischer-ae-ring\/","og_site_name":"System Seals - Top Manufacturer for Reliable Seals","article_modified_time":"2026-04-15T08:30:11+00:00","og_image":[{"width":755,"height":825,"url":"https:\/\/www.systemseals.com\/wp-content\/uploads\/2026\/02\/F-R-35.jpg","type":"image\/jpeg"}],"twitter_card":"summary_large_image","schema":{"@context":"https:\/\/schema.org","@graph":[{"@type":"WebPage","@id":"https:\/\/www.systemseals.com\/de\/products\/135-stangendichtung-u-cup-asymmetrischer-ae-ring\/","url":"https:\/\/www.systemseals.com\/de\/products\/135-stangendichtung-u-cup-asymmetrischer-ae-ring\/","name":"135 Stangendichtung U-Cup - Asymmetrischer-AE Ring - System Seals - Top Manufacturer for Reliable Seals","isPartOf":{"@id":"https:\/\/www.systemseals.com\/de\/#website"},"primaryImageOfPage":{"@id":"https:\/\/www.systemseals.com\/de\/products\/135-stangendichtung-u-cup-asymmetrischer-ae-ring\/#primaryimage"},"image":{"@id":"https:\/\/www.systemseals.com\/de\/products\/135-stangendichtung-u-cup-asymmetrischer-ae-ring\/#primaryimage"},"thumbnailUrl":"https:\/\/www.systemseals.com\/wp-content\/uploads\/2026\/02\/F-R-35.jpg","datePublished":"2026-02-21T23:43:26+00:00","dateModified":"2026-04-15T08:30:11+00:00","breadcrumb":{"@id":"https:\/\/www.systemseals.com\/de\/products\/135-stangendichtung-u-cup-asymmetrischer-ae-ring\/#breadcrumb"},"inLanguage":"de","potentialAction":[{"@type":"ReadAction","target":["https:\/\/www.systemseals.com\/de\/products\/135-stangendichtung-u-cup-asymmetrischer-ae-ring\/"]}]},{"@type":"ImageObject","inLanguage":"de","@id":"https:\/\/www.systemseals.com\/de\/products\/135-stangendichtung-u-cup-asymmetrischer-ae-ring\/#primaryimage","url":"https:\/\/www.systemseals.com\/wp-content\/uploads\/2026\/02\/F-R-35.jpg","contentUrl":"https:\/\/www.systemseals.com\/wp-content\/uploads\/2026\/02\/F-R-35.jpg","width":755,"height":825},{"@type":"BreadcrumbList","@id":"https:\/\/www.systemseals.com\/de\/products\/135-stangendichtung-u-cup-asymmetrischer-ae-ring\/#breadcrumb","itemListElement":[{"@type":"ListItem","position":1,"name":"Home","item":"https:\/\/www.systemseals.com\/de\/home\/"},{"@type":"ListItem","position":2,"name":"Products","item":"https:\/\/www.systemseals.com\/de\/products\/"},{"@type":"ListItem","position":3,"name":"135 Stangendichtung U-Cup &#8211; Asymmetrischer-AE Ring"}]},{"@type":"WebSite","@id":"https:\/\/www.systemseals.com\/de\/#website","url":"https:\/\/www.systemseals.com\/de\/","name":"System Seals - Top Manufacturer for Reliable Seals","description":"","potentialAction":[{"@type":"SearchAction","target":{"@type":"EntryPoint","urlTemplate":"https:\/\/www.systemseals.com\/de\/?s={search_term_string}"},"query-input":{"@type":"PropertyValueSpecification","valueRequired":true,"valueName":"search_term_string"}}],"inLanguage":"de"}]}},"_links":{"self":[{"href":"https:\/\/www.systemseals.com\/de\/wp-json\/wp\/v2\/product\/3309","targetHints":{"allow":["GET"]}}],"collection":[{"href":"https:\/\/www.systemseals.com\/de\/wp-json\/wp\/v2\/product"}],"about":[{"href":"https:\/\/www.systemseals.com\/de\/wp-json\/wp\/v2\/types\/product"}],"author":[{"embeddable":true,"href":"https:\/\/www.systemseals.com\/de\/wp-json\/wp\/v2\/users\/3"}],"version-history":[{"count":5,"href":"https:\/\/www.systemseals.com\/de\/wp-json\/wp\/v2\/product\/3309\/revisions"}],"predecessor-version":[{"id":3771,"href":"https:\/\/www.systemseals.com\/de\/wp-json\/wp\/v2\/product\/3309\/revisions\/3771"}],"wp:featuredmedia":[{"embeddable":true,"href":"https:\/\/www.systemseals.com\/de\/wp-json\/wp\/v2\/media\/3296"}],"wp:attachment":[{"href":"https:\/\/www.systemseals.com\/de\/wp-json\/wp\/v2\/media?parent=3309"}],"wp:term":[{"taxonomy":"product_category","embeddable":true,"href":"https:\/\/www.systemseals.com\/de\/wp-json\/wp\/v2\/product_category?post=3309"},{"taxonomy":"product_industry","embeddable":true,"href":"https:\/\/www.systemseals.com\/de\/wp-json\/wp\/v2\/product_industry?post=3309"},{"taxonomy":"product_material","embeddable":true,"href":"https:\/\/www.systemseals.com\/de\/wp-json\/wp\/v2\/product_material?post=3309"}],"curies":[{"name":"wp","href":"https:\/\/api.w.org\/{rel}","templated":true}]}}