{"id":3275,"date":"2026-02-21T23:53:57","date_gmt":"2026-02-21T23:53:57","guid":{"rendered":"https:\/\/www.systemseals.com\/products\/140-v-verpackungsset\/"},"modified":"2026-04-15T08:06:52","modified_gmt":"2026-04-15T08:06:52","slug":"140-v-verpackungsset","status":"publish","type":"product","link":"https:\/\/www.systemseals.com\/de\/products\/140-v-verpackungsset\/","title":{"rendered":"140 V-Packungsset<br>"},"content":{"rendered":"<section id=\"block_b47808692a33c84c64a0b598835d7071\" class=\"section-intro py-12 md:py-24 on-white\">\r\n  <div class=\"anchor\" id=\"\"><\/div>\r\n  <div class=\"column-main\">\r\n    <div class=\"w-full flex flex-col justify-between  gap-4 md:flex-row md:gap-8\">\r\n              <div class=\" flex flex-col gap-6\">\r\n                      <p class=\"body-lg font-bold pre-dot\">Serie 140<\/p>\r\n                                <div class=\"logo-wrapper\">\r\n              <img src=\"https:\/\/www.systemseals.com\/wp-content\/uploads\/2026\/02\/140-scaled.png\" alt=\"\" class=\"\">\r\n            <\/div>\r\n                  <\/div>\r\n            <div class=\"w-full max-w-[900px]\">\r\n        <div class=\"flex flex-col gap-6 \">\r\n                                <div class=\"prose flex flex-col gap-6\">\r\n              <h3>Die V-Packung der Serie 140 ist eine beliebte Wahl f\u00fcr Hochleistungsanwendungen, die eine maximale Lebensdauer und leckagefreie Leistung erfordern.<\/h3>\n            <\/div>\r\n                            <\/div>\r\n      <\/div>\r\n          <\/div>\r\n  <\/div>\r\n<\/section>\r\n<section id=\"block_e26dc60457c0106a73797ef3befc83af\" class=\"product-subsections py-12 md:py-24 on-white\">\r\n  <div class=\"anchor\" id=\"\"><\/div>\r\n      <div class=\"column-main\">\r\n      <div class=\"flex flex-col justify-between md:flex-row gap-4 md:gap-8\">\r\n        <div class=\"hidden md:flex flex-col gap-6\">\r\n          &nbsp; <!-- spacer -->\r\n        <\/div>\r\n\r\n        <div class=\"w-full max-w-[900px] flex flex-col gap-12 md:gap-24\">\r\n          \r\n            \r\n          \r\n                          <div class=\"text-table-group\" id=\"text-table-2-block_e26dc60457c0106a73797ef3befc83af\">\r\n                <div class=\"flex flex-col justify-between md:flex-row gap-8\">\r\n                  <div class=\"w-full md:max-w-[300px] flex flex-col gap-6\">\r\n                                          <h2 class=\"body-lg font-bold leading-[1.33em]\"> Material Reihen <\/h2>\r\n                                      <\/div>\r\n                  <div class=\"w-full md:max-w-[558px] flex flex-col\">\r\n                                          <div class=\"prose flex flex-col gap-6\"> <p><strong><em>Geformte Ausf\u00fchrungen: <\/em><\/strong>Die \u00fcbliche Konstruktion besteht aus Nitril, Gewebe, Fluorelastomer und Gewebe f\u00fcr h\u00f6here Temperaturen.<\/p>\n<p><strong><em>Maschinell bearbeitete Ausf\u00fchrungen: <\/em><\/strong>Erh\u00e4ltlich in abriebfestem Polyurethan, Nitril, HNBR, EPDM und Fluorelastomer.<\/p>\n <\/div>\r\n                                                              <table class=\"table-auto\">\r\n                                                  <tr>\r\n                                                                                          <td class=\"body-lg font-medium leading-[1.33em]\">NBR\/Baumwolle\/Polyamid\/H-PUR<\/td>\r\n                                                              <td class=\"body-lg font-medium leading-[1.33em]\">MN142<\/td>\r\n                                                                                    <\/tr>\r\n                                                  <tr>\r\n                                                                                          <td class=\"body-lg font-medium leading-[1.33em]\">NBR\/Gewebe<\/td>\r\n                                                              <td class=\"body-lg font-medium leading-[1.33em]\">MN50<\/td>\r\n                                                                                    <\/tr>\r\n                                                  <tr>\r\n                                                                                          <td class=\"body-lg font-medium leading-[1.33em]\">NBR und PTFE Bz<\/td>\r\n                                                              <td class=\"body-lg font-medium leading-[1.33em]\">MN19<\/td>\r\n                                                                                    <\/tr>\r\n                                                  <tr>\r\n                                                                                          <td class=\"body-lg font-medium leading-[1.33em]\">NBR und Polyamide<\/td>\r\n                                                              <td class=\"body-lg font-medium leading-[1.33em]\">MN13<\/td>\r\n                                                                                    <\/tr>\r\n                                                  <tr>\r\n                                                                                          <td class=\"body-lg font-medium leading-[1.33em]\">HNBR und PTFE\/Bz<\/td>\r\n                                                              <td class=\"body-lg font-medium leading-[1.33em]\">MN32<\/td>\r\n                                                                                    <\/tr>\r\n                                              <\/table>\r\n                                      <\/div>\r\n                <\/div>\r\n              <\/div>\r\n\r\n            \r\n          \r\n            \r\n                  <\/div>\r\n\r\n      <\/div>\r\n    <\/div>\r\n  <\/section><section id=\"block_d325fabff0783b24115c8faa5361b19f\" class=\"full-width-media \">\r\n  <div class=\"anchor\" id=\"\"><\/div>\r\n      <div class=\"media-wrapper\">\r\n      <img src=\"https:\/\/www.systemseals.com\/wp-content\/uploads\/2026\/02\/product-full-width-1-scaled.png\" alt=\"\" class=\"w-full h-auto block\">\r\n    <\/div>\r\n  <\/section><section id=\"block_9e66891b509ca7ba63818f2e8e052edf\" class=\"title-on-blue py-24 md:py-[198px] bg-prussian-blue\">\r\n  <div class=\"anchor\" id=\"\"><\/div>\r\n  <div class=\"column-main\">\r\n    <h3 class=\"max-w-[900px] mx-auto text-flash-white text-center\">\r\n        Entwickelt f\u00fcr Flexibilit\u00e4t bei Materialien, Gr\u00f6\u00dfen und Leistungsanforderungen. Standard- und kundenspezifische Durchmesser gew\u00e4hrleisten eine optimale Integration in Ihr System.     <\/h3>\r\n  <\/div>\r\n<\/section><section id=\"block_baab6ae417941ef7bff65e9b97946bbf\" class=\"section-intro py-12 md:py-24 on-white\">\r\n  <div class=\"anchor\" id=\"\"><\/div>\r\n  <div class=\"column-main\">\r\n    <div class=\"w-full flex flex-col justify-between  gap-4 md:flex-row md:gap-8\">\r\n              <div class=\" flex flex-col gap-6\">\r\n                      <p class=\"body-lg font-bold pre-dot\">Engineered Performance<\/p>\r\n                            <\/div>\r\n            <div class=\"w-full max-w-[900px]\">\r\n        <div class=\"flex flex-col gap-6 \">\r\n                                <div class=\"prose flex flex-col gap-6\">\r\n              <h2>Gebaut f\u00fcr Leistung<\/h2>\n<p>Diese Dichtungsl\u00f6sung wurde f\u00fcr anspruchsvolle Hydraulikumgebungen entwickelt und bietet zuverl\u00e4ssige Leistung unter hohem Druck, in weiten Temperaturbereichen und bei aggressiven Medien &#8211; und hilft so, die Lebensdauer zu verl\u00e4ngern und Ausfallzeiten zu reduzieren.<\/p>\n<div class=\"flex flex-col md:flex-row\" style=\"gap: 64px;\">\n<div class=\"w-full\">\n<div class=\"body-md leading-[1.25em] font-semibold\">Vorteile<\/div>\n<ul>\n<li>Robustes Mehrlippendesign f\u00fcr maximale Lebensdauer der Dichtung<\/li>\n<li>Leicht konfigurierbar f\u00fcr Nachr\u00fcstungsanwendungen<\/li>\n<li>Bevorzugtes Design f\u00fcr St\u00f6\u00dfel mit verschlissenen Oberfl\u00e4chen gegen\u00fcber herk\u00f6mmlichen Dichtungen<\/li>\n<li>Bew\u00e4hrtes Design mit langer Erfolgsgeschichte<\/li>\n<\/ul>\n<\/div>\n<div class=\"w-full\">\n<div class=\"body-md leading-[1.25em] font-semibold\">Anwendungen<\/div>\n<ul>\n<li>Schwere Schmiedepressen<\/li>\n<li>Stanzpressen<\/li>\n<li>Spritzgie\u00dfmaschinen<\/li>\n<li>Strangpressen<\/li>\n<li>Kartonpressen<\/li>\n<li>\u00c4ltere Ausr\u00fcstung<\/li>\n<\/ul>\n<\/div>\n<\/div>\n            <\/div>\r\n                            <\/div>\r\n      <\/div>\r\n          <\/div>\r\n  <\/div>\r\n<\/section>","protected":false},"excerpt":{"rendered":"<p>Serie 140 Die V-Packung der Serie 140 ist eine beliebte Wahl f\u00fcr Hochleistungsanwendungen, die eine maximale Lebensdauer und leckagefreie Leistung erfordern. &nbsp; Material Reihen Geformte Ausf\u00fchrungen: Die \u00fcbliche Konstruktion besteht aus Nitril, Gewebe, Fluorelastomer und Gewebe f\u00fcr h\u00f6here Temperaturen. Maschinell bearbeitete Ausf\u00fchrungen: Erh\u00e4ltlich in abriebfestem Polyurethan, Nitril, HNBR, EPDM und Fluorelastomer. NBR\/Baumwolle\/Polyamid\/H-PUR MN142 NBR\/Gewebe MN50 [&hellip;]<\/p>\n","protected":false},"author":3,"featured_media":3274,"template":"","meta":{"_acf_changed":false,"footnotes":""},"product_category":[2],"product_industry":[],"product_material":[],"class_list":["post-3275","product","type-product","status-publish","has-post-thumbnail","hentry","product_category-rod-seals"],"acf":[],"yoast_head":"<!-- This site is optimized with the Yoast SEO plugin v27.4 - https:\/\/yoast.com\/product\/yoast-seo-wordpress\/ -->\n<title>140 V-Packungsset - System Seals - Top Manufacturer for Reliable Seals<\/title>\n<meta name=\"robots\" content=\"index, follow, max-snippet:-1, max-image-preview:large, max-video-preview:-1\" \/>\n<link rel=\"canonical\" href=\"https:\/\/www.systemseals.com\/de\/products\/140-v-verpackungsset\/\" \/>\n<meta property=\"og:locale\" content=\"de_DE\" \/>\n<meta property=\"og:type\" content=\"article\" \/>\n<meta property=\"og:title\" content=\"140 V-Packungsset - System Seals - Top Manufacturer for Reliable Seals\" \/>\n<meta property=\"og:description\" content=\"Serie 140 Die V-Packung der Serie 140 ist eine beliebte Wahl f\u00fcr Hochleistungsanwendungen, die eine maximale Lebensdauer und leckagefreie Leistung erfordern. &nbsp; Material Reihen Geformte Ausf\u00fchrungen: Die \u00fcbliche Konstruktion besteht aus Nitril, Gewebe, Fluorelastomer und Gewebe f\u00fcr h\u00f6here Temperaturen. Maschinell bearbeitete Ausf\u00fchrungen: Erh\u00e4ltlich in abriebfestem Polyurethan, Nitril, HNBR, EPDM und Fluorelastomer. NBR\/Baumwolle\/Polyamid\/H-PUR MN142 NBR\/Gewebe MN50 [&hellip;]\" \/>\n<meta property=\"og:url\" content=\"https:\/\/www.systemseals.com\/de\/products\/140-v-verpackungsset\/\" \/>\n<meta property=\"og:site_name\" content=\"System Seals - Top Manufacturer for Reliable Seals\" \/>\n<meta property=\"article:modified_time\" content=\"2026-04-15T08:06:52+00:00\" \/>\n<meta property=\"og:image\" content=\"https:\/\/www.systemseals.com\/wp-content\/uploads\/2026\/02\/F-R40.jpg\" \/>\n\t<meta property=\"og:image:width\" content=\"697\" \/>\n\t<meta property=\"og:image:height\" content=\"769\" \/>\n\t<meta property=\"og:image:type\" content=\"image\/jpeg\" \/>\n<meta name=\"twitter:card\" content=\"summary_large_image\" \/>\n<script type=\"application\/ld+json\" class=\"yoast-schema-graph\">{\"@context\":\"https:\\\/\\\/schema.org\",\"@graph\":[{\"@type\":\"WebPage\",\"@id\":\"https:\\\/\\\/www.systemseals.com\\\/de\\\/products\\\/140-v-verpackungsset\\\/\",\"url\":\"https:\\\/\\\/www.systemseals.com\\\/de\\\/products\\\/140-v-verpackungsset\\\/\",\"name\":\"140 V-Packungsset - System Seals - Top Manufacturer for Reliable Seals\",\"isPartOf\":{\"@id\":\"https:\\\/\\\/www.systemseals.com\\\/de\\\/#website\"},\"primaryImageOfPage\":{\"@id\":\"https:\\\/\\\/www.systemseals.com\\\/de\\\/products\\\/140-v-verpackungsset\\\/#primaryimage\"},\"image\":{\"@id\":\"https:\\\/\\\/www.systemseals.com\\\/de\\\/products\\\/140-v-verpackungsset\\\/#primaryimage\"},\"thumbnailUrl\":\"https:\\\/\\\/www.systemseals.com\\\/wp-content\\\/uploads\\\/2026\\\/02\\\/F-R40.jpg\",\"datePublished\":\"2026-02-21T23:53:57+00:00\",\"dateModified\":\"2026-04-15T08:06:52+00:00\",\"breadcrumb\":{\"@id\":\"https:\\\/\\\/www.systemseals.com\\\/de\\\/products\\\/140-v-verpackungsset\\\/#breadcrumb\"},\"inLanguage\":\"de\",\"potentialAction\":[{\"@type\":\"ReadAction\",\"target\":[\"https:\\\/\\\/www.systemseals.com\\\/de\\\/products\\\/140-v-verpackungsset\\\/\"]}]},{\"@type\":\"ImageObject\",\"inLanguage\":\"de\",\"@id\":\"https:\\\/\\\/www.systemseals.com\\\/de\\\/products\\\/140-v-verpackungsset\\\/#primaryimage\",\"url\":\"https:\\\/\\\/www.systemseals.com\\\/wp-content\\\/uploads\\\/2026\\\/02\\\/F-R40.jpg\",\"contentUrl\":\"https:\\\/\\\/www.systemseals.com\\\/wp-content\\\/uploads\\\/2026\\\/02\\\/F-R40.jpg\",\"width\":697,\"height\":769},{\"@type\":\"BreadcrumbList\",\"@id\":\"https:\\\/\\\/www.systemseals.com\\\/de\\\/products\\\/140-v-verpackungsset\\\/#breadcrumb\",\"itemListElement\":[{\"@type\":\"ListItem\",\"position\":1,\"name\":\"Home\",\"item\":\"https:\\\/\\\/www.systemseals.com\\\/de\\\/home\\\/\"},{\"@type\":\"ListItem\",\"position\":2,\"name\":\"Products\",\"item\":\"https:\\\/\\\/www.systemseals.com\\\/de\\\/products\\\/\"},{\"@type\":\"ListItem\",\"position\":3,\"name\":\"140 V-Packungsset\"}]},{\"@type\":\"WebSite\",\"@id\":\"https:\\\/\\\/www.systemseals.com\\\/de\\\/#website\",\"url\":\"https:\\\/\\\/www.systemseals.com\\\/de\\\/\",\"name\":\"System Seals - Top Manufacturer for Reliable Seals\",\"description\":\"\",\"potentialAction\":[{\"@type\":\"SearchAction\",\"target\":{\"@type\":\"EntryPoint\",\"urlTemplate\":\"https:\\\/\\\/www.systemseals.com\\\/de\\\/?s={search_term_string}\"},\"query-input\":{\"@type\":\"PropertyValueSpecification\",\"valueRequired\":true,\"valueName\":\"search_term_string\"}}],\"inLanguage\":\"de\"}]}<\/script>\n<!-- \/ Yoast SEO plugin. -->","yoast_head_json":{"title":"140 V-Packungsset - System Seals - Top Manufacturer for Reliable Seals","robots":{"index":"index","follow":"follow","max-snippet":"max-snippet:-1","max-image-preview":"max-image-preview:large","max-video-preview":"max-video-preview:-1"},"canonical":"https:\/\/www.systemseals.com\/de\/products\/140-v-verpackungsset\/","og_locale":"de_DE","og_type":"article","og_title":"140 V-Packungsset - System Seals - Top Manufacturer for Reliable Seals","og_description":"Serie 140 Die V-Packung der Serie 140 ist eine beliebte Wahl f\u00fcr Hochleistungsanwendungen, die eine maximale Lebensdauer und leckagefreie Leistung erfordern. &nbsp; Material Reihen Geformte Ausf\u00fchrungen: Die \u00fcbliche Konstruktion besteht aus Nitril, Gewebe, Fluorelastomer und Gewebe f\u00fcr h\u00f6here Temperaturen. Maschinell bearbeitete Ausf\u00fchrungen: Erh\u00e4ltlich in abriebfestem Polyurethan, Nitril, HNBR, EPDM und Fluorelastomer. NBR\/Baumwolle\/Polyamid\/H-PUR MN142 NBR\/Gewebe MN50 [&hellip;]","og_url":"https:\/\/www.systemseals.com\/de\/products\/140-v-verpackungsset\/","og_site_name":"System Seals - Top Manufacturer for Reliable Seals","article_modified_time":"2026-04-15T08:06:52+00:00","og_image":[{"width":697,"height":769,"url":"https:\/\/www.systemseals.com\/wp-content\/uploads\/2026\/02\/F-R40.jpg","type":"image\/jpeg"}],"twitter_card":"summary_large_image","schema":{"@context":"https:\/\/schema.org","@graph":[{"@type":"WebPage","@id":"https:\/\/www.systemseals.com\/de\/products\/140-v-verpackungsset\/","url":"https:\/\/www.systemseals.com\/de\/products\/140-v-verpackungsset\/","name":"140 V-Packungsset - System Seals - Top Manufacturer for Reliable Seals","isPartOf":{"@id":"https:\/\/www.systemseals.com\/de\/#website"},"primaryImageOfPage":{"@id":"https:\/\/www.systemseals.com\/de\/products\/140-v-verpackungsset\/#primaryimage"},"image":{"@id":"https:\/\/www.systemseals.com\/de\/products\/140-v-verpackungsset\/#primaryimage"},"thumbnailUrl":"https:\/\/www.systemseals.com\/wp-content\/uploads\/2026\/02\/F-R40.jpg","datePublished":"2026-02-21T23:53:57+00:00","dateModified":"2026-04-15T08:06:52+00:00","breadcrumb":{"@id":"https:\/\/www.systemseals.com\/de\/products\/140-v-verpackungsset\/#breadcrumb"},"inLanguage":"de","potentialAction":[{"@type":"ReadAction","target":["https:\/\/www.systemseals.com\/de\/products\/140-v-verpackungsset\/"]}]},{"@type":"ImageObject","inLanguage":"de","@id":"https:\/\/www.systemseals.com\/de\/products\/140-v-verpackungsset\/#primaryimage","url":"https:\/\/www.systemseals.com\/wp-content\/uploads\/2026\/02\/F-R40.jpg","contentUrl":"https:\/\/www.systemseals.com\/wp-content\/uploads\/2026\/02\/F-R40.jpg","width":697,"height":769},{"@type":"BreadcrumbList","@id":"https:\/\/www.systemseals.com\/de\/products\/140-v-verpackungsset\/#breadcrumb","itemListElement":[{"@type":"ListItem","position":1,"name":"Home","item":"https:\/\/www.systemseals.com\/de\/home\/"},{"@type":"ListItem","position":2,"name":"Products","item":"https:\/\/www.systemseals.com\/de\/products\/"},{"@type":"ListItem","position":3,"name":"140 V-Packungsset"}]},{"@type":"WebSite","@id":"https:\/\/www.systemseals.com\/de\/#website","url":"https:\/\/www.systemseals.com\/de\/","name":"System Seals - Top Manufacturer for Reliable Seals","description":"","potentialAction":[{"@type":"SearchAction","target":{"@type":"EntryPoint","urlTemplate":"https:\/\/www.systemseals.com\/de\/?s={search_term_string}"},"query-input":{"@type":"PropertyValueSpecification","valueRequired":true,"valueName":"search_term_string"}}],"inLanguage":"de"}]}},"_links":{"self":[{"href":"https:\/\/www.systemseals.com\/de\/wp-json\/wp\/v2\/product\/3275","targetHints":{"allow":["GET"]}}],"collection":[{"href":"https:\/\/www.systemseals.com\/de\/wp-json\/wp\/v2\/product"}],"about":[{"href":"https:\/\/www.systemseals.com\/de\/wp-json\/wp\/v2\/types\/product"}],"author":[{"embeddable":true,"href":"https:\/\/www.systemseals.com\/de\/wp-json\/wp\/v2\/users\/3"}],"version-history":[{"count":5,"href":"https:\/\/www.systemseals.com\/de\/wp-json\/wp\/v2\/product\/3275\/revisions"}],"predecessor-version":[{"id":3761,"href":"https:\/\/www.systemseals.com\/de\/wp-json\/wp\/v2\/product\/3275\/revisions\/3761"}],"wp:featuredmedia":[{"embeddable":true,"href":"https:\/\/www.systemseals.com\/de\/wp-json\/wp\/v2\/media\/3274"}],"wp:attachment":[{"href":"https:\/\/www.systemseals.com\/de\/wp-json\/wp\/v2\/media?parent=3275"}],"wp:term":[{"taxonomy":"product_category","embeddable":true,"href":"https:\/\/www.systemseals.com\/de\/wp-json\/wp\/v2\/product_category?post=3275"},{"taxonomy":"product_industry","embeddable":true,"href":"https:\/\/www.systemseals.com\/de\/wp-json\/wp\/v2\/product_industry?post=3275"},{"taxonomy":"product_material","embeddable":true,"href":"https:\/\/www.systemseals.com\/de\/wp-json\/wp\/v2\/product_material?post=3275"}],"curies":[{"name":"wp","href":"https:\/\/api.w.org\/{rel}","templated":true}]}}