{"id":3244,"date":"2026-02-21T23:56:51","date_gmt":"2026-02-21T23:56:51","guid":{"rendered":"https:\/\/www.systemseals.com\/products\/148-v-verpackung-hd\/"},"modified":"2026-04-15T08:00:58","modified_gmt":"2026-04-15T08:00:58","slug":"148-v-verpackung-hd","status":"publish","type":"product","link":"https:\/\/www.systemseals.com\/de\/products\/148-v-verpackung-hd\/","title":{"rendered":"148 V-Verpackung &#8211; HD"},"content":{"rendered":"<section id=\"block_d9eb8daad5f004092fa8de90a15d8184\" class=\"section-intro py-12 md:py-24 on-white\">\r\n  <div class=\"anchor\" id=\"\"><\/div>\r\n  <div class=\"column-main\">\r\n    <div class=\"w-full flex flex-col justify-between  gap-4 md:flex-row md:gap-8\">\r\n              <div class=\" flex flex-col gap-6\">\r\n                      <p class=\"body-lg font-bold pre-dot\">148 Serie<\/p>\r\n                            <\/div>\r\n            <div class=\"w-full max-w-[900px]\">\r\n        <div class=\"flex flex-col gap-6 \">\r\n                                <div class=\"prose flex flex-col gap-6\">\r\n              <h3>Die V-Packung der Serie 148 ist eine beliebte Wahl f\u00fcr Hochleistungspressen, die eine maximale Lebensdauer und leckagefreie Leistung erfordern. Das 148 Elite-Set ist aufgrund seiner Abrieb- und Extrusionsbest\u00e4ndigkeit die bevorzugte Wahl f\u00fcr \u00e4ltere Pressen. <\/h3>\n            <\/div>\r\n                            <\/div>\r\n      <\/div>\r\n          <\/div>\r\n  <\/div>\r\n<\/section>\r\n<section id=\"block_8416bbf3e507b4738ae01ca83ee7c1e2\" class=\"product-subsections py-12 md:py-24 on-white\">\r\n  <div class=\"anchor\" id=\"\"><\/div>\r\n      <div class=\"column-main\">\r\n      <div class=\"flex flex-col justify-between md:flex-row gap-4 md:gap-8\">\r\n        <div class=\"hidden md:flex flex-col gap-6\">\r\n          &nbsp; <!-- spacer -->\r\n        <\/div>\r\n\r\n        <div class=\"w-full max-w-[900px] flex flex-col gap-12 md:gap-24\">\r\n          \r\n            \r\n          \r\n                          <div class=\"text-table-group\" id=\"text-table-2-block_8416bbf3e507b4738ae01ca83ee7c1e2\">\r\n                <div class=\"flex flex-col justify-between md:flex-row gap-8\">\r\n                  <div class=\"w-full md:max-w-[300px] flex flex-col gap-6\">\r\n                                          <h2 class=\"body-lg font-bold leading-[1.33em]\"> Material Reihen <\/h2>\r\n                                      <\/div>\r\n                  <div class=\"w-full md:max-w-[558px] flex flex-col\">\r\n                                          <div class=\"prose flex flex-col gap-6\"> <p><strong><em>Geformte Ausf\u00fchrungen: <\/em><\/strong>Die \u00fcbliche Konstruktion besteht aus Nitril, Gewebe, Fluorelastomer und Gewebe f\u00fcr h\u00f6here Temperaturen.<\/p>\n<p><strong><em>Maschinell bearbeitete Ausf\u00fchrungen: <\/em><\/strong>Erh\u00e4ltlich in abriebfestem Polyurethan, Nitril, HNBR, EPDM und Fluorelastomer.<\/p>\n <\/div>\r\n                                                              <table class=\"table-auto\">\r\n                                                  <tr>\r\n                                                                                          <td class=\"body-lg font-medium leading-[1.33em]\">NBR\/Gewebe<\/td>\r\n                                                              <td class=\"body-lg font-medium leading-[1.33em]\">MN50<\/td>\r\n                                                                                    <\/tr>\r\n                                                  <tr>\r\n                                                                                          <td class=\"body-lg font-medium leading-[1.33em]\">HNBR\/Gewebe<\/td>\r\n                                                              <td class=\"body-lg font-medium leading-[1.33em]\">MN39<\/td>\r\n                                                                                    <\/tr>\r\n                                                  <tr>\r\n                                                                                          <td class=\"body-lg font-medium leading-[1.33em]\">NBR und PTFE Bz<\/td>\r\n                                                              <td class=\"body-lg font-medium leading-[1.33em]\">MN19<\/td>\r\n                                                                                    <\/tr>\r\n                                              <\/table>\r\n                                      <\/div>\r\n                <\/div>\r\n              <\/div>\r\n\r\n            \r\n          \r\n            \r\n                  <\/div>\r\n\r\n      <\/div>\r\n    <\/div>\r\n  <\/section><section id=\"block_b502d48619ecf9c1f38126ca016dab07\" class=\"full-width-media \">\r\n  <div class=\"anchor\" id=\"\"><\/div>\r\n      <div class=\"media-wrapper\">\r\n      <img src=\"https:\/\/www.systemseals.com\/wp-content\/uploads\/2026\/02\/product-full-width-1-scaled.png\" alt=\"\" class=\"w-full h-auto block\">\r\n    <\/div>\r\n  <\/section><section id=\"block_c1d04b1537d5ddca1bf93716bb7390c2\" class=\"title-on-blue py-24 md:py-[198px] bg-prussian-blue\">\r\n  <div class=\"anchor\" id=\"\"><\/div>\r\n  <div class=\"column-main\">\r\n    <h3 class=\"max-w-[900px] mx-auto text-flash-white text-center\">\r\n        Entwickelt f\u00fcr Flexibilit\u00e4t bei Materialien, Gr\u00f6\u00dfen und Leistungsanforderungen. Standard- und kundenspezifische Durchmesser gew\u00e4hrleisten eine optimale Integration in Ihr System.     <\/h3>\r\n  <\/div>\r\n<\/section><section id=\"block_598ab7af9f08e0445ce0c2e17cf1bec1\" class=\"section-intro py-12 md:py-24 on-white\">\r\n  <div class=\"anchor\" id=\"\"><\/div>\r\n  <div class=\"column-main\">\r\n    <div class=\"w-full flex flex-col justify-between  gap-4 md:flex-row md:gap-8\">\r\n              <div class=\" flex flex-col gap-6\">\r\n                      <p class=\"body-lg font-bold pre-dot\">Engineered Performance<\/p>\r\n                            <\/div>\r\n            <div class=\"w-full max-w-[900px]\">\r\n        <div class=\"flex flex-col gap-6 \">\r\n                                <div class=\"prose flex flex-col gap-6\">\r\n              <h2>Gebaut f\u00fcr Leistung<\/h2>\n<p>Diese Dichtungsl\u00f6sung wurde f\u00fcr anspruchsvolle Hydraulikumgebungen entwickelt und bietet zuverl\u00e4ssige Leistung unter hohem Druck, in weiten Temperaturbereichen und bei aggressiven Medien &#8211; und hilft so, die Lebensdauer zu verl\u00e4ngern und Ausfallzeiten zu reduzieren.<\/p>\n<div class=\"flex flex-col md:flex-row\" style=\"gap: 64px;\">\n<div class=\"w-full\">\n<div class=\"body-md leading-[1.25em] font-semibold\">Vorteile<\/div>\n<ul>\n<li>Robuste Mehrlippenkonstruktion f\u00fcr maximale Lebensdauer der Dichtung<\/li>\n<li>Leicht konfigurierbar f\u00fcr Nachr\u00fcstungsanwendungen<\/li>\n<li>Bevorzugtes Design f\u00fcr St\u00f6\u00dfel mit verschlissenen Oberfl\u00e4chen gegen\u00fcber herk\u00f6mmlichen Dichtungen<\/li>\n<li>Bew\u00e4hrtes Design mit langer Erfolgsgeschichte<\/li>\n<li>Der Elite-Stecker ist f\u00fcr eine bessere Abdichtung mit Strom versorgt<\/li>\n<li>Die Elite-Sets bieten hervorragende Abrieb- und Extrusionsfestigkeit<\/li>\n<\/ul>\n<\/div>\n<div class=\"w-full\">\n<div class=\"body-md leading-[1.25em] font-semibold\">Anwendungen<\/div>\n<ul>\n<li>Schwere Schmiedepressen<\/li>\n<li>Stanzpressen<\/li>\n<li>Strangpressen<\/li>\n<li>Kartonpressen<\/li>\n<li>\u00c4ltere Ausr\u00fcstung<\/li>\n<\/ul>\n<\/div>\n<\/div>\n            <\/div>\r\n                            <\/div>\r\n      <\/div>\r\n          <\/div>\r\n  <\/div>\r\n<\/section>","protected":false},"excerpt":{"rendered":"<p>148 Serie Die V-Packung der Serie 148 ist eine beliebte Wahl f\u00fcr Hochleistungspressen, die eine maximale Lebensdauer und leckagefreie Leistung erfordern. Das 148 Elite-Set ist aufgrund seiner Abrieb- und Extrusionsbest\u00e4ndigkeit die bevorzugte Wahl f\u00fcr \u00e4ltere Pressen. &nbsp; Material Reihen Geformte Ausf\u00fchrungen: Die \u00fcbliche Konstruktion besteht aus Nitril, Gewebe, Fluorelastomer und Gewebe f\u00fcr h\u00f6here Temperaturen. Maschinell [&hellip;]<\/p>\n","protected":false},"author":3,"featured_media":3243,"template":"","meta":{"_acf_changed":false,"footnotes":""},"product_category":[2],"product_industry":[],"product_material":[],"class_list":["post-3244","product","type-product","status-publish","has-post-thumbnail","hentry","product_category-rod-seals"],"acf":[],"yoast_head":"<!-- This site is optimized with the Yoast SEO plugin v27.4 - https:\/\/yoast.com\/product\/yoast-seo-wordpress\/ -->\n<title>148 V-Verpackung - HD - System Seals - Top Manufacturer for Reliable Seals<\/title>\n<meta name=\"robots\" content=\"index, follow, max-snippet:-1, max-image-preview:large, max-video-preview:-1\" \/>\n<link rel=\"canonical\" href=\"https:\/\/www.systemseals.com\/de\/products\/148-v-verpackung-hd\/\" \/>\n<meta property=\"og:locale\" content=\"de_DE\" \/>\n<meta property=\"og:type\" content=\"article\" \/>\n<meta property=\"og:title\" content=\"148 V-Verpackung - HD - System Seals - Top Manufacturer for Reliable Seals\" \/>\n<meta property=\"og:description\" content=\"148 Serie Die V-Packung der Serie 148 ist eine beliebte Wahl f\u00fcr Hochleistungspressen, die eine maximale Lebensdauer und leckagefreie Leistung erfordern. Das 148 Elite-Set ist aufgrund seiner Abrieb- und Extrusionsbest\u00e4ndigkeit die bevorzugte Wahl f\u00fcr \u00e4ltere Pressen. &nbsp; Material Reihen Geformte Ausf\u00fchrungen: Die \u00fcbliche Konstruktion besteht aus Nitril, Gewebe, Fluorelastomer und Gewebe f\u00fcr h\u00f6here Temperaturen. Maschinell [&hellip;]\" \/>\n<meta property=\"og:url\" content=\"https:\/\/www.systemseals.com\/de\/products\/148-v-verpackung-hd\/\" \/>\n<meta property=\"og:site_name\" content=\"System Seals - Top Manufacturer for Reliable Seals\" \/>\n<meta property=\"article:modified_time\" content=\"2026-04-15T08:00:58+00:00\" \/>\n<meta property=\"og:image\" content=\"https:\/\/www.systemseals.com\/wp-content\/uploads\/2026\/02\/FF-148.jpg\" \/>\n\t<meta property=\"og:image:width\" content=\"1032\" \/>\n\t<meta property=\"og:image:height\" content=\"790\" \/>\n\t<meta property=\"og:image:type\" content=\"image\/jpeg\" \/>\n<meta name=\"twitter:card\" content=\"summary_large_image\" \/>\n<script type=\"application\/ld+json\" class=\"yoast-schema-graph\">{\"@context\":\"https:\\\/\\\/schema.org\",\"@graph\":[{\"@type\":\"WebPage\",\"@id\":\"https:\\\/\\\/www.systemseals.com\\\/de\\\/products\\\/148-v-verpackung-hd\\\/\",\"url\":\"https:\\\/\\\/www.systemseals.com\\\/de\\\/products\\\/148-v-verpackung-hd\\\/\",\"name\":\"148 V-Verpackung - HD - System Seals - Top Manufacturer for Reliable Seals\",\"isPartOf\":{\"@id\":\"https:\\\/\\\/www.systemseals.com\\\/de\\\/#website\"},\"primaryImageOfPage\":{\"@id\":\"https:\\\/\\\/www.systemseals.com\\\/de\\\/products\\\/148-v-verpackung-hd\\\/#primaryimage\"},\"image\":{\"@id\":\"https:\\\/\\\/www.systemseals.com\\\/de\\\/products\\\/148-v-verpackung-hd\\\/#primaryimage\"},\"thumbnailUrl\":\"https:\\\/\\\/www.systemseals.com\\\/wp-content\\\/uploads\\\/2026\\\/02\\\/FF-148.jpg\",\"datePublished\":\"2026-02-21T23:56:51+00:00\",\"dateModified\":\"2026-04-15T08:00:58+00:00\",\"breadcrumb\":{\"@id\":\"https:\\\/\\\/www.systemseals.com\\\/de\\\/products\\\/148-v-verpackung-hd\\\/#breadcrumb\"},\"inLanguage\":\"de\",\"potentialAction\":[{\"@type\":\"ReadAction\",\"target\":[\"https:\\\/\\\/www.systemseals.com\\\/de\\\/products\\\/148-v-verpackung-hd\\\/\"]}]},{\"@type\":\"ImageObject\",\"inLanguage\":\"de\",\"@id\":\"https:\\\/\\\/www.systemseals.com\\\/de\\\/products\\\/148-v-verpackung-hd\\\/#primaryimage\",\"url\":\"https:\\\/\\\/www.systemseals.com\\\/wp-content\\\/uploads\\\/2026\\\/02\\\/FF-148.jpg\",\"contentUrl\":\"https:\\\/\\\/www.systemseals.com\\\/wp-content\\\/uploads\\\/2026\\\/02\\\/FF-148.jpg\",\"width\":1032,\"height\":790},{\"@type\":\"BreadcrumbList\",\"@id\":\"https:\\\/\\\/www.systemseals.com\\\/de\\\/products\\\/148-v-verpackung-hd\\\/#breadcrumb\",\"itemListElement\":[{\"@type\":\"ListItem\",\"position\":1,\"name\":\"Home\",\"item\":\"https:\\\/\\\/www.systemseals.com\\\/de\\\/home\\\/\"},{\"@type\":\"ListItem\",\"position\":2,\"name\":\"Products\",\"item\":\"https:\\\/\\\/www.systemseals.com\\\/de\\\/products\\\/\"},{\"@type\":\"ListItem\",\"position\":3,\"name\":\"148 V-Verpackung &#8211; HD\"}]},{\"@type\":\"WebSite\",\"@id\":\"https:\\\/\\\/www.systemseals.com\\\/de\\\/#website\",\"url\":\"https:\\\/\\\/www.systemseals.com\\\/de\\\/\",\"name\":\"System Seals - Top Manufacturer for Reliable Seals\",\"description\":\"\",\"potentialAction\":[{\"@type\":\"SearchAction\",\"target\":{\"@type\":\"EntryPoint\",\"urlTemplate\":\"https:\\\/\\\/www.systemseals.com\\\/de\\\/?s={search_term_string}\"},\"query-input\":{\"@type\":\"PropertyValueSpecification\",\"valueRequired\":true,\"valueName\":\"search_term_string\"}}],\"inLanguage\":\"de\"}]}<\/script>\n<!-- \/ Yoast SEO plugin. -->","yoast_head_json":{"title":"148 V-Verpackung - HD - System Seals - Top Manufacturer for Reliable Seals","robots":{"index":"index","follow":"follow","max-snippet":"max-snippet:-1","max-image-preview":"max-image-preview:large","max-video-preview":"max-video-preview:-1"},"canonical":"https:\/\/www.systemseals.com\/de\/products\/148-v-verpackung-hd\/","og_locale":"de_DE","og_type":"article","og_title":"148 V-Verpackung - HD - System Seals - Top Manufacturer for Reliable Seals","og_description":"148 Serie Die V-Packung der Serie 148 ist eine beliebte Wahl f\u00fcr Hochleistungspressen, die eine maximale Lebensdauer und leckagefreie Leistung erfordern. Das 148 Elite-Set ist aufgrund seiner Abrieb- und Extrusionsbest\u00e4ndigkeit die bevorzugte Wahl f\u00fcr \u00e4ltere Pressen. &nbsp; Material Reihen Geformte Ausf\u00fchrungen: Die \u00fcbliche Konstruktion besteht aus Nitril, Gewebe, Fluorelastomer und Gewebe f\u00fcr h\u00f6here Temperaturen. Maschinell [&hellip;]","og_url":"https:\/\/www.systemseals.com\/de\/products\/148-v-verpackung-hd\/","og_site_name":"System Seals - Top Manufacturer for Reliable Seals","article_modified_time":"2026-04-15T08:00:58+00:00","og_image":[{"width":1032,"height":790,"url":"https:\/\/www.systemseals.com\/wp-content\/uploads\/2026\/02\/FF-148.jpg","type":"image\/jpeg"}],"twitter_card":"summary_large_image","schema":{"@context":"https:\/\/schema.org","@graph":[{"@type":"WebPage","@id":"https:\/\/www.systemseals.com\/de\/products\/148-v-verpackung-hd\/","url":"https:\/\/www.systemseals.com\/de\/products\/148-v-verpackung-hd\/","name":"148 V-Verpackung - HD - System Seals - Top Manufacturer for Reliable Seals","isPartOf":{"@id":"https:\/\/www.systemseals.com\/de\/#website"},"primaryImageOfPage":{"@id":"https:\/\/www.systemseals.com\/de\/products\/148-v-verpackung-hd\/#primaryimage"},"image":{"@id":"https:\/\/www.systemseals.com\/de\/products\/148-v-verpackung-hd\/#primaryimage"},"thumbnailUrl":"https:\/\/www.systemseals.com\/wp-content\/uploads\/2026\/02\/FF-148.jpg","datePublished":"2026-02-21T23:56:51+00:00","dateModified":"2026-04-15T08:00:58+00:00","breadcrumb":{"@id":"https:\/\/www.systemseals.com\/de\/products\/148-v-verpackung-hd\/#breadcrumb"},"inLanguage":"de","potentialAction":[{"@type":"ReadAction","target":["https:\/\/www.systemseals.com\/de\/products\/148-v-verpackung-hd\/"]}]},{"@type":"ImageObject","inLanguage":"de","@id":"https:\/\/www.systemseals.com\/de\/products\/148-v-verpackung-hd\/#primaryimage","url":"https:\/\/www.systemseals.com\/wp-content\/uploads\/2026\/02\/FF-148.jpg","contentUrl":"https:\/\/www.systemseals.com\/wp-content\/uploads\/2026\/02\/FF-148.jpg","width":1032,"height":790},{"@type":"BreadcrumbList","@id":"https:\/\/www.systemseals.com\/de\/products\/148-v-verpackung-hd\/#breadcrumb","itemListElement":[{"@type":"ListItem","position":1,"name":"Home","item":"https:\/\/www.systemseals.com\/de\/home\/"},{"@type":"ListItem","position":2,"name":"Products","item":"https:\/\/www.systemseals.com\/de\/products\/"},{"@type":"ListItem","position":3,"name":"148 V-Verpackung &#8211; HD"}]},{"@type":"WebSite","@id":"https:\/\/www.systemseals.com\/de\/#website","url":"https:\/\/www.systemseals.com\/de\/","name":"System Seals - Top Manufacturer for Reliable Seals","description":"","potentialAction":[{"@type":"SearchAction","target":{"@type":"EntryPoint","urlTemplate":"https:\/\/www.systemseals.com\/de\/?s={search_term_string}"},"query-input":{"@type":"PropertyValueSpecification","valueRequired":true,"valueName":"search_term_string"}}],"inLanguage":"de"}]}},"_links":{"self":[{"href":"https:\/\/www.systemseals.com\/de\/wp-json\/wp\/v2\/product\/3244","targetHints":{"allow":["GET"]}}],"collection":[{"href":"https:\/\/www.systemseals.com\/de\/wp-json\/wp\/v2\/product"}],"about":[{"href":"https:\/\/www.systemseals.com\/de\/wp-json\/wp\/v2\/types\/product"}],"author":[{"embeddable":true,"href":"https:\/\/www.systemseals.com\/de\/wp-json\/wp\/v2\/users\/3"}],"version-history":[{"count":5,"href":"https:\/\/www.systemseals.com\/de\/wp-json\/wp\/v2\/product\/3244\/revisions"}],"predecessor-version":[{"id":3759,"href":"https:\/\/www.systemseals.com\/de\/wp-json\/wp\/v2\/product\/3244\/revisions\/3759"}],"wp:featuredmedia":[{"embeddable":true,"href":"https:\/\/www.systemseals.com\/de\/wp-json\/wp\/v2\/media\/3243"}],"wp:attachment":[{"href":"https:\/\/www.systemseals.com\/de\/wp-json\/wp\/v2\/media?parent=3244"}],"wp:term":[{"taxonomy":"product_category","embeddable":true,"href":"https:\/\/www.systemseals.com\/de\/wp-json\/wp\/v2\/product_category?post=3244"},{"taxonomy":"product_industry","embeddable":true,"href":"https:\/\/www.systemseals.com\/de\/wp-json\/wp\/v2\/product_industry?post=3244"},{"taxonomy":"product_material","embeddable":true,"href":"https:\/\/www.systemseals.com\/de\/wp-json\/wp\/v2\/product_material?post=3244"}],"curies":[{"name":"wp","href":"https:\/\/api.w.org\/{rel}","templated":true}]}}