{"id":3217,"date":"2026-02-21T23:59:56","date_gmt":"2026-02-21T23:59:56","guid":{"rendered":"https:\/\/www.systemseals.com\/products\/201-kolbendichtung-nutringe-asymmetrisch\/"},"modified":"2026-04-15T07:52:45","modified_gmt":"2026-04-15T07:52:45","slug":"201-kolbendichtung-nutringe-asymmetrisch","status":"publish","type":"product","link":"https:\/\/www.systemseals.com\/de\/products\/201-kolbendichtung-nutringe-asymmetrisch\/","title":{"rendered":"201 Kolbendichtung Nutringe &#8211; Asymmetrisch"},"content":{"rendered":"<section id=\"block_546e4682e9cb92c024c21a6e193cc821\" class=\"section-intro py-12 md:py-24 on-white\">\r\n  <div class=\"anchor\" id=\"\"><\/div>\r\n  <div class=\"column-main\">\r\n    <div class=\"w-full flex flex-col justify-between  gap-4 md:flex-row md:gap-8\">\r\n              <div class=\" flex flex-col gap-6\">\r\n                      <p class=\"body-lg font-bold pre-dot\">201 Serie<\/p>\r\n                            <\/div>\r\n            <div class=\"w-full max-w-[900px]\">\r\n        <div class=\"flex flex-col gap-6 \">\r\n                                <div class=\"prose flex flex-col gap-6\">\r\n              <h3>Die Kolben-Nutringe der Serie 201 werden in einer Vielzahl von Standardanwendungen eingesetzt. Ihr asymmetrisches Design sorgt daf\u00fcr, dass die Dichtlippenkr\u00e4fte f\u00fcr jeden Querschnitt und Durchmesser optimiert sind. Hergestellt in einer Vielzahl von Materialien und Gr\u00f6\u00dfen von 6 mm bis zu 2100 mm in Standard- oder kundenspezifischen Durchmessern.  <\/h3>\n            <\/div>\r\n                            <\/div>\r\n      <\/div>\r\n          <\/div>\r\n  <\/div>\r\n<\/section>\r\n<section id=\"block_5a54de0707084f1064737773805ff2eb\" class=\"product-subsections py-12 md:py-24 on-white\">\r\n  <div class=\"anchor\" id=\"\"><\/div>\r\n      <div class=\"column-main\">\r\n      <div class=\"flex flex-col justify-between md:flex-row gap-4 md:gap-8\">\r\n        <div class=\"hidden md:flex flex-col gap-6\">\r\n          &nbsp; <!-- spacer -->\r\n        <\/div>\r\n\r\n        <div class=\"w-full max-w-[900px] flex flex-col gap-12 md:gap-24\">\r\n          \r\n            \r\n          \r\n                          <div class=\"text-table-group\" id=\"text-table-2-block_5a54de0707084f1064737773805ff2eb\">\r\n                <div class=\"flex flex-col justify-between md:flex-row gap-8\">\r\n                  <div class=\"w-full md:max-w-[300px] flex flex-col gap-6\">\r\n                                          <h2 class=\"body-lg font-bold leading-[1.33em]\"> Material Reihen <\/h2>\r\n                                      <\/div>\r\n                  <div class=\"w-full md:max-w-[558px] flex flex-col\">\r\n                                          <div class=\"prose flex flex-col gap-6\"> <p>Das Kolben-Nutringelement der Serie 201 besteht aus hochwertigem Polyurethan. Standardmaterialien sind MP03 maschinell bearbeitetes H-PU, erh\u00e4ltlich bis zu einem Durchmesser von 2100 mm, und MP50 spritzgegossenes TPU. Um einer Vielzahl von Anwendungen gerecht zu werden, ist die Serie auch in NBR, H-NBR, EPDM und hochtemperaturbest\u00e4ndigem FPM erh\u00e4ltlich.  <\/p>\n <\/div>\r\n                                                              <table class=\"table-auto\">\r\n                                                  <tr>\r\n                                                                                          <td class=\"body-lg font-medium leading-[1.33em]\">Polyurethan H-PU<\/td>\r\n                                                              <td class=\"body-lg font-medium leading-[1.33em]\">MP03<\/td>\r\n                                                                                    <\/tr>\r\n                                                  <tr>\r\n                                                                                          <td class=\"body-lg font-medium leading-[1.33em]\">Polyurethan TPU<\/td>\r\n                                                              <td class=\"body-lg font-medium leading-[1.33em]\">MP50<\/td>\r\n                                                                                    <\/tr>\r\n                                              <\/table>\r\n                                      <\/div>\r\n                <\/div>\r\n              <\/div>\r\n\r\n            \r\n          \r\n            \r\n                  <\/div>\r\n\r\n      <\/div>\r\n    <\/div>\r\n  <\/section><section id=\"block_1ab73d876e89f136a4f6e604bca2e184\" class=\"section-intro py-12 md:py-24 on-white\">\r\n  <div class=\"anchor\" id=\"\"><\/div>\r\n  <div class=\"column-main\">\r\n    <div class=\"w-full flex flex-col justify-between  gap-4 md:flex-row md:gap-8\">\r\n              <div class=\" flex flex-col gap-6\">\r\n                      <p class=\"body-lg font-bold pre-dot\">CAD-Dateien<\/p>\r\n                            <\/div>\r\n            <div class=\"w-full max-w-[900px]\">\r\n        <div class=\"flex flex-col gap-6 \">\r\n                                <div class=\"prose flex flex-col gap-6\">\r\n              <h2>Engineering File Downloads<\/h2>\n<article class=\"text-token-text-primary w-full focus:outline-none [--shadow-height:45px] has-data-writing-block:pointer-events-none has-data-writing-block:-mt-(--shadow-height) has-data-writing-block:pt-(--shadow-height) [&amp;:has([data-writing-block])&gt;*]:pointer-events-auto scroll-mt-[calc(var(--header-height)+min(200px,max(70px,20svh)))]\" dir=\"auto\" tabindex=\"-1\" data-turn-id=\"request-WEB:50330a9f-d040-4b92-b3dd-1e0f93314bb6-2\" data-testid=\"conversation-turn-6\" data-scroll-anchor=\"true\" data-turn=\"assistant\">\n<div class=\"text-base my-auto mx-auto pb-10 [--thread-content-margin:var(--thread-content-margin-xs,calc(var(--spacing)*4))] @w-sm\/main:[--thread-content-margin:var(--thread-content-margin-sm,calc(var(--spacing)*6))] @w-lg\/main:[--thread-content-margin:var(--thread-content-margin-lg,calc(var(--spacing)*16))] px-(--thread-content-margin)\">\n<div class=\"[--thread-content-max-width:40rem] @w-lg\/main:[--thread-content-max-width:48rem] mx-auto max-w-(--thread-content-max-width) flex-1 group\/turn-messages focus-visible:outline-hidden relative flex w-full min-w-0 flex-col agent-turn\" tabindex=\"-1\">\n<div class=\"flex max-w-full flex-col gap-4 grow\">\n<div class=\"min-h-8 text-message relative flex w-full flex-col items-end gap-2 text-start break-words whitespace-normal [.text-message+&amp;]:mt-1\" dir=\"auto\" data-message-author-role=\"assistant\" data-message-id=\"8583149a-868c-4ebb-b202-0ca6884a6d7f\" data-message-model-slug=\"gpt-5-3\">\n<div class=\"flex w-full flex-col gap-1 empty:hidden\">\n<div class=\"markdown prose dark:prose-invert w-full wrap-break-word dark markdown-new-styling\">\n<p data-start=\"0\" data-end=\"304\" data-is-last-node=\"\" data-is-only-node=\"\">Laden Sie CAD-Dateien f\u00fcr unsere Dichtungsl\u00f6sungen herunter, um die Konstruktion und das Produktdesign zu optimieren. Unsere technischen Zeichnungen erm\u00f6glichen es Ingenieuren, Dichtungsgeometrien schnell in ihre Baugruppen zu integrieren. <\/p>\n<\/div>\n<\/div>\n<\/div>\n<\/div>\n<\/div>\n<\/div>\n<div class=\"body-md leading-[1.25em] font-semibold\">CAD-Datei anzeigen<\/div>\n<\/article>\n<div class=\"flex flex-col md:flex-row\" style=\"gap: 64px;\">\n<div class=\"w-full\">\n<ul>\n<li><a href=\"https:\/\/systemseals-embedded.partcommunity.com\/3d-cad-models\/p01-imperial-heavy-duty-piston-u-cup-series-201-imperial-system-seals?info=systemseals%2Fhydraulic_seals%2Fpiston_seals%2Fp01_i_asmtab.prj&amp;cwid=3715\" target=\"_blank\" rel=\"noopener\">CAD in Imperial<\/a><\/li>\n<li><a href=\"https:\/\/systemseals-embedded.partcommunity.com\/3d-cad-models\/?info=systemseals\/hydraulic_seals\/piston_seals\/p01_m_asmtab.prj\" target=\"_blank\" rel=\"noopener\">CAD in Metrisch<\/a><\/li>\n<\/ul>\n<\/div>\n<\/div>\n            <\/div>\r\n                            <\/div>\r\n      <\/div>\r\n          <\/div>\r\n  <\/div>\r\n<\/section><section id=\"block_c0e8267e9a00d03f56f9dfbbd0f5dda3\" class=\"section-intro py-12 md:py-24 on-white\">\r\n  <div class=\"anchor\" id=\"\"><\/div>\r\n  <div class=\"column-main\">\r\n    <div class=\"w-full flex flex-col justify-between  gap-4 md:flex-row md:gap-8\">\r\n              <div class=\" flex flex-col gap-6\">\r\n                      <p class=\"body-lg font-bold pre-dot\">Engineered Performance<\/p>\r\n                            <\/div>\r\n            <div class=\"w-full max-w-[900px]\">\r\n        <div class=\"flex flex-col gap-6 \">\r\n                                <div class=\"prose flex flex-col gap-6\">\r\n              <h2>Gebaut f\u00fcr Leistung<\/h2>\n<p>Das Kolben-Nutringelement der Serie 201 ist eine der vielseitigsten Dichtungen, die typischerweise in Anwendungen mit mittlerem bis hohem Druck eingesetzt werden.<\/p>\n<div class=\"flex flex-col md:flex-row\" style=\"gap: 64px;\">\n<div class=\"w-full\">\n<div class=\"body-md leading-[1.25em] font-semibold\">Vorteile<\/div>\n<ul>\n<li>Hohe Druckf\u00e4higkeit und gro\u00dfer Temperaturbereich<\/li>\n<li>Ausgezeichnete Fl\u00fcssigkeitsvertr\u00e4glichkeit, einschlie\u00dflich Fl\u00fcssigkeiten auf Wasserbasis (H-PU)<\/li>\n<li>Au\u00dfergew\u00f6hnliche Abriebfestigkeit<\/li>\n<li>Hochgradig extrusionsbest\u00e4ndig<\/li>\n<li>Verf\u00fcgbar in Durchmessern bis zu 2100mm<\/li>\n<\/ul>\n<\/div>\n<div class=\"w-full\">\n<div class=\"body-md leading-[1.25em] font-semibold\">Anwendungen<\/div>\n<ul>\n<li>Einfachwirkende Zylinder<\/li>\n<li>Mobilhydraulik<\/li>\n<li>Umbau von Hydraulikzylindern<\/li>\n<li>Baumaschinen<\/li>\n<li>Hydraulische Pressen<\/li>\n<li>Spritzgie\u00dfmaschinen<\/li>\n<\/ul>\n<\/div>\n<\/div>\n            <\/div>\r\n                            <\/div>\r\n      <\/div>\r\n          <\/div>\r\n  <\/div>\r\n<\/section><section id=\"block_47fede9dd6a98c545b0c5a1bf6034766\" class=\"full-width-media \">\r\n  <div class=\"anchor\" id=\"\"><\/div>\r\n      <div class=\"media-wrapper\">\r\n      <img src=\"https:\/\/www.systemseals.com\/wp-content\/uploads\/2026\/02\/product-full-width-1-scaled.png\" alt=\"\" class=\"w-full h-auto block\">\r\n    <\/div>\r\n  <\/section><section id=\"block_104e8dd889c54651547d28a0bf52595b\" class=\"title-on-blue py-24 md:py-[198px] bg-prussian-blue\">\r\n  <div class=\"anchor\" id=\"\"><\/div>\r\n  <div class=\"column-main\">\r\n    <h3 class=\"max-w-[900px] mx-auto text-flash-white text-center\">\r\n        Entwickelt f\u00fcr Flexibilit\u00e4t bei Materialien, Gr\u00f6\u00dfen und Leistungsanforderungen. Standard- und kundenspezifische Durchmesser gew\u00e4hrleisten eine optimale Integration in Ihr System.     <\/h3>\r\n  <\/div>\r\n<\/section><div class=\"default-content container column-main\">\n<p><\/p>\n<\/div>","protected":false},"excerpt":{"rendered":"<p>201 Serie Die Kolben-Nutringe der Serie 201 werden in einer Vielzahl von Standardanwendungen eingesetzt. Ihr asymmetrisches Design sorgt daf\u00fcr, dass die Dichtlippenkr\u00e4fte f\u00fcr jeden Querschnitt und Durchmesser optimiert sind. Hergestellt in einer Vielzahl von Materialien und Gr\u00f6\u00dfen von 6 mm bis zu 2100 mm in Standard- oder kundenspezifischen Durchmessern. &nbsp; Material Reihen Das Kolben-Nutringelement der [&hellip;]<\/p>\n","protected":false},"author":4,"featured_media":3208,"template":"","meta":{"_acf_changed":false,"footnotes":""},"product_category":[3],"product_industry":[12,11],"product_material":[],"class_list":["post-3217","product","type-product","status-publish","has-post-thumbnail","hentry","product_category-piston-seals","product_industry-industrial","product_industry-oil-gas"],"acf":[],"yoast_head":"<!-- This site is optimized with the Yoast SEO plugin v27.4 - https:\/\/yoast.com\/product\/yoast-seo-wordpress\/ -->\n<title>201 Kolbendichtung Nutringe - Asymmetrisch - System Seals - Top Manufacturer for Reliable Seals<\/title>\n<meta name=\"robots\" content=\"index, follow, max-snippet:-1, max-image-preview:large, max-video-preview:-1\" \/>\n<link rel=\"canonical\" href=\"https:\/\/www.systemseals.com\/de\/products\/201-kolbendichtung-nutringe-asymmetrisch\/\" \/>\n<meta property=\"og:locale\" content=\"de_DE\" \/>\n<meta property=\"og:type\" content=\"article\" \/>\n<meta property=\"og:title\" content=\"201 Kolbendichtung Nutringe - Asymmetrisch - System Seals - Top Manufacturer for Reliable Seals\" \/>\n<meta property=\"og:description\" content=\"201 Serie Die Kolben-Nutringe der Serie 201 werden in einer Vielzahl von Standardanwendungen eingesetzt. Ihr asymmetrisches Design sorgt daf\u00fcr, dass die Dichtlippenkr\u00e4fte f\u00fcr jeden Querschnitt und Durchmesser optimiert sind. Hergestellt in einer Vielzahl von Materialien und Gr\u00f6\u00dfen von 6 mm bis zu 2100 mm in Standard- oder kundenspezifischen Durchmessern. &nbsp; Material Reihen Das Kolben-Nutringelement der [&hellip;]\" \/>\n<meta property=\"og:url\" content=\"https:\/\/www.systemseals.com\/de\/products\/201-kolbendichtung-nutringe-asymmetrisch\/\" \/>\n<meta property=\"og:site_name\" content=\"System Seals - Top Manufacturer for Reliable Seals\" \/>\n<meta property=\"article:modified_time\" content=\"2026-04-15T07:52:45+00:00\" \/>\n<meta property=\"og:image\" content=\"https:\/\/www.systemseals.com\/wp-content\/uploads\/2026\/02\/F-P01-1.jpg\" \/>\n\t<meta property=\"og:image:width\" content=\"903\" \/>\n\t<meta property=\"og:image:height\" content=\"847\" \/>\n\t<meta property=\"og:image:type\" content=\"image\/jpeg\" \/>\n<meta name=\"twitter:card\" content=\"summary_large_image\" \/>\n<script type=\"application\/ld+json\" class=\"yoast-schema-graph\">{\"@context\":\"https:\\\/\\\/schema.org\",\"@graph\":[{\"@type\":\"WebPage\",\"@id\":\"https:\\\/\\\/www.systemseals.com\\\/de\\\/products\\\/201-kolbendichtung-nutringe-asymmetrisch\\\/\",\"url\":\"https:\\\/\\\/www.systemseals.com\\\/de\\\/products\\\/201-kolbendichtung-nutringe-asymmetrisch\\\/\",\"name\":\"201 Kolbendichtung Nutringe - Asymmetrisch - System Seals - Top Manufacturer for Reliable Seals\",\"isPartOf\":{\"@id\":\"https:\\\/\\\/www.systemseals.com\\\/de\\\/#website\"},\"primaryImageOfPage\":{\"@id\":\"https:\\\/\\\/www.systemseals.com\\\/de\\\/products\\\/201-kolbendichtung-nutringe-asymmetrisch\\\/#primaryimage\"},\"image\":{\"@id\":\"https:\\\/\\\/www.systemseals.com\\\/de\\\/products\\\/201-kolbendichtung-nutringe-asymmetrisch\\\/#primaryimage\"},\"thumbnailUrl\":\"https:\\\/\\\/www.systemseals.com\\\/wp-content\\\/uploads\\\/2026\\\/02\\\/F-P01-1.jpg\",\"datePublished\":\"2026-02-21T23:59:56+00:00\",\"dateModified\":\"2026-04-15T07:52:45+00:00\",\"breadcrumb\":{\"@id\":\"https:\\\/\\\/www.systemseals.com\\\/de\\\/products\\\/201-kolbendichtung-nutringe-asymmetrisch\\\/#breadcrumb\"},\"inLanguage\":\"de\",\"potentialAction\":[{\"@type\":\"ReadAction\",\"target\":[\"https:\\\/\\\/www.systemseals.com\\\/de\\\/products\\\/201-kolbendichtung-nutringe-asymmetrisch\\\/\"]}]},{\"@type\":\"ImageObject\",\"inLanguage\":\"de\",\"@id\":\"https:\\\/\\\/www.systemseals.com\\\/de\\\/products\\\/201-kolbendichtung-nutringe-asymmetrisch\\\/#primaryimage\",\"url\":\"https:\\\/\\\/www.systemseals.com\\\/wp-content\\\/uploads\\\/2026\\\/02\\\/F-P01-1.jpg\",\"contentUrl\":\"https:\\\/\\\/www.systemseals.com\\\/wp-content\\\/uploads\\\/2026\\\/02\\\/F-P01-1.jpg\",\"width\":903,\"height\":847},{\"@type\":\"BreadcrumbList\",\"@id\":\"https:\\\/\\\/www.systemseals.com\\\/de\\\/products\\\/201-kolbendichtung-nutringe-asymmetrisch\\\/#breadcrumb\",\"itemListElement\":[{\"@type\":\"ListItem\",\"position\":1,\"name\":\"Home\",\"item\":\"https:\\\/\\\/www.systemseals.com\\\/de\\\/home\\\/\"},{\"@type\":\"ListItem\",\"position\":2,\"name\":\"Products\",\"item\":\"https:\\\/\\\/www.systemseals.com\\\/de\\\/products\\\/\"},{\"@type\":\"ListItem\",\"position\":3,\"name\":\"201 Kolbendichtung Nutringe &#8211; Asymmetrisch\"}]},{\"@type\":\"WebSite\",\"@id\":\"https:\\\/\\\/www.systemseals.com\\\/de\\\/#website\",\"url\":\"https:\\\/\\\/www.systemseals.com\\\/de\\\/\",\"name\":\"System Seals - Top Manufacturer for Reliable Seals\",\"description\":\"\",\"potentialAction\":[{\"@type\":\"SearchAction\",\"target\":{\"@type\":\"EntryPoint\",\"urlTemplate\":\"https:\\\/\\\/www.systemseals.com\\\/de\\\/?s={search_term_string}\"},\"query-input\":{\"@type\":\"PropertyValueSpecification\",\"valueRequired\":true,\"valueName\":\"search_term_string\"}}],\"inLanguage\":\"de\"}]}<\/script>\n<!-- \/ Yoast SEO plugin. -->","yoast_head_json":{"title":"201 Kolbendichtung Nutringe - Asymmetrisch - System Seals - Top Manufacturer for Reliable Seals","robots":{"index":"index","follow":"follow","max-snippet":"max-snippet:-1","max-image-preview":"max-image-preview:large","max-video-preview":"max-video-preview:-1"},"canonical":"https:\/\/www.systemseals.com\/de\/products\/201-kolbendichtung-nutringe-asymmetrisch\/","og_locale":"de_DE","og_type":"article","og_title":"201 Kolbendichtung Nutringe - Asymmetrisch - System Seals - Top Manufacturer for Reliable Seals","og_description":"201 Serie Die Kolben-Nutringe der Serie 201 werden in einer Vielzahl von Standardanwendungen eingesetzt. Ihr asymmetrisches Design sorgt daf\u00fcr, dass die Dichtlippenkr\u00e4fte f\u00fcr jeden Querschnitt und Durchmesser optimiert sind. Hergestellt in einer Vielzahl von Materialien und Gr\u00f6\u00dfen von 6 mm bis zu 2100 mm in Standard- oder kundenspezifischen Durchmessern. &nbsp; Material Reihen Das Kolben-Nutringelement der [&hellip;]","og_url":"https:\/\/www.systemseals.com\/de\/products\/201-kolbendichtung-nutringe-asymmetrisch\/","og_site_name":"System Seals - Top Manufacturer for Reliable Seals","article_modified_time":"2026-04-15T07:52:45+00:00","og_image":[{"width":903,"height":847,"url":"https:\/\/www.systemseals.com\/wp-content\/uploads\/2026\/02\/F-P01-1.jpg","type":"image\/jpeg"}],"twitter_card":"summary_large_image","schema":{"@context":"https:\/\/schema.org","@graph":[{"@type":"WebPage","@id":"https:\/\/www.systemseals.com\/de\/products\/201-kolbendichtung-nutringe-asymmetrisch\/","url":"https:\/\/www.systemseals.com\/de\/products\/201-kolbendichtung-nutringe-asymmetrisch\/","name":"201 Kolbendichtung Nutringe - Asymmetrisch - System Seals - Top Manufacturer for Reliable Seals","isPartOf":{"@id":"https:\/\/www.systemseals.com\/de\/#website"},"primaryImageOfPage":{"@id":"https:\/\/www.systemseals.com\/de\/products\/201-kolbendichtung-nutringe-asymmetrisch\/#primaryimage"},"image":{"@id":"https:\/\/www.systemseals.com\/de\/products\/201-kolbendichtung-nutringe-asymmetrisch\/#primaryimage"},"thumbnailUrl":"https:\/\/www.systemseals.com\/wp-content\/uploads\/2026\/02\/F-P01-1.jpg","datePublished":"2026-02-21T23:59:56+00:00","dateModified":"2026-04-15T07:52:45+00:00","breadcrumb":{"@id":"https:\/\/www.systemseals.com\/de\/products\/201-kolbendichtung-nutringe-asymmetrisch\/#breadcrumb"},"inLanguage":"de","potentialAction":[{"@type":"ReadAction","target":["https:\/\/www.systemseals.com\/de\/products\/201-kolbendichtung-nutringe-asymmetrisch\/"]}]},{"@type":"ImageObject","inLanguage":"de","@id":"https:\/\/www.systemseals.com\/de\/products\/201-kolbendichtung-nutringe-asymmetrisch\/#primaryimage","url":"https:\/\/www.systemseals.com\/wp-content\/uploads\/2026\/02\/F-P01-1.jpg","contentUrl":"https:\/\/www.systemseals.com\/wp-content\/uploads\/2026\/02\/F-P01-1.jpg","width":903,"height":847},{"@type":"BreadcrumbList","@id":"https:\/\/www.systemseals.com\/de\/products\/201-kolbendichtung-nutringe-asymmetrisch\/#breadcrumb","itemListElement":[{"@type":"ListItem","position":1,"name":"Home","item":"https:\/\/www.systemseals.com\/de\/home\/"},{"@type":"ListItem","position":2,"name":"Products","item":"https:\/\/www.systemseals.com\/de\/products\/"},{"@type":"ListItem","position":3,"name":"201 Kolbendichtung Nutringe &#8211; Asymmetrisch"}]},{"@type":"WebSite","@id":"https:\/\/www.systemseals.com\/de\/#website","url":"https:\/\/www.systemseals.com\/de\/","name":"System Seals - Top Manufacturer for Reliable Seals","description":"","potentialAction":[{"@type":"SearchAction","target":{"@type":"EntryPoint","urlTemplate":"https:\/\/www.systemseals.com\/de\/?s={search_term_string}"},"query-input":{"@type":"PropertyValueSpecification","valueRequired":true,"valueName":"search_term_string"}}],"inLanguage":"de"}]}},"_links":{"self":[{"href":"https:\/\/www.systemseals.com\/de\/wp-json\/wp\/v2\/product\/3217","targetHints":{"allow":["GET"]}}],"collection":[{"href":"https:\/\/www.systemseals.com\/de\/wp-json\/wp\/v2\/product"}],"about":[{"href":"https:\/\/www.systemseals.com\/de\/wp-json\/wp\/v2\/types\/product"}],"author":[{"embeddable":true,"href":"https:\/\/www.systemseals.com\/de\/wp-json\/wp\/v2\/users\/4"}],"version-history":[{"count":5,"href":"https:\/\/www.systemseals.com\/de\/wp-json\/wp\/v2\/product\/3217\/revisions"}],"predecessor-version":[{"id":3751,"href":"https:\/\/www.systemseals.com\/de\/wp-json\/wp\/v2\/product\/3217\/revisions\/3751"}],"wp:featuredmedia":[{"embeddable":true,"href":"https:\/\/www.systemseals.com\/de\/wp-json\/wp\/v2\/media\/3208"}],"wp:attachment":[{"href":"https:\/\/www.systemseals.com\/de\/wp-json\/wp\/v2\/media?parent=3217"}],"wp:term":[{"taxonomy":"product_category","embeddable":true,"href":"https:\/\/www.systemseals.com\/de\/wp-json\/wp\/v2\/product_category?post=3217"},{"taxonomy":"product_industry","embeddable":true,"href":"https:\/\/www.systemseals.com\/de\/wp-json\/wp\/v2\/product_industry?post=3217"},{"taxonomy":"product_material","embeddable":true,"href":"https:\/\/www.systemseals.com\/de\/wp-json\/wp\/v2\/product_material?post=3217"}],"curies":[{"name":"wp","href":"https:\/\/api.w.org\/{rel}","templated":true}]}}