{"id":3209,"date":"2026-02-22T00:07:28","date_gmt":"2026-02-22T00:07:28","guid":{"rendered":"https:\/\/www.systemseals.com\/products\/163-stangendichtung-nutringe-symmetrisch-oder-belastet-ae-ring\/"},"modified":"2026-04-15T07:57:51","modified_gmt":"2026-04-15T07:57:51","slug":"163-stangendichtung-nutringe-symmetrisch-oder-belastet-ae-ring","status":"publish","type":"product","link":"https:\/\/www.systemseals.com\/de\/products\/163-stangendichtung-nutringe-symmetrisch-oder-belastet-ae-ring\/","title":{"rendered":"163 Stangendichtung Nutringe &#8211; symmetrisch &#8211; oder belastet &#8211; AE Ring"},"content":{"rendered":"<section id=\"block_9f5b7efdc74a7fe9151da7f49608c057\" class=\"section-intro py-12 md:py-24 on-white\">\r\n  <div class=\"anchor\" id=\"\"><\/div>\r\n  <div class=\"column-main\">\r\n    <div class=\"w-full flex flex-col justify-between  gap-4 md:flex-row md:gap-8\">\r\n              <div class=\" flex flex-col gap-6\">\r\n                      <p class=\"body-lg font-bold pre-dot\">163 Serie<\/p>\r\n                            <\/div>\r\n            <div class=\"w-full max-w-[900px]\">\r\n        <div class=\"flex flex-col gap-6 \">\r\n                                <div class=\"prose flex flex-col gap-6\">\r\n              <h3>Die Stangendichtung der Serie 163 wird typischerweise in Hochleistungsanwendungen eingesetzt, bei denen Druckspitzen und gro\u00dfe Extrusionsspalte vorhanden sind.<\/h3>\n            <\/div>\r\n                            <\/div>\r\n      <\/div>\r\n          <\/div>\r\n  <\/div>\r\n<\/section>\r\n<section id=\"block_b2694b13b61d51e7d9b7f4648316fe21\" class=\"product-subsections py-12 md:py-24 on-white\">\r\n  <div class=\"anchor\" id=\"\"><\/div>\r\n      <div class=\"column-main\">\r\n      <div class=\"flex flex-col justify-between md:flex-row gap-4 md:gap-8\">\r\n        <div class=\"hidden md:flex flex-col gap-6\">\r\n          &nbsp; <!-- spacer -->\r\n        <\/div>\r\n\r\n        <div class=\"w-full max-w-[900px] flex flex-col gap-12 md:gap-24\">\r\n          \r\n            \r\n          \r\n                          <div class=\"text-table-group\" id=\"text-table-2-block_b2694b13b61d51e7d9b7f4648316fe21\">\r\n                <div class=\"flex flex-col justify-between md:flex-row gap-8\">\r\n                  <div class=\"w-full md:max-w-[300px] flex flex-col gap-6\">\r\n                                          <h2 class=\"body-lg font-bold leading-[1.33em]\"> Material Reihen <\/h2>\r\n                                      <\/div>\r\n                  <div class=\"w-full md:max-w-[558px] flex flex-col\">\r\n                                          <div class=\"prose flex flex-col gap-6\"> <p>Die Stangendichtung der Serie 163 besteht aus hochwertigem Polyurethan. Standardmaterialien sind MP03 bearbeitetes H-PU, NBR O-Ring und Polyacetal St\u00fctzring. Um einer Vielzahl von Anwendungen gerecht zu werden, ist die Serie auch in NBR, H-NBR, EPDM und hochtemperaturbest\u00e4ndigem FPM erh\u00e4ltlich.  <\/p>\n <\/div>\r\n                                                              <table class=\"table-auto\">\r\n                                                  <tr>\r\n                                                                                          <td class=\"body-lg font-medium leading-[1.33em]\">Polyurethan H-PU \/A NBR \/ POM<\/td>\r\n                                                              <td class=\"body-lg font-medium leading-[1.33em]\">MP62<\/td>\r\n                                                                                    <\/tr>\r\n                                                  <tr>\r\n                                                                                          <td class=\"body-lg font-medium leading-[1.33em]\">Polyurethan TPU \/ NBR \/ Polyamid<\/td>\r\n                                                              <td class=\"body-lg font-medium leading-[1.33em]\">MP63<\/td>\r\n                                                                                    <\/tr>\r\n                                              <\/table>\r\n                                      <\/div>\r\n                <\/div>\r\n              <\/div>\r\n\r\n            \r\n          \r\n            \r\n                  <\/div>\r\n\r\n      <\/div>\r\n    <\/div>\r\n  <\/section><section id=\"block_70006648a4d5a047eb82e8f858575259\" class=\"full-width-media \">\r\n  <div class=\"anchor\" id=\"\"><\/div>\r\n      <div class=\"media-wrapper\">\r\n      <img src=\"https:\/\/www.systemseals.com\/wp-content\/uploads\/2026\/02\/product-full-width-1-scaled.png\" alt=\"\" class=\"w-full h-auto block\">\r\n    <\/div>\r\n  <\/section><section id=\"block_1c832f04817754c4438c8b751461b6c6\" class=\"title-on-blue py-24 md:py-[198px] bg-prussian-blue\">\r\n  <div class=\"anchor\" id=\"\"><\/div>\r\n  <div class=\"column-main\">\r\n    <h3 class=\"max-w-[900px] mx-auto text-flash-white text-center\">\r\n        Entwickelt f\u00fcr Flexibilit\u00e4t bei Materialien, Gr\u00f6\u00dfen und Leistungsanforderungen. Standard- und kundenspezifische Durchmesser gew\u00e4hrleisten eine optimale Integration in Ihr System.     <\/h3>\r\n  <\/div>\r\n<\/section><section id=\"block_79254aa3f90d385d1b9b06a5d4131fb9\" class=\"section-intro py-12 md:py-24 on-white\">\r\n  <div class=\"anchor\" id=\"\"><\/div>\r\n  <div class=\"column-main\">\r\n    <div class=\"w-full flex flex-col justify-between  gap-4 md:flex-row md:gap-8\">\r\n              <div class=\" flex flex-col gap-6\">\r\n                      <p class=\"body-lg font-bold pre-dot\">Engineered Performance<\/p>\r\n                            <\/div>\r\n            <div class=\"w-full max-w-[900px]\">\r\n        <div class=\"flex flex-col gap-6 \">\r\n                                <div class=\"prose flex flex-col gap-6\">\r\n              <h2>Gebaut f\u00fcr Leistung<\/h2>\n<p>Diese Dichtungsl\u00f6sung wurde f\u00fcr anspruchsvolle Hydraulikumgebungen entwickelt und bietet zuverl\u00e4ssige Leistung unter hohem Druck, in weiten Temperaturbereichen und bei aggressiven Medien &#8211; und hilft so, die Lebensdauer zu verl\u00e4ngern und Ausfallzeiten zu reduzieren.<\/p>\n<div class=\"flex flex-col md:flex-row\" style=\"gap: 64px;\">\n<div class=\"w-full\">\n<div class=\"body-md leading-[1.25em] font-semibold\">Leistungen<\/div>\n<ul>\n<li>Hochdruckf\u00e4higkeit und gro\u00dfer Temperaturbereich<\/li>\n<li>Ausgezeichnete Fl\u00fcssigkeitsvertr\u00e4glichkeit, einschlie\u00dflich Fl\u00fcssigkeiten auf Wasserbasis (H-PU)<\/li>\n<li>Au\u00dfergew\u00f6hnliche Abriebfestigkeit<\/li>\n<\/ul>\n<\/div>\n<div class=\"w-full\">\n<div class=\"body-md leading-[1.25em] font-semibold\">Anwendungen<\/div>\n<ul>\n<li>Bergbau<\/li>\n<li>Mobilhydraulik<\/li>\n<li>Umbau von Hydraulikzylindern<\/li>\n<li>Landwirtschaftshydraulik<\/li>\n<li>Baumaschinen<\/li>\n<\/ul>\n<\/div>\n<\/div>\n            <\/div>\r\n                            <\/div>\r\n      <\/div>\r\n          <\/div>\r\n  <\/div>\r\n<\/section>","protected":false},"excerpt":{"rendered":"<p>163 Serie Die Stangendichtung der Serie 163 wird typischerweise in Hochleistungsanwendungen eingesetzt, bei denen Druckspitzen und gro\u00dfe Extrusionsspalte vorhanden sind. &nbsp; Material Reihen Die Stangendichtung der Serie 163 besteht aus hochwertigem Polyurethan. Standardmaterialien sind MP03 bearbeitetes H-PU, NBR O-Ring und Polyacetal St\u00fctzring. Um einer Vielzahl von Anwendungen gerecht zu werden, ist die Serie auch in [&hellip;]<\/p>\n","protected":false},"author":3,"featured_media":3199,"template":"","meta":{"_acf_changed":false,"footnotes":""},"product_category":[2],"product_industry":[12,11],"product_material":[],"class_list":["post-3209","product","type-product","status-publish","has-post-thumbnail","hentry","product_category-rod-seals","product_industry-industrial","product_industry-oil-gas"],"acf":[],"yoast_head":"<!-- This site is optimized with the Yoast SEO plugin v27.4 - https:\/\/yoast.com\/product\/yoast-seo-wordpress\/ -->\n<title>163 Stangendichtung Nutringe - symmetrisch - oder belastet - AE Ring - System Seals - Top Manufacturer for Reliable Seals<\/title>\n<meta name=\"robots\" content=\"index, follow, max-snippet:-1, max-image-preview:large, max-video-preview:-1\" \/>\n<link rel=\"canonical\" href=\"https:\/\/www.systemseals.com\/de\/products\/163-stangendichtung-nutringe-symmetrisch-oder-belastet-ae-ring\/\" \/>\n<meta property=\"og:locale\" content=\"de_DE\" \/>\n<meta property=\"og:type\" content=\"article\" \/>\n<meta property=\"og:title\" content=\"163 Stangendichtung Nutringe - symmetrisch - oder belastet - AE Ring - System Seals - Top Manufacturer for Reliable Seals\" \/>\n<meta property=\"og:description\" content=\"163 Serie Die Stangendichtung der Serie 163 wird typischerweise in Hochleistungsanwendungen eingesetzt, bei denen Druckspitzen und gro\u00dfe Extrusionsspalte vorhanden sind. &nbsp; Material Reihen Die Stangendichtung der Serie 163 besteht aus hochwertigem Polyurethan. Standardmaterialien sind MP03 bearbeitetes H-PU, NBR O-Ring und Polyacetal St\u00fctzring. Um einer Vielzahl von Anwendungen gerecht zu werden, ist die Serie auch in [&hellip;]\" \/>\n<meta property=\"og:url\" content=\"https:\/\/www.systemseals.com\/de\/products\/163-stangendichtung-nutringe-symmetrisch-oder-belastet-ae-ring\/\" \/>\n<meta property=\"og:site_name\" content=\"System Seals - Top Manufacturer for Reliable Seals\" \/>\n<meta property=\"article:modified_time\" content=\"2026-04-15T07:57:51+00:00\" \/>\n<meta property=\"og:image\" content=\"https:\/\/www.systemseals.com\/wp-content\/uploads\/2026\/02\/F-R-63.jpg\" \/>\n\t<meta property=\"og:image:width\" content=\"819\" \/>\n\t<meta property=\"og:image:height\" content=\"840\" \/>\n\t<meta property=\"og:image:type\" content=\"image\/jpeg\" \/>\n<meta name=\"twitter:card\" content=\"summary_large_image\" \/>\n<script type=\"application\/ld+json\" class=\"yoast-schema-graph\">{\"@context\":\"https:\\\/\\\/schema.org\",\"@graph\":[{\"@type\":\"WebPage\",\"@id\":\"https:\\\/\\\/www.systemseals.com\\\/de\\\/products\\\/163-stangendichtung-nutringe-symmetrisch-oder-belastet-ae-ring\\\/\",\"url\":\"https:\\\/\\\/www.systemseals.com\\\/de\\\/products\\\/163-stangendichtung-nutringe-symmetrisch-oder-belastet-ae-ring\\\/\",\"name\":\"163 Stangendichtung Nutringe - symmetrisch - oder belastet - AE Ring - System Seals - Top Manufacturer for Reliable Seals\",\"isPartOf\":{\"@id\":\"https:\\\/\\\/www.systemseals.com\\\/de\\\/#website\"},\"primaryImageOfPage\":{\"@id\":\"https:\\\/\\\/www.systemseals.com\\\/de\\\/products\\\/163-stangendichtung-nutringe-symmetrisch-oder-belastet-ae-ring\\\/#primaryimage\"},\"image\":{\"@id\":\"https:\\\/\\\/www.systemseals.com\\\/de\\\/products\\\/163-stangendichtung-nutringe-symmetrisch-oder-belastet-ae-ring\\\/#primaryimage\"},\"thumbnailUrl\":\"https:\\\/\\\/www.systemseals.com\\\/wp-content\\\/uploads\\\/2026\\\/02\\\/F-R-63.jpg\",\"datePublished\":\"2026-02-22T00:07:28+00:00\",\"dateModified\":\"2026-04-15T07:57:51+00:00\",\"breadcrumb\":{\"@id\":\"https:\\\/\\\/www.systemseals.com\\\/de\\\/products\\\/163-stangendichtung-nutringe-symmetrisch-oder-belastet-ae-ring\\\/#breadcrumb\"},\"inLanguage\":\"de\",\"potentialAction\":[{\"@type\":\"ReadAction\",\"target\":[\"https:\\\/\\\/www.systemseals.com\\\/de\\\/products\\\/163-stangendichtung-nutringe-symmetrisch-oder-belastet-ae-ring\\\/\"]}]},{\"@type\":\"ImageObject\",\"inLanguage\":\"de\",\"@id\":\"https:\\\/\\\/www.systemseals.com\\\/de\\\/products\\\/163-stangendichtung-nutringe-symmetrisch-oder-belastet-ae-ring\\\/#primaryimage\",\"url\":\"https:\\\/\\\/www.systemseals.com\\\/wp-content\\\/uploads\\\/2026\\\/02\\\/F-R-63.jpg\",\"contentUrl\":\"https:\\\/\\\/www.systemseals.com\\\/wp-content\\\/uploads\\\/2026\\\/02\\\/F-R-63.jpg\",\"width\":819,\"height\":840},{\"@type\":\"BreadcrumbList\",\"@id\":\"https:\\\/\\\/www.systemseals.com\\\/de\\\/products\\\/163-stangendichtung-nutringe-symmetrisch-oder-belastet-ae-ring\\\/#breadcrumb\",\"itemListElement\":[{\"@type\":\"ListItem\",\"position\":1,\"name\":\"Home\",\"item\":\"https:\\\/\\\/www.systemseals.com\\\/de\\\/home\\\/\"},{\"@type\":\"ListItem\",\"position\":2,\"name\":\"Products\",\"item\":\"https:\\\/\\\/www.systemseals.com\\\/de\\\/products\\\/\"},{\"@type\":\"ListItem\",\"position\":3,\"name\":\"163 Stangendichtung Nutringe &#8211; symmetrisch &#8211; oder belastet &#8211; AE Ring\"}]},{\"@type\":\"WebSite\",\"@id\":\"https:\\\/\\\/www.systemseals.com\\\/de\\\/#website\",\"url\":\"https:\\\/\\\/www.systemseals.com\\\/de\\\/\",\"name\":\"System Seals - Top Manufacturer for Reliable Seals\",\"description\":\"\",\"potentialAction\":[{\"@type\":\"SearchAction\",\"target\":{\"@type\":\"EntryPoint\",\"urlTemplate\":\"https:\\\/\\\/www.systemseals.com\\\/de\\\/?s={search_term_string}\"},\"query-input\":{\"@type\":\"PropertyValueSpecification\",\"valueRequired\":true,\"valueName\":\"search_term_string\"}}],\"inLanguage\":\"de\"}]}<\/script>\n<!-- \/ Yoast SEO plugin. -->","yoast_head_json":{"title":"163 Stangendichtung Nutringe - symmetrisch - oder belastet - AE Ring - System Seals - Top Manufacturer for Reliable Seals","robots":{"index":"index","follow":"follow","max-snippet":"max-snippet:-1","max-image-preview":"max-image-preview:large","max-video-preview":"max-video-preview:-1"},"canonical":"https:\/\/www.systemseals.com\/de\/products\/163-stangendichtung-nutringe-symmetrisch-oder-belastet-ae-ring\/","og_locale":"de_DE","og_type":"article","og_title":"163 Stangendichtung Nutringe - symmetrisch - oder belastet - AE Ring - System Seals - Top Manufacturer for Reliable Seals","og_description":"163 Serie Die Stangendichtung der Serie 163 wird typischerweise in Hochleistungsanwendungen eingesetzt, bei denen Druckspitzen und gro\u00dfe Extrusionsspalte vorhanden sind. &nbsp; Material Reihen Die Stangendichtung der Serie 163 besteht aus hochwertigem Polyurethan. Standardmaterialien sind MP03 bearbeitetes H-PU, NBR O-Ring und Polyacetal St\u00fctzring. Um einer Vielzahl von Anwendungen gerecht zu werden, ist die Serie auch in [&hellip;]","og_url":"https:\/\/www.systemseals.com\/de\/products\/163-stangendichtung-nutringe-symmetrisch-oder-belastet-ae-ring\/","og_site_name":"System Seals - Top Manufacturer for Reliable Seals","article_modified_time":"2026-04-15T07:57:51+00:00","og_image":[{"width":819,"height":840,"url":"https:\/\/www.systemseals.com\/wp-content\/uploads\/2026\/02\/F-R-63.jpg","type":"image\/jpeg"}],"twitter_card":"summary_large_image","schema":{"@context":"https:\/\/schema.org","@graph":[{"@type":"WebPage","@id":"https:\/\/www.systemseals.com\/de\/products\/163-stangendichtung-nutringe-symmetrisch-oder-belastet-ae-ring\/","url":"https:\/\/www.systemseals.com\/de\/products\/163-stangendichtung-nutringe-symmetrisch-oder-belastet-ae-ring\/","name":"163 Stangendichtung Nutringe - symmetrisch - oder belastet - AE Ring - System Seals - Top Manufacturer for Reliable Seals","isPartOf":{"@id":"https:\/\/www.systemseals.com\/de\/#website"},"primaryImageOfPage":{"@id":"https:\/\/www.systemseals.com\/de\/products\/163-stangendichtung-nutringe-symmetrisch-oder-belastet-ae-ring\/#primaryimage"},"image":{"@id":"https:\/\/www.systemseals.com\/de\/products\/163-stangendichtung-nutringe-symmetrisch-oder-belastet-ae-ring\/#primaryimage"},"thumbnailUrl":"https:\/\/www.systemseals.com\/wp-content\/uploads\/2026\/02\/F-R-63.jpg","datePublished":"2026-02-22T00:07:28+00:00","dateModified":"2026-04-15T07:57:51+00:00","breadcrumb":{"@id":"https:\/\/www.systemseals.com\/de\/products\/163-stangendichtung-nutringe-symmetrisch-oder-belastet-ae-ring\/#breadcrumb"},"inLanguage":"de","potentialAction":[{"@type":"ReadAction","target":["https:\/\/www.systemseals.com\/de\/products\/163-stangendichtung-nutringe-symmetrisch-oder-belastet-ae-ring\/"]}]},{"@type":"ImageObject","inLanguage":"de","@id":"https:\/\/www.systemseals.com\/de\/products\/163-stangendichtung-nutringe-symmetrisch-oder-belastet-ae-ring\/#primaryimage","url":"https:\/\/www.systemseals.com\/wp-content\/uploads\/2026\/02\/F-R-63.jpg","contentUrl":"https:\/\/www.systemseals.com\/wp-content\/uploads\/2026\/02\/F-R-63.jpg","width":819,"height":840},{"@type":"BreadcrumbList","@id":"https:\/\/www.systemseals.com\/de\/products\/163-stangendichtung-nutringe-symmetrisch-oder-belastet-ae-ring\/#breadcrumb","itemListElement":[{"@type":"ListItem","position":1,"name":"Home","item":"https:\/\/www.systemseals.com\/de\/home\/"},{"@type":"ListItem","position":2,"name":"Products","item":"https:\/\/www.systemseals.com\/de\/products\/"},{"@type":"ListItem","position":3,"name":"163 Stangendichtung Nutringe &#8211; symmetrisch &#8211; oder belastet &#8211; AE Ring"}]},{"@type":"WebSite","@id":"https:\/\/www.systemseals.com\/de\/#website","url":"https:\/\/www.systemseals.com\/de\/","name":"System Seals - Top Manufacturer for Reliable Seals","description":"","potentialAction":[{"@type":"SearchAction","target":{"@type":"EntryPoint","urlTemplate":"https:\/\/www.systemseals.com\/de\/?s={search_term_string}"},"query-input":{"@type":"PropertyValueSpecification","valueRequired":true,"valueName":"search_term_string"}}],"inLanguage":"de"}]}},"_links":{"self":[{"href":"https:\/\/www.systemseals.com\/de\/wp-json\/wp\/v2\/product\/3209","targetHints":{"allow":["GET"]}}],"collection":[{"href":"https:\/\/www.systemseals.com\/de\/wp-json\/wp\/v2\/product"}],"about":[{"href":"https:\/\/www.systemseals.com\/de\/wp-json\/wp\/v2\/types\/product"}],"author":[{"embeddable":true,"href":"https:\/\/www.systemseals.com\/de\/wp-json\/wp\/v2\/users\/3"}],"version-history":[{"count":5,"href":"https:\/\/www.systemseals.com\/de\/wp-json\/wp\/v2\/product\/3209\/revisions"}],"predecessor-version":[{"id":3757,"href":"https:\/\/www.systemseals.com\/de\/wp-json\/wp\/v2\/product\/3209\/revisions\/3757"}],"wp:featuredmedia":[{"embeddable":true,"href":"https:\/\/www.systemseals.com\/de\/wp-json\/wp\/v2\/media\/3199"}],"wp:attachment":[{"href":"https:\/\/www.systemseals.com\/de\/wp-json\/wp\/v2\/media?parent=3209"}],"wp:term":[{"taxonomy":"product_category","embeddable":true,"href":"https:\/\/www.systemseals.com\/de\/wp-json\/wp\/v2\/product_category?post=3209"},{"taxonomy":"product_industry","embeddable":true,"href":"https:\/\/www.systemseals.com\/de\/wp-json\/wp\/v2\/product_industry?post=3209"},{"taxonomy":"product_material","embeddable":true,"href":"https:\/\/www.systemseals.com\/de\/wp-json\/wp\/v2\/product_material?post=3209"}],"curies":[{"name":"wp","href":"https:\/\/api.w.org\/{rel}","templated":true}]}}