{"id":3157,"date":"2026-03-06T15:19:00","date_gmt":"2026-03-06T15:19:00","guid":{"rendered":"https:\/\/www.systemseals.com\/products\/vortex-plus\/"},"modified":"2026-04-15T07:26:29","modified_gmt":"2026-04-15T07:26:29","slug":"vortex-plus","status":"publish","type":"product","link":"https:\/\/www.systemseals.com\/de\/products\/vortex-plus\/","title":{"rendered":"Vortex Plus"},"content":{"rendered":"<section id=\"block_8b2ece2a4982382cc394af62b37c2ba8\" class=\"section-intro py-12 md:py-24 on-white\">\r\n  <div class=\"anchor\" id=\"\"><\/div>\r\n  <div class=\"column-main\">\r\n    <div class=\"w-full flex flex-col justify-between  gap-4 md:flex-row md:gap-8\">\r\n              <div class=\" flex flex-col gap-6\">\r\n                      <p class=\"body-lg font-bold pre-dot\">Vortex Serie<\/p>\r\n                            <\/div>\r\n            <div class=\"w-full max-w-[900px]\">\r\n        <div class=\"flex flex-col gap-6 \">\r\n                                <div class=\"prose flex flex-col gap-6\">\r\n              <h3>Urspr\u00fcnglich speziell f\u00fcr \u00f6lgeschmierte Lager konzipiert, wurde die n\u00e4chste Generation der VORTEX PLUS<br \/>\nauch f\u00fcr Fettschmierung angepasst. Sie verf\u00fcgt \u00fcber druckaktivierte Dichtlippen, welche Dr\u00fccke von bis zu 1 bar aufnehmen k\u00f6nnen. Mit der branchenweit niedrigsten Dichtkraft der Dichtlippe bietet sie ein geringeres Drehmoment und eine l\u00e4ngere Lebensdauer, da sie mit einer niedrigeren Lippentemperatur arbeitet. Au\u00dferdem dichtet sie Sp\u00fclfl\u00fcssigkeiten w\u00e4hrend des Produktionsprozesses der Lager ab. Jede VORTEX PLUS Dichtung ist f\u00fcr eine spezielle Lageranwendung konzipiert, entweder f\u00fcr eine OEM-Anwendung oder zur Nachr\u00fcstung eines vorhandenen Lagers    <\/h3>\n            <\/div>\r\n                            <\/div>\r\n      <\/div>\r\n          <\/div>\r\n  <\/div>\r\n<\/section>\r\n<section id=\"block_d963069747c7c830f42ad23351441d30\" class=\"product-subsections py-12 md:py-24 on-white\">\r\n  <div class=\"anchor\" id=\"\"><\/div>\r\n      <div class=\"column-main\">\r\n      <div class=\"flex flex-col justify-between md:flex-row gap-4 md:gap-8\">\r\n        <div class=\"hidden md:flex flex-col gap-6\">\r\n          &nbsp; <!-- spacer -->\r\n        <\/div>\r\n\r\n        <div class=\"w-full max-w-[900px] flex flex-col gap-12 md:gap-24\">\r\n          \r\n                          <div class=\"text-table-group\" id=\"text-table-1-block_d963069747c7c830f42ad23351441d30\">\r\n                <div class=\"flex flex-col justify-between md:flex-row gap-8\">\r\n                  <div class=\"w-full md:max-w-[300px] flex flex-col gap-6\">\r\n                                          <h2 class=\"body-lg font-bold leading-[1.33em]\"> Material Reihen <\/h2>\r\n                                      <\/div>\r\n                  <div class=\"w-full md:max-w-[558px] flex flex-col\">\r\n                                          <div class=\"prose flex flex-col gap-6\"> <p>Die Vortex-Dichtung verwendet die von System Seals entwickelte Polyurethanformel mit hervorragenden Materialeigenschaften, die bei Tests gem\u00e4\u00df ASTM D5963 \/ ISO 4649 eine 8-mal h\u00f6here Abriebfestigkeit als herk\u00f6mmliche Elastomere bieten.<\/p>\n <\/div>\r\n                                                          <\/div>\r\n                <\/div>\r\n              <\/div>\r\n\r\n            \r\n          \r\n                          <div class=\"text-table-group\" id=\"text-table-2-block_d963069747c7c830f42ad23351441d30\">\r\n                <div class=\"flex flex-col justify-between md:flex-row gap-8\">\r\n                  <div class=\"w-full md:max-w-[300px] flex flex-col gap-6\">\r\n                                          <h2 class=\"body-lg font-bold leading-[1.33em]\"> Gr\u00f6\u00dfe \/ Plattform <\/h2>\r\n                                      <\/div>\r\n                  <div class=\"w-full md:max-w-[558px] flex flex-col\">\r\n                                          <div class=\"prose flex flex-col gap-6\"> <p>Gr\u00f6\u00dfen zum Nachr\u00fcsten vorhandener Nuten und Labyrinthdichtungen bis zu 5000,00 mm in allen Durchmessern erh\u00e4ltlich.<\/p>\n <\/div>\r\n                                                              <table class=\"table-auto\">\r\n                                                  <tr>\r\n                                                                                          <td class=\"body-lg font-medium leading-[1.33em]\">DURCHMESSER DER WELLE<\/td>\r\n                                                              <td class=\"body-lg font-medium leading-[1.33em]\">B<\/td>\r\n                                                              <td class=\"body-lg font-medium leading-[1.33em]\">\u00d8D1<\/td>\r\n                                                              <td class=\"body-lg font-medium leading-[1.33em]\">\u00d8D2<\/td>\r\n                                                              <td class=\"body-lg font-medium leading-[1.33em]\">L +0.25<\/td>\r\n                                                                                    <\/tr>\r\n                                                  <tr>\r\n                                                                                          <td class=\"body-lg font-medium leading-[1.33em]\">&gt;200.00 mm<\/td>\r\n                                                              <td class=\"body-lg font-medium leading-[1.33em]\">20.00<\/td>\r\n                                                              <td class=\"body-lg font-medium leading-[1.33em]\">d + 40.00<\/td>\r\n                                                              <td class=\"body-lg font-medium leading-[1.33em]\">  d+7.00<\/td>\r\n                                                              <td class=\"body-lg font-medium leading-[1.33em]\">16.00<\/td>\r\n                                                                                    <\/tr>\r\n                                                  <tr>\r\n                                                                                          <td class=\"body-lg font-medium leading-[1.33em]\">&gt;200.00 mm<\/td>\r\n                                                              <td class=\"body-lg font-medium leading-[1.33em]\"> 20.00<\/td>\r\n                                                              <td class=\"body-lg font-medium leading-[1.33em]\">d + 40.00<\/td>\r\n                                                              <td class=\"body-lg font-medium leading-[1.33em]\">d+7.00<\/td>\r\n                                                              <td class=\"body-lg font-medium leading-[1.33em]\">20.00<\/td>\r\n                                                                                    <\/tr>\r\n                                              <\/table>\r\n                                      <\/div>\r\n                <\/div>\r\n              <\/div>\r\n\r\n            \r\n          \r\n                          <div class=\"text-table-group\" id=\"text-table-3-block_d963069747c7c830f42ad23351441d30\">\r\n                <div class=\"flex flex-col justify-between md:flex-row gap-8\">\r\n                  <div class=\"w-full md:max-w-[300px] flex flex-col gap-6\">\r\n                                          <h2 class=\"body-lg font-bold leading-[1.33em]\"> Betriebsparameter <\/h2>\r\n                                      <\/div>\r\n                  <div class=\"w-full md:max-w-[558px] flex flex-col\">\r\n                                          <div class=\"prose flex flex-col gap-6\"> <p>Die obigen Werte sind Richtwerte. Bitte kontaktieren Sie unser Technikteam, um<br \/>\nspezifische Anwendungsparameter zu \u00fcberpr\u00fcfen. <\/p>\n <\/div>\r\n                                                              <table class=\"table-auto\">\r\n                                                  <tr>\r\n                                                                                          <td class=\"body-lg font-medium leading-[1.33em]\">PARAMETER<\/td>\r\n                                                              <td class=\"body-lg font-medium leading-[1.33em]\">Ra<\/td>\r\n                                                              <td class=\"body-lg font-medium leading-[1.33em]\">Rt<\/td>\r\n                                                              <td class=\"body-lg font-medium leading-[1.33em]\">RMS<\/td>\r\n                                                                                    <\/tr>\r\n                                                  <tr>\r\n                                                                                          <td class=\"body-lg font-medium leading-[1.33em]\">Gleitende Oberfl\u00e4che<\/td>\r\n                                                              <td class=\"body-lg font-medium leading-[1.33em]\">\u22640,8 \u00b5m<\/td>\r\n                                                              <td class=\"body-lg font-medium leading-[1.33em]\">\u22644 \u00b5m<\/td>\r\n                                                              <td class=\"body-lg font-medium leading-[1.33em]\">24 RMS<\/td>\r\n                                                                                    <\/tr>\r\n                                                  <tr>\r\n                                                                                          <td class=\"body-lg font-medium leading-[1.33em]\">Seiten der Rille<\/td>\r\n                                                              <td class=\"body-lg font-medium leading-[1.33em]\">  \u22644 \u00b5m<\/td>\r\n                                                              <td class=\"body-lg font-medium leading-[1.33em]\">\u226416 \u00b5m<\/td>\r\n                                                              <td class=\"body-lg font-medium leading-[1.33em]\">160 RMS<\/td>\r\n                                                                                    <\/tr>\r\n                                              <\/table>\r\n                                      <\/div>\r\n                <\/div>\r\n              <\/div>\r\n\r\n            \r\n                  <\/div>\r\n\r\n      <\/div>\r\n    <\/div>\r\n  <\/section><section id=\"block_a11707d12890d97e8b338fed6a7fa83a\" class=\"full-width-media \">\r\n  <div class=\"anchor\" id=\"\"><\/div>\r\n      <div class=\"media-wrapper\">\r\n      <img src=\"https:\/\/www.systemseals.com\/wp-content\/uploads\/2026\/02\/product-full-width-1-scaled.png\" alt=\"\" class=\"w-full h-auto block\">\r\n    <\/div>\r\n  <\/section><section id=\"block_beb18a723d128923ae34212de52870e3\" class=\"title-on-blue py-24 md:py-[198px] bg-prussian-blue\">\r\n  <div class=\"anchor\" id=\"\"><\/div>\r\n  <div class=\"column-main\">\r\n    <h3 class=\"max-w-[900px] mx-auto text-flash-white text-center\">\r\n      Hergestellt in einer Vielzahl von Materialien und Gr\u00f6\u00dfen von 6 mm bis zu 5000 Millimetern in Standard- oder kundenspezifischen Durchmessern.    <\/h3>\r\n  <\/div>\r\n<\/section><section id=\"block_9e8acadd103b7a5146615859e39d2f04\" class=\"section-intro py-12 md:py-24 on-white\">\r\n  <div class=\"anchor\" id=\"\"><\/div>\r\n  <div class=\"column-main\">\r\n    <div class=\"w-full flex flex-col justify-between  gap-4 md:flex-row md:gap-8\">\r\n              <div class=\" flex flex-col gap-6\">\r\n                      <p class=\"body-lg font-bold pre-dot\">Engineered Performance<\/p>\r\n                            <\/div>\r\n            <div class=\"w-full max-w-[900px]\">\r\n        <div class=\"flex flex-col gap-6 \">\r\n                                <div class=\"prose flex flex-col gap-6\">\r\n              <h2>Gebaut f\u00fcr Leistung<\/h2>\n<p>Die Vortex-Dichtung ist eine Dichtungsl\u00f6sung der n\u00e4chsten Generation, die speziell f\u00fcr Hauptlageranwendungen in Windkraftanlagen entwickelt wurde. Die Vortex-Dichtung hebt sich von den traditionellen Radiallippen- und Labyrinthdichtungen mit einem innovativen Ansatz zur Rotationsdichtung ab. Mit einem Innengewinde erzeugt die Dichtung eine Pumpwirkung, die das Fett dazu zwingt, selbst bei Wellendurchbiegungen, in Richtung des Lagers zu wandern, was die Lebensdauer erh\u00f6ht und katastrophale Lagerausf\u00e4lle aufgrund von Fettverlust verhindert.  <\/p>\n<div class=\"flex flex-col md:flex-row\" style=\"gap: 64px;\">\n<div class=\"w-full\">\n<div class=\"body-md leading-[1.25em] font-semibold\">Vorteile<\/div>\n<ul>\n<li>Das Pumpen aus der Schneckenlippe verhindert Leckagen auch bei<br \/>\nWellendurchbiegungen<\/li>\n<li>Direkte Nachr\u00fcstung in vorhandene Dichtungstaschen\/-nuten f\u00fcr Lagerwellen mit allen Durchmessern\n<\/li>\n<li>Kundenspezifisches Design f\u00fcr den direkten Ersatz von metallischen<br \/>\nLabyrinthdichtungen erh\u00e4ltlich<\/li>\n<li>Erh\u00e4ltlich f\u00fcr den Einsatz in Turbinen mit Direktantrieb und Getrieben<\/li>\n<\/ul>\n<\/div>\n<div class=\"w-full\">\n<div class=\"body-md leading-[1.25em] font-semibold\">Leistung<\/div>\n<ul>\n<li>Gleichm\u00e4\u00dfige Siegelkraft \u00fcber alle Durchmesser hinweg reduziert die Reibung und<br \/>\ndie W\u00e4rmeentwicklung.<\/li>\n<li>Die externe Staublippe der Dichtung verhindert das Eindringen von Verunreinigungen<br \/>\ndas Lager<\/li>\n<li>Dichtung f\u00fcr die R\u00fcckhaltung von Fett unter Druck bis zu 0,5 bar<\/li>\n<li>Pumpt das Fett zum Hauptlager, um die Lebensdauer zu verl\u00e4ngern<br \/>\nund katastrophale Lagerausf\u00e4lle aufgrund von Fettverlust zu verhindern<\/li>\n<\/ul>\n<p>Service<\/p>\n<ul>\n<li>Geteiltes Design f\u00fcr einfache Up-Tower-Installation, keine Verklebung erforderlich<\/li>\n<li>Au\u00dfergew\u00f6hnliche Abriebfestigkeit zur Verl\u00e4ngerung der Lebensdauer<\/li>\n<li>Keine Notwendigkeit f\u00fcr eine geh\u00e4rtete Gleitfl\u00e4che<\/li>\n<li>Kompatibel mit mehreren Fetten<\/li>\n<\/ul>\n<p>Kosten<\/p>\n<ul>\n<li>Einsparungen bei Schmierung, Reinigung und Entsorgung<\/li>\n<li>Reduziert Ausfallzeiten<\/li>\n<li>Steigert die Produktivit\u00e4t der Produktion<\/li>\n<li>Senkt die Kosten f\u00fcr Wartung und Arbeit<\/li>\n<\/ul>\n<p>&nbsp;<\/p>\n<\/div>\n<\/div>\n            <\/div>\r\n                            <\/div>\r\n      <\/div>\r\n          <\/div>\r\n  <\/div>\r\n<\/section>","protected":false},"excerpt":{"rendered":"<p>Vortex Serie Urspr\u00fcnglich speziell f\u00fcr \u00f6lgeschmierte Lager konzipiert, wurde die n\u00e4chste Generation der VORTEX PLUS auch f\u00fcr Fettschmierung angepasst. Sie verf\u00fcgt \u00fcber druckaktivierte Dichtlippen, welche Dr\u00fccke von bis zu 1 bar aufnehmen k\u00f6nnen. Mit der branchenweit niedrigsten Dichtkraft der Dichtlippe bietet sie ein geringeres Drehmoment und eine l\u00e4ngere Lebensdauer, da sie mit einer niedrigeren Lippentemperatur [&hellip;]<\/p>\n","protected":false},"author":3,"featured_media":3156,"template":"","meta":{"_acf_changed":false,"footnotes":""},"product_category":[],"product_industry":[10],"product_material":[],"class_list":["post-3157","product","type-product","status-publish","has-post-thumbnail","hentry","product_industry-wind"],"acf":[],"yoast_head":"<!-- This site is optimized with the Yoast SEO plugin v27.4 - https:\/\/yoast.com\/product\/yoast-seo-wordpress\/ -->\n<title>Vortex Plus - System Seals - Top Manufacturer for Reliable Seals<\/title>\n<meta name=\"robots\" content=\"index, follow, max-snippet:-1, max-image-preview:large, max-video-preview:-1\" \/>\n<link rel=\"canonical\" href=\"https:\/\/www.systemseals.com\/de\/products\/vortex-plus\/\" \/>\n<meta property=\"og:locale\" content=\"de_DE\" \/>\n<meta property=\"og:type\" content=\"article\" \/>\n<meta property=\"og:title\" content=\"Vortex Plus - System Seals - Top Manufacturer for Reliable Seals\" \/>\n<meta property=\"og:description\" content=\"Vortex Serie Urspr\u00fcnglich speziell f\u00fcr \u00f6lgeschmierte Lager konzipiert, wurde die n\u00e4chste Generation der VORTEX PLUS auch f\u00fcr Fettschmierung angepasst. Sie verf\u00fcgt \u00fcber druckaktivierte Dichtlippen, welche Dr\u00fccke von bis zu 1 bar aufnehmen k\u00f6nnen. Mit der branchenweit niedrigsten Dichtkraft der Dichtlippe bietet sie ein geringeres Drehmoment und eine l\u00e4ngere Lebensdauer, da sie mit einer niedrigeren Lippentemperatur [&hellip;]\" \/>\n<meta property=\"og:url\" content=\"https:\/\/www.systemseals.com\/de\/products\/vortex-plus\/\" \/>\n<meta property=\"og:site_name\" content=\"System Seals - Top Manufacturer for Reliable Seals\" \/>\n<meta property=\"article:modified_time\" content=\"2026-04-15T07:26:29+00:00\" \/>\n<meta property=\"og:image\" content=\"https:\/\/www.systemseals.com\/wp-content\/uploads\/2026\/03\/09385476-1785-4706-894d-6c1cb7854bd5-2026-03-17.png\" \/>\n\t<meta property=\"og:image:width\" content=\"1024\" \/>\n\t<meta property=\"og:image:height\" content=\"1024\" \/>\n\t<meta property=\"og:image:type\" content=\"image\/png\" \/>\n<meta name=\"twitter:card\" content=\"summary_large_image\" \/>\n<script type=\"application\/ld+json\" class=\"yoast-schema-graph\">{\"@context\":\"https:\\\/\\\/schema.org\",\"@graph\":[{\"@type\":\"WebPage\",\"@id\":\"https:\\\/\\\/www.systemseals.com\\\/de\\\/products\\\/vortex-plus\\\/\",\"url\":\"https:\\\/\\\/www.systemseals.com\\\/de\\\/products\\\/vortex-plus\\\/\",\"name\":\"Vortex Plus - System Seals - Top Manufacturer for Reliable Seals\",\"isPartOf\":{\"@id\":\"https:\\\/\\\/www.systemseals.com\\\/de\\\/#website\"},\"primaryImageOfPage\":{\"@id\":\"https:\\\/\\\/www.systemseals.com\\\/de\\\/products\\\/vortex-plus\\\/#primaryimage\"},\"image\":{\"@id\":\"https:\\\/\\\/www.systemseals.com\\\/de\\\/products\\\/vortex-plus\\\/#primaryimage\"},\"thumbnailUrl\":\"https:\\\/\\\/www.systemseals.com\\\/wp-content\\\/uploads\\\/2026\\\/03\\\/09385476-1785-4706-894d-6c1cb7854bd5-2026-03-17.png\",\"datePublished\":\"2026-03-06T15:19:00+00:00\",\"dateModified\":\"2026-04-15T07:26:29+00:00\",\"breadcrumb\":{\"@id\":\"https:\\\/\\\/www.systemseals.com\\\/de\\\/products\\\/vortex-plus\\\/#breadcrumb\"},\"inLanguage\":\"de\",\"potentialAction\":[{\"@type\":\"ReadAction\",\"target\":[\"https:\\\/\\\/www.systemseals.com\\\/de\\\/products\\\/vortex-plus\\\/\"]}]},{\"@type\":\"ImageObject\",\"inLanguage\":\"de\",\"@id\":\"https:\\\/\\\/www.systemseals.com\\\/de\\\/products\\\/vortex-plus\\\/#primaryimage\",\"url\":\"https:\\\/\\\/www.systemseals.com\\\/wp-content\\\/uploads\\\/2026\\\/03\\\/09385476-1785-4706-894d-6c1cb7854bd5-2026-03-17.png\",\"contentUrl\":\"https:\\\/\\\/www.systemseals.com\\\/wp-content\\\/uploads\\\/2026\\\/03\\\/09385476-1785-4706-894d-6c1cb7854bd5-2026-03-17.png\",\"width\":1024,\"height\":1024},{\"@type\":\"BreadcrumbList\",\"@id\":\"https:\\\/\\\/www.systemseals.com\\\/de\\\/products\\\/vortex-plus\\\/#breadcrumb\",\"itemListElement\":[{\"@type\":\"ListItem\",\"position\":1,\"name\":\"Home\",\"item\":\"https:\\\/\\\/www.systemseals.com\\\/de\\\/home\\\/\"},{\"@type\":\"ListItem\",\"position\":2,\"name\":\"Products\",\"item\":\"https:\\\/\\\/www.systemseals.com\\\/de\\\/products\\\/\"},{\"@type\":\"ListItem\",\"position\":3,\"name\":\"Vortex Plus\"}]},{\"@type\":\"WebSite\",\"@id\":\"https:\\\/\\\/www.systemseals.com\\\/de\\\/#website\",\"url\":\"https:\\\/\\\/www.systemseals.com\\\/de\\\/\",\"name\":\"System Seals - Top Manufacturer for Reliable Seals\",\"description\":\"\",\"potentialAction\":[{\"@type\":\"SearchAction\",\"target\":{\"@type\":\"EntryPoint\",\"urlTemplate\":\"https:\\\/\\\/www.systemseals.com\\\/de\\\/?s={search_term_string}\"},\"query-input\":{\"@type\":\"PropertyValueSpecification\",\"valueRequired\":true,\"valueName\":\"search_term_string\"}}],\"inLanguage\":\"de\"}]}<\/script>\n<!-- \/ Yoast SEO plugin. -->","yoast_head_json":{"title":"Vortex Plus - System Seals - Top Manufacturer for Reliable Seals","robots":{"index":"index","follow":"follow","max-snippet":"max-snippet:-1","max-image-preview":"max-image-preview:large","max-video-preview":"max-video-preview:-1"},"canonical":"https:\/\/www.systemseals.com\/de\/products\/vortex-plus\/","og_locale":"de_DE","og_type":"article","og_title":"Vortex Plus - System Seals - Top Manufacturer for Reliable Seals","og_description":"Vortex Serie Urspr\u00fcnglich speziell f\u00fcr \u00f6lgeschmierte Lager konzipiert, wurde die n\u00e4chste Generation der VORTEX PLUS auch f\u00fcr Fettschmierung angepasst. Sie verf\u00fcgt \u00fcber druckaktivierte Dichtlippen, welche Dr\u00fccke von bis zu 1 bar aufnehmen k\u00f6nnen. Mit der branchenweit niedrigsten Dichtkraft der Dichtlippe bietet sie ein geringeres Drehmoment und eine l\u00e4ngere Lebensdauer, da sie mit einer niedrigeren Lippentemperatur [&hellip;]","og_url":"https:\/\/www.systemseals.com\/de\/products\/vortex-plus\/","og_site_name":"System Seals - Top Manufacturer for Reliable Seals","article_modified_time":"2026-04-15T07:26:29+00:00","og_image":[{"width":1024,"height":1024,"url":"https:\/\/www.systemseals.com\/wp-content\/uploads\/2026\/03\/09385476-1785-4706-894d-6c1cb7854bd5-2026-03-17.png","type":"image\/png"}],"twitter_card":"summary_large_image","schema":{"@context":"https:\/\/schema.org","@graph":[{"@type":"WebPage","@id":"https:\/\/www.systemseals.com\/de\/products\/vortex-plus\/","url":"https:\/\/www.systemseals.com\/de\/products\/vortex-plus\/","name":"Vortex Plus - System Seals - Top Manufacturer for Reliable Seals","isPartOf":{"@id":"https:\/\/www.systemseals.com\/de\/#website"},"primaryImageOfPage":{"@id":"https:\/\/www.systemseals.com\/de\/products\/vortex-plus\/#primaryimage"},"image":{"@id":"https:\/\/www.systemseals.com\/de\/products\/vortex-plus\/#primaryimage"},"thumbnailUrl":"https:\/\/www.systemseals.com\/wp-content\/uploads\/2026\/03\/09385476-1785-4706-894d-6c1cb7854bd5-2026-03-17.png","datePublished":"2026-03-06T15:19:00+00:00","dateModified":"2026-04-15T07:26:29+00:00","breadcrumb":{"@id":"https:\/\/www.systemseals.com\/de\/products\/vortex-plus\/#breadcrumb"},"inLanguage":"de","potentialAction":[{"@type":"ReadAction","target":["https:\/\/www.systemseals.com\/de\/products\/vortex-plus\/"]}]},{"@type":"ImageObject","inLanguage":"de","@id":"https:\/\/www.systemseals.com\/de\/products\/vortex-plus\/#primaryimage","url":"https:\/\/www.systemseals.com\/wp-content\/uploads\/2026\/03\/09385476-1785-4706-894d-6c1cb7854bd5-2026-03-17.png","contentUrl":"https:\/\/www.systemseals.com\/wp-content\/uploads\/2026\/03\/09385476-1785-4706-894d-6c1cb7854bd5-2026-03-17.png","width":1024,"height":1024},{"@type":"BreadcrumbList","@id":"https:\/\/www.systemseals.com\/de\/products\/vortex-plus\/#breadcrumb","itemListElement":[{"@type":"ListItem","position":1,"name":"Home","item":"https:\/\/www.systemseals.com\/de\/home\/"},{"@type":"ListItem","position":2,"name":"Products","item":"https:\/\/www.systemseals.com\/de\/products\/"},{"@type":"ListItem","position":3,"name":"Vortex Plus"}]},{"@type":"WebSite","@id":"https:\/\/www.systemseals.com\/de\/#website","url":"https:\/\/www.systemseals.com\/de\/","name":"System Seals - Top Manufacturer for Reliable Seals","description":"","potentialAction":[{"@type":"SearchAction","target":{"@type":"EntryPoint","urlTemplate":"https:\/\/www.systemseals.com\/de\/?s={search_term_string}"},"query-input":{"@type":"PropertyValueSpecification","valueRequired":true,"valueName":"search_term_string"}}],"inLanguage":"de"}]}},"_links":{"self":[{"href":"https:\/\/www.systemseals.com\/de\/wp-json\/wp\/v2\/product\/3157","targetHints":{"allow":["GET"]}}],"collection":[{"href":"https:\/\/www.systemseals.com\/de\/wp-json\/wp\/v2\/product"}],"about":[{"href":"https:\/\/www.systemseals.com\/de\/wp-json\/wp\/v2\/types\/product"}],"author":[{"embeddable":true,"href":"https:\/\/www.systemseals.com\/de\/wp-json\/wp\/v2\/users\/3"}],"version-history":[{"count":10,"href":"https:\/\/www.systemseals.com\/de\/wp-json\/wp\/v2\/product\/3157\/revisions"}],"predecessor-version":[{"id":3737,"href":"https:\/\/www.systemseals.com\/de\/wp-json\/wp\/v2\/product\/3157\/revisions\/3737"}],"wp:featuredmedia":[{"embeddable":true,"href":"https:\/\/www.systemseals.com\/de\/wp-json\/wp\/v2\/media\/3156"}],"wp:attachment":[{"href":"https:\/\/www.systemseals.com\/de\/wp-json\/wp\/v2\/media?parent=3157"}],"wp:term":[{"taxonomy":"product_category","embeddable":true,"href":"https:\/\/www.systemseals.com\/de\/wp-json\/wp\/v2\/product_category?post=3157"},{"taxonomy":"product_industry","embeddable":true,"href":"https:\/\/www.systemseals.com\/de\/wp-json\/wp\/v2\/product_industry?post=3157"},{"taxonomy":"product_material","embeddable":true,"href":"https:\/\/www.systemseals.com\/de\/wp-json\/wp\/v2\/product_material?post=3157"}],"curies":[{"name":"wp","href":"https:\/\/api.w.org\/{rel}","templated":true}]}}