{"id":2989,"date":"2026-02-25T19:25:58","date_gmt":"2026-02-25T19:25:58","guid":{"rendered":"https:\/\/www.systemseals.com\/kontakt\/"},"modified":"2026-04-01T09:15:28","modified_gmt":"2026-04-01T09:15:28","slug":"kontakt","status":"publish","type":"page","link":"https:\/\/www.systemseals.com\/de\/kontakt\/","title":{"rendered":"Kontakt"},"content":{"rendered":"<section id=\"block_97aeed21b3895625aaa21410f6260697\" class=\"hero-section text-overlay-bottom\">\r\n  <div class=\"anchor\" id=\"\"><\/div>\r\n  <div class=\"wrapper px-2 pb-2\">\r\n\r\n          <div class=\"hero-layout text-overlay-bottom w-full h-[120vw] max-h-[90vh] min-h-[768px] px-6 py-8 sm:max-h-none sm:h-[900px] sm:px-8 sm:py-12 flex items-end relative\">\r\n        <div class=\"w-full flex flex-col sm:flex-row justify-between sm:items-end gap-8 relative z-[3]\">\r\n          <div class=\"w-full max-w-[786px] flex flex-col gap-4 md:gap-6\">\r\n                                              <\/div>\r\n          <div class=\"flex items-end\">\r\n                      <\/div>\r\n        <\/div>\r\n                  <div class=\"hero-image absolute top-0 left-0 w-full h-full z-[1] rounded-2xl overflow-hidden\">\r\n            <div class=\" absolute top-0 left-0 w-full h-full z-[2]\"><\/div>\r\n            <img src=\"https:\/\/www.systemseals.com\/wp-content\/uploads\/2026\/02\/hero-contact-scaled.png\" alt=\"\" class=\"w-full h-full object-cover object-top relative z-[1]\" fetchpriority=\"high\">\r\n          <\/div>\r\n              <\/div>\r\n\r\n    \r\n  <\/div>\r\n<\/section><section id=\"block_f91b7a3b06a36588a30e149e47ffe210\" class=\"section-intro py-12 md:py-24 on-white\">\r\n  <div class=\"anchor\" id=\"\"><\/div>\r\n  <div class=\"column-main\">\r\n    <div class=\"w-full flex flex-col justify-between  gap-4 md:flex-row md:gap-8\">\r\n              <div class=\" flex flex-col gap-6\">\r\n                      <p class=\"body-lg font-bold pre-dot\">Kontakt<\/p>\r\n                            <\/div>\r\n            <div class=\"w-full max-w-[900px]\">\r\n        <div class=\"flex flex-col gap-6 \">\r\n                                <div class=\"prose flex flex-col gap-6\">\r\n              <h3>F\u00fcr jede wichtige Branche stellt System Seals einen Spezialisten zur Verf\u00fcgung, der die Details der wichtigsten Ger\u00e4te in ihrem Segment genau kennt. Dadurch k\u00f6nnen wir im Laufe der Zeit kontinuierliche Verbesserungen vornehmen, einzigartige Herausforderungen erkennen und enger mit den Kunden in ihrem eigenen Umfeld zusammenarbeiten. <\/h3>\n            <\/div>\r\n                            <\/div>\r\n      <\/div>\r\n          <\/div>\r\n  <\/div>\r\n<\/section><section id=\"block_5067be4d80fbf62c589dd16a6597615f\" class=\"section-intro py-12 md:py-24 on-white\">\r\n  <div class=\"anchor\" id=\"\"><\/div>\r\n  <div class=\"column-main\">\r\n    <div class=\"w-full flex flex-col justify-between  gap-4 md:flex-row md:gap-8\">\r\n              <div class=\" flex flex-col gap-6\">\r\n                      <p class=\"body-lg font-bold pre-dot\">Notfall-Hotline: 216.220.1800<\/p>\r\n                            <\/div>\r\n            <div class=\"w-full max-w-[900px]\">\r\n        <div class=\"flex flex-col gap-6 \">\r\n                                <div class=\"prose flex flex-col gap-6\">\r\n              <p><script src=\"https:\/\/js.hsforms.net\/forms\/embed\/50140309.js\" defer><\/script><\/p>\n<div class=\"hs-form-frame\" data-region=\"na1\" data-form-id=\"6b679908-cb34-4b59-a149-2ff24911edc7\" data-portal-id=\"50140309\"><\/div>\n            <\/div>\r\n                            <\/div>\r\n      <\/div>\r\n          <\/div>\r\n  <\/div>\r\n<\/section><section id=\"block_c8a034d1d888a380b14cd21fb7976266\" class=\"benefits blue py-20 md:py-24 on-white\">\r\n  <div class=\"anchor\" id=\"\"><\/div>\r\n  <div class=\"w-full\">\r\n          <div class=\"column-main\">\r\n        <div class=\"max-w-[900px] mx-auto flex flex-col gap-6 text-center\">\r\n                      <p class=\"body-lg font-bold pre-dot mx-auto\">Wo Sie uns finden<\/p>\r\n                                <h2> Niederlassungen weltweit <\/h2>\r\n                                <p class=\"body-lg\"> Mit Niederlassungen in Nordamerika und Europa und Vertriebsunterst\u00fctzung in ganz Asien kann System Seals schnell mit Technik, Fertigung und Kundendienst reagieren, wo immer Sie t\u00e4tig sind. <\/p>\r\n                  <\/div>\r\n      <\/div>\r\n    \r\n          <div class=\"benefits-list max-w-[1440px] w-full mx-auto grid gap-y-[60px] grid-cols-1 xs:grid-cols-2 sm:grid-cols-3 md:grid-cols-4 mx-auto pt-[60px]\">\r\n                              <div class=\"benefit-item w-full px-8 flex flex-col gap-2\">\r\n                              <div class=\"image-wrapper flex-shrink-0\">\r\n                  <img src=\"https:\/\/www.systemseals.com\/wp-content\/uploads\/2026\/03\/LocationPin.svg\" alt=\"\" \/>\r\n                <\/div>\r\n                            <div class=\"flex flex-col gap-2 pt-2\">\r\n                                  <div class=\"h4 text-azure-blue font-semibold leading-[1.16em]\">Hauptb\u00fcro<\/div>\r\n                                                  <p class=\"body-md leading-[1.25em]\"><p>9505 Midwest Ave.<br \/>\nCleveland, Ohio 44125<br \/>\nVereinigte Staaten<\/p>\n<p>+ 216.220.1800<\/p>\n<p><a href=\"mailto:contact@systemseals.com\">contact@systemseals.com<\/a><\/p>\n<p><a href=\"https:\/\/systemseals.com\">www.systemseals.com<\/a><\/p>\n<\/p>\r\n                              <\/div>\r\n            <\/div>\r\n\r\n                                <div class=\"benefit-item w-full px-8 flex flex-col gap-2\">\r\n                              <div class=\"image-wrapper flex-shrink-0\">\r\n                  <img src=\"https:\/\/www.systemseals.com\/wp-content\/uploads\/2026\/03\/LocationPin.svg\" alt=\"\" \/>\r\n                <\/div>\r\n                            <div class=\"flex flex-col gap-2 pt-2\">\r\n                                  <div class=\"h4 text-azure-blue font-semibold leading-[1.16em]\">Vereinigtes K\u00f6nigreich<\/div>\r\n                                                  <p class=\"body-md leading-[1.25em]\"><p>Unit 2A Barnstone Business Park<br \/>\nGrimscote Road<br \/>\nLitchborough<br \/>\nNorthamptonshire NN12 8JJ<br \/>\nVereinigtes K\u00f6nigreich<\/p>\n<p>+44 1327 83 0954<\/p>\n<p><a href=\"mailto:sales.europe@systemseals.com\">sales.europe@systemseals.com<\/a><\/p>\n<p><a href=\"https:\/\/systemseals.com\">www.systemseals.com<\/a><\/p>\n<\/p>\r\n                              <\/div>\r\n            <\/div>\r\n\r\n                                <div class=\"benefit-item w-full px-8 flex flex-col gap-2\">\r\n                              <div class=\"image-wrapper flex-shrink-0\">\r\n                  <img src=\"https:\/\/www.systemseals.com\/wp-content\/uploads\/2026\/03\/LocationPin.svg\" alt=\"\" \/>\r\n                <\/div>\r\n                            <div class=\"flex flex-col gap-2 pt-2\">\r\n                                  <div class=\"h4 text-azure-blue font-semibold leading-[1.16em]\">Deutschland<\/div>\r\n                                                  <p class=\"body-md leading-[1.25em]\"><p>Ossenpadd 22<br \/>\n25495 Kummerfeld<br \/>\nDeutschland<\/p>\n<p>+49-4101-39871-0<\/p>\n<p><a href=\"mailto:info@systemseals.de\">info@systemseals.de<\/a><\/p>\n<p><a href=\"https:\/\/systemseals.de\">www.systemseals.de<\/a><\/p>\n<\/p>\r\n                              <\/div>\r\n            <\/div>\r\n\r\n                                <div class=\"benefit-item w-full px-8 flex flex-col gap-2\">\r\n                              <div class=\"image-wrapper flex-shrink-0\">\r\n                  <img src=\"https:\/\/www.systemseals.com\/wp-content\/uploads\/2026\/03\/LocationPin.svg\" alt=\"\" \/>\r\n                <\/div>\r\n                            <div class=\"flex flex-col gap-2 pt-2\">\r\n                                  <div class=\"h4 text-azure-blue font-semibold leading-[1.16em]\">\u00d6sterreich<\/div>\r\n                                                  <p class=\"body-md leading-[1.25em]\"><p>Plastoseal Produktions GmbH<br \/>\nPrettachstrasse 6<br \/>\nLeoben 8700<br \/>\n\u00d6sterreich<\/p>\n<p>+43 3842 29920<\/p>\n<p><a href=\"mailto:office@plastoseal.com\">office@plastoseal.com<\/a><\/p>\n<p><a href=\"https:\/\/plastoseal.com\">www.plastoseal.com<\/a><\/p>\n<\/p>\r\n                              <\/div>\r\n            <\/div>\r\n\r\n                <\/div>\r\n          <\/div>\r\n<\/section><section id=\"block_b7ff54b51a169f068f29861223723de5\" class=\"benefits blue py-20 md:py-24 on-white\">\r\n  <div class=\"anchor\" id=\"\"><\/div>\r\n  <div class=\"w-full\">\r\n          <div class=\"column-main\">\r\n        <div class=\"max-w-[900px] mx-auto flex flex-col gap-6 text-center\">\r\n                      <p class=\"body-lg font-bold pre-dot mx-auto\">Autorisierte Partner<\/p>\r\n                                <h2> Vertriebspartner und globale Partner <\/h2>\r\n                                <p class=\"body-lg\"> Unsere autorisierten Vertriebspartner und globalen Partner erweitern die Reichweite von System Seals weltweit und bieten lokalen Zugang zu Produktkompetenz, Service und Support. Kontaktieren Sie uns und wir bringen Sie mit dem richtigen Team f\u00fcr Ihre Region zusammen.  <\/p>\r\n                  <\/div>\r\n      <\/div>\r\n    \r\n          <div class=\"benefits-list max-w-[1440px] w-full mx-auto grid gap-y-[60px] grid-cols-1 xs:grid-cols-2 sm:grid-cols-3 md:grid-cols-4 mx-auto pt-[60px]\">\r\n                              <div class=\"benefit-item w-full px-8 flex flex-col gap-2\">\r\n                              <div class=\"image-wrapper flex-shrink-0\">\r\n                  <img src=\"https:\/\/www.systemseals.com\/wp-content\/uploads\/2026\/03\/LocationPin.svg\" alt=\"\" \/>\r\n                <\/div>\r\n                            <div class=\"flex flex-col gap-2 pt-2\">\r\n                                  <div class=\"h4 text-azure-blue font-semibold leading-[1.16em]\">Japan<\/div>\r\n                                                  <p class=\"body-md leading-[1.25em]\"><p>Forbo Siegling Japan<br \/>\n28th Kowa Building 1F<br \/>\n2-20-1 Nishi-Gotanda<br \/>\nShinagowa-ku, Tokyo<br \/>\n141-0031 Japan<\/p>\n<p>+81 3 5740 2377<\/p>\n<p><a href=\"mailto:sales.asia@systemseals.com\">sales.asia@systemseals.com<\/a><\/p>\n<p>&nbsp;<\/p>\n<\/p>\r\n                              <\/div>\r\n            <\/div>\r\n\r\n                                <div class=\"benefit-item w-full px-8 flex flex-col gap-2\">\r\n                              <div class=\"image-wrapper flex-shrink-0\">\r\n                  <img src=\"https:\/\/www.systemseals.com\/wp-content\/uploads\/2026\/03\/LocationPin.svg\" alt=\"\" \/>\r\n                <\/div>\r\n                            <div class=\"flex flex-col gap-2 pt-2\">\r\n                                  <div class=\"h4 text-azure-blue font-semibold leading-[1.16em]\">Thailand<\/div>\r\n                                                  <p class=\"body-md leading-[1.25em]\"><p>Scancorp Limited<br \/>\n885 On-Nut Rd<br \/>\nSuanluang, Bangkok 10250<br \/>\nThailand<\/p>\n<p>+ 02 332 0151<\/p>\n<p><a href=\"mailto:sales.asia@systemseals.com\">sales.asia@systemseals.com<\/a><\/p>\n<p><a href=\"https:\/\/systemseals.com\">www.systemseals.com<\/a><\/p>\n<\/p>\r\n                              <\/div>\r\n            <\/div>\r\n\r\n                                <div class=\"benefit-item w-full px-8 flex flex-col gap-2\">\r\n                              <div class=\"image-wrapper flex-shrink-0\">\r\n                  <img src=\"https:\/\/www.systemseals.com\/wp-content\/uploads\/2026\/03\/LocationPin.svg\" alt=\"\" \/>\r\n                <\/div>\r\n                            <div class=\"flex flex-col gap-2 pt-2\">\r\n                                  <div class=\"h4 text-azure-blue font-semibold leading-[1.16em]\">Vietnam \/ Laos \/ Kambodscha<\/div>\r\n                                                  <p class=\"body-md leading-[1.25em]\"><p>Hai Viet Engineering &#8211; Dienstleistungen Co. LTD. &#8211; Havico<br \/>\nNo. 119, TA16 St.<br \/>\nThoi An Ward<br \/>\nDist 12<br \/>\nHo Chi Minh City<br \/>\nS. R. Viet Nam  <\/p>\n<p>+ (84) 28 35978096 \/ 36203297<\/p>\n<p><a href=\"mailto:hai@haivietcorp.com\">hai@haivietcorp.com<\/a><\/p>\n<\/p>\r\n                              <\/div>\r\n            <\/div>\r\n\r\n                                <div class=\"benefit-item w-full px-8 flex flex-col gap-2\">\r\n                              <div class=\"image-wrapper flex-shrink-0\">\r\n                  <img src=\"https:\/\/www.systemseals.com\/wp-content\/uploads\/2026\/03\/LocationPin.svg\" alt=\"\" \/>\r\n                <\/div>\r\n                            <div class=\"flex flex-col gap-2 pt-2\">\r\n                                  <div class=\"h4 text-azure-blue font-semibold leading-[1.16em]\">Korea<\/div>\r\n                                                  <p class=\"body-md leading-[1.25em]\"><p>Hanpac Co. Ltd.<br \/>\n#321, 26, Beotkkot-Ro 24Gil<br \/>\nGuemcheon-Gu<br \/>\nSeoul, 08517 <\/p>\n<p>+81 3 5740 2377<\/p>\n<p><a href=\"mailto:sales.asia@systemseals.com\">sales.asia@systemseals.com<\/a><\/p>\n<p><a href=\"https:\/\/systemseals.com\">www.systemseals.com<\/a><\/p>\n<\/p>\r\n                              <\/div>\r\n            <\/div>\r\n\r\n                <\/div>\r\n          <\/div>\r\n<\/section><section id=\"block_58d2d7d2cd7406bc29fad4d6c4557c4a\" class=\"left-right-rows py-20 md:py-24 on-white\">\r\n  <div class=\"anchor\" id=\"\"><\/div>\r\n  <div class=\"column-main\">\r\n    <div class=\"rows start-image-right flex flex-col gap-12 sm:gap-24\">\r\n              <div class=\"row grid grid-cols-2 md:items-center\">\r\n                    <div class=\"text-wrapper flex flex-col justify-center gap-4 sm:gap-6\">\r\n                          <p class=\"body-lg text-ion-depth font-bold pre-dot\">Kontakt<\/p>\r\n                                      <h2 class=\"max-w-[514px] text-rich-black\">\r\n                Sprechen Sie mit einem Spezialisten              <\/h2>\r\n                                      <div class=\"prose flex flex-col gap-6 body-lg text-ion-depth\">\r\n                <p>Unsere Kunden arbeiten direkt mit Branchenspezialisten und Anwendungsingenieuren zusammen, die die beste L\u00f6sung f\u00fcr jede Anwendung gew\u00e4hrleisten. Setzen Sie sich jetzt mit einem unserer Spezialisten in Verbindung, um zu besprechen, wie wir Ihnen helfen k\u00f6nnen, Ihre hartn\u00e4ckigen Probleme zu l\u00f6sen und die Leistung Ihrer Ger\u00e4te erheblich zu steigern. <\/p>\n<p>Sind Sie an einer Partnerschaft mit System Seals interessiert? Schicken Sie uns eine Vorstellung unter <a href=\"mailto:contact@systemseals.com\">contact@systemseals.com.<\/a> <\/p>\n              <\/div>\r\n                                        <div class=\"flex flex-col gap-2 md:flex-wrap md:flex-row md:gap-x-6 md:gap-y-2\">\r\n                                        <div class=\"link-item\">\r\n                        <a href=\"https:\/\/share.hsforms.com\/2WLMqBgtuQHaBI7MxBoGMFAtuoid\" class=\"text-azure-blue font-semibold inline-flex items-center gap-1\" target=\"_blank\">\r\n                          Sprechen Sie mit einem Ingenieur                          <i class=\"icon w-6 h-6 bg-azure-blue\" style=\"mask-image:url('https:\/\/www.systemseals.com\/wp-content\/themes\/systemseals\/assets\/img\/arrow-right.svg');\"><\/i>\r\n                        <\/a>\r\n                      <\/div>\r\n                                  <\/div>\r\n                                    <\/div>\r\n        <\/div>\r\n          <\/div>\r\n  <\/div>\r\n<\/section>","protected":false},"excerpt":{"rendered":"<p>Kontakt F\u00fcr jede wichtige Branche stellt System Seals einen Spezialisten zur Verf\u00fcgung, der die Details der wichtigsten Ger\u00e4te in ihrem Segment genau kennt. Dadurch k\u00f6nnen wir im Laufe der Zeit kontinuierliche Verbesserungen vornehmen, einzigartige Herausforderungen erkennen und enger mit den Kunden in ihrem eigenen Umfeld zusammenarbeiten. Notfall-Hotline: 216.220.1800 Wo Sie uns finden Niederlassungen weltweit Mit [&hellip;]<\/p>\n","protected":false},"author":1,"featured_media":0,"parent":0,"menu_order":8,"comment_status":"closed","ping_status":"closed","template":"","meta":{"_acf_changed":false,"footnotes":""},"class_list":["post-2989","page","type-page","status-publish","hentry"],"acf":[],"yoast_head":"<!-- This site is optimized with the Yoast SEO plugin v27.4 - https:\/\/yoast.com\/product\/yoast-seo-wordpress\/ -->\n<title>Kontakt - System Seals - Top Manufacturer for Reliable Seals<\/title>\n<meta name=\"robots\" content=\"index, follow, max-snippet:-1, max-image-preview:large, max-video-preview:-1\" \/>\n<link rel=\"canonical\" href=\"https:\/\/www.systemseals.com\/de\/kontakt\/\" \/>\n<meta property=\"og:locale\" content=\"de_DE\" \/>\n<meta property=\"og:type\" content=\"article\" \/>\n<meta property=\"og:title\" content=\"Kontakt - System Seals - Top Manufacturer for Reliable Seals\" \/>\n<meta property=\"og:description\" content=\"Kontakt F\u00fcr jede wichtige Branche stellt System Seals einen Spezialisten zur Verf\u00fcgung, der die Details der wichtigsten Ger\u00e4te in ihrem Segment genau kennt. Dadurch k\u00f6nnen wir im Laufe der Zeit kontinuierliche Verbesserungen vornehmen, einzigartige Herausforderungen erkennen und enger mit den Kunden in ihrem eigenen Umfeld zusammenarbeiten. Notfall-Hotline: 216.220.1800 Wo Sie uns finden Niederlassungen weltweit Mit [&hellip;]\" \/>\n<meta property=\"og:url\" content=\"https:\/\/www.systemseals.com\/de\/kontakt\/\" \/>\n<meta property=\"og:site_name\" content=\"System Seals - Top Manufacturer for Reliable Seals\" \/>\n<meta property=\"article:modified_time\" content=\"2026-04-01T09:15:28+00:00\" \/>\n<meta property=\"og:image\" content=\"https:\/\/www.systemseals.com\/wp-content\/uploads\/2026\/03\/share-1024x538.png\" \/>\n\t<meta property=\"og:image:width\" content=\"1024\" \/>\n\t<meta property=\"og:image:height\" content=\"538\" \/>\n\t<meta property=\"og:image:type\" content=\"image\/png\" \/>\n<meta name=\"twitter:card\" content=\"summary_large_image\" \/>\n<script type=\"application\/ld+json\" class=\"yoast-schema-graph\">{\"@context\":\"https:\\\/\\\/schema.org\",\"@graph\":[{\"@type\":\"WebPage\",\"@id\":\"https:\\\/\\\/www.systemseals.com\\\/de\\\/kontakt\\\/\",\"url\":\"https:\\\/\\\/www.systemseals.com\\\/de\\\/kontakt\\\/\",\"name\":\"Kontakt - System Seals - Top Manufacturer for Reliable Seals\",\"isPartOf\":{\"@id\":\"https:\\\/\\\/www.systemseals.com\\\/de\\\/#website\"},\"datePublished\":\"2026-02-25T19:25:58+00:00\",\"dateModified\":\"2026-04-01T09:15:28+00:00\",\"breadcrumb\":{\"@id\":\"https:\\\/\\\/www.systemseals.com\\\/de\\\/kontakt\\\/#breadcrumb\"},\"inLanguage\":\"de\",\"potentialAction\":[{\"@type\":\"ReadAction\",\"target\":[\"https:\\\/\\\/www.systemseals.com\\\/de\\\/kontakt\\\/\"]}]},{\"@type\":\"BreadcrumbList\",\"@id\":\"https:\\\/\\\/www.systemseals.com\\\/de\\\/kontakt\\\/#breadcrumb\",\"itemListElement\":[{\"@type\":\"ListItem\",\"position\":1,\"name\":\"Home\",\"item\":\"https:\\\/\\\/www.systemseals.com\\\/de\\\/\"},{\"@type\":\"ListItem\",\"position\":2,\"name\":\"Kontakt\"}]},{\"@type\":\"WebSite\",\"@id\":\"https:\\\/\\\/www.systemseals.com\\\/de\\\/#website\",\"url\":\"https:\\\/\\\/www.systemseals.com\\\/de\\\/\",\"name\":\"System Seals - Top Manufacturer for Reliable Seals\",\"description\":\"\",\"potentialAction\":[{\"@type\":\"SearchAction\",\"target\":{\"@type\":\"EntryPoint\",\"urlTemplate\":\"https:\\\/\\\/www.systemseals.com\\\/de\\\/?s={search_term_string}\"},\"query-input\":{\"@type\":\"PropertyValueSpecification\",\"valueRequired\":true,\"valueName\":\"search_term_string\"}}],\"inLanguage\":\"de\"}]}<\/script>\n<!-- \/ Yoast SEO plugin. -->","yoast_head_json":{"title":"Kontakt - System Seals - Top Manufacturer for Reliable Seals","robots":{"index":"index","follow":"follow","max-snippet":"max-snippet:-1","max-image-preview":"max-image-preview:large","max-video-preview":"max-video-preview:-1"},"canonical":"https:\/\/www.systemseals.com\/de\/kontakt\/","og_locale":"de_DE","og_type":"article","og_title":"Kontakt - System Seals - Top Manufacturer for Reliable Seals","og_description":"Kontakt F\u00fcr jede wichtige Branche stellt System Seals einen Spezialisten zur Verf\u00fcgung, der die Details der wichtigsten Ger\u00e4te in ihrem Segment genau kennt. Dadurch k\u00f6nnen wir im Laufe der Zeit kontinuierliche Verbesserungen vornehmen, einzigartige Herausforderungen erkennen und enger mit den Kunden in ihrem eigenen Umfeld zusammenarbeiten. Notfall-Hotline: 216.220.1800 Wo Sie uns finden Niederlassungen weltweit Mit [&hellip;]","og_url":"https:\/\/www.systemseals.com\/de\/kontakt\/","og_site_name":"System Seals - Top Manufacturer for Reliable Seals","article_modified_time":"2026-04-01T09:15:28+00:00","og_image":[{"width":1024,"height":538,"url":"https:\/\/www.systemseals.com\/wp-content\/uploads\/2026\/03\/share-1024x538.png","type":"image\/png"}],"twitter_card":"summary_large_image","schema":{"@context":"https:\/\/schema.org","@graph":[{"@type":"WebPage","@id":"https:\/\/www.systemseals.com\/de\/kontakt\/","url":"https:\/\/www.systemseals.com\/de\/kontakt\/","name":"Kontakt - System Seals - Top Manufacturer for Reliable Seals","isPartOf":{"@id":"https:\/\/www.systemseals.com\/de\/#website"},"datePublished":"2026-02-25T19:25:58+00:00","dateModified":"2026-04-01T09:15:28+00:00","breadcrumb":{"@id":"https:\/\/www.systemseals.com\/de\/kontakt\/#breadcrumb"},"inLanguage":"de","potentialAction":[{"@type":"ReadAction","target":["https:\/\/www.systemseals.com\/de\/kontakt\/"]}]},{"@type":"BreadcrumbList","@id":"https:\/\/www.systemseals.com\/de\/kontakt\/#breadcrumb","itemListElement":[{"@type":"ListItem","position":1,"name":"Home","item":"https:\/\/www.systemseals.com\/de\/"},{"@type":"ListItem","position":2,"name":"Kontakt"}]},{"@type":"WebSite","@id":"https:\/\/www.systemseals.com\/de\/#website","url":"https:\/\/www.systemseals.com\/de\/","name":"System Seals - Top Manufacturer for Reliable Seals","description":"","potentialAction":[{"@type":"SearchAction","target":{"@type":"EntryPoint","urlTemplate":"https:\/\/www.systemseals.com\/de\/?s={search_term_string}"},"query-input":{"@type":"PropertyValueSpecification","valueRequired":true,"valueName":"search_term_string"}}],"inLanguage":"de"}]}},"_links":{"self":[{"href":"https:\/\/www.systemseals.com\/de\/wp-json\/wp\/v2\/pages\/2989","targetHints":{"allow":["GET"]}}],"collection":[{"href":"https:\/\/www.systemseals.com\/de\/wp-json\/wp\/v2\/pages"}],"about":[{"href":"https:\/\/www.systemseals.com\/de\/wp-json\/wp\/v2\/types\/page"}],"author":[{"embeddable":true,"href":"https:\/\/www.systemseals.com\/de\/wp-json\/wp\/v2\/users\/1"}],"replies":[{"embeddable":true,"href":"https:\/\/www.systemseals.com\/de\/wp-json\/wp\/v2\/comments?post=2989"}],"version-history":[{"count":5,"href":"https:\/\/www.systemseals.com\/de\/wp-json\/wp\/v2\/pages\/2989\/revisions"}],"predecessor-version":[{"id":3102,"href":"https:\/\/www.systemseals.com\/de\/wp-json\/wp\/v2\/pages\/2989\/revisions\/3102"}],"wp:attachment":[{"href":"https:\/\/www.systemseals.com\/de\/wp-json\/wp\/v2\/media?parent=2989"}],"curies":[{"name":"wp","href":"https:\/\/api.w.org\/{rel}","templated":true}]}}