{"id":2287,"date":"2026-02-24T18:37:40","date_gmt":"2026-02-24T18:37:40","guid":{"rendered":"https:\/\/systemseals.orangesprocket.com\/branchen\/"},"modified":"2026-04-01T08:38:00","modified_gmt":"2026-04-01T08:38:00","slug":"branchen","status":"publish","type":"page","link":"https:\/\/www.systemseals.com\/de\/branchen\/","title":{"rendered":"Branchen"},"content":{"rendered":"<section id=\"block_4ebed92354be905ce689a6553cc61907\" class=\"hero-section Nur Text\">\r\n  <div class=\"anchor\" id=\"\"><\/div>\r\n  <div class=\"wrapper px-2 pb-2\">\r\n\r\n    \r\n  <\/div>\r\n<\/section><section id=\"block_0a79bf6ce3efd82835ada1c3f32586e7\" class=\"banner-cta-simple \">\r\n  <div class=\"anchor\" id=\"\"><\/div>\r\n  <a href=\"https:\/\/www.systemseals.com\/en\/industries\/wind-energy\/\" class=\"block wrapper group p-2\" title=\"Windenergie\" target=\"_self\">\r\n\r\n    <div class=\"w-full max-h-[900px] min-h-[400px] h-[62vw] p-6 sm:p-10 flex sm:items-end relative\">\r\n      <div class=\"w-full flex flex-col sm:flex-row sm:justify-between sm:items-end gap-4 sm:gap-8 relative z-[3]\">\r\n        <div class=\"w-full max-w-[786px] flex flex-col gap-6\">\r\n                      <h1 class=\"text-white\">\r\n              Windenergie            <\/h1>\r\n                  <\/div>\r\n        <div class=\"flex sm:justify-end sm:items-end\">\r\n                      <p class=\"body-lg w-full max-w-[400px] text-white \">\r\n              Branchenf\u00fchrende L\u00f6sungen, die kostspieligen Fettaustritt verhindern und die Lebensdauer von Dichtungen in Umgebungen mit starken Vibrationen und extremer K\u00e4lte verl\u00e4ngern.             <\/p>\r\n                  <\/div>\r\n      <\/div>\r\n              <div class=\"hero-image absolute top-0 left-0 w-full h-full object-cover z-[1] rounded-2xl overflow-hidden\">\r\n          <div class=\"image-overlay absolute top-0 left-0 w-full h-full z-[2] bg-black\/20\"><\/div>\r\n          <img src=\"https:\/\/www.systemseals.com\/wp-content\/uploads\/2026\/02\/562806017ae6e3c022b11e8c1aec6bf1256bada8-scaled.png\" alt=\"\" class=\"w-full h-full object-cover relative z-[1] group-hover:scale-[105%] transition-transform duration-[2s]\">\r\n        <\/div>\r\n          <\/div>\r\n\r\n  <\/a>\r\n\r\n  <\/div>\r\n<\/section><section id=\"block_c89ac3e1a16301d19da430dc271de2ed\" class=\"banner-cta-simple \">\r\n  <div class=\"anchor\" id=\"\"><\/div>\r\n  <a href=\"https:\/\/www.systemseals.com\/en\/industries\/oil-gas\/\" class=\"block wrapper group p-2\" title=\"\u00d6l und Gas\" target=\"_self\">\r\n\r\n    <div class=\"w-full max-h-[900px] min-h-[400px] h-[62vw] p-6 sm:p-10 flex sm:items-end relative\">\r\n      <div class=\"w-full flex flex-col sm:flex-row sm:justify-between sm:items-end gap-4 sm:gap-8 relative z-[3]\">\r\n        <div class=\"w-full max-w-[786px] flex flex-col gap-6\">\r\n                      <h1 class=\"text-white\">\r\n              \u00d6l und Gas            <\/h1>\r\n                  <\/div>\r\n        <div class=\"flex sm:justify-end sm:items-end\">\r\n                      <p class=\"body-lg w-full max-w-[400px] text-white \">\r\n              Dichtungen und Dichtungssysteme, konstruiert f\u00fcr extreme Dr\u00fccke und Temperaturen. Angepasst auf abrasive und Medienbedingungen. Verl\u00e4ngerte mittlere Ausfallzeit bei Land- und Unterwasserausr\u00fcstung.             <\/p>\r\n                  <\/div>\r\n      <\/div>\r\n              <div class=\"hero-image absolute top-0 left-0 w-full h-full object-cover z-[1] rounded-2xl overflow-hidden\">\r\n          <div class=\"image-overlay absolute top-0 left-0 w-full h-full z-[2] bg-black\/20\"><\/div>\r\n          <img src=\"https:\/\/www.systemseals.com\/wp-content\/uploads\/2026\/02\/83ccccd9d01790679b6f079d1c3048328b2aecc9-1.png\" alt=\"\" class=\"w-full h-full object-cover relative z-[1] group-hover:scale-[105%] transition-transform duration-[2s]\">\r\n        <\/div>\r\n          <\/div>\r\n\r\n  <\/a>\r\n\r\n  <\/div>\r\n<\/section><section id=\"block_b89dff5596c48ca6183ab5bb5c95e61a\" class=\"banner-cta-simple \">\r\n  <div class=\"anchor\" id=\"\"><\/div>\r\n  <a href=\"https:\/\/www.systemseals.com\/en\/industries\/industrial\/\" class=\"block wrapper group p-2\" title=\"Industrie \" target=\"_self\">\r\n\r\n    <div class=\"w-full max-h-[900px] min-h-[400px] h-[62vw] p-6 sm:p-10 flex sm:items-end relative\">\r\n      <div class=\"w-full flex flex-col sm:flex-row sm:justify-between sm:items-end gap-4 sm:gap-8 relative z-[3]\">\r\n        <div class=\"w-full max-w-[786px] flex flex-col gap-6\">\r\n                      <h1 class=\"text-white\">\r\n              Industrie             <\/h1>\r\n                  <\/div>\r\n        <div class=\"flex sm:justify-end sm:items-end\">\r\n                      <p class=\"body-lg w-full max-w-[400px] text-white \">\r\n              Von M\u00fchlen und Verarbeitungsanlagen bis hin zu OEM und Wartung und Reparatur, \u00fcbertreffen unsere kundenspezifischen L\u00f6sungen die Standarddichtungen bei Weitem.            <\/p>\r\n                  <\/div>\r\n      <\/div>\r\n              <div class=\"hero-image absolute top-0 left-0 w-full h-full object-cover z-[1] rounded-2xl overflow-hidden\">\r\n          <div class=\"image-overlay absolute top-0 left-0 w-full h-full z-[2] bg-black\/20\"><\/div>\r\n          <img src=\"https:\/\/www.systemseals.com\/wp-content\/uploads\/2026\/02\/d78a1b6ce6d6af9e9cd1648524fba77ee18f8d92-1-scaled.jpg\" alt=\"\" class=\"w-full h-full object-cover relative z-[1] group-hover:scale-[105%] transition-transform duration-[2s]\">\r\n        <\/div>\r\n          <\/div>\r\n\r\n  <\/a>\r\n\r\n  <\/div>\r\n<\/section>","protected":false},"excerpt":{"rendered":"<p>Windenergie Branchenf\u00fchrende L\u00f6sungen, die kostspieligen Fettaustritt verhindern und die Lebensdauer von Dichtungen in Umgebungen mit starken Vibrationen und extremer K\u00e4lte verl\u00e4ngern. \u00d6l und Gas Dichtungen und Dichtungssysteme, konstruiert f\u00fcr extreme Dr\u00fccke und Temperaturen. Angepasst auf abrasive und Medienbedingungen. Verl\u00e4ngerte mittlere Ausfallzeit bei Land- und Unterwasserausr\u00fcstung. Industrie Von M\u00fchlen und Verarbeitungsanlagen bis hin zu OEM und [&hellip;]<\/p>\n","protected":false},"author":1,"featured_media":0,"parent":0,"menu_order":4,"comment_status":"closed","ping_status":"closed","template":"","meta":{"_acf_changed":false,"footnotes":""},"class_list":["post-2287","page","type-page","status-publish","hentry"],"acf":[],"yoast_head":"<!-- This site is optimized with the Yoast SEO plugin v27.4 - https:\/\/yoast.com\/product\/yoast-seo-wordpress\/ -->\n<title>Branchen - System Seals - Top Manufacturer for Reliable Seals<\/title>\n<meta name=\"robots\" content=\"index, follow, max-snippet:-1, max-image-preview:large, max-video-preview:-1\" \/>\n<link rel=\"canonical\" href=\"https:\/\/www.systemseals.com\/de\/branchen\/\" \/>\n<meta property=\"og:locale\" content=\"de_DE\" \/>\n<meta property=\"og:type\" content=\"article\" \/>\n<meta property=\"og:title\" content=\"Branchen - System Seals - Top Manufacturer for Reliable Seals\" \/>\n<meta property=\"og:description\" content=\"Windenergie Branchenf\u00fchrende L\u00f6sungen, die kostspieligen Fettaustritt verhindern und die Lebensdauer von Dichtungen in Umgebungen mit starken Vibrationen und extremer K\u00e4lte verl\u00e4ngern. \u00d6l und Gas Dichtungen und Dichtungssysteme, konstruiert f\u00fcr extreme Dr\u00fccke und Temperaturen. Angepasst auf abrasive und Medienbedingungen. Verl\u00e4ngerte mittlere Ausfallzeit bei Land- und Unterwasserausr\u00fcstung. Industrie Von M\u00fchlen und Verarbeitungsanlagen bis hin zu OEM und [&hellip;]\" \/>\n<meta property=\"og:url\" content=\"https:\/\/www.systemseals.com\/de\/branchen\/\" \/>\n<meta property=\"og:site_name\" content=\"System Seals - Top Manufacturer for Reliable Seals\" \/>\n<meta property=\"article:modified_time\" content=\"2026-04-01T08:38:00+00:00\" \/>\n<meta property=\"og:image\" content=\"https:\/\/www.systemseals.com\/wp-content\/uploads\/2026\/03\/share-1024x538.png\" \/>\n\t<meta property=\"og:image:width\" content=\"1024\" \/>\n\t<meta property=\"og:image:height\" content=\"538\" \/>\n\t<meta property=\"og:image:type\" content=\"image\/png\" \/>\n<meta name=\"twitter:card\" content=\"summary_large_image\" \/>\n<script type=\"application\/ld+json\" class=\"yoast-schema-graph\">{\"@context\":\"https:\\\/\\\/schema.org\",\"@graph\":[{\"@type\":\"WebPage\",\"@id\":\"https:\\\/\\\/www.systemseals.com\\\/de\\\/branchen\\\/\",\"url\":\"https:\\\/\\\/www.systemseals.com\\\/de\\\/branchen\\\/\",\"name\":\"Branchen - System Seals - Top Manufacturer for Reliable Seals\",\"isPartOf\":{\"@id\":\"https:\\\/\\\/www.systemseals.com\\\/de\\\/#website\"},\"datePublished\":\"2026-02-24T18:37:40+00:00\",\"dateModified\":\"2026-04-01T08:38:00+00:00\",\"breadcrumb\":{\"@id\":\"https:\\\/\\\/www.systemseals.com\\\/de\\\/branchen\\\/#breadcrumb\"},\"inLanguage\":\"de\",\"potentialAction\":[{\"@type\":\"ReadAction\",\"target\":[\"https:\\\/\\\/www.systemseals.com\\\/de\\\/branchen\\\/\"]}]},{\"@type\":\"BreadcrumbList\",\"@id\":\"https:\\\/\\\/www.systemseals.com\\\/de\\\/branchen\\\/#breadcrumb\",\"itemListElement\":[{\"@type\":\"ListItem\",\"position\":1,\"name\":\"Home\",\"item\":\"https:\\\/\\\/www.systemseals.com\\\/de\\\/\"},{\"@type\":\"ListItem\",\"position\":2,\"name\":\"Branchen\"}]},{\"@type\":\"WebSite\",\"@id\":\"https:\\\/\\\/www.systemseals.com\\\/de\\\/#website\",\"url\":\"https:\\\/\\\/www.systemseals.com\\\/de\\\/\",\"name\":\"System Seals - Top Manufacturer for Reliable Seals\",\"description\":\"\",\"potentialAction\":[{\"@type\":\"SearchAction\",\"target\":{\"@type\":\"EntryPoint\",\"urlTemplate\":\"https:\\\/\\\/www.systemseals.com\\\/de\\\/?s={search_term_string}\"},\"query-input\":{\"@type\":\"PropertyValueSpecification\",\"valueRequired\":true,\"valueName\":\"search_term_string\"}}],\"inLanguage\":\"de\"}]}<\/script>\n<!-- \/ Yoast SEO plugin. -->","yoast_head_json":{"title":"Branchen - System Seals - Top Manufacturer for Reliable Seals","robots":{"index":"index","follow":"follow","max-snippet":"max-snippet:-1","max-image-preview":"max-image-preview:large","max-video-preview":"max-video-preview:-1"},"canonical":"https:\/\/www.systemseals.com\/de\/branchen\/","og_locale":"de_DE","og_type":"article","og_title":"Branchen - System Seals - Top Manufacturer for Reliable Seals","og_description":"Windenergie Branchenf\u00fchrende L\u00f6sungen, die kostspieligen Fettaustritt verhindern und die Lebensdauer von Dichtungen in Umgebungen mit starken Vibrationen und extremer K\u00e4lte verl\u00e4ngern. \u00d6l und Gas Dichtungen und Dichtungssysteme, konstruiert f\u00fcr extreme Dr\u00fccke und Temperaturen. Angepasst auf abrasive und Medienbedingungen. Verl\u00e4ngerte mittlere Ausfallzeit bei Land- und Unterwasserausr\u00fcstung. Industrie Von M\u00fchlen und Verarbeitungsanlagen bis hin zu OEM und [&hellip;]","og_url":"https:\/\/www.systemseals.com\/de\/branchen\/","og_site_name":"System Seals - Top Manufacturer for Reliable Seals","article_modified_time":"2026-04-01T08:38:00+00:00","og_image":[{"width":1024,"height":538,"url":"https:\/\/www.systemseals.com\/wp-content\/uploads\/2026\/03\/share-1024x538.png","type":"image\/png"}],"twitter_card":"summary_large_image","schema":{"@context":"https:\/\/schema.org","@graph":[{"@type":"WebPage","@id":"https:\/\/www.systemseals.com\/de\/branchen\/","url":"https:\/\/www.systemseals.com\/de\/branchen\/","name":"Branchen - System Seals - Top Manufacturer for Reliable Seals","isPartOf":{"@id":"https:\/\/www.systemseals.com\/de\/#website"},"datePublished":"2026-02-24T18:37:40+00:00","dateModified":"2026-04-01T08:38:00+00:00","breadcrumb":{"@id":"https:\/\/www.systemseals.com\/de\/branchen\/#breadcrumb"},"inLanguage":"de","potentialAction":[{"@type":"ReadAction","target":["https:\/\/www.systemseals.com\/de\/branchen\/"]}]},{"@type":"BreadcrumbList","@id":"https:\/\/www.systemseals.com\/de\/branchen\/#breadcrumb","itemListElement":[{"@type":"ListItem","position":1,"name":"Home","item":"https:\/\/www.systemseals.com\/de\/"},{"@type":"ListItem","position":2,"name":"Branchen"}]},{"@type":"WebSite","@id":"https:\/\/www.systemseals.com\/de\/#website","url":"https:\/\/www.systemseals.com\/de\/","name":"System Seals - Top Manufacturer for Reliable Seals","description":"","potentialAction":[{"@type":"SearchAction","target":{"@type":"EntryPoint","urlTemplate":"https:\/\/www.systemseals.com\/de\/?s={search_term_string}"},"query-input":{"@type":"PropertyValueSpecification","valueRequired":true,"valueName":"search_term_string"}}],"inLanguage":"de"}]}},"_links":{"self":[{"href":"https:\/\/www.systemseals.com\/de\/wp-json\/wp\/v2\/pages\/2287","targetHints":{"allow":["GET"]}}],"collection":[{"href":"https:\/\/www.systemseals.com\/de\/wp-json\/wp\/v2\/pages"}],"about":[{"href":"https:\/\/www.systemseals.com\/de\/wp-json\/wp\/v2\/types\/page"}],"author":[{"embeddable":true,"href":"https:\/\/www.systemseals.com\/de\/wp-json\/wp\/v2\/users\/1"}],"replies":[{"embeddable":true,"href":"https:\/\/www.systemseals.com\/de\/wp-json\/wp\/v2\/comments?post=2287"}],"version-history":[{"count":10,"href":"https:\/\/www.systemseals.com\/de\/wp-json\/wp\/v2\/pages\/2287\/revisions"}],"predecessor-version":[{"id":3093,"href":"https:\/\/www.systemseals.com\/de\/wp-json\/wp\/v2\/pages\/2287\/revisions\/3093"}],"wp:attachment":[{"href":"https:\/\/www.systemseals.com\/de\/wp-json\/wp\/v2\/media?parent=2287"}],"curies":[{"name":"wp","href":"https:\/\/api.w.org\/{rel}","templated":true}]}}