{"id":2094,"date":"2026-02-18T13:18:49","date_gmt":"2026-02-18T13:18:49","guid":{"rendered":"https:\/\/systemseals.orangesprocket.com\/home\/"},"modified":"2026-04-22T12:45:39","modified_gmt":"2026-04-22T12:45:39","slug":"home","status":"publish","type":"page","link":"https:\/\/www.systemseals.com\/de\/","title":{"rendered":"Home"},"content":{"rendered":"<div class=\"default-content container column-main\">\n<p>Originalger\u00e4tehersteller (OEMs) entwickeln Anlagen oft mit Blick auf die heutigen Anforderungen, nicht auf die von gestern, doch die Fertigungstechnologie entwickelt sich rasant und drastisch weiter. Die erstaunlichen Fortschritte von vor nur einem Jahrzehnt verblassen im Vergleich zu den industriellen Mechanismen, die wir heute in Maschinen sehen. Zukunftssicherheit bedeutet, Systeme zu bauen, die zuverl\u00e4ssig f\u00fcr die Technologie von <em>morgen<\/em> funktionieren, nicht nur f\u00fcr die Ausr\u00fcstung, die wir gerade zur Verf\u00fcgung haben. W\u00e4hrend f\u00fcr \u00e4ltere Anlagen erhebliche Upgrades existieren, l\u00e4sst sich das wahre Geld in der Zukunft sparen. Dichtungen sind oft eines der am meisten untersch\u00e4tzten Upgrades, die OEMs in ihren Produktionslinien vornehmen k\u00f6nnen. Sie spielen eine entscheidende Rolle f\u00fcr die langfristige Lebensf\u00e4higkeit der Anlagen und daf\u00fcr, dass Maschinen \u00fcber l\u00e4ngere Zeitr\u00e4ume mit maximaler Effizienz arbeiten.     <\/p>\n\n<p>Polymerdichtungen der n\u00e4chsten Generation bieten eine beeindruckende Palette an Vorteilen und signifikante Leistungssteigerungen. Die Rezepturen und chemischen Strukturen von Dichtungen werden st\u00e4ndig weiterentwickelt, um mehr Druck und Hitze standzuhalten und bei minimalem Verschlei\u00df l\u00e4nger zu halten. H\u00f6ren Sie auf, sich die Frage zu stellen: \u201eWird das f\u00fcr den Moment funktionieren?\u201c und fragen Sie stattdessen: \u201eWird dies in f\u00fcnf Jahren noch halten?\u201c, wenn Sie den Kauf und Einbau neuer Dichtungen planen. Dies ist der Beginn der Zukunftssicherung Ihrer Anlagen und der Weg, wie die n\u00e4chste Generation von Dichtungen Ihnen helfen wird, im Laufe der Zeit mehr Geld zu sparen.   <\/p>\n\n<figure class=\"wp-block-gallery has-nested-images columns-default is-cropped wp-block-gallery-1 is-layout-flex wp-block-gallery-is-layout-flex\">\n<figure class=\"wp-block-image size-large\"><img data-id=\"1025\" src=\"https:\/\/www.systemseals.com\/wp-content\/uploads\/2026\/02\/steel-factory-industry-2026-01-11-09-10-49-utc-1024x683.jpg\" alt=\"\" class=\"wp-image-1025\"\/><\/figure>\n<\/figure>\n\n<h2 class=\"wp-block-heading\"><br\/>Wie \u201eStandard\u201c-Gummidichtungen ins Hintertreffen geraten<\/h2>\n\n<p><\/p>\n\n<p>Herk\u00f6mmliche Gummidichtungen sind f\u00fcr allgemeine Bedingungen und allt\u00e4gliche Situationen ausgelegt, aber sie sind nicht f\u00fcr die Anforderungen der Zukunft konzipiert. Gummi hat sich im Laufe der Jahre kaum ver\u00e4ndert; sicher, das Design im Herstellungsprozess mag hier und da Upgrades erfahren, aber die physikalischen Eigenschaften von herk\u00f6mmlichem Gummi haben sich in den letzten etwa f\u00fcnfzig Jahren kaum gewandelt. Die erh\u00f6hten Dr\u00fccke, Taktzahlen, Temperaturen und \u00e4tzenden Chemikalien in Maschinen, die in dieser Zeit entwickelt wurden, neigen dazu, Gummidichtungen sehr schnell zu zerst\u00f6ren. Das soll nicht hei\u00dfen, dass herk\u00f6mmlicher Gummi nicht das ist, was Sie brauchen \u2013 es gibt viele Anwendungen, bei denen eine billige Einwegdichtung v\u00f6llig ausreicht \u2013, aber wenn Sie Ihre Investitionsrendite im n\u00e4chsten Jahrzehnt steigern wollen, m\u00fcssen Sie Ihre Dichtungsstrategie \u00fcberdenken.   <\/p>\n\n<p>Standardmaterialien degradieren unter den extremen Temperaturen moderner Maschinen, und auch die Umgebung, in der wir diese neuen Maschinen installieren, ist f\u00fcr Gummidichtungen oft sch\u00e4dlich. Bohrinseln und Windkraftanlagen in K\u00fcstenn\u00e4he sind innerhalb weniger Tage mit Salz \u00fcberzogen, und Gummi wird durch gro\u00dfe Mengen an Salzwasser, das sich darauf ansammelt, leicht zerst\u00f6rt. Dies f\u00fchrt zu h\u00e4ufigeren Auswechselungen, was insgesamt h\u00f6here Kosten und k\u00fcrzere Lebensdauern zur Folge hat. OEMs, die sich auf veraltete Dichtungstechnologie verlassen, riskieren, gegen\u00fcber Wettbewerbern an Boden zu verlieren, die mit ihren fortschrittlichen Dichtungsl\u00f6sungen innovativer werden.   <\/p>\n\n<blockquote class=\"wp-block-quote is-layout-flow wp-block-quote-is-layout-flow\">\n<p>Design der n\u00e4chsten Generation, Materialien der n\u00e4chsten Generation<\/p>\n<\/blockquote>\n\n<p>Fortschrittliche Polymere weisen einzigartige und moderne Innovationen auf, die speziell auf Langlebigkeit, Effizienz, Anpassungsf\u00e4higkeit und Umweltbest\u00e4ndigkeit ausgelegt und entwickelt wurden. Die neuesten Mischungen widerstehen extremen Dr\u00fccken, chemischen Belastungen und gr\u00f6\u00dferen Temperaturschwankungen. Moderne Geometrien bei Dichtungen minimieren zudem die Reibung, verbessern den Energieverbrauch und lassen Ihre Anlagen l\u00e4nger mit maximaler Effizienz laufen \u2013 all das spart Ihnen Geld. Es ist nicht nur der Betrieb der Maschinen, der Einsparungen erm\u00f6glicht, sondern auch die Kosten f\u00fcr Arbeit, Schmiermittel und sogar die Reduzierung kontaminierter Produkte k\u00f6nnen zu langfristigen Ersparnissen beitragen.   <\/p>\n\n<p>Da Maschinen so gebaut werden, dass sie schneller, l\u00e4nger und bei h\u00f6heren Temperaturen laufen, werden herk\u00f6mmliche Gummidichtungen immer h\u00e4ufiger versagen. Anpassbare Geometrien erm\u00f6glichen es diesen fortschrittlichen Polymeren, in fast jede Maschine zu passen und so konstruiert zu werden, dass sie speziell die Probleme bew\u00e4ltigen, die diese Maschine mit sich bringen kann. Dies hilft auch bei der Einhaltung gesetzlicher Vorschriften, da Dichtungen, die seltener lecken, Ihre Produktionslinie konform halten. Diese Designvorteile schlagen sich direkt in l\u00e4ngeren Wartungsintervallen und weniger Ausf\u00e4llen nieder.   <\/p>\n\n<h2 class=\"wp-block-heading\">Die Investitionsrendite (ROI) der Zukunftssicherung<\/h2>\n\n<p>Ungeplante Stillstandszeiten sind ein Hindernis f\u00fcr OEMs, und zuverl\u00e4ssigere Dichtungen, die nicht oft versagen, helfen, diesen Umsatzverlust zu verhindern. Die Investition in fortschrittliche Dichtungen reduziert ungeplante Ausfallzeiten und Reparaturbudgets. Dichtungen, die l\u00e4nger halten, f\u00fchren zu Anlagen, die l\u00e4nger halten, und ein konsistent zuverl\u00e4ssiger Betrieb der Maschinen f\u00fchrt zu zufriedeneren Kunden und weniger Terminverlusten durch einen unerwarteten Dichtungsbruch in Ihrer Maschine. Je seltener Dichtungen versagen, desto mehr sparen Sie bei Betrieb und Arbeitsaufwand f\u00fcr den Austausch dieser Dichtungen, und desto l\u00e4nger k\u00f6nnen Ihre Maschinen mit maximaler Kapazit\u00e4t produzieren.   <\/p>\n\n<p>Zuverl\u00e4ssigkeit und Effizienz k\u00f6nnen als Differenzierungsmerkmale in \u00fcberf\u00fcllten OEM-M\u00e4rkten dienen. Als der zuverl\u00e4ssigste Anbieter bekannt zu sein, wird neue Kunden anziehen und gleichzeitig die langfristigen Beziehungen festigen, die Sie mit Ihrem OEM aufgebaut haben. Hierbei handelt es sich nicht um vermeintliche Vorteile, sondern um greifbare Ergebnisse. Wenn eine Dichtung das Dreifache kostet, aber sechsmal so lange h\u00e4lt, bedeutet das, dass sich die Halbwertszeit der Dichtung praktisch von selbst bezahlt hat. Dies bedeutet auch, dass Wartungstermine halbiert werden. Ihre Ingenieure m\u00fcssen Dichtungen nur noch halb so oft austauschen, was es ihnen erm\u00f6glicht, an lukrativeren Projekten zu arbeiten, anstatt tagelang mit dem Hubschrauber in entlegene Gebiete zu fliegen, in denen sich Windkraftanlagen befinden. Zukunftssichere Designs schaffen messbare Ertr\u00e4ge in Ihrem Geldbeutel.     <\/p>\n\n<figure class=\"wp-block-image size-large\"><img src=\"https:\/\/www.systemseals.com\/wp-content\/uploads\/2026\/02\/high-angle-view-over-the-factory-floor-and-assembl-2026-01-09-09-42-55-utc-1024x683.jpg\" alt=\"\" class=\"wp-image-1217\"\/><\/figure>\n\n<h2 class=\"wp-block-heading\">Wettbewerbsvorteile f\u00fcr OEMs<\/h2>\n\n<p>Wenn OEMs ihre Dichtungssysteme auf fortschrittliche Polymere umstellen, beginnen sie, sich von ihren Mitbewerbern abzuheben. Mit weniger Stillstandszeiten der Maschinen, einer konsistenteren Leistung, einem besseren Arbeitsmanagement und einem auf Zuverl\u00e4ssigkeit basierenden Ruf w\u00e4re es f\u00fcr Kunden schwer, nicht auf Ihr Unternehmen zu setzen. Zuverl\u00e4ssigkeit wird hier zum Verkaufsargument, denn wenn Ihr OEM gro\u00dfe Auftr\u00e4ge zeitnaher erledigen kann, werden sich Kunden unweigerlich f\u00fcr Ihr Unternehmen entscheiden. Kunden fordern zunehmend Nachhaltigkeit, insbesondere wenn Maschinen \u00fcber l\u00e4ngere Zeitr\u00e4ume h\u00e4rter arbeiten. Fortschrittliche Polymerdichtungen werden nicht nur Ihre Produktion aufwerten, sondern auch Ihrem Vertriebsteam einen Vorteil beim Verkauf an potenzielle Kunden verschaffen.    <\/p>\n\n<p>Zukunftssicherung ist der Schl\u00fcssel zum Erfolg in der Zukunft. Je fr\u00fcher ein OEM umsteigt, desto eher ist er bereit f\u00fcr Upgrades, Upselling und die Verdr\u00e4ngung der Konkurrenz. Die Umstellung auf Polymerdichtungen gibt einem OEM die Flexibilit\u00e4t, sich an st\u00e4ndig wechselnde Technologien und Marktbedingungen anzupassen. Erw\u00e4gen Sie, bald eine Strategie zur Modernisierung Ihrer Dichtungssysteme zu integrieren, denn Ihre Konkurrenz versucht bereits, sich als zukunftsorientierter Marktf\u00fchrer zu positionieren, und Sie m\u00f6chten nicht abgeh\u00e4ngt werden.   <\/p>\n\n<h2 class=\"wp-block-heading\">Fazit \u2013 Die Zukunft verkaufen<\/h2>\n\n<p>Auf Langfristigkeit ausgelegte Anlagen schaffen dauerhaften Wert f\u00fcr OEMs und ihre Kunden. Diese kleine \u00c4nderung kann im Laufe der Zeit einen riesigen Unterschied machen und zu einer g\u00fcnstigeren Rendite Ihrer Investition f\u00fchren. Zukunftssicherung reduziert Risiken, baut Vertrauen auf und sichert den Lebenszeitwert weit \u00fcber die Anschaffungskosten hinaus. Wenn Sie Fragen dazu haben, wie fortschrittliche Polymerdichtungen Ihrer Produktionslinie zugutekommen k\u00f6nnen, wenden Sie sich an uns hier bei System Seals. Einer unserer Ingenieure wird dies gerne mit Ihnen besprechen und dabei helfen, Verbesserungspotenziale zu identifizieren.    <\/p>\n<\/div>","protected":false},"excerpt":{"rendered":"<p>Originalger\u00e4tehersteller (OEMs) entwickeln Anlagen oft mit Blick auf die heutigen Anforderungen, nicht auf die von gestern, doch die Fertigungstechnologie entwickelt sich rasant und drastisch weiter. Die erstaunlichen Fortschritte von vor nur einem Jahrzehnt verblassen im Vergleich zu den industriellen Mechanismen, die wir heute in Maschinen sehen. Zukunftssicherheit bedeutet, Systeme zu bauen, die zuverl\u00e4ssig f\u00fcr die [&hellip;]<\/p>\n","protected":false},"author":1,"featured_media":0,"parent":0,"menu_order":0,"comment_status":"closed","ping_status":"closed","template":"","meta":{"_acf_changed":false,"footnotes":""},"class_list":["post-2094","page","type-page","status-publish","hentry"],"acf":[],"yoast_head":"<!-- This site is optimized with the Yoast SEO plugin v27.4 - https:\/\/yoast.com\/product\/yoast-seo-wordpress\/ -->\n<title>Home - System Seals - Top Manufacturer for Reliable Seals<\/title>\n<meta name=\"robots\" content=\"index, follow, max-snippet:-1, max-image-preview:large, max-video-preview:-1\" \/>\n<link rel=\"canonical\" href=\"https:\/\/www.systemseals.com\/de\/\" \/>\n<meta property=\"og:locale\" content=\"de_DE\" \/>\n<meta property=\"og:type\" content=\"article\" \/>\n<meta property=\"og:title\" content=\"Home - System Seals - Top Manufacturer for Reliable Seals\" \/>\n<meta property=\"og:description\" content=\"Originalger\u00e4tehersteller (OEMs) entwickeln Anlagen oft mit Blick auf die heutigen Anforderungen, nicht auf die von gestern, doch die Fertigungstechnologie entwickelt sich rasant und drastisch weiter. Die erstaunlichen Fortschritte von vor nur einem Jahrzehnt verblassen im Vergleich zu den industriellen Mechanismen, die wir heute in Maschinen sehen. Zukunftssicherheit bedeutet, Systeme zu bauen, die zuverl\u00e4ssig f\u00fcr die [&hellip;]\" \/>\n<meta property=\"og:url\" content=\"https:\/\/www.systemseals.com\/de\/\" \/>\n<meta property=\"og:site_name\" content=\"System Seals - Top Manufacturer for Reliable Seals\" \/>\n<meta property=\"article:modified_time\" content=\"2026-04-22T12:45:39+00:00\" \/>\n<meta property=\"og:image\" content=\"https:\/\/www.systemseals.com\/wp-content\/uploads\/2026\/03\/share-1024x538.png\" \/>\n\t<meta property=\"og:image:width\" content=\"1024\" \/>\n\t<meta property=\"og:image:height\" content=\"538\" \/>\n\t<meta property=\"og:image:type\" content=\"image\/png\" \/>\n<meta name=\"twitter:card\" content=\"summary_large_image\" \/>\n<script type=\"application\/ld+json\" class=\"yoast-schema-graph\">{\"@context\":\"https:\\\/\\\/schema.org\",\"@graph\":[{\"@type\":\"WebPage\",\"@id\":\"https:\\\/\\\/www.systemseals.com\\\/de\\\/\",\"url\":\"https:\\\/\\\/www.systemseals.com\\\/de\\\/\",\"name\":\"Home - System Seals - Top Manufacturer for Reliable Seals\",\"isPartOf\":{\"@id\":\"https:\\\/\\\/www.systemseals.com\\\/de\\\/#website\"},\"datePublished\":\"2026-02-18T13:18:49+00:00\",\"dateModified\":\"2026-04-22T12:45:39+00:00\",\"breadcrumb\":{\"@id\":\"https:\\\/\\\/www.systemseals.com\\\/de\\\/#breadcrumb\"},\"inLanguage\":\"de\",\"potentialAction\":[{\"@type\":\"ReadAction\",\"target\":[\"https:\\\/\\\/www.systemseals.com\\\/de\\\/\"]}]},{\"@type\":\"BreadcrumbList\",\"@id\":\"https:\\\/\\\/www.systemseals.com\\\/de\\\/#breadcrumb\",\"itemListElement\":[{\"@type\":\"ListItem\",\"position\":1,\"name\":\"Home\",\"item\":\"https:\\\/\\\/www.systemseals.com\\\/de\\\/\"},{\"@type\":\"ListItem\",\"position\":2,\"name\":\"Home\"}]},{\"@type\":\"WebSite\",\"@id\":\"https:\\\/\\\/www.systemseals.com\\\/de\\\/#website\",\"url\":\"https:\\\/\\\/www.systemseals.com\\\/de\\\/\",\"name\":\"System Seals - Top Manufacturer for Reliable Seals\",\"description\":\"\",\"potentialAction\":[{\"@type\":\"SearchAction\",\"target\":{\"@type\":\"EntryPoint\",\"urlTemplate\":\"https:\\\/\\\/www.systemseals.com\\\/de\\\/?s={search_term_string}\"},\"query-input\":{\"@type\":\"PropertyValueSpecification\",\"valueRequired\":true,\"valueName\":\"search_term_string\"}}],\"inLanguage\":\"de\"}]}<\/script>\n<!-- \/ Yoast SEO plugin. -->","yoast_head_json":{"title":"Home - System Seals - Top Manufacturer for Reliable Seals","robots":{"index":"index","follow":"follow","max-snippet":"max-snippet:-1","max-image-preview":"max-image-preview:large","max-video-preview":"max-video-preview:-1"},"canonical":"https:\/\/www.systemseals.com\/de\/","og_locale":"de_DE","og_type":"article","og_title":"Home - System Seals - Top Manufacturer for Reliable Seals","og_description":"Originalger\u00e4tehersteller (OEMs) entwickeln Anlagen oft mit Blick auf die heutigen Anforderungen, nicht auf die von gestern, doch die Fertigungstechnologie entwickelt sich rasant und drastisch weiter. Die erstaunlichen Fortschritte von vor nur einem Jahrzehnt verblassen im Vergleich zu den industriellen Mechanismen, die wir heute in Maschinen sehen. Zukunftssicherheit bedeutet, Systeme zu bauen, die zuverl\u00e4ssig f\u00fcr die [&hellip;]","og_url":"https:\/\/www.systemseals.com\/de\/","og_site_name":"System Seals - Top Manufacturer for Reliable Seals","article_modified_time":"2026-04-22T12:45:39+00:00","og_image":[{"width":1024,"height":538,"url":"https:\/\/www.systemseals.com\/wp-content\/uploads\/2026\/03\/share-1024x538.png","type":"image\/png"}],"twitter_card":"summary_large_image","schema":{"@context":"https:\/\/schema.org","@graph":[{"@type":"WebPage","@id":"https:\/\/www.systemseals.com\/de\/","url":"https:\/\/www.systemseals.com\/de\/","name":"Home - System Seals - Top Manufacturer for Reliable Seals","isPartOf":{"@id":"https:\/\/www.systemseals.com\/de\/#website"},"datePublished":"2026-02-18T13:18:49+00:00","dateModified":"2026-04-22T12:45:39+00:00","breadcrumb":{"@id":"https:\/\/www.systemseals.com\/de\/#breadcrumb"},"inLanguage":"de","potentialAction":[{"@type":"ReadAction","target":["https:\/\/www.systemseals.com\/de\/"]}]},{"@type":"BreadcrumbList","@id":"https:\/\/www.systemseals.com\/de\/#breadcrumb","itemListElement":[{"@type":"ListItem","position":1,"name":"Home","item":"https:\/\/www.systemseals.com\/de\/"},{"@type":"ListItem","position":2,"name":"Home"}]},{"@type":"WebSite","@id":"https:\/\/www.systemseals.com\/de\/#website","url":"https:\/\/www.systemseals.com\/de\/","name":"System Seals - Top Manufacturer for Reliable Seals","description":"","potentialAction":[{"@type":"SearchAction","target":{"@type":"EntryPoint","urlTemplate":"https:\/\/www.systemseals.com\/de\/?s={search_term_string}"},"query-input":{"@type":"PropertyValueSpecification","valueRequired":true,"valueName":"search_term_string"}}],"inLanguage":"de"}]}},"_links":{"self":[{"href":"https:\/\/www.systemseals.com\/de\/wp-json\/wp\/v2\/pages\/2094","targetHints":{"allow":["GET"]}}],"collection":[{"href":"https:\/\/www.systemseals.com\/de\/wp-json\/wp\/v2\/pages"}],"about":[{"href":"https:\/\/www.systemseals.com\/de\/wp-json\/wp\/v2\/types\/page"}],"author":[{"embeddable":true,"href":"https:\/\/www.systemseals.com\/de\/wp-json\/wp\/v2\/users\/1"}],"replies":[{"embeddable":true,"href":"https:\/\/www.systemseals.com\/de\/wp-json\/wp\/v2\/comments?post=2094"}],"version-history":[{"count":25,"href":"https:\/\/www.systemseals.com\/de\/wp-json\/wp\/v2\/pages\/2094\/revisions"}],"predecessor-version":[{"id":3886,"href":"https:\/\/www.systemseals.com\/de\/wp-json\/wp\/v2\/pages\/2094\/revisions\/3886"}],"wp:attachment":[{"href":"https:\/\/www.systemseals.com\/de\/wp-json\/wp\/v2\/media?parent=2094"}],"curies":[{"name":"wp","href":"https:\/\/api.w.org\/{rel}","templated":true}]}}